{"id":2851,"date":"2023-03-09T23:26:04","date_gmt":"2023-03-09T22:26:04","guid":{"rendered":"https:\/\/xn--stershatte-zcb.dk\/allgemeine-geschaeftsbedingungen-und-datenschutzbestimmungen\/"},"modified":"2026-05-13T14:04:37","modified_gmt":"2026-05-13T12:04:37","slug":"allgemeine-geschaeftsbedingungen-und-datenschutzbestimmungen","status":"publish","type":"page","link":"https:\/\/xn--stershatte-zcb.dk\/de\/allgemeine-geschaeftsbedingungen-und-datenschutzbestimmungen\/","title":{"rendered":"Allgemeine Gesch\u00e4ftsbedingungen und Datenschutzbestimmungen"},"content":{"rendered":"<div class=\"wpb-content-wrapper\"><p>[vc_row][vc_column][vc_empty_space height=&#8220;30px&#8220;][vc_column_text]<\/p>\n<h2>Hier finden Sie unsere Allgemeinen Gesch\u00e4ftsbedingungen und Datenschutzbestimmungen.<\/h2>\n<p><strong>Allgemeine Informationen<\/strong><br \/>Skytteg\u00e5rdens \u00d8stershatte 2021 ApS<br \/>Borupvej 63<br \/>4140 Borup<br \/>USt-IdNr.: 42713244<br \/>Telefon: +44 61330072<br \/>E-Mail: ostershatte@gmail.com<br \/>Die Hauptverwaltung von Skytteg\u00e5rdens befindet sich in Lammestrupvej 33C, 4140 Borup.<\/p>\n<p><strong>Preise<br \/>\n<\/strong>Alle Preise bei Skytteg\u00e5rdens \u00d8stershatte 2021 ApS verstehen sich in D\u00e4nischen Kronen (DKK) inklusive Mehrwertsteuer und Steuern. Wir behalten uns das Recht vor, die Preise ohne vorherige Ank\u00fcndigung zu \u00e4ndern. F\u00fcr ausverkaufte Artikel nehmen wir Reservierungen entgegen.<\/p>\n<p><strong>Zahlung<br \/>\n<\/strong>Skytteg\u00e5rdens \u00d8stershatte 2021 ApS akzeptiert Zahlungen mit VISA-Dankort, VISA, VISA Electron und Mastercard. Die Abbuchung von Ihrem Konto erfolgt erst bei Versand der Ware. Alle Betr\u00e4ge sind in DKK (D\u00e4nischen Kronen) angegeben und enthalten die Mehrwertsteuer. Preisfehler und ausverkaufte\/nicht mehr erh\u00e4ltliche Artikel behalten wir uns vor.<\/p>\n<p><strong>Lieferung<br \/>\n<\/strong>Wir liefern innerhalb D\u00e4nemarks. Die Versandkosten beginnen bei 50 DKK.<\/p>\n<p>Wir liefern nicht ins Ausland, insbesondere nicht auf die F\u00e4r\u00f6er-Inseln und nach Gr\u00f6nland. Ihre Artikel werden mit GLS versendet.<\/p>\n<p>HINWEIS: Sollte an der Lieferadresse kein Platz mehr vorhanden sein, wird das Paket an die n\u00e4chstgelegene Abholstation gebracht. Sie werden dar\u00fcber benachrichtigt. Bei Problemen wenden Sie sich bitte an unseren Kundenservice. Die Lieferung erfolgt werktags. Ihre Bestellung wird in der Regel 2\u20137 Werktage nach Bestelleingang zugestellt.<\/p>\n<p><strong>Reklamationsrecht<\/strong><br \/>Sie k\u00f6nnen jederzeit eine Reklamation bez\u00fcglich unserer Pilzbeutel einreichen, wenn sich darin keine Pilze entwickeln. Die Reklamation gilt nicht f\u00fcr Fehler oder Sch\u00e4den, die durch unsachgem\u00e4\u00dfe Bedienung des Produkts\/der Dienstleistung verursacht wurden.<br \/>Skytteg\u00e5rdens \u00d8stershatte nimmt Myzel nicht zur\u00fcck, da der Inhalt vorzugsweise sofort verwendet oder alternativ gek\u00fchlt aufbewahrt werden sollte. Zur\u00fcckgesendetes Myzel verliert dadurch an Qualit\u00e4t und kann nicht wiederverkauft werden.<\/p>\n<p>Bei Fehlern oder M\u00e4ngeln kontaktieren Sie uns bitte unter:<br \/>Skytteg\u00e5rdens \u00d8stershatte 2021 ApS<br \/>Borupvej 63<br \/>4140 Borup<br \/>ostershatte@gmail.com<br \/>Nachnahmesendungen werden nicht angenommen.<\/p>\n<p><strong>Widerrufsrecht<\/strong><br \/>Da es sich um ein lebendes Produkt handelt, gelten die gleichen gesetzlichen Bestimmungen wie beim Kauf von Lebensmitteln. Daher besteht f\u00fcr Artikel, die in unserem Webshop gekauft wurden, kein 14-t\u00e4giges uneingeschr\u00e4nktes R\u00fcckgaberecht.<\/p>\n<p>Wenn Sie eine Bestellung bereuen, kontaktieren Sie uns bitte umgehend unter ostershatte@gmail.com.<\/p>\n<p><strong>R\u00fcckerstattung<\/strong><br \/>Wenn eine R\u00fcckerstattung vereinbart wurde, wird der Betrag auf die f\u00fcr die Bestellung verwendete Zahlungskarte zur\u00fcck\u00fcberwiesen. Die endg\u00fcltige Bearbeitung kann bis zu 7 Werktage dauern.<\/p>\n<p><strong>Beschwerdem\u00f6glichkeiten \u2013 \u00dcbersicht und Links:<\/strong><br \/>Wenn Sie eine Beschwerde zu einem in unserem Webshop gekauften Produkt haben, k\u00f6nnen Sie diese an folgende Adresse senden:<\/p>\n<p>D\u00e4nische Wettbewerbs- und Verbraucherschutzbeh\u00f6rde, Beschwerdestelle<br \/>Carl Jacobsens Vej 35<br \/>2500 Valby<br \/>www.forbrug.dk<\/p>\n<p>Wenn Sie als Verbraucher in einem anderen EU-Land wohnen, k\u00f6nnen Sie Ihre Beschwerde \u00fcber die Online-Beschwerdeplattform der EU-Kommission einreichen.<\/p>\n<p>Die Plattform finden Sie hier: https:\/\/ec.europa.eu\/consumers\/odr\/<br \/>Wenn Sie hier eine Beschwerde einreichen, geben Sie bitte unsere E-Mail-Adresse an: ostershatte@gmail.com<\/p>\n<p><strong>R\u00fcckgabe<\/strong><br \/>Sie m\u00fcssen Ihre Bestellung unverz\u00fcglich, sp\u00e4testens jedoch 14 Tage nach Aus\u00fcbung Ihres Widerrufsrechts, zur\u00fccksenden. Die direkten Kosten der R\u00fccksendung tragen Sie. Bitte verpacken Sie den Artikel ordnungsgem\u00e4\u00df. Legen Sie der R\u00fccksendung eine Kopie der Bestellbest\u00e4tigung bei. Die Bearbeitung wird beschleunigt, wenn Sie zus\u00e4tzlich unser Widerrufsformular ausf\u00fcllen und beilegen.<br \/>Sie tragen das Risiko f\u00fcr die Ware ab dem Zeitpunkt der Lieferung bis zu deren Eingang bei uns.<br \/>Wir akzeptieren keine unfreien Pakete.<\/p>\n<p><strong>Abholung<\/strong><br \/>In unserem Webshop k\u00f6nnen Sie die Abholung Ihrer Produkte ausw\u00e4hlen. So k\u00f6nnen Sie einen Artikel online kaufen und ihn anschlie\u00dfend pers\u00f6nlich bei Skytteg\u00e5rden, Borupvej 63, 4140 Borup, abholen.<\/p>\n<h2>DATENSCHUTZRICHTLINIE<\/h2>\n<p>Um einen Vertrag mit uns abzuschlie\u00dfen und auf unserer Website einzukaufen, ben\u00f6tigen wir folgende Informationen von Ihnen:<\/p>\n<p>Name<br \/>Adresse<br \/>Telefonnummer<br \/>E-Mail-Adresse<\/p>\n<p>Informationen zu Ihren Eink\u00e4ufen<\/p>\n<p>Wir verarbeiten Ihre personenbezogenen Daten, um Ihnen die Ware liefern und Ihre Anfragen zu Ihrem Kauf bearbeiten zu k\u00f6nnen. Die Verarbeitung erfolgt gem\u00e4\u00df den Bestimmungen unserer Datenschutzrichtlinie f\u00fcr Skytteg\u00e5rdens \u00d8stershatte 2021 ApS. Hier erfahren Sie mehr dar\u00fcber, wie Ihre Daten verarbeitet werden, wann sie gel\u00f6scht werden und welche Rechte Sie als registrierter Nutzer haben.<\/p>\n<p>Unsere Website-Adresse lautet: https:\/\/www.xn--stershatte-zcb.dk.<\/p>\n<p>WELCHE PERSONENBEZOGENEN DATEN WIR ERFASSEN UND WARUM WIR SIE ERFASSEN<br \/>Wenn Besucher Kommentare auf der Website verfassen, erfassen wir die im Kommentarformular angezeigten Daten sowie die IP-Adresse des Besuchers und den User-Agent-String des Browsers, um Spam zu erkennen.<\/p>\n<p>Eine anonymisierte Zeichenfolge, die aus Ihrer E-Mail-Adresse erstellt wird (auch Hash genannt), kann an den Gravatar-Dienst \u00fcbermittelt werden, um zu pr\u00fcfen, ob Sie diesen nutzen. Die Datenschutzrichtlinie von Gravatar finden Sie hier: https:\/\/automattic.com\/privacy\/. Nach Freigabe Ihres Kommentars<\/p>\n<p><strong>COOKIES<\/strong><br \/>Wenn Sie einen Kommentar auf unserer Website hinterlassen, k\u00f6nnen Sie Ihren Namen, Ihre E-Mail-Adresse und Ihre Website-Adresse in Cookies speichern. Dies dient Ihrem Komfort, damit Sie Ihre Daten nicht erneut eingeben m\u00fcssen, wenn Sie einen weiteren Kommentar hinterlassen. Diese Cookies sind ein Jahr lang g\u00fcltig.<\/p>\n<p>Wenn Sie ein Konto haben und sich auf dieser Website anmelden, setzen wir ein tempor\u00e4res Cookie, um festzustellen, ob Ihr Browser Cookies akzeptiert. Dieses Cookie enth\u00e4lt keine personenbezogenen Daten und wird beim Schlie\u00dfen Ihres Browsers gel\u00f6scht.<\/p>\n<p>Beim Anmelden setzen wir mehrere Cookies und speichern Ihre Anmeldeinformationen und Ihre Bildschirmeinstellungen. Anmelde-Cookies sind zwei Tage lang g\u00fcltig, Cookies f\u00fcr Bildschirmeinstellungen ein Jahr. Wenn Sie \u201eAngemeldet bleiben\u201c ausw\u00e4hlen, bleibt Ihre Anmeldung zwei Wochen lang bestehen. Wenn Sie sich von Ihrem Konto abmelden, werden die Anmelde-Cookies gel\u00f6scht.<\/p>\n<p>Wenn Sie einen Artikel bearbeiten oder ver\u00f6ffentlichen, wird ein zus\u00e4tzliches Cookie in Ihrem Browser gespeichert. Dieses Cookie enth\u00e4lt keine personenbezogenen Daten und speichert lediglich die Beitrags-ID des bearbeiteten Artikels. Es ist einen Tag lang g\u00fcltig.<\/p>\n<p><strong>EINGEBETTETE INHALTE VON ANDEREN WEBSITES<\/strong><br \/>Artikel auf dieser Website k\u00f6nnen eingebettete Inhalte (z. B. Videos, Bilder, Artikel usw.) enthalten. Eingebettete Inhalte von anderen Websites verhalten sich genauso, als ob der Besucher die andere Website besucht h\u00e4tte.<\/p>\n<p>Diese Websites k\u00f6nnen Daten \u00fcber Sie sammeln, Cookies verwenden, zus\u00e4tzliche Tracking-Technologien von Drittanbietern einbetten und Ihre Interaktion mit diesen eingebetteten Inhalten \u00fcberwachen. Dies schlie\u00dft auch die \u00dcberwachung Ihrer Interaktion mit den eingebetteten Inhalten ein, wenn Sie ein Konto besitzen und auf der jeweiligen Website angemeldet sind.<\/p>\n<p><strong>WIE LANGE SPEICHERN WIR IHRE DATEN?<\/strong><br \/>Wenn Sie einen Kommentar hinterlassen, werden der Kommentar und seine Metadaten dauerhaft gespeichert. So k\u00f6nnen wir Folgekommentare automatisch erkennen und freigeben, anstatt sie in einer Moderationswarteschlange zu speichern.<\/p>\n<p>F\u00fcr Benutzer, die sich auf unserer Website registrieren (sofern vorhanden), speichern wir au\u00dferdem die von ihnen f\u00fcr ihr Benutzerprofil angegebenen pers\u00f6nlichen Daten. Alle Benutzer k\u00f6nnen ihre pers\u00f6nlichen Daten jederzeit einsehen, bearbeiten oder l\u00f6schen (mit Ausnahme des Benutzernamens). Website-Administratoren k\u00f6nnen diese Informationen ebenfalls einsehen und bearbeiten.<\/p>\n<p>Welche Rechte haben Sie an Ihren Daten? Wenn Sie ein Konto auf dieser Website haben oder Kommentare hinterlassen haben, k\u00f6nnen Sie eine exportierte Datei mit Ihren bei uns gespeicherten personenbezogenen Daten anfordern, einschlie\u00dflich aller Daten, die Sie uns bereitgestellt haben. Sie k\u00f6nnen auch die L\u00f6schung aller Ihrer bei uns gespeicherten personenbezogenen Daten beantragen. Dies gilt nicht f\u00fcr Daten, die wir aus administrativen, rechtlichen oder Sicherheitsgr\u00fcnden aufbewahren m\u00fcssen.<\/p>\n<p>Wohin senden wir Ihre Daten? Besucherkommentare k\u00f6nnen von einem automatisierten Spam-Erkennungsdienst gepr\u00fcft werden.[\/vc_column_text][vc_empty_space height=&#8220;30px&#8220;][\/vc_column][\/vc_row]<\/p>\n<\/div>","protected":false},"excerpt":{"rendered":"<p>[vc_row][vc_column][vc_empty_space height=&#8220;30px&#8220;][vc_column_text] Hier finden Sie unsere Allgemeinen Gesch\u00e4ftsbedingungen und Datenschutzbestimmungen. Allgemeine InformationenSkytteg\u00e5rdens \u00d8stershatte 2021 ApSBorupvej 634140 BorupUSt-IdNr.: 42713244Telefon: +44 61330072E-Mail: ostershatte@gmail.comDie Hauptverwaltung von Skytteg\u00e5rdens befindet sich in Lammestrupvej 33C, 4140 Borup. Preise Alle Preise bei Skytteg\u00e5rdens \u00d8stershatte 2021 ApS verstehen sich in D\u00e4nischen Kronen (DKK) inklusive Mehrwertsteuer und Steuern. Wir behalten uns das Recht vor, &#8230; <a title=\"Allgemeine Gesch\u00e4ftsbedingungen und Datenschutzbestimmungen\" class=\"read-more\" href=\"https:\/\/xn--stershatte-zcb.dk\/de\/allgemeine-geschaeftsbedingungen-und-datenschutzbestimmungen\/\" aria-label=\"Read more about Allgemeine Gesch\u00e4ftsbedingungen und Datenschutzbestimmungen\">Read more<\/a><\/p>\n","protected":false},"author":1,"featured_media":0,"parent":0,"menu_order":0,"comment_status":"closed","ping_status":"closed","template":"","meta":{"_acf_changed":false,"footnotes":""},"categories":[],"class_list":["post-2851","page","type-page","status-publish"],"acf":[],"yoast_head":"<!-- This site is optimized with the Yoast SEO plugin v27.5 - https:\/\/yoast.com\/product\/yoast-seo-wordpress\/ -->\n<title>Allgemeine Gesch\u00e4ftsbedingungen und Datenschutzbestimmungen &#183; Skyttegaardens \u00d8stershatte ApS<\/title>\n<meta name=\"robots\" content=\"index, follow, max-snippet:-1, max-image-preview:large, max-video-preview:-1\" \/>\n<link rel=\"canonical\" href=\"https:\/\/xn--stershatte-zcb.dk\/de\/allgemeine-geschaeftsbedingungen-und-datenschutzbestimmungen\/\" \/>\n<meta property=\"og:locale\" content=\"de_DE\" \/>\n<meta property=\"og:type\" content=\"article\" \/>\n<meta property=\"og:title\" content=\"Allgemeine Gesch\u00e4ftsbedingungen und Datenschutzbestimmungen &#183; Skyttegaardens \u00d8stershatte ApS\" \/>\n<meta property=\"og:description\" content=\"[vc_row][vc_column][vc_empty_space height=&#8220;30px&#8220;][vc_column_text] Hier finden Sie unsere Allgemeinen Gesch\u00e4ftsbedingungen und Datenschutzbestimmungen. Allgemeine InformationenSkytteg\u00e5rdens \u00d8stershatte 2021 ApSBorupvej 634140 BorupUSt-IdNr.: 42713244Telefon: +44 61330072E-Mail: ostershatte@gmail.comDie Hauptverwaltung von Skytteg\u00e5rdens befindet sich in Lammestrupvej 33C, 4140 Borup. Preise Alle Preise bei Skytteg\u00e5rdens \u00d8stershatte 2021 ApS verstehen sich in D\u00e4nischen Kronen (DKK) inklusive Mehrwertsteuer und Steuern. Wir behalten uns das Recht vor, ... Read more\" \/>\n<meta property=\"og:url\" content=\"https:\/\/xn--stershatte-zcb.dk\/de\/allgemeine-geschaeftsbedingungen-und-datenschutzbestimmungen\/\" \/>\n<meta property=\"og:site_name\" content=\"Skyttegaardens \u00d8stershatte ApS\" \/>\n<meta property=\"article:modified_time\" content=\"2026-05-13T12:04:37+00:00\" \/>\n<meta name=\"twitter:card\" content=\"summary_large_image\" \/>\n<meta name=\"twitter:label1\" content=\"Gesch\u00e4tzte Lesezeit\" \/>\n\t<meta name=\"twitter:data1\" content=\"6\u00a0Minuten\" \/>\n<script type=\"application\/ld+json\" class=\"yoast-schema-graph\">{\"@context\":\"https:\\\/\\\/schema.org\",\"@graph\":[{\"@type\":\"WebPage\",\"@id\":\"https:\\\/\\\/xn--stershatte-zcb.dk\\\/de\\\/allgemeine-geschaeftsbedingungen-und-datenschutzbestimmungen\\\/\",\"url\":\"https:\\\/\\\/xn--stershatte-zcb.dk\\\/de\\\/allgemeine-geschaeftsbedingungen-und-datenschutzbestimmungen\\\/\",\"name\":\"Allgemeine Gesch\u00e4ftsbedingungen und Datenschutzbestimmungen &#183; Skyttegaardens \u00d8stershatte ApS\",\"isPartOf\":{\"@id\":\"https:\\\/\\\/xn--stershatte-zcb.dk\\\/de\\\/#website\"},\"datePublished\":\"2023-03-09T22:26:04+00:00\",\"dateModified\":\"2026-05-13T12:04:37+00:00\",\"breadcrumb\":{\"@id\":\"https:\\\/\\\/xn--stershatte-zcb.dk\\\/de\\\/allgemeine-geschaeftsbedingungen-und-datenschutzbestimmungen\\\/#breadcrumb\"},\"inLanguage\":\"de\",\"potentialAction\":[{\"@type\":\"ReadAction\",\"target\":[\"https:\\\/\\\/xn--stershatte-zcb.dk\\\/de\\\/allgemeine-geschaeftsbedingungen-und-datenschutzbestimmungen\\\/\"]}]},{\"@type\":\"BreadcrumbList\",\"@id\":\"https:\\\/\\\/xn--stershatte-zcb.dk\\\/de\\\/allgemeine-geschaeftsbedingungen-und-datenschutzbestimmungen\\\/#breadcrumb\",\"itemListElement\":[{\"@type\":\"ListItem\",\"position\":1,\"name\":\"Hjem\",\"item\":\"https:\\\/\\\/xn--stershatte-zcb.dk\\\/de\\\/\"},{\"@type\":\"ListItem\",\"position\":2,\"name\":\"Allgemeine Gesch\u00e4ftsbedingungen und Datenschutzbestimmungen\"}]},{\"@type\":\"WebSite\",\"@id\":\"https:\\\/\\\/xn--stershatte-zcb.dk\\\/de\\\/#website\",\"url\":\"https:\\\/\\\/xn--stershatte-zcb.dk\\\/de\\\/\",\"name\":\"Skyttegaardens \u00d8stershatte ApS\",\"description\":\"Dyrk selv \u00f8kologiske svampe og \u00f8stershatte\",\"publisher\":{\"@id\":\"https:\\\/\\\/xn--stershatte-zcb.dk\\\/de\\\/#organization\"},\"potentialAction\":[{\"@type\":\"SearchAction\",\"target\":{\"@type\":\"EntryPoint\",\"urlTemplate\":\"https:\\\/\\\/xn--stershatte-zcb.dk\\\/de\\\/?s={search_term_string}\"},\"query-input\":{\"@type\":\"PropertyValueSpecification\",\"valueRequired\":true,\"valueName\":\"search_term_string\"}}],\"inLanguage\":\"de\"},{\"@type\":\"Organization\",\"@id\":\"https:\\\/\\\/xn--stershatte-zcb.dk\\\/de\\\/#organization\",\"name\":\"Skyttegaardens \u00d8stershatte ApS\",\"url\":\"https:\\\/\\\/xn--stershatte-zcb.dk\\\/de\\\/\",\"logo\":{\"@type\":\"ImageObject\",\"inLanguage\":\"de\",\"@id\":\"https:\\\/\\\/xn--stershatte-zcb.dk\\\/de\\\/#\\\/schema\\\/logo\\\/image\\\/\",\"url\":\"https:\\\/\\\/xn--stershatte-zcb.dk\\\/wp-content\\\/uploads\\\/2023\\\/01\\\/Logo-uden-Bagrund.png\",\"contentUrl\":\"https:\\\/\\\/xn--stershatte-zcb.dk\\\/wp-content\\\/uploads\\\/2023\\\/01\\\/Logo-uden-Bagrund.png\",\"width\":1238,\"height\":1210,\"caption\":\"Skyttegaardens \u00d8stershatte ApS\"},\"image\":{\"@id\":\"https:\\\/\\\/xn--stershatte-zcb.dk\\\/de\\\/#\\\/schema\\\/logo\\\/image\\\/\"}}]}<\/script>\n<!-- \/ Yoast SEO plugin. -->","yoast_head_json":{"title":"Allgemeine Gesch\u00e4ftsbedingungen und Datenschutzbestimmungen &#183; Skyttegaardens \u00d8stershatte ApS","robots":{"index":"index","follow":"follow","max-snippet":"max-snippet:-1","max-image-preview":"max-image-preview:large","max-video-preview":"max-video-preview:-1"},"canonical":"https:\/\/xn--stershatte-zcb.dk\/de\/allgemeine-geschaeftsbedingungen-und-datenschutzbestimmungen\/","og_locale":"de_DE","og_type":"article","og_title":"Allgemeine Gesch\u00e4ftsbedingungen und Datenschutzbestimmungen &#183; Skyttegaardens \u00d8stershatte ApS","og_description":"[vc_row][vc_column][vc_empty_space height=&#8220;30px&#8220;][vc_column_text] Hier finden Sie unsere Allgemeinen Gesch\u00e4ftsbedingungen und Datenschutzbestimmungen. Allgemeine InformationenSkytteg\u00e5rdens \u00d8stershatte 2021 ApSBorupvej 634140 BorupUSt-IdNr.: 42713244Telefon: +44 61330072E-Mail: ostershatte@gmail.comDie Hauptverwaltung von Skytteg\u00e5rdens befindet sich in Lammestrupvej 33C, 4140 Borup. Preise Alle Preise bei Skytteg\u00e5rdens \u00d8stershatte 2021 ApS verstehen sich in D\u00e4nischen Kronen (DKK) inklusive Mehrwertsteuer und Steuern. Wir behalten uns das Recht vor, ... Read more","og_url":"https:\/\/xn--stershatte-zcb.dk\/de\/allgemeine-geschaeftsbedingungen-und-datenschutzbestimmungen\/","og_site_name":"Skyttegaardens \u00d8stershatte ApS","article_modified_time":"2026-05-13T12:04:37+00:00","twitter_card":"summary_large_image","twitter_misc":{"Gesch\u00e4tzte Lesezeit":"6\u00a0Minuten"},"schema":{"@context":"https:\/\/schema.org","@graph":[{"@type":"WebPage","@id":"https:\/\/xn--stershatte-zcb.dk\/de\/allgemeine-geschaeftsbedingungen-und-datenschutzbestimmungen\/","url":"https:\/\/xn--stershatte-zcb.dk\/de\/allgemeine-geschaeftsbedingungen-und-datenschutzbestimmungen\/","name":"Allgemeine Gesch\u00e4ftsbedingungen und Datenschutzbestimmungen &#183; Skyttegaardens \u00d8stershatte ApS","isPartOf":{"@id":"https:\/\/xn--stershatte-zcb.dk\/de\/#website"},"datePublished":"2023-03-09T22:26:04+00:00","dateModified":"2026-05-13T12:04:37+00:00","breadcrumb":{"@id":"https:\/\/xn--stershatte-zcb.dk\/de\/allgemeine-geschaeftsbedingungen-und-datenschutzbestimmungen\/#breadcrumb"},"inLanguage":"de","potentialAction":[{"@type":"ReadAction","target":["https:\/\/xn--stershatte-zcb.dk\/de\/allgemeine-geschaeftsbedingungen-und-datenschutzbestimmungen\/"]}]},{"@type":"BreadcrumbList","@id":"https:\/\/xn--stershatte-zcb.dk\/de\/allgemeine-geschaeftsbedingungen-und-datenschutzbestimmungen\/#breadcrumb","itemListElement":[{"@type":"ListItem","position":1,"name":"Hjem","item":"https:\/\/xn--stershatte-zcb.dk\/de\/"},{"@type":"ListItem","position":2,"name":"Allgemeine Gesch\u00e4ftsbedingungen und Datenschutzbestimmungen"}]},{"@type":"WebSite","@id":"https:\/\/xn--stershatte-zcb.dk\/de\/#website","url":"https:\/\/xn--stershatte-zcb.dk\/de\/","name":"Skyttegaardens \u00d8stershatte ApS","description":"Dyrk selv \u00f8kologiske svampe og \u00f8stershatte","publisher":{"@id":"https:\/\/xn--stershatte-zcb.dk\/de\/#organization"},"potentialAction":[{"@type":"SearchAction","target":{"@type":"EntryPoint","urlTemplate":"https:\/\/xn--stershatte-zcb.dk\/de\/?s={search_term_string}"},"query-input":{"@type":"PropertyValueSpecification","valueRequired":true,"valueName":"search_term_string"}}],"inLanguage":"de"},{"@type":"Organization","@id":"https:\/\/xn--stershatte-zcb.dk\/de\/#organization","name":"Skyttegaardens \u00d8stershatte ApS","url":"https:\/\/xn--stershatte-zcb.dk\/de\/","logo":{"@type":"ImageObject","inLanguage":"de","@id":"https:\/\/xn--stershatte-zcb.dk\/de\/#\/schema\/logo\/image\/","url":"https:\/\/xn--stershatte-zcb.dk\/wp-content\/uploads\/2023\/01\/Logo-uden-Bagrund.png","contentUrl":"https:\/\/xn--stershatte-zcb.dk\/wp-content\/uploads\/2023\/01\/Logo-uden-Bagrund.png","width":1238,"height":1210,"caption":"Skyttegaardens \u00d8stershatte ApS"},"image":{"@id":"https:\/\/xn--stershatte-zcb.dk\/de\/#\/schema\/logo\/image\/"}}]}},"_links":{"self":[{"href":"https:\/\/xn--stershatte-zcb.dk\/de\/wp-json\/wp\/v2\/pages\/2851","targetHints":{"allow":["GET"]}}],"collection":[{"href":"https:\/\/xn--stershatte-zcb.dk\/de\/wp-json\/wp\/v2\/pages"}],"about":[{"href":"https:\/\/xn--stershatte-zcb.dk\/de\/wp-json\/wp\/v2\/types\/page"}],"author":[{"embeddable":true,"href":"https:\/\/xn--stershatte-zcb.dk\/de\/wp-json\/wp\/v2\/users\/1"}],"replies":[{"embeddable":true,"href":"https:\/\/xn--stershatte-zcb.dk\/de\/wp-json\/wp\/v2\/comments?post=2851"}],"version-history":[{"count":7,"href":"https:\/\/xn--stershatte-zcb.dk\/de\/wp-json\/wp\/v2\/pages\/2851\/revisions"}],"predecessor-version":[{"id":7465,"href":"https:\/\/xn--stershatte-zcb.dk\/de\/wp-json\/wp\/v2\/pages\/2851\/revisions\/7465"}],"wp:attachment":[{"href":"https:\/\/xn--stershatte-zcb.dk\/de\/wp-json\/wp\/v2\/media?parent=2851"}],"wp:term":[{"taxonomy":"category","embeddable":true,"href":"https:\/\/xn--stershatte-zcb.dk\/de\/wp-json\/wp\/v2\/categories?post=2851"}],"curies":[{"name":"wp","href":"https:\/\/api.w.org\/{rel}","templated":true}]}}