{"id":2875,"date":"2023-01-24T08:23:03","date_gmt":"2023-01-24T07:23:03","guid":{"rendered":"https:\/\/xn--stershatte-zcb.dk\/pilzanbau\/"},"modified":"2026-05-13T13:57:57","modified_gmt":"2026-05-13T11:57:57","slug":"pilzanbau","status":"publish","type":"page","link":"https:\/\/xn--stershatte-zcb.dk\/de\/pilzanbau\/","title":{"rendered":"Pilzanbau"},"content":{"rendered":"<div class=\"wpb-content-wrapper\"><p>[vc_row full_width=&#8220;stretch_row&#8220;][vc_column]<div class=\"ult-spacer spacer-6a05cc8bf419d\" data-id=\"6a05cc8bf419d\" data-height=\"90\" data-height-mobile=\"60\" data-height-tab=\"90\" data-height-tab-portrait=\"60\" data-height-mobile-landscape=\"60\" style=\"clear:both;display:block;\"><\/div>[vc_column_text]<\/p>\n<h2>Pilzanbau<\/h2>\n<h2>Lassen Sie sich inspirieren und beginnen Sie mit Ihrer Pilzzucht<\/h2>\n<p>Im Folgenden finden Sie verschiedene Anleitungen, die Ihnen bei der Art der Pilzzucht helfen k\u00f6nnen, an der Sie interessiert sind. Wo auch immer Sie also Pilze auf Baumst\u00e4mmen, Stroh oder im Kaffeesatz z\u00fcchten m\u00f6chten, wir haben den richtigen Leitfaden f\u00fcr Sie.[\/vc_column_text][vc_empty_space height=&#8220;30px&#8220;][vc_basic_grid post_type=&#8220;post&#8220; max_items=&#8220;-1&#8243; element_width=&#8220;3&#8243; order=&#8220;ASC&#8220; item=&#8220;2075&#8243; grid_id=&#8220;vc_gid:1718105067888-2ac675b8-2477-8&#8243; taxonomies=&#8220;33&#8243;][vc_column_text]<\/p>\n<h2><\/h2>\n<h2>Finden Sie Ihre Pilze hier im Shop<\/h2>\n<p>Wenn Sie auf der Suche nach Pilzen sind, die Sie selbst anbauen k\u00f6nnen, finden Sie in <a href=\"https:\/\/xn--stershatte-zcb.dk\/de\/der-pilzladen\/\">unserem Shop<\/a> eine gro\u00dfe Auswahl an Bio-Pilzen.[\/vc_column_text]<div class=\"ult-spacer spacer-6a05cc8bf41de\" data-id=\"6a05cc8bf41de\" data-height=\"90\" data-height-mobile=\"60\" data-height-tab=\"90\" data-height-tab-portrait=\"60\" data-height-mobile-landscape=\"60\" style=\"clear:both;display:block;\"><\/div>[\/vc_column][\/vc_row]<\/p>\n<\/div>","protected":false},"excerpt":{"rendered":"<p>[vc_row full_width=&#8220;stretch_row&#8220;][vc_column][vc_column_text] Pilzanbau Lassen Sie sich inspirieren und beginnen Sie mit Ihrer Pilzzucht Im Folgenden finden Sie verschiedene Anleitungen, die Ihnen bei der Art der Pilzzucht helfen k\u00f6nnen, an der Sie interessiert sind. Wo auch immer Sie also Pilze auf Baumst\u00e4mmen, Stroh oder im Kaffeesatz z\u00fcchten m\u00f6chten, wir haben den richtigen Leitfaden f\u00fcr Sie.[\/vc_column_text][vc_empty_space height=&#8220;30px&#8220;][vc_basic_grid &#8230; <a title=\"Pilzanbau\" class=\"read-more\" href=\"https:\/\/xn--stershatte-zcb.dk\/de\/pilzanbau\/\" aria-label=\"Read more about Pilzanbau\">Read more<\/a><\/p>\n","protected":false},"author":1,"featured_media":0,"parent":0,"menu_order":0,"comment_status":"closed","ping_status":"closed","template":"","meta":{"_acf_changed":false,"footnotes":""},"categories":[],"class_list":["post-2875","page","type-page","status-publish"],"acf":[],"yoast_head":"<!-- This site is optimized with the Yoast SEO plugin v27.5 - https:\/\/yoast.com\/product\/yoast-seo-wordpress\/ -->\n<title>Entdecken Sie ein faszinierendes Universum der Pilzzucht<\/title>\n<meta name=\"description\" content=\"Beginnen Sie mit der Pilzzucht mit Hilfe von Skyttegaardens \u00d8stershatte ApS%. Hier finden Sie Tipps und Tricks f\u00fcr den Anf\u00e4nger und den Erfahrenen\" \/>\n<meta name=\"robots\" content=\"index, follow, max-snippet:-1, max-image-preview:large, max-video-preview:-1\" \/>\n<link rel=\"canonical\" href=\"https:\/\/xn--stershatte-zcb.dk\/de\/pilzanbau\/\" \/>\n<meta property=\"og:locale\" content=\"de_DE\" \/>\n<meta property=\"og:type\" content=\"article\" \/>\n<meta property=\"og:title\" content=\"Entdecken Sie ein faszinierendes Universum der Pilzzucht\" \/>\n<meta property=\"og:description\" content=\"Beginnen Sie mit der Pilzzucht mit Hilfe von Skyttegaardens \u00d8stershatte ApS%. Hier finden Sie Tipps und Tricks f\u00fcr den Anf\u00e4nger und den Erfahrenen\" \/>\n<meta property=\"og:url\" content=\"https:\/\/xn--stershatte-zcb.dk\/de\/pilzanbau\/\" \/>\n<meta property=\"og:site_name\" content=\"Skyttegaardens \u00d8stershatte ApS\" \/>\n<meta property=\"article:modified_time\" content=\"2026-05-13T11:57:57+00:00\" \/>\n<meta name=\"twitter:card\" content=\"summary_large_image\" \/>\n<meta name=\"twitter:label1\" content=\"Gesch\u00e4tzte Lesezeit\" \/>\n\t<meta name=\"twitter:data1\" content=\"1\u00a0Minute\" \/>\n<script type=\"application\/ld+json\" class=\"yoast-schema-graph\">{\"@context\":\"https:\\\/\\\/schema.org\",\"@graph\":[{\"@type\":\"WebPage\",\"@id\":\"https:\\\/\\\/xn--stershatte-zcb.dk\\\/de\\\/pilzanbau\\\/\",\"url\":\"https:\\\/\\\/xn--stershatte-zcb.dk\\\/de\\\/pilzanbau\\\/\",\"name\":\"Entdecken Sie ein faszinierendes Universum der Pilzzucht\",\"isPartOf\":{\"@id\":\"https:\\\/\\\/xn--stershatte-zcb.dk\\\/de\\\/#website\"},\"datePublished\":\"2023-01-24T07:23:03+00:00\",\"dateModified\":\"2026-05-13T11:57:57+00:00\",\"description\":\"Beginnen Sie mit der Pilzzucht mit Hilfe von Skyttegaardens \u00d8stershatte ApS%. Hier finden Sie Tipps und Tricks f\u00fcr den Anf\u00e4nger und den Erfahrenen\",\"breadcrumb\":{\"@id\":\"https:\\\/\\\/xn--stershatte-zcb.dk\\\/de\\\/pilzanbau\\\/#breadcrumb\"},\"inLanguage\":\"de\",\"potentialAction\":[{\"@type\":\"ReadAction\",\"target\":[\"https:\\\/\\\/xn--stershatte-zcb.dk\\\/de\\\/pilzanbau\\\/\"]}]},{\"@type\":\"BreadcrumbList\",\"@id\":\"https:\\\/\\\/xn--stershatte-zcb.dk\\\/de\\\/pilzanbau\\\/#breadcrumb\",\"itemListElement\":[{\"@type\":\"ListItem\",\"position\":1,\"name\":\"Hjem\",\"item\":\"https:\\\/\\\/xn--stershatte-zcb.dk\\\/de\\\/\"},{\"@type\":\"ListItem\",\"position\":2,\"name\":\"Pilzanbau\"}]},{\"@type\":\"WebSite\",\"@id\":\"https:\\\/\\\/xn--stershatte-zcb.dk\\\/de\\\/#website\",\"url\":\"https:\\\/\\\/xn--stershatte-zcb.dk\\\/de\\\/\",\"name\":\"Skyttegaardens \u00d8stershatte ApS\",\"description\":\"Dyrk selv \u00f8kologiske svampe og \u00f8stershatte\",\"publisher\":{\"@id\":\"https:\\\/\\\/xn--stershatte-zcb.dk\\\/de\\\/#organization\"},\"potentialAction\":[{\"@type\":\"SearchAction\",\"target\":{\"@type\":\"EntryPoint\",\"urlTemplate\":\"https:\\\/\\\/xn--stershatte-zcb.dk\\\/de\\\/?s={search_term_string}\"},\"query-input\":{\"@type\":\"PropertyValueSpecification\",\"valueRequired\":true,\"valueName\":\"search_term_string\"}}],\"inLanguage\":\"de\"},{\"@type\":\"Organization\",\"@id\":\"https:\\\/\\\/xn--stershatte-zcb.dk\\\/de\\\/#organization\",\"name\":\"Skyttegaardens \u00d8stershatte ApS\",\"url\":\"https:\\\/\\\/xn--stershatte-zcb.dk\\\/de\\\/\",\"logo\":{\"@type\":\"ImageObject\",\"inLanguage\":\"de\",\"@id\":\"https:\\\/\\\/xn--stershatte-zcb.dk\\\/de\\\/#\\\/schema\\\/logo\\\/image\\\/\",\"url\":\"https:\\\/\\\/xn--stershatte-zcb.dk\\\/wp-content\\\/uploads\\\/2023\\\/01\\\/Logo-uden-Bagrund.png\",\"contentUrl\":\"https:\\\/\\\/xn--stershatte-zcb.dk\\\/wp-content\\\/uploads\\\/2023\\\/01\\\/Logo-uden-Bagrund.png\",\"width\":1238,\"height\":1210,\"caption\":\"Skyttegaardens \u00d8stershatte ApS\"},\"image\":{\"@id\":\"https:\\\/\\\/xn--stershatte-zcb.dk\\\/de\\\/#\\\/schema\\\/logo\\\/image\\\/\"}}]}<\/script>\n<!-- \/ Yoast SEO plugin. -->","yoast_head_json":{"title":"Entdecken Sie ein faszinierendes Universum der Pilzzucht","description":"Beginnen Sie mit der Pilzzucht mit Hilfe von Skyttegaardens \u00d8stershatte ApS%. Hier finden Sie Tipps und Tricks f\u00fcr den Anf\u00e4nger und den Erfahrenen","robots":{"index":"index","follow":"follow","max-snippet":"max-snippet:-1","max-image-preview":"max-image-preview:large","max-video-preview":"max-video-preview:-1"},"canonical":"https:\/\/xn--stershatte-zcb.dk\/de\/pilzanbau\/","og_locale":"de_DE","og_type":"article","og_title":"Entdecken Sie ein faszinierendes Universum der Pilzzucht","og_description":"Beginnen Sie mit der Pilzzucht mit Hilfe von Skyttegaardens \u00d8stershatte ApS%. Hier finden Sie Tipps und Tricks f\u00fcr den Anf\u00e4nger und den Erfahrenen","og_url":"https:\/\/xn--stershatte-zcb.dk\/de\/pilzanbau\/","og_site_name":"Skyttegaardens \u00d8stershatte ApS","article_modified_time":"2026-05-13T11:57:57+00:00","twitter_card":"summary_large_image","twitter_misc":{"Gesch\u00e4tzte Lesezeit":"1\u00a0Minute"},"schema":{"@context":"https:\/\/schema.org","@graph":[{"@type":"WebPage","@id":"https:\/\/xn--stershatte-zcb.dk\/de\/pilzanbau\/","url":"https:\/\/xn--stershatte-zcb.dk\/de\/pilzanbau\/","name":"Entdecken Sie ein faszinierendes Universum der Pilzzucht","isPartOf":{"@id":"https:\/\/xn--stershatte-zcb.dk\/de\/#website"},"datePublished":"2023-01-24T07:23:03+00:00","dateModified":"2026-05-13T11:57:57+00:00","description":"Beginnen Sie mit der Pilzzucht mit Hilfe von Skyttegaardens \u00d8stershatte ApS%. Hier finden Sie Tipps und Tricks f\u00fcr den Anf\u00e4nger und den Erfahrenen","breadcrumb":{"@id":"https:\/\/xn--stershatte-zcb.dk\/de\/pilzanbau\/#breadcrumb"},"inLanguage":"de","potentialAction":[{"@type":"ReadAction","target":["https:\/\/xn--stershatte-zcb.dk\/de\/pilzanbau\/"]}]},{"@type":"BreadcrumbList","@id":"https:\/\/xn--stershatte-zcb.dk\/de\/pilzanbau\/#breadcrumb","itemListElement":[{"@type":"ListItem","position":1,"name":"Hjem","item":"https:\/\/xn--stershatte-zcb.dk\/de\/"},{"@type":"ListItem","position":2,"name":"Pilzanbau"}]},{"@type":"WebSite","@id":"https:\/\/xn--stershatte-zcb.dk\/de\/#website","url":"https:\/\/xn--stershatte-zcb.dk\/de\/","name":"Skyttegaardens \u00d8stershatte ApS","description":"Dyrk selv \u00f8kologiske svampe og \u00f8stershatte","publisher":{"@id":"https:\/\/xn--stershatte-zcb.dk\/de\/#organization"},"potentialAction":[{"@type":"SearchAction","target":{"@type":"EntryPoint","urlTemplate":"https:\/\/xn--stershatte-zcb.dk\/de\/?s={search_term_string}"},"query-input":{"@type":"PropertyValueSpecification","valueRequired":true,"valueName":"search_term_string"}}],"inLanguage":"de"},{"@type":"Organization","@id":"https:\/\/xn--stershatte-zcb.dk\/de\/#organization","name":"Skyttegaardens \u00d8stershatte ApS","url":"https:\/\/xn--stershatte-zcb.dk\/de\/","logo":{"@type":"ImageObject","inLanguage":"de","@id":"https:\/\/xn--stershatte-zcb.dk\/de\/#\/schema\/logo\/image\/","url":"https:\/\/xn--stershatte-zcb.dk\/wp-content\/uploads\/2023\/01\/Logo-uden-Bagrund.png","contentUrl":"https:\/\/xn--stershatte-zcb.dk\/wp-content\/uploads\/2023\/01\/Logo-uden-Bagrund.png","width":1238,"height":1210,"caption":"Skyttegaardens \u00d8stershatte ApS"},"image":{"@id":"https:\/\/xn--stershatte-zcb.dk\/de\/#\/schema\/logo\/image\/"}}]}},"_links":{"self":[{"href":"https:\/\/xn--stershatte-zcb.dk\/de\/wp-json\/wp\/v2\/pages\/2875","targetHints":{"allow":["GET"]}}],"collection":[{"href":"https:\/\/xn--stershatte-zcb.dk\/de\/wp-json\/wp\/v2\/pages"}],"about":[{"href":"https:\/\/xn--stershatte-zcb.dk\/de\/wp-json\/wp\/v2\/types\/page"}],"author":[{"embeddable":true,"href":"https:\/\/xn--stershatte-zcb.dk\/de\/wp-json\/wp\/v2\/users\/1"}],"replies":[{"embeddable":true,"href":"https:\/\/xn--stershatte-zcb.dk\/de\/wp-json\/wp\/v2\/comments?post=2875"}],"version-history":[{"count":8,"href":"https:\/\/xn--stershatte-zcb.dk\/de\/wp-json\/wp\/v2\/pages\/2875\/revisions"}],"predecessor-version":[{"id":7459,"href":"https:\/\/xn--stershatte-zcb.dk\/de\/wp-json\/wp\/v2\/pages\/2875\/revisions\/7459"}],"wp:attachment":[{"href":"https:\/\/xn--stershatte-zcb.dk\/de\/wp-json\/wp\/v2\/media?parent=2875"}],"wp:term":[{"taxonomy":"category","embeddable":true,"href":"https:\/\/xn--stershatte-zcb.dk\/de\/wp-json\/wp\/v2\/categories?post=2875"}],"curies":[{"name":"wp","href":"https:\/\/api.w.org\/{rel}","templated":true}]}}