{"id":2881,"date":"2023-01-19T09:03:11","date_gmt":"2023-01-19T08:03:11","guid":{"rendered":"https:\/\/xn--stershatte-zcb.dk\/ueber-uns\/"},"modified":"2026-05-13T13:58:05","modified_gmt":"2026-05-13T11:58:05","slug":"ueber-uns","status":"publish","type":"page","link":"https:\/\/xn--stershatte-zcb.dk\/de\/ueber-uns\/","title":{"rendered":"Geschichte des Skytteg\u00e5rden"},"content":{"rendered":"<div class=\"wpb-content-wrapper\"><p>[vc_row full_width=&#8220;stretch_row&#8220;][vc_column]<div class=\"ult-spacer spacer-6a05cc77da346\" data-id=\"6a05cc77da346\" data-height=\"90\" data-height-mobile=\"60\" data-height-tab=\"90\" data-height-tab-portrait=\"60\" data-height-mobile-landscape=\"60\" style=\"clear:both;display:block;\"><\/div>[vc_row_inner css=&#8220;.vc_custom_1676531711931{background-image: url(https:\/\/xn--stershatte-zcb.dk\/wp-content\/uploads\/2023\/02\/vandmaerke.png?id=2150) !important;background-position: 0 0 !important;background-repeat: no-repeat !important;}&#8220;][vc_column_inner offset=&#8220;vc_col-lg-8 vc_col-md-8 vc_col-xs-12&#8243;][vc_column_text]<\/p>\n<h2>\u00dcber uns<\/h2>\n<h2>Hier k\u00f6nnen Sie ein wenig \u00fcber die Austernpilze im Skytteg\u00e5rden lesen<\/h2>\n<h3>Skytteg\u00e5rden &#8211; ein Familienunternehmen<\/h3>\n<p>Das d\u00e4nische Familienunternehmen Skytteg\u00e5rdens \u00d8stershatte besteht als Baumschule seit 1983, als das Ehepaar Jan und Neel Matthiesen die Produktion aufnahm. Die G\u00e4rtnerei ist auf die Zucht von Austernpilzen spezialisiert und befindet sich in Borup in Zentralseeland. <\/p>\n<p>Die Geschichte von Skytteg\u00e5rden beginnt in den fr\u00fchen 1980er Jahren: Jan und Neel begannen mit dem Anbau von Austernpilzen in ihrem eigenen Haus zu experimentieren. Bevor sich das Ehepaar mit Leib und Seele der Aufgabe widmete, hatte niemand in D\u00e4nemark jemals erfolgreich eine echte Produktion von Austernpilzen gestartet. <\/p>\n<p>Daher mussten sie bei der Entwicklung von Produktionsmethoden auf das Wissen anderer europ\u00e4ischer Pilzz\u00fcchter zur\u00fcckgreifen. So wurden die Maschinen, die heute den Rahmen f\u00fcr die Austernpilzproduktion in Skytteg\u00e5rden bilden, von der Familie selbst erfunden und entwickelt. Als ihr Wissen und ihre Erfahrung wuchsen und sich die Produktion entwickelte, zogen sie in gr\u00f6\u00dfere R\u00e4umlichkeiten um &#8211; dieselben R\u00e4umlichkeiten, die heute die Pilzfarm in Borup beherbergen.  <\/p>\n<p>Im Jahr 2021 \u00fcbernahmen Morten S\u00f8gaard und Karina \u00d8er Skytteg\u00e5rdens \u00d8stershatte, das sie bis November 2022 f\u00fchrten, als Michael Str\u00f8m Petersen das Unternehmen kaufte. Michael ist auch als L\u00e6s\u00f8 bekannt (weil er dort geboren wurde). Heute lebt er mit Trine und ihren 2 Kindern in Stubberup.  <\/p>\n<h3>Schwammtasche<\/h3>\n<p>Heute hat sich die Produktion von frischen Austernpilzen um ein Grow-it-yourself-Kit erweitert. Ein Pilzsack, der auf die gleiche Weise hergestellt wird wie die S\u00e4cke, die in der Produktion verwendet werden &#8211; nur in kleinerem Ma\u00dfstab. Der Pilzsack ist so gefertigt, dass er perfekt in den Gem\u00fcsegarten, auf den Balkon, in den Garten oder wo auch immer Sie ihn haben m\u00f6chten, passt.  <\/p>\n<p>In unserem Webshop k\u00f6nnen Sie den Pilzbeutel kaufen, der auch eine tolle Geschenkidee ist. Und wenn nach einem Jahr keine Pilze mehr aus dem Beutel wachsen, k\u00f6nnen Sie den Inhalt als perfekten D\u00fcnger f\u00fcr Ihren Kr\u00e4utergarten oder Blumenkasten verwenden. <\/p>\n<p>Mit dem Mushroom Bag k\u00f6nnen Sie das ganze Jahr \u00fcber Ihre eigenen Bio-Austernpilze ernten. Er kann drinnen oder drau\u00dfen aufgestellt werden und muss nicht gegossen werden. Die Austernpilze wachsen am besten bei 18\u00b0C, aber wenn die Temperatur zu hoch oder zu niedrig wird, gehen sie einfach in den Schlaf. Er vertr\u00e4gt auch Frost und wacht erst wieder auf, wenn die Temperatur wieder w\u00e4rmer wird. Unter optimalen Bedingungen ist der Pilzbeutel bis zu 1 Jahr lang aktiv und gibt etwa 3-5 R\u00fclpser ab.    <\/p>\n<p>Bestellen Sie <a href=\"\/product\/svampepose-inkl-jutepose-oekologiske-oestershatte-graa-brun\/\">hier<\/a> Ihre eigene Schwammtasche.<\/p>\n<p>Der Pilzbeutel ist sowohl f\u00fcr Anf\u00e4nger als auch f\u00fcr erfahrene Pilzz\u00fcchter ideal. Da der Pilzbeutel aus der gleichen Mischung hergestellt wird, die f\u00fcr die Produktion im Skytteg\u00e5rden verwendet wird, werden sie st\u00e4ndig getestet und die Qualit\u00e4t ist garantiert. <\/p>\n<h3>Nachhaltige Produktion<\/h3>\n<p>Seit der Gr\u00fcndung von Skytteg\u00e5rdens \u00d8stershatte konzentriert sich die G\u00e4rtnerei auf Nachhaltigkeit und \u00d6kologie und hat daher bei der Produktion von Austernpilzen nie Kunstd\u00fcnger oder Pestizide verwendet. Die Konzentration auf eine vollst\u00e4ndig \u00f6kologische Produktion zahlte sich 2014 aus, als Skytteg\u00e5rdens \u00d8stershatte mit dem roten \u00d8-Label ausgezeichnet wurde. <\/p>\n<p>Die Pilze werden auf Stroh gez\u00fcchtet, das mit nichts weiter als Wasser und Pilzmyzel verarbeitet wurde. Wenn das Stroh keine Pilze mehr hervorbringen kann, profitiert ein \u00f6rtlicher Biobauer von dem &#8222;gebrauchten&#8220; Stroh, das auf den Feldern des Landwirts mit Pflanzen ausgebracht wird. Durch die Verarbeitung des Strohs eignet es sich hervorragend als umweltfreundlicher D\u00fcnger.  <\/p>\n<p>Das k\u00f6nnen Sie auch auf Ihren eigenen Pilzsack \u00fcbertragen. Wenn der Pilzbeutel keine Austernpilze mehr produziert, k\u00f6nnen Sie das Stroh in Topfpflanzen und im Garten als hervorragenden D\u00fcnger verwenden. Skytteg\u00e5rden ist sehr stolz darauf, ein kreislauff\u00e4higes Produkt anbieten zu k\u00f6nnen und damit den \u00f6kologischen Fu\u00dfabdruck zu minimieren.  <\/p>\n<p>Besuchen Sie Skytteg\u00e5rdens \u00d8stershatte auf Facebook hier und auf Instragram hier @skyttegaardensoestershatte.[\/vc_column_text]<div class=\"ult-spacer spacer-6a05cc77da39e\" data-id=\"6a05cc77da39e\" data-height=\"0\" data-height-mobile=\"30\" data-height-tab=\"0\" data-height-tab-portrait=\"30\" data-height-mobile-landscape=\"30\" style=\"clear:both;display:block;\"><\/div>[\/vc_column_inner][vc_column_inner offset=&#8220;vc_col-lg-4 vc_col-md-4 vc_col-xs-12&#8243;][vc_single_image image=&#8220;3896&#8243; img_size=&#8220;full&#8220; alignment=&#8220;center&#8220;][\/vc_column_inner][\/vc_row_inner]<div class=\"ult-spacer spacer-6a05cc77da3ff\" data-id=\"6a05cc77da3ff\" data-height=\"90\" data-height-mobile=\"60\" data-height-tab=\"90\" data-height-tab-portrait=\"60\" data-height-mobile-landscape=\"60\" style=\"clear:both;display:block;\"><\/div>[\/vc_column][\/vc_row]<\/p>\n<\/div>","protected":false},"excerpt":{"rendered":"<p>[vc_row full_width=&#8220;stretch_row&#8220;][vc_column][vc_row_inner css=&#8220;.vc_custom_1676531711931{background-image: url(https:\/\/xn--stershatte-zcb.dk\/wp-content\/uploads\/2023\/02\/vandmaerke.png?id=2150) !important;background-position: 0 0 !important;background-repeat: no-repeat !important;}&#8220;][vc_column_inner offset=&#8220;vc_col-lg-8 vc_col-md-8 vc_col-xs-12&#8243;][vc_column_text] \u00dcber uns Hier k\u00f6nnen Sie ein wenig \u00fcber die Austernpilze im Skytteg\u00e5rden lesen Skytteg\u00e5rden &#8211; ein Familienunternehmen Das d\u00e4nische Familienunternehmen Skytteg\u00e5rdens \u00d8stershatte besteht als Baumschule seit 1983, als das Ehepaar Jan und Neel Matthiesen die Produktion aufnahm. Die G\u00e4rtnerei ist auf die &#8230; <a title=\"Geschichte des Skytteg\u00e5rden\" class=\"read-more\" href=\"https:\/\/xn--stershatte-zcb.dk\/de\/ueber-uns\/\" aria-label=\"Read more about Geschichte des Skytteg\u00e5rden\">Read more<\/a><\/p>\n","protected":false},"author":1,"featured_media":0,"parent":0,"menu_order":0,"comment_status":"closed","ping_status":"closed","template":"","meta":{"_acf_changed":false,"footnotes":""},"categories":[],"class_list":["post-2881","page","type-page","status-publish"],"acf":[],"yoast_head":"<!-- This site is optimized with the Yoast SEO plugin v27.5 - https:\/\/yoast.com\/product\/yoast-seo-wordpress\/ -->\n<title>Geschichte des Skytteg\u00e5rden &#183; Skyttegaardens \u00d8stershatte ApS<\/title>\n<meta name=\"robots\" content=\"index, follow, max-snippet:-1, max-image-preview:large, max-video-preview:-1\" \/>\n<link rel=\"canonical\" href=\"https:\/\/xn--stershatte-zcb.dk\/de\/ueber-uns\/\" \/>\n<meta property=\"og:locale\" content=\"de_DE\" \/>\n<meta property=\"og:type\" content=\"article\" \/>\n<meta property=\"og:title\" content=\"Geschichte des Skytteg\u00e5rden &#183; Skyttegaardens \u00d8stershatte ApS\" \/>\n<meta property=\"og:description\" content=\"[vc_row full_width=&#8220;stretch_row&#8220;][vc_column][vc_row_inner css=&#8220;.vc_custom_1676531711931{background-image: url(https:\/\/xn--stershatte-zcb.dk\/wp-content\/uploads\/2023\/02\/vandmaerke.png?id=2150) !important;background-position: 0 0 !important;background-repeat: no-repeat !important;}&#8220;][vc_column_inner offset=&#8220;vc_col-lg-8 vc_col-md-8 vc_col-xs-12&#8243;][vc_column_text] \u00dcber uns Hier k\u00f6nnen Sie ein wenig \u00fcber die Austernpilze im Skytteg\u00e5rden lesen Skytteg\u00e5rden &#8211; ein Familienunternehmen Das d\u00e4nische Familienunternehmen Skytteg\u00e5rdens \u00d8stershatte besteht als Baumschule seit 1983, als das Ehepaar Jan und Neel Matthiesen die Produktion aufnahm. Die G\u00e4rtnerei ist auf die ... Read more\" \/>\n<meta property=\"og:url\" content=\"https:\/\/xn--stershatte-zcb.dk\/de\/ueber-uns\/\" \/>\n<meta property=\"og:site_name\" content=\"Skyttegaardens \u00d8stershatte ApS\" \/>\n<meta property=\"article:modified_time\" content=\"2026-05-13T11:58:05+00:00\" \/>\n<meta name=\"twitter:card\" content=\"summary_large_image\" \/>\n<meta name=\"twitter:label1\" content=\"Gesch\u00e4tzte Lesezeit\" \/>\n\t<meta name=\"twitter:data1\" content=\"4\u00a0Minuten\" \/>\n<script type=\"application\/ld+json\" class=\"yoast-schema-graph\">{\"@context\":\"https:\\\/\\\/schema.org\",\"@graph\":[{\"@type\":\"WebPage\",\"@id\":\"https:\\\/\\\/xn--stershatte-zcb.dk\\\/de\\\/ueber-uns\\\/\",\"url\":\"https:\\\/\\\/xn--stershatte-zcb.dk\\\/de\\\/ueber-uns\\\/\",\"name\":\"Geschichte des Skytteg\u00e5rden &#183; Skyttegaardens \u00d8stershatte ApS\",\"isPartOf\":{\"@id\":\"https:\\\/\\\/xn--stershatte-zcb.dk\\\/de\\\/#website\"},\"datePublished\":\"2023-01-19T08:03:11+00:00\",\"dateModified\":\"2026-05-13T11:58:05+00:00\",\"breadcrumb\":{\"@id\":\"https:\\\/\\\/xn--stershatte-zcb.dk\\\/de\\\/ueber-uns\\\/#breadcrumb\"},\"inLanguage\":\"de\",\"potentialAction\":[{\"@type\":\"ReadAction\",\"target\":[\"https:\\\/\\\/xn--stershatte-zcb.dk\\\/de\\\/ueber-uns\\\/\"]}]},{\"@type\":\"BreadcrumbList\",\"@id\":\"https:\\\/\\\/xn--stershatte-zcb.dk\\\/de\\\/ueber-uns\\\/#breadcrumb\",\"itemListElement\":[{\"@type\":\"ListItem\",\"position\":1,\"name\":\"Hjem\",\"item\":\"https:\\\/\\\/xn--stershatte-zcb.dk\\\/de\\\/\"},{\"@type\":\"ListItem\",\"position\":2,\"name\":\"Geschichte des Skytteg\u00e5rden\"}]},{\"@type\":\"WebSite\",\"@id\":\"https:\\\/\\\/xn--stershatte-zcb.dk\\\/de\\\/#website\",\"url\":\"https:\\\/\\\/xn--stershatte-zcb.dk\\\/de\\\/\",\"name\":\"Skyttegaardens \u00d8stershatte ApS\",\"description\":\"Dyrk selv \u00f8kologiske svampe og \u00f8stershatte\",\"publisher\":{\"@id\":\"https:\\\/\\\/xn--stershatte-zcb.dk\\\/de\\\/#organization\"},\"potentialAction\":[{\"@type\":\"SearchAction\",\"target\":{\"@type\":\"EntryPoint\",\"urlTemplate\":\"https:\\\/\\\/xn--stershatte-zcb.dk\\\/de\\\/?s={search_term_string}\"},\"query-input\":{\"@type\":\"PropertyValueSpecification\",\"valueRequired\":true,\"valueName\":\"search_term_string\"}}],\"inLanguage\":\"de\"},{\"@type\":\"Organization\",\"@id\":\"https:\\\/\\\/xn--stershatte-zcb.dk\\\/de\\\/#organization\",\"name\":\"Skyttegaardens \u00d8stershatte ApS\",\"url\":\"https:\\\/\\\/xn--stershatte-zcb.dk\\\/de\\\/\",\"logo\":{\"@type\":\"ImageObject\",\"inLanguage\":\"de\",\"@id\":\"https:\\\/\\\/xn--stershatte-zcb.dk\\\/de\\\/#\\\/schema\\\/logo\\\/image\\\/\",\"url\":\"https:\\\/\\\/xn--stershatte-zcb.dk\\\/wp-content\\\/uploads\\\/2023\\\/01\\\/Logo-uden-Bagrund.png\",\"contentUrl\":\"https:\\\/\\\/xn--stershatte-zcb.dk\\\/wp-content\\\/uploads\\\/2023\\\/01\\\/Logo-uden-Bagrund.png\",\"width\":1238,\"height\":1210,\"caption\":\"Skyttegaardens \u00d8stershatte ApS\"},\"image\":{\"@id\":\"https:\\\/\\\/xn--stershatte-zcb.dk\\\/de\\\/#\\\/schema\\\/logo\\\/image\\\/\"}}]}<\/script>\n<!-- \/ Yoast SEO plugin. -->","yoast_head_json":{"title":"Geschichte des Skytteg\u00e5rden &#183; Skyttegaardens \u00d8stershatte ApS","robots":{"index":"index","follow":"follow","max-snippet":"max-snippet:-1","max-image-preview":"max-image-preview:large","max-video-preview":"max-video-preview:-1"},"canonical":"https:\/\/xn--stershatte-zcb.dk\/de\/ueber-uns\/","og_locale":"de_DE","og_type":"article","og_title":"Geschichte des Skytteg\u00e5rden &#183; Skyttegaardens \u00d8stershatte ApS","og_description":"[vc_row full_width=&#8220;stretch_row&#8220;][vc_column][vc_row_inner css=&#8220;.vc_custom_1676531711931{background-image: url(https:\/\/xn--stershatte-zcb.dk\/wp-content\/uploads\/2023\/02\/vandmaerke.png?id=2150) !important;background-position: 0 0 !important;background-repeat: no-repeat !important;}&#8220;][vc_column_inner offset=&#8220;vc_col-lg-8 vc_col-md-8 vc_col-xs-12&#8243;][vc_column_text] \u00dcber uns Hier k\u00f6nnen Sie ein wenig \u00fcber die Austernpilze im Skytteg\u00e5rden lesen Skytteg\u00e5rden &#8211; ein Familienunternehmen Das d\u00e4nische Familienunternehmen Skytteg\u00e5rdens \u00d8stershatte besteht als Baumschule seit 1983, als das Ehepaar Jan und Neel Matthiesen die Produktion aufnahm. Die G\u00e4rtnerei ist auf die ... Read more","og_url":"https:\/\/xn--stershatte-zcb.dk\/de\/ueber-uns\/","og_site_name":"Skyttegaardens \u00d8stershatte ApS","article_modified_time":"2026-05-13T11:58:05+00:00","twitter_card":"summary_large_image","twitter_misc":{"Gesch\u00e4tzte Lesezeit":"4\u00a0Minuten"},"schema":{"@context":"https:\/\/schema.org","@graph":[{"@type":"WebPage","@id":"https:\/\/xn--stershatte-zcb.dk\/de\/ueber-uns\/","url":"https:\/\/xn--stershatte-zcb.dk\/de\/ueber-uns\/","name":"Geschichte des Skytteg\u00e5rden &#183; Skyttegaardens \u00d8stershatte ApS","isPartOf":{"@id":"https:\/\/xn--stershatte-zcb.dk\/de\/#website"},"datePublished":"2023-01-19T08:03:11+00:00","dateModified":"2026-05-13T11:58:05+00:00","breadcrumb":{"@id":"https:\/\/xn--stershatte-zcb.dk\/de\/ueber-uns\/#breadcrumb"},"inLanguage":"de","potentialAction":[{"@type":"ReadAction","target":["https:\/\/xn--stershatte-zcb.dk\/de\/ueber-uns\/"]}]},{"@type":"BreadcrumbList","@id":"https:\/\/xn--stershatte-zcb.dk\/de\/ueber-uns\/#breadcrumb","itemListElement":[{"@type":"ListItem","position":1,"name":"Hjem","item":"https:\/\/xn--stershatte-zcb.dk\/de\/"},{"@type":"ListItem","position":2,"name":"Geschichte des Skytteg\u00e5rden"}]},{"@type":"WebSite","@id":"https:\/\/xn--stershatte-zcb.dk\/de\/#website","url":"https:\/\/xn--stershatte-zcb.dk\/de\/","name":"Skyttegaardens \u00d8stershatte ApS","description":"Dyrk selv \u00f8kologiske svampe og \u00f8stershatte","publisher":{"@id":"https:\/\/xn--stershatte-zcb.dk\/de\/#organization"},"potentialAction":[{"@type":"SearchAction","target":{"@type":"EntryPoint","urlTemplate":"https:\/\/xn--stershatte-zcb.dk\/de\/?s={search_term_string}"},"query-input":{"@type":"PropertyValueSpecification","valueRequired":true,"valueName":"search_term_string"}}],"inLanguage":"de"},{"@type":"Organization","@id":"https:\/\/xn--stershatte-zcb.dk\/de\/#organization","name":"Skyttegaardens \u00d8stershatte ApS","url":"https:\/\/xn--stershatte-zcb.dk\/de\/","logo":{"@type":"ImageObject","inLanguage":"de","@id":"https:\/\/xn--stershatte-zcb.dk\/de\/#\/schema\/logo\/image\/","url":"https:\/\/xn--stershatte-zcb.dk\/wp-content\/uploads\/2023\/01\/Logo-uden-Bagrund.png","contentUrl":"https:\/\/xn--stershatte-zcb.dk\/wp-content\/uploads\/2023\/01\/Logo-uden-Bagrund.png","width":1238,"height":1210,"caption":"Skyttegaardens \u00d8stershatte ApS"},"image":{"@id":"https:\/\/xn--stershatte-zcb.dk\/de\/#\/schema\/logo\/image\/"}}]}},"_links":{"self":[{"href":"https:\/\/xn--stershatte-zcb.dk\/de\/wp-json\/wp\/v2\/pages\/2881","targetHints":{"allow":["GET"]}}],"collection":[{"href":"https:\/\/xn--stershatte-zcb.dk\/de\/wp-json\/wp\/v2\/pages"}],"about":[{"href":"https:\/\/xn--stershatte-zcb.dk\/de\/wp-json\/wp\/v2\/types\/page"}],"author":[{"embeddable":true,"href":"https:\/\/xn--stershatte-zcb.dk\/de\/wp-json\/wp\/v2\/users\/1"}],"replies":[{"embeddable":true,"href":"https:\/\/xn--stershatte-zcb.dk\/de\/wp-json\/wp\/v2\/comments?post=2881"}],"version-history":[{"count":10,"href":"https:\/\/xn--stershatte-zcb.dk\/de\/wp-json\/wp\/v2\/pages\/2881\/revisions"}],"predecessor-version":[{"id":7463,"href":"https:\/\/xn--stershatte-zcb.dk\/de\/wp-json\/wp\/v2\/pages\/2881\/revisions\/7463"}],"wp:attachment":[{"href":"https:\/\/xn--stershatte-zcb.dk\/de\/wp-json\/wp\/v2\/media?parent=2881"}],"wp:term":[{"taxonomy":"category","embeddable":true,"href":"https:\/\/xn--stershatte-zcb.dk\/de\/wp-json\/wp\/v2\/categories?post=2881"}],"curies":[{"name":"wp","href":"https:\/\/api.w.org\/{rel}","templated":true}]}}