{"id":2884,"date":"2023-01-19T11:16:32","date_gmt":"2023-01-19T10:16:32","guid":{"rendered":"https:\/\/xn--stershatte-zcb.dk\/f-a-q\/"},"modified":"2026-05-13T13:43:52","modified_gmt":"2026-05-13T11:43:52","slug":"f-a-q","status":"publish","type":"page","link":"https:\/\/xn--stershatte-zcb.dk\/de\/f-a-q\/","title":{"rendered":"F.A.Q."},"content":{"rendered":"<div class=\"wpb-content-wrapper\"><p>[vc_row full_width=&#8220;stretch_row&#8220;][vc_column]<div class=\"ult-spacer spacer-6a05d84751dd3\" data-id=\"6a05d84751dd3\" data-height=\"90\" data-height-mobile=\"60\" data-height-tab=\"90\" data-height-tab-portrait=\"60\" data-height-mobile-landscape=\"60\" style=\"clear:both;display:block;\"><\/div>[vc_row_inner][vc_column_inner offset=&#8220;vc_col-lg-8 vc_col-md-8 vc_col-xs-12&#8243;][vc_column_text]<\/p>\n<h2>F.A.Q.<\/h2>\n<h2>H\u00e4ufig gestellte Fragen<\/h2>\n<p>[\/vc_column_text][vc_toggle title=&#8220;Wann sollte ich L\u00f6cher in meinen Pilzbeutel schneiden?&#8220; color=&#8220;black&#8220; size=&#8220;lg&#8220; open=&#8220;true&#8220; css=&#8220;&#8220;]Sie k\u00f6nnen damit warten, L\u00f6cher in den Beutel zu schneiden, bis das auf dem Etikett angegebene Verfallsdatum erreicht ist.<\/p>\n<p>Pilze wachsen 1-4 Wochen nachdem Sie L\u00f6cher geschnitten haben.[\/vc_toggle][vc_toggle title=&#8220;Wie viele Pilze enth\u00e4lt mein Pilzbeutel?&#8220; color=&#8220;black&#8220; size=&#8220;lg&#8220; open=&#8220;true&#8220; css=&#8220;&#8220;]Dies h\u00e4ngt von der Temperatur und der Luftfeuchtigkeit ab, unter der Sie den Beutel platziert haben.<\/p>\n<p>Normalerweise werden Sie beim ersten Mal zwischen 0,5 und 1,5 kg ernten.[\/vc_toggle][vc_toggle title=&#8220;Wie lange sollte ich zwischen den &quot;Pausen&quot; warten?&#8220; color=&#8220;black&#8220; size=&#8220;lg&#8220; open=&#8220;true&#8220; css=&#8220;&#8220;]Sie brauchen eine Menge Geduld. Manchmal dauert es Wochen, manchmal dauert es Monate.[\/vc_toggle][vc_toggle title=&#8220;Wie viel Erbrochenes produziert der Schwammsack insgesamt?&#8220; color=&#8220;black&#8220; size=&#8220;lg&#8220; open=&#8220;true&#8220; css=&#8220;&#8220;]Der Beutel kann bis zu 5 R\u00fclpser abgeben, je nach den Bedingungen, unter denen er aufbewahrt wurde. Sie k\u00f6nnen ihn bis zu 1 Jahr lang aktiv halten.[\/vc_toggle][vc_toggle title=&#8220;Unter der Folie wachsen Pilze, was soll ich tun?&#8220; color=&#8220;black&#8220; size=&#8220;lg&#8220; open=&#8220;true&#8220; css=&#8220;&#8220;]Machen Sie sich keine Sorgen \u00fcber Pilze unter dem Plastik. Pilze kommen auch aus den L\u00f6chern heraus. Helfen Sie den Pilzen nicht unter der Folie hervor. Sie werden ohnehin auf der Stra\u00dfe sterben.[\/vc_toggle][\/vc_column_inner][vc_column_inner offset=&#8220;vc_col-lg-4 vc_col-md-4 vc_col-xs-12&#8243;][\/vc_column_inner][\/vc_row_inner]<div class=\"ult-spacer spacer-6a05d84751e1f\" data-id=\"6a05d84751e1f\" data-height=\"90\" data-height-mobile=\"60\" data-height-tab=\"90\" data-height-tab-portrait=\"60\" data-height-mobile-landscape=\"60\" style=\"clear:both;display:block;\"><\/div>[vc_row_inner][vc_column_inner][vc_column_text]<\/p>\n<h3>Fehlersuche &#8211; wenn etwas nicht wie erwartet funktioniert<\/h3>\n<p>Das Z\u00fcchten von Pilzen ist ein lebendiger Prozess und es ist normal, dass sich nicht jedes Mal alles gleich entwickelt.<\/p>\n<p>Im Folgenden finden Sie einige der h\u00e4ufigsten Herausforderungen &#8211; und was Sie tun k\u00f6nnen.[\/vc_column_text][\/vc_column_inner][\/vc_row_inner][vc_row_inner equal_height=&#8220;yes&#8220;][vc_column_inner width=&#8220;1\/2&#8243;][vc_column_text]<\/p>\n<h3>Es wird keine Pilze geben<\/h3>\n<ul>\n<li>Ist der Beutel zu warm? Austernpilze gedeihen unter k\u00fchlen Bedingungen. <\/li>\n<li>Ist die Luftfeuchtigkeit zu niedrig? Zerst\u00e4uben Sie 1-2 Mal t\u00e4glich Wasser. <\/li>\n<li>Gibt es frische Luft um den Beutel herum?<\/li>\n<\/ul>\n<h3>Die Pilze werden lang und d\u00fcnn<\/h3>\n<ul>\n<li><strong>L\u00f6sung<\/strong>: Stellen Sie die Tasche an einen Ort mit besserer Bel\u00fcftung.<\/li>\n<\/ul>\n<h3>Die Pilze vertrocknen oder h\u00f6ren auf zu wachsen<\/h3>\n<ul>\n<li>Pulverisieren Sie die L\u00f6cher \u00f6fter.<\/li>\n<li>Vermeiden Sie direkte Sonneneinstrahlung und Heizk\u00f6rperw\u00e4rme.<\/li>\n<\/ul>\n<h3>Pilze, die unter dem Plastik wachsen<\/h3>\n<p>Machen Sie mehr oder gr\u00f6\u00dfere L\u00f6cher, damit die Pilze einen Platz zum Wachsen haben.[\/vc_column_text][\/vc_column_inner][vc_column_inner width=&#8220;1\/2&#8243; css=&#8220;.vc_custom_1773140522187{background-image: url(https:\/\/xn--stershatte-zcb.dk\/wp-content\/uploads\/2023\/01\/iStock-1445244470.jpg?id=2003) !important;background-position: center !important;background-repeat: no-repeat !important;background-size: cover !important;}&#8220;][\/vc_column_inner][\/vc_row_inner]<div class=\"ult-spacer spacer-6a05d84751e42\" data-id=\"6a05d84751e42\" data-height=\"90\" data-height-mobile=\"60\" data-height-tab=\"90\" data-height-tab-portrait=\"60\" data-height-mobile-landscape=\"60\" style=\"clear:both;display:block;\"><\/div>[\/vc_column][\/vc_row]<\/p>\n<\/div>","protected":false},"excerpt":{"rendered":"<p>[vc_row full_width=&#8220;stretch_row&#8220;][vc_column][vc_row_inner][vc_column_inner offset=&#8220;vc_col-lg-8 vc_col-md-8 vc_col-xs-12&#8243;][vc_column_text] F.A.Q. H\u00e4ufig gestellte Fragen [\/vc_column_text][vc_toggle title=&#8220;Wann sollte ich L\u00f6cher in meinen Pilzbeutel schneiden?&#8220; color=&#8220;black&#8220; size=&#8220;lg&#8220; open=&#8220;true&#8220; css=&#8220;&#8220;]Sie k\u00f6nnen damit warten, L\u00f6cher in den Beutel zu schneiden, bis das auf dem Etikett angegebene Verfallsdatum erreicht ist. Pilze wachsen 1-4 Wochen nachdem Sie L\u00f6cher geschnitten haben.[\/vc_toggle][vc_toggle title=&#8220;Wie viele Pilze enth\u00e4lt mein Pilzbeutel?&#8220; &#8230; <a title=\"F.A.Q.\" class=\"read-more\" href=\"https:\/\/xn--stershatte-zcb.dk\/de\/f-a-q\/\" aria-label=\"Read more about F.A.Q.\">Read more<\/a><\/p>\n","protected":false},"author":1,"featured_media":0,"parent":0,"menu_order":0,"comment_status":"closed","ping_status":"closed","template":"","meta":{"_acf_changed":false,"footnotes":""},"categories":[],"class_list":["post-2884","page","type-page","status-publish"],"acf":[],"yoast_head":"<!-- This site is optimized with the Yoast SEO plugin v27.5 - https:\/\/yoast.com\/product\/yoast-seo-wordpress\/ -->\n<title>F.A.Q. &#183; Skyttegaardens \u00d8stershatte ApS<\/title>\n<meta name=\"robots\" content=\"index, follow, max-snippet:-1, max-image-preview:large, max-video-preview:-1\" \/>\n<link rel=\"canonical\" href=\"https:\/\/xn--stershatte-zcb.dk\/de\/f-a-q\/\" \/>\n<meta property=\"og:locale\" content=\"de_DE\" \/>\n<meta property=\"og:type\" content=\"article\" \/>\n<meta property=\"og:title\" content=\"F.A.Q. &#183; Skyttegaardens \u00d8stershatte ApS\" \/>\n<meta property=\"og:description\" content=\"[vc_row full_width=&#8220;stretch_row&#8220;][vc_column][vc_row_inner][vc_column_inner offset=&#8220;vc_col-lg-8 vc_col-md-8 vc_col-xs-12&#8243;][vc_column_text] F.A.Q. H\u00e4ufig gestellte Fragen [\/vc_column_text][vc_toggle title=&#8220;Wann sollte ich L\u00f6cher in meinen Pilzbeutel schneiden?&#8220; color=&#8220;black&#8220; size=&#8220;lg&#8220; open=&#8220;true&#8220; css=&#8220;&#8220;]Sie k\u00f6nnen damit warten, L\u00f6cher in den Beutel zu schneiden, bis das auf dem Etikett angegebene Verfallsdatum erreicht ist. Pilze wachsen 1-4 Wochen nachdem Sie L\u00f6cher geschnitten haben.[\/vc_toggle][vc_toggle title=&#8220;Wie viele Pilze enth\u00e4lt mein Pilzbeutel?&#8220; ... Read more\" \/>\n<meta property=\"og:url\" content=\"https:\/\/xn--stershatte-zcb.dk\/de\/f-a-q\/\" \/>\n<meta property=\"og:site_name\" content=\"Skyttegaardens \u00d8stershatte ApS\" \/>\n<meta property=\"article:modified_time\" content=\"2026-05-13T11:43:52+00:00\" \/>\n<meta name=\"twitter:card\" content=\"summary_large_image\" \/>\n<meta name=\"twitter:label1\" content=\"Gesch\u00e4tzte Lesezeit\" \/>\n\t<meta name=\"twitter:data1\" content=\"2\u00a0Minuten\" \/>\n<script type=\"application\/ld+json\" class=\"yoast-schema-graph\">{\"@context\":\"https:\\\/\\\/schema.org\",\"@graph\":[{\"@type\":\"WebPage\",\"@id\":\"https:\\\/\\\/xn--stershatte-zcb.dk\\\/de\\\/f-a-q\\\/\",\"url\":\"https:\\\/\\\/xn--stershatte-zcb.dk\\\/de\\\/f-a-q\\\/\",\"name\":\"F.A.Q. &#183; Skyttegaardens \u00d8stershatte ApS\",\"isPartOf\":{\"@id\":\"https:\\\/\\\/xn--stershatte-zcb.dk\\\/de\\\/#website\"},\"datePublished\":\"2023-01-19T10:16:32+00:00\",\"dateModified\":\"2026-05-13T11:43:52+00:00\",\"breadcrumb\":{\"@id\":\"https:\\\/\\\/xn--stershatte-zcb.dk\\\/de\\\/f-a-q\\\/#breadcrumb\"},\"inLanguage\":\"de\",\"potentialAction\":[{\"@type\":\"ReadAction\",\"target\":[\"https:\\\/\\\/xn--stershatte-zcb.dk\\\/de\\\/f-a-q\\\/\"]}]},{\"@type\":\"BreadcrumbList\",\"@id\":\"https:\\\/\\\/xn--stershatte-zcb.dk\\\/de\\\/f-a-q\\\/#breadcrumb\",\"itemListElement\":[{\"@type\":\"ListItem\",\"position\":1,\"name\":\"Hjem\",\"item\":\"https:\\\/\\\/xn--stershatte-zcb.dk\\\/de\\\/\"},{\"@type\":\"ListItem\",\"position\":2,\"name\":\"F.A.Q.\"}]},{\"@type\":\"WebSite\",\"@id\":\"https:\\\/\\\/xn--stershatte-zcb.dk\\\/de\\\/#website\",\"url\":\"https:\\\/\\\/xn--stershatte-zcb.dk\\\/de\\\/\",\"name\":\"Skyttegaardens \u00d8stershatte ApS\",\"description\":\"Dyrk selv \u00f8kologiske svampe og \u00f8stershatte\",\"publisher\":{\"@id\":\"https:\\\/\\\/xn--stershatte-zcb.dk\\\/de\\\/#organization\"},\"potentialAction\":[{\"@type\":\"SearchAction\",\"target\":{\"@type\":\"EntryPoint\",\"urlTemplate\":\"https:\\\/\\\/xn--stershatte-zcb.dk\\\/de\\\/?s={search_term_string}\"},\"query-input\":{\"@type\":\"PropertyValueSpecification\",\"valueRequired\":true,\"valueName\":\"search_term_string\"}}],\"inLanguage\":\"de\"},{\"@type\":\"Organization\",\"@id\":\"https:\\\/\\\/xn--stershatte-zcb.dk\\\/de\\\/#organization\",\"name\":\"Skyttegaardens \u00d8stershatte ApS\",\"url\":\"https:\\\/\\\/xn--stershatte-zcb.dk\\\/de\\\/\",\"logo\":{\"@type\":\"ImageObject\",\"inLanguage\":\"de\",\"@id\":\"https:\\\/\\\/xn--stershatte-zcb.dk\\\/de\\\/#\\\/schema\\\/logo\\\/image\\\/\",\"url\":\"https:\\\/\\\/xn--stershatte-zcb.dk\\\/wp-content\\\/uploads\\\/2023\\\/01\\\/Logo-uden-Bagrund.png\",\"contentUrl\":\"https:\\\/\\\/xn--stershatte-zcb.dk\\\/wp-content\\\/uploads\\\/2023\\\/01\\\/Logo-uden-Bagrund.png\",\"width\":1238,\"height\":1210,\"caption\":\"Skyttegaardens \u00d8stershatte ApS\"},\"image\":{\"@id\":\"https:\\\/\\\/xn--stershatte-zcb.dk\\\/de\\\/#\\\/schema\\\/logo\\\/image\\\/\"}}]}<\/script>\n<!-- \/ Yoast SEO plugin. -->","yoast_head_json":{"title":"F.A.Q. &#183; Skyttegaardens \u00d8stershatte ApS","robots":{"index":"index","follow":"follow","max-snippet":"max-snippet:-1","max-image-preview":"max-image-preview:large","max-video-preview":"max-video-preview:-1"},"canonical":"https:\/\/xn--stershatte-zcb.dk\/de\/f-a-q\/","og_locale":"de_DE","og_type":"article","og_title":"F.A.Q. &#183; Skyttegaardens \u00d8stershatte ApS","og_description":"[vc_row full_width=&#8220;stretch_row&#8220;][vc_column][vc_row_inner][vc_column_inner offset=&#8220;vc_col-lg-8 vc_col-md-8 vc_col-xs-12&#8243;][vc_column_text] F.A.Q. H\u00e4ufig gestellte Fragen [\/vc_column_text][vc_toggle title=&#8220;Wann sollte ich L\u00f6cher in meinen Pilzbeutel schneiden?&#8220; color=&#8220;black&#8220; size=&#8220;lg&#8220; open=&#8220;true&#8220; css=&#8220;&#8220;]Sie k\u00f6nnen damit warten, L\u00f6cher in den Beutel zu schneiden, bis das auf dem Etikett angegebene Verfallsdatum erreicht ist. Pilze wachsen 1-4 Wochen nachdem Sie L\u00f6cher geschnitten haben.[\/vc_toggle][vc_toggle title=&#8220;Wie viele Pilze enth\u00e4lt mein Pilzbeutel?&#8220; ... Read more","og_url":"https:\/\/xn--stershatte-zcb.dk\/de\/f-a-q\/","og_site_name":"Skyttegaardens \u00d8stershatte ApS","article_modified_time":"2026-05-13T11:43:52+00:00","twitter_card":"summary_large_image","twitter_misc":{"Gesch\u00e4tzte Lesezeit":"2\u00a0Minuten"},"schema":{"@context":"https:\/\/schema.org","@graph":[{"@type":"WebPage","@id":"https:\/\/xn--stershatte-zcb.dk\/de\/f-a-q\/","url":"https:\/\/xn--stershatte-zcb.dk\/de\/f-a-q\/","name":"F.A.Q. &#183; Skyttegaardens \u00d8stershatte ApS","isPartOf":{"@id":"https:\/\/xn--stershatte-zcb.dk\/de\/#website"},"datePublished":"2023-01-19T10:16:32+00:00","dateModified":"2026-05-13T11:43:52+00:00","breadcrumb":{"@id":"https:\/\/xn--stershatte-zcb.dk\/de\/f-a-q\/#breadcrumb"},"inLanguage":"de","potentialAction":[{"@type":"ReadAction","target":["https:\/\/xn--stershatte-zcb.dk\/de\/f-a-q\/"]}]},{"@type":"BreadcrumbList","@id":"https:\/\/xn--stershatte-zcb.dk\/de\/f-a-q\/#breadcrumb","itemListElement":[{"@type":"ListItem","position":1,"name":"Hjem","item":"https:\/\/xn--stershatte-zcb.dk\/de\/"},{"@type":"ListItem","position":2,"name":"F.A.Q."}]},{"@type":"WebSite","@id":"https:\/\/xn--stershatte-zcb.dk\/de\/#website","url":"https:\/\/xn--stershatte-zcb.dk\/de\/","name":"Skyttegaardens \u00d8stershatte ApS","description":"Dyrk selv \u00f8kologiske svampe og \u00f8stershatte","publisher":{"@id":"https:\/\/xn--stershatte-zcb.dk\/de\/#organization"},"potentialAction":[{"@type":"SearchAction","target":{"@type":"EntryPoint","urlTemplate":"https:\/\/xn--stershatte-zcb.dk\/de\/?s={search_term_string}"},"query-input":{"@type":"PropertyValueSpecification","valueRequired":true,"valueName":"search_term_string"}}],"inLanguage":"de"},{"@type":"Organization","@id":"https:\/\/xn--stershatte-zcb.dk\/de\/#organization","name":"Skyttegaardens \u00d8stershatte ApS","url":"https:\/\/xn--stershatte-zcb.dk\/de\/","logo":{"@type":"ImageObject","inLanguage":"de","@id":"https:\/\/xn--stershatte-zcb.dk\/de\/#\/schema\/logo\/image\/","url":"https:\/\/xn--stershatte-zcb.dk\/wp-content\/uploads\/2023\/01\/Logo-uden-Bagrund.png","contentUrl":"https:\/\/xn--stershatte-zcb.dk\/wp-content\/uploads\/2023\/01\/Logo-uden-Bagrund.png","width":1238,"height":1210,"caption":"Skyttegaardens \u00d8stershatte ApS"},"image":{"@id":"https:\/\/xn--stershatte-zcb.dk\/de\/#\/schema\/logo\/image\/"}}]}},"_links":{"self":[{"href":"https:\/\/xn--stershatte-zcb.dk\/de\/wp-json\/wp\/v2\/pages\/2884","targetHints":{"allow":["GET"]}}],"collection":[{"href":"https:\/\/xn--stershatte-zcb.dk\/de\/wp-json\/wp\/v2\/pages"}],"about":[{"href":"https:\/\/xn--stershatte-zcb.dk\/de\/wp-json\/wp\/v2\/types\/page"}],"author":[{"embeddable":true,"href":"https:\/\/xn--stershatte-zcb.dk\/de\/wp-json\/wp\/v2\/users\/1"}],"replies":[{"embeddable":true,"href":"https:\/\/xn--stershatte-zcb.dk\/de\/wp-json\/wp\/v2\/comments?post=2884"}],"version-history":[{"count":7,"href":"https:\/\/xn--stershatte-zcb.dk\/de\/wp-json\/wp\/v2\/pages\/2884\/revisions"}],"predecessor-version":[{"id":7452,"href":"https:\/\/xn--stershatte-zcb.dk\/de\/wp-json\/wp\/v2\/pages\/2884\/revisions\/7452"}],"wp:attachment":[{"href":"https:\/\/xn--stershatte-zcb.dk\/de\/wp-json\/wp\/v2\/media?parent=2884"}],"wp:term":[{"taxonomy":"category","embeddable":true,"href":"https:\/\/xn--stershatte-zcb.dk\/de\/wp-json\/wp\/v2\/categories?post=2884"}],"curies":[{"name":"wp","href":"https:\/\/api.w.org\/{rel}","templated":true}]}}