{"id":2895,"date":"2023-02-22T07:01:19","date_gmt":"2023-02-22T06:01:19","guid":{"rendered":"https:\/\/xn--stershatte-zcb.dk\/product\/250-g-mycelium-oestershatte-graa-brun\/"},"modified":"2026-05-13T15:20:37","modified_gmt":"2026-05-13T13:20:37","slug":"mycelium-austernhut-grau-braun","status":"publish","type":"product","link":"https:\/\/xn--stershatte-zcb.dk\/de\/product\/mycelium-austernhut-grau-braun\/","title":{"rendered":"250 g. Mycel &#8211; Austernpilze grau\/braun Spoppo (sporenarm)"},"content":{"rendered":"<p>Sind Sie an der Zucht von Austernpilzen interessiert?<\/p>\n<p>Mit diesem extra gro\u00dfen Beutel mit Myzel k\u00f6nnen Sie Ihre eigenen Austernpilze von Grund auf z\u00fcchten. Sowohl f\u00fcr den Innen- als auch f\u00fcr den Au\u00dfenbereich geeignet. <\/p>\n<p>Austernpilze schmecken k\u00f6stlich und sind f\u00fcr ihre fleischige Textur bekannt. Er ist auch etwas fester als der \u00fcbliche Champignon und h\u00e4lt daher seine Form beim Kochen etwas besser. In der Natur w\u00e4chst er gerne auf toten oder absterbenden Laubb\u00e4umen. Mit diesem Myzel haben Sie die M\u00f6glichkeit, ihn selbst zu z\u00fcchten und diesen k\u00f6stlichen Speisepilz zu Hause zu genie\u00dfen.   <\/p>\n<p>Austernpilze schmecken hervorragend in Butter gebraten und auf Brot, zu Pilzrisotto und in Nudelgerichten.<\/p>\n<p>Austernpilze sollten in einem luftdichten Beh\u00e4lter im K\u00fchlschrank aufbewahrt werden und halten sich normalerweise 10-14 Tage. Sie k\u00f6nnen auch ged\u00fcnstet und eingefroren werden. <\/p>\n<p>M\u00f6chten Sie versuchen, Austernpilze zu z\u00fcchten? Sie k\u00f6nnen dies mit einer Vielzahl von Materialien tun. Wir haben Anleitungen f\u00fcr Kaffeesatz hier, Baumst\u00e4mme oder Baumst\u00fcmpfe hier und Stroh hier.  <\/p>\n<p>Sie k\u00f6nnen auch auf dieser Seite weiterlesen, wo wir die Zucht von Austernpilzen in Kaffeesatz beschreiben.<\/p>\n<p>Sind Sie \u00fcberw\u00e4ltigt davon, Pilze von Grund auf zu z\u00fcchten? Sehen Sie sich unsere Pilztasche an, in der wir die harte Arbeit erledigt haben! <\/p>\n<h2>WIE MAN AUSTERNPILZE IM KAFFEESATZ Z\u00dcCHTET<\/h2>\n<h3>ZUTATEN:<\/h3>\n<p>Ein sauberer Plastikeimer mit Deckel oder eine Plastikt\u00fcte. Ca. 2,0 &#8211; 2,5 Liter.<br \/>\nCa. 100 g Austernpilzmyzel. Im K\u00fchlschrank aufbewahren.<br \/>\nKaffeesatz, frisch und gek\u00fchlt.<br \/>\nEin L\u00f6ffel zum Umr\u00fchren der Mischung.<br \/>\nTipp! Wir haben die besten Ergebnisse mit Kaffeesatz aus Filterkaffee, Kolbenkanne oder \u00e4hnlichem erzielt. Kaffeesatz aus einer Espressomaschine kann sehr trocken sein.    <\/p>\n<h3>METHODE (MIT DER FERTIGEN MENGE KAFFEESATZ &#8211; GENUG, UM IHREN BEH\u00c4LTER ZU F\u00dcLLEN):<\/h3>\n<p>Schneiden Sie 2-4 runde L\u00f6cher mit einem Durchmesser von ca. 1,0 cm in den Beh\u00e4lter, je nach Gr\u00f6\u00dfe des Beh\u00e4lters. Desinfizieren Sie den Beh\u00e4lter und andere Werkzeuge mit kochendem Wasser. Wenn Sie einen Beutel verwenden, k\u00f6nnen Sie 1-2 cm lange Rillen schneiden und die Desinfektion \u00fcberspringen.<br \/>\nKleben Sie die L\u00f6cher mit atmungsaktivem Klebeband, wie z.B. Sportband oder Malerband, ab.<br \/>\nMischen Sie Kaffeesatz und Myzel gr\u00fcndlich im Beh\u00e4lter. Der Beutel\/Eimer sollte voll sein und der Inhalt sollte gut komprimiert sein. Legen Sie einen Deckel auf den Eimer oder verschlie\u00dfen Sie den Beutel oben fest.<br \/>\nNach 2-3 Wochen wird das Myzel den Kaffeesatz durchdrungen haben und nach weiteren 1-2 Wochen beginnen die ersten Pilze zu wachsen.<br \/>\nWenn die Pilze wachsen, ist es eine gute Idee, sie t\u00e4glich mit einem Zerst\u00e4uber zu bespr\u00fchen, da sie sonst austrocknen k\u00f6nnen.<br \/>\nVORGEHEN (MIT LAUFENDEM KAFFEEBODEN):<br \/>\nSchneiden Sie je nach Gr\u00f6\u00dfe des Beh\u00e4lters 2-4 runde L\u00f6cher von etwa 1,0 cm Durchmesser in den Beh\u00e4lter. Desinfizieren Sie den Beh\u00e4lter und andere Werkzeuge mit kochendem Wasser. Wenn Sie einen Beutel verwenden, k\u00f6nnen Sie 1-2 cm lange Rillen schneiden und die Desinfektion \u00fcberspringen.<br \/>\nKleben Sie die L\u00f6cher mit atmungsaktivem Klebeband (z.B. Sportband oder Malerband) ab.<br \/>\nMischen Sie die erste Schicht frischen und abgek\u00fchlten Kaffeesatzes mit Myzel &#8211; etwa einen Essl\u00f6ffel Myzel f\u00fcr einen halb gef\u00fcllten Kaffeefilter. Zerbr\u00f6seln Sie das Myzel mit den Fingern, wenn es zusammengewachsen ist. Denken Sie daran, dass Sie nur etwa 100 Gramm Mycel f\u00fcr 2 Liter Kaffeesatz ben\u00f6tigen.<br \/>\nR\u00fchren Sie die Mischung mit einem L\u00f6ffel um und verschlie\u00dfen Sie den Beh\u00e4lter.<br \/>\nWarten Sie, bis das Mycel w\u00e4chst und die Mischung wei\u00df und flauschig wird, und f\u00fcgen Sie dann mehr Kaffeesatz und Mycel hinzu. Mischen Sie die neue Mischung nicht mit der alten Mischung, sondern geben Sie sie einfach obenauf, wenn Sie die neue Mischung hinzuf\u00fcgen. Die Mischung wird sich kontinuierlich vermischen.<br \/>\nFahren Sie mit diesem Vorgang fort, bis der Eimer oder der Beutel voll ist.<br \/>\nSetzen Sie den Deckel auf den Eimer oder verschlie\u00dfen Sie den Beutel oben fest und entfernen Sie jegliches Klebeband von den L\u00f6chern, damit die Pilze leicht herauskommen k\u00f6nnen<br \/>\nNach 1-2 Wochen werden die Pilze anfangen zu wachsen.          <\/p>\n<h3>Mycelium LIFE:<\/h3>\n<p>Die Pilze werden in &#8222;Erbrochenem&#8220; geliefert. Wie viel Erbrochenes Sie erhalten, h\u00e4ngt vom N\u00e4hrstoffgehalt des Kaffeesatzes und der Gr\u00f6\u00dfe des Beh\u00e4lters ab. <\/p>\n<p>Luftfeuchtigkeit. Austernpilze m\u00f6gen eine relativ hohe Luftfeuchtigkeit. Sie k\u00f6nnen mit einem Zerst\u00e4uber kontinuierlich Wasser um die Pilze herum spr\u00fchen, am besten t\u00e4glich. Dies hilft, sie vor dem Austrocknen zu bewahren. Wenn die Pilze anfangen, d\u00fcnn zu werden und sich zu &#8217;strecken&#8216;, bedeutet dies, dass sie trocken sind. Wenn m\u00f6glich, k\u00f6nnen Sie den Beuteleimer in ein gr\u00f6\u00dferes Gef\u00e4\u00df mit einer nassen Zeitung oder \u00c4hnlichem am Boden stellen.     <\/p>\n<p>Temperatur. Pilze wachsen am besten bei etwa 18 Grad. Sie sterben nicht bei h\u00f6heren oder niedrigeren Temperaturen, sondern halten gerne Winterschlaf.  <\/p>\n<p>Reifegrad. Pilze sind reif und bereit zum Pfl\u00fccken, wenn sie an den R\u00e4ndern hell und &#8222;scharf&#8220; werden. Wenn sich die R\u00e4nder nach oben biegen, bedeutet dies in der Regel auch, dass sie zum Pfl\u00fccken bereit sind.  <\/p>\n<p>Haben Sie Geduld. Je nach Temperatur und Luftfeuchtigkeit gibt der Eimer\/Beutel 1-3 Mal Schw\u00e4mme ab. Zwischen jedem &#8222;Ausbruch&#8220; macht er eine Pause, also haben Sie Geduld.  <\/p>\n<p>Tipp. Sie k\u00f6nnen die Mischung nach dem Sauerteigprinzip &#8218;f\u00fcttern&#8216; &#8211; schneiden Sie einen Teil der Kultur ab und f\u00fcttern Sie sie in einem neuen Beh\u00e4lter mit Kaffeesatz weiter. <\/p>\n<p>Extra-Tipp! Sie k\u00f6nnen versuchen, Ihre Austernpilzkultur mit einem Temperaturschock zu behandeln, wenn keine Pilze erscheinen. Legen Sie sie f\u00fcr ein oder zwei Tage in den K\u00fchlschrank &#8211; das kann die Mischung in Gang bringen.  <\/p>\n<p>Wir lieben es, Pilze zu z\u00fcchten und wir verfolgen gerne Ihre Projekte zu Hause. Wenn Sie Ihre Projekte mit uns teilen m\u00f6chten, k\u00f6nnen Sie der Facebook-Gruppe Mushroom Growers Community beitreten. Sie k\u00f6nnen uns auch gerne kontaktieren, wenn Sie irgendwelche Fragen haben.  <\/p>\n","protected":false},"excerpt":{"rendered":"<p>Dieser Beutel mit frischem Austernpilzmyzel enth\u00e4lt 250 Gramm und kann f\u00fcr bis zu 10 Liter N\u00e4hrboden verwendet werden.<\/p>\n<p>Der grau\/braune Austernpilz ist der klassische Austernpilz, den Sie vielleicht aus dem Supermarkt kennen. Der Austernpilz ist ein idealer Speisepilz, der in vielen verschiedenen Gerichten verwendet werden kann. <\/p>\n<p>Mit dem Austernpilzmyzel k\u00f6nnen Sie Ihre eigenen Austernpilze von Grund auf z\u00fcchten. Sie k\u00f6nnen zum Beispiel versuchen, Austernpilze in Kaffeesatz zu z\u00fcchten.  <\/p>\n","protected":false},"featured_media":2768,"template":"","meta":{"_acf_changed":false},"product_brand":[],"product_cat":[105,102],"product_tag":[],"class_list":{"0":"post-2895","1":"product","2":"type-product","3":"status-publish","4":"has-post-thumbnail","6":"product_cat-austernhuete","7":"product_cat-mmzel","8":"sales-flash-overlay","9":"woocommerce-text-align-left","10":"woocommerce-image-align-left","12":"first","13":"instock","14":"taxable","15":"shipping-taxable","16":"purchasable","17":"product-type-simple"},"acf":[],"yoast_head":"<!-- This site is optimized with the Yoast SEO plugin v27.5 - https:\/\/yoast.com\/product\/yoast-seo-wordpress\/ -->\n<title>250 g. Mycel - Austernpilze grau\/braun Spoppo (sporenarm) &#183; Skyttegaardens \u00d8stershatte ApS<\/title>\n<meta name=\"description\" content=\"Dieser Beutel mit frischem Austernpilzmyzel enth\u00e4lt 250g und kann f\u00fcr bis zu 10 Liter Kultursubstrat verwendet werden - Jetzt bestellen\" \/>\n<meta name=\"robots\" content=\"index, follow, max-snippet:-1, max-image-preview:large, max-video-preview:-1\" \/>\n<link rel=\"canonical\" href=\"https:\/\/xn--stershatte-zcb.dk\/de\/product\/mycelium-austernhut-grau-braun\/\" \/>\n<meta property=\"og:locale\" content=\"de_DE\" \/>\n<meta property=\"og:type\" content=\"article\" \/>\n<meta property=\"og:title\" content=\"250 g. Mycel - Austernpilze grau\/braun Spoppo (sporenarm) &#183; Skyttegaardens \u00d8stershatte ApS\" \/>\n<meta property=\"og:description\" content=\"Dieser Beutel mit frischem Austernpilzmyzel enth\u00e4lt 250g und kann f\u00fcr bis zu 10 Liter Kultursubstrat verwendet werden - Jetzt bestellen\" \/>\n<meta property=\"og:url\" content=\"https:\/\/xn--stershatte-zcb.dk\/de\/product\/mycelium-austernhut-grau-braun\/\" \/>\n<meta property=\"og:site_name\" content=\"Skyttegaardens \u00d8stershatte ApS\" \/>\n<meta property=\"article:modified_time\" content=\"2026-05-13T13:20:37+00:00\" \/>\n<meta property=\"og:image\" content=\"https:\/\/xn--stershatte-zcb.dk\/wp-content\/uploads\/2023\/02\/Thumb-GR_BRUN-mycelium.png\" \/>\n\t<meta property=\"og:image:width\" content=\"700\" \/>\n\t<meta property=\"og:image:height\" content=\"700\" \/>\n\t<meta property=\"og:image:type\" content=\"image\/png\" \/>\n<meta name=\"twitter:card\" content=\"summary_large_image\" \/>\n<meta name=\"twitter:label1\" content=\"Gesch\u00e4tzte Lesezeit\" \/>\n\t<meta name=\"twitter:data1\" content=\"5\u00a0Minuten\" \/>\n<script type=\"application\/ld+json\" class=\"yoast-schema-graph\">{\"@context\":\"https:\\\/\\\/schema.org\",\"@graph\":[{\"@type\":\"WebPage\",\"@id\":\"https:\\\/\\\/xn--stershatte-zcb.dk\\\/de\\\/product\\\/mycelium-austernhut-grau-braun\\\/\",\"url\":\"https:\\\/\\\/xn--stershatte-zcb.dk\\\/de\\\/product\\\/mycelium-austernhut-grau-braun\\\/\",\"name\":\"250 g. Mycel - Austernpilze grau\\\/braun Spoppo (sporenarm) &#183; Skyttegaardens \u00d8stershatte ApS\",\"isPartOf\":{\"@id\":\"https:\\\/\\\/xn--stershatte-zcb.dk\\\/de\\\/#website\"},\"primaryImageOfPage\":{\"@id\":\"https:\\\/\\\/xn--stershatte-zcb.dk\\\/de\\\/product\\\/mycelium-austernhut-grau-braun\\\/#primaryimage\"},\"image\":{\"@id\":\"https:\\\/\\\/xn--stershatte-zcb.dk\\\/de\\\/product\\\/mycelium-austernhut-grau-braun\\\/#primaryimage\"},\"thumbnailUrl\":\"https:\\\/\\\/xn--stershatte-zcb.dk\\\/wp-content\\\/uploads\\\/2023\\\/02\\\/Thumb-GR_BRUN-mycelium.png\",\"datePublished\":\"2023-02-22T06:01:19+00:00\",\"dateModified\":\"2026-05-13T13:20:37+00:00\",\"description\":\"Dieser Beutel mit frischem Austernpilzmyzel enth\u00e4lt 250g und kann f\u00fcr bis zu 10 Liter Kultursubstrat verwendet werden - Jetzt bestellen\",\"breadcrumb\":{\"@id\":\"https:\\\/\\\/xn--stershatte-zcb.dk\\\/de\\\/product\\\/mycelium-austernhut-grau-braun\\\/#breadcrumb\"},\"inLanguage\":\"de\",\"potentialAction\":[{\"@type\":\"ReadAction\",\"target\":[\"https:\\\/\\\/xn--stershatte-zcb.dk\\\/de\\\/product\\\/mycelium-austernhut-grau-braun\\\/\"]}]},{\"@type\":\"ImageObject\",\"inLanguage\":\"de\",\"@id\":\"https:\\\/\\\/xn--stershatte-zcb.dk\\\/de\\\/product\\\/mycelium-austernhut-grau-braun\\\/#primaryimage\",\"url\":\"https:\\\/\\\/xn--stershatte-zcb.dk\\\/wp-content\\\/uploads\\\/2023\\\/02\\\/Thumb-GR_BRUN-mycelium.png\",\"contentUrl\":\"https:\\\/\\\/xn--stershatte-zcb.dk\\\/wp-content\\\/uploads\\\/2023\\\/02\\\/Thumb-GR_BRUN-mycelium.png\",\"width\":700,\"height\":700,\"caption\":\"Brauner Myzelpilz\"},{\"@type\":\"BreadcrumbList\",\"@id\":\"https:\\\/\\\/xn--stershatte-zcb.dk\\\/de\\\/product\\\/mycelium-austernhut-grau-braun\\\/#breadcrumb\",\"itemListElement\":[{\"@type\":\"ListItem\",\"position\":1,\"name\":\"Hjem\",\"item\":\"https:\\\/\\\/xn--stershatte-zcb.dk\\\/de\\\/\"},{\"@type\":\"ListItem\",\"position\":2,\"name\":\"Der Pilzladen\",\"item\":\"https:\\\/\\\/xn--stershatte-zcb.dk\\\/de\\\/der-pilzladen\\\/\"},{\"@type\":\"ListItem\",\"position\":3,\"name\":\"250 g. Mycel &#8211; Austernpilze grau\\\/braun Spoppo (sporenarm)\"}]},{\"@type\":\"WebSite\",\"@id\":\"https:\\\/\\\/xn--stershatte-zcb.dk\\\/de\\\/#website\",\"url\":\"https:\\\/\\\/xn--stershatte-zcb.dk\\\/de\\\/\",\"name\":\"Skyttegaardens \u00d8stershatte ApS\",\"description\":\"Dyrk selv \u00f8kologiske svampe og \u00f8stershatte\",\"publisher\":{\"@id\":\"https:\\\/\\\/xn--stershatte-zcb.dk\\\/de\\\/#organization\"},\"potentialAction\":[{\"@type\":\"SearchAction\",\"target\":{\"@type\":\"EntryPoint\",\"urlTemplate\":\"https:\\\/\\\/xn--stershatte-zcb.dk\\\/de\\\/?s={search_term_string}\"},\"query-input\":{\"@type\":\"PropertyValueSpecification\",\"valueRequired\":true,\"valueName\":\"search_term_string\"}}],\"inLanguage\":\"de\"},{\"@type\":\"Organization\",\"@id\":\"https:\\\/\\\/xn--stershatte-zcb.dk\\\/de\\\/#organization\",\"name\":\"Skyttegaardens \u00d8stershatte ApS\",\"url\":\"https:\\\/\\\/xn--stershatte-zcb.dk\\\/de\\\/\",\"logo\":{\"@type\":\"ImageObject\",\"inLanguage\":\"de\",\"@id\":\"https:\\\/\\\/xn--stershatte-zcb.dk\\\/de\\\/#\\\/schema\\\/logo\\\/image\\\/\",\"url\":\"https:\\\/\\\/xn--stershatte-zcb.dk\\\/wp-content\\\/uploads\\\/2023\\\/01\\\/Logo-uden-Bagrund.png\",\"contentUrl\":\"https:\\\/\\\/xn--stershatte-zcb.dk\\\/wp-content\\\/uploads\\\/2023\\\/01\\\/Logo-uden-Bagrund.png\",\"width\":1238,\"height\":1210,\"caption\":\"Skyttegaardens \u00d8stershatte ApS\"},\"image\":{\"@id\":\"https:\\\/\\\/xn--stershatte-zcb.dk\\\/de\\\/#\\\/schema\\\/logo\\\/image\\\/\"}}]}<\/script>\n<!-- \/ Yoast SEO plugin. -->","yoast_head_json":{"title":"250 g. Mycel - Austernpilze grau\/braun Spoppo (sporenarm) &#183; Skyttegaardens \u00d8stershatte ApS","description":"Dieser Beutel mit frischem Austernpilzmyzel enth\u00e4lt 250g und kann f\u00fcr bis zu 10 Liter Kultursubstrat verwendet werden - Jetzt bestellen","robots":{"index":"index","follow":"follow","max-snippet":"max-snippet:-1","max-image-preview":"max-image-preview:large","max-video-preview":"max-video-preview:-1"},"canonical":"https:\/\/xn--stershatte-zcb.dk\/de\/product\/mycelium-austernhut-grau-braun\/","og_locale":"de_DE","og_type":"article","og_title":"250 g. Mycel - Austernpilze grau\/braun Spoppo (sporenarm) &#183; Skyttegaardens \u00d8stershatte ApS","og_description":"Dieser Beutel mit frischem Austernpilzmyzel enth\u00e4lt 250g und kann f\u00fcr bis zu 10 Liter Kultursubstrat verwendet werden - Jetzt bestellen","og_url":"https:\/\/xn--stershatte-zcb.dk\/de\/product\/mycelium-austernhut-grau-braun\/","og_site_name":"Skyttegaardens \u00d8stershatte ApS","article_modified_time":"2026-05-13T13:20:37+00:00","og_image":[{"width":700,"height":700,"url":"https:\/\/xn--stershatte-zcb.dk\/wp-content\/uploads\/2023\/02\/Thumb-GR_BRUN-mycelium.png","type":"image\/png"}],"twitter_card":"summary_large_image","twitter_misc":{"Gesch\u00e4tzte Lesezeit":"5\u00a0Minuten"},"schema":{"@context":"https:\/\/schema.org","@graph":[{"@type":"WebPage","@id":"https:\/\/xn--stershatte-zcb.dk\/de\/product\/mycelium-austernhut-grau-braun\/","url":"https:\/\/xn--stershatte-zcb.dk\/de\/product\/mycelium-austernhut-grau-braun\/","name":"250 g. Mycel - Austernpilze grau\/braun Spoppo (sporenarm) &#183; Skyttegaardens \u00d8stershatte ApS","isPartOf":{"@id":"https:\/\/xn--stershatte-zcb.dk\/de\/#website"},"primaryImageOfPage":{"@id":"https:\/\/xn--stershatte-zcb.dk\/de\/product\/mycelium-austernhut-grau-braun\/#primaryimage"},"image":{"@id":"https:\/\/xn--stershatte-zcb.dk\/de\/product\/mycelium-austernhut-grau-braun\/#primaryimage"},"thumbnailUrl":"https:\/\/xn--stershatte-zcb.dk\/wp-content\/uploads\/2023\/02\/Thumb-GR_BRUN-mycelium.png","datePublished":"2023-02-22T06:01:19+00:00","dateModified":"2026-05-13T13:20:37+00:00","description":"Dieser Beutel mit frischem Austernpilzmyzel enth\u00e4lt 250g und kann f\u00fcr bis zu 10 Liter Kultursubstrat verwendet werden - Jetzt bestellen","breadcrumb":{"@id":"https:\/\/xn--stershatte-zcb.dk\/de\/product\/mycelium-austernhut-grau-braun\/#breadcrumb"},"inLanguage":"de","potentialAction":[{"@type":"ReadAction","target":["https:\/\/xn--stershatte-zcb.dk\/de\/product\/mycelium-austernhut-grau-braun\/"]}]},{"@type":"ImageObject","inLanguage":"de","@id":"https:\/\/xn--stershatte-zcb.dk\/de\/product\/mycelium-austernhut-grau-braun\/#primaryimage","url":"https:\/\/xn--stershatte-zcb.dk\/wp-content\/uploads\/2023\/02\/Thumb-GR_BRUN-mycelium.png","contentUrl":"https:\/\/xn--stershatte-zcb.dk\/wp-content\/uploads\/2023\/02\/Thumb-GR_BRUN-mycelium.png","width":700,"height":700,"caption":"Brauner Myzelpilz"},{"@type":"BreadcrumbList","@id":"https:\/\/xn--stershatte-zcb.dk\/de\/product\/mycelium-austernhut-grau-braun\/#breadcrumb","itemListElement":[{"@type":"ListItem","position":1,"name":"Hjem","item":"https:\/\/xn--stershatte-zcb.dk\/de\/"},{"@type":"ListItem","position":2,"name":"Der Pilzladen","item":"https:\/\/xn--stershatte-zcb.dk\/de\/der-pilzladen\/"},{"@type":"ListItem","position":3,"name":"250 g. Mycel &#8211; Austernpilze grau\/braun Spoppo (sporenarm)"}]},{"@type":"WebSite","@id":"https:\/\/xn--stershatte-zcb.dk\/de\/#website","url":"https:\/\/xn--stershatte-zcb.dk\/de\/","name":"Skyttegaardens \u00d8stershatte ApS","description":"Dyrk selv \u00f8kologiske svampe og \u00f8stershatte","publisher":{"@id":"https:\/\/xn--stershatte-zcb.dk\/de\/#organization"},"potentialAction":[{"@type":"SearchAction","target":{"@type":"EntryPoint","urlTemplate":"https:\/\/xn--stershatte-zcb.dk\/de\/?s={search_term_string}"},"query-input":{"@type":"PropertyValueSpecification","valueRequired":true,"valueName":"search_term_string"}}],"inLanguage":"de"},{"@type":"Organization","@id":"https:\/\/xn--stershatte-zcb.dk\/de\/#organization","name":"Skyttegaardens \u00d8stershatte ApS","url":"https:\/\/xn--stershatte-zcb.dk\/de\/","logo":{"@type":"ImageObject","inLanguage":"de","@id":"https:\/\/xn--stershatte-zcb.dk\/de\/#\/schema\/logo\/image\/","url":"https:\/\/xn--stershatte-zcb.dk\/wp-content\/uploads\/2023\/01\/Logo-uden-Bagrund.png","contentUrl":"https:\/\/xn--stershatte-zcb.dk\/wp-content\/uploads\/2023\/01\/Logo-uden-Bagrund.png","width":1238,"height":1210,"caption":"Skyttegaardens \u00d8stershatte ApS"},"image":{"@id":"https:\/\/xn--stershatte-zcb.dk\/de\/#\/schema\/logo\/image\/"}}]}},"_links":{"self":[{"href":"https:\/\/xn--stershatte-zcb.dk\/de\/wp-json\/wp\/v2\/product\/2895","targetHints":{"allow":["GET"]}}],"collection":[{"href":"https:\/\/xn--stershatte-zcb.dk\/de\/wp-json\/wp\/v2\/product"}],"about":[{"href":"https:\/\/xn--stershatte-zcb.dk\/de\/wp-json\/wp\/v2\/types\/product"}],"wp:featuredmedia":[{"embeddable":true,"href":"https:\/\/xn--stershatte-zcb.dk\/de\/wp-json\/wp\/v2\/media\/2768"}],"wp:attachment":[{"href":"https:\/\/xn--stershatte-zcb.dk\/de\/wp-json\/wp\/v2\/media?parent=2895"}],"wp:term":[{"taxonomy":"product_brand","embeddable":true,"href":"https:\/\/xn--stershatte-zcb.dk\/de\/wp-json\/wp\/v2\/product_brand?post=2895"},{"taxonomy":"product_cat","embeddable":true,"href":"https:\/\/xn--stershatte-zcb.dk\/de\/wp-json\/wp\/v2\/product_cat?post=2895"},{"taxonomy":"product_tag","embeddable":true,"href":"https:\/\/xn--stershatte-zcb.dk\/de\/wp-json\/wp\/v2\/product_tag?post=2895"}],"curies":[{"name":"wp","href":"https:\/\/api.w.org\/{rel}","templated":true}]}}