{"id":2898,"date":"2023-01-24T08:11:13","date_gmt":"2023-01-24T07:11:13","guid":{"rendered":"https:\/\/xn--stershatte-zcb.dk\/product\/250-g-mycelium-shiitake\/"},"modified":"2026-05-13T15:15:47","modified_gmt":"2026-05-13T13:15:47","slug":"250-g-mycelium-shiitake","status":"publish","type":"product","link":"https:\/\/xn--stershatte-zcb.dk\/de\/product\/250-g-mycelium-shiitake\/","title":{"rendered":"ANGEBOT 250 g. Mycelium &#8211; Shiitake-Mycelium"},"content":{"rendered":"<p>Mit diesem Beutel Shiitake-Myzel k\u00f6nnen Sie Ihre eigenen Shiitake-Pilze von Grund auf z\u00fcchten.<\/p>\n<p>Es macht Spa\u00df, zu Hause mit Pilzen zu experimentieren, und in Baumst\u00fcmpfen kann dieses Shiitake-Myzel Ihnen mehrere Jahre hintereinander Pilze liefern.<\/p>\n","protected":false},"excerpt":{"rendered":"<p>Mit diesem Beutel Shiitake-Myzel k\u00f6nnen Sie Ihre eigenen Shiitake-Pilze von Grund auf z\u00fcchten.<\/p>\n<p>Es macht Spa\u00df, zu Hause mit Pilzen zu experimentieren, und in Baumst\u00fcmpfen kann dieses Shiitake-Myzel Ihnen mehrere Jahre hintereinander Pilze liefern.<\/p>\n","protected":false},"featured_media":2763,"template":"","meta":{"_acf_changed":false},"product_brand":[],"product_cat":[102,107],"product_tag":[],"class_list":{"0":"post-2898","1":"product","2":"type-product","3":"status-publish","4":"has-post-thumbnail","6":"product_cat-mmzel","7":"product_cat-shiitake","8":"sales-flash-overlay","9":"woocommerce-text-align-left","10":"woocommerce-image-align-left","12":"first","13":"instock","14":"taxable","15":"shipping-taxable","16":"purchasable","17":"product-type-simple"},"acf":[],"yoast_head":"<!-- This site is optimized with the Yoast SEO plugin v27.5 - https:\/\/yoast.com\/product\/yoast-seo-wordpress\/ -->\n<title>ANGEBOT 250 g. Mycelium - Shiitake-Mycelium &#183; Skyttegaardens \u00d8stershatte ApS<\/title>\n<meta name=\"robots\" content=\"index, follow, max-snippet:-1, max-image-preview:large, max-video-preview:-1\" \/>\n<link rel=\"canonical\" href=\"https:\/\/xn--stershatte-zcb.dk\/de\/product\/250-g-mycelium-shiitake\/\" \/>\n<meta property=\"og:locale\" content=\"de_DE\" \/>\n<meta property=\"og:type\" content=\"article\" \/>\n<meta property=\"og:title\" content=\"ANGEBOT 250 g. Mycelium - Shiitake-Mycelium &#183; Skyttegaardens \u00d8stershatte ApS\" \/>\n<meta property=\"og:description\" content=\"Mit diesem Beutel Shiitake-Myzel k\u00f6nnen Sie Ihre eigenen Shiitake-Pilze von Grund auf z\u00fcchten. Es macht Spa\u00df, zu Hause mit Pilzen zu experimentieren, und in Baumst\u00fcmpfen kann dieses Shiitake-Myzel Ihnen mehrere Jahre hintereinander Pilze liefern.\" \/>\n<meta property=\"og:url\" content=\"https:\/\/xn--stershatte-zcb.dk\/de\/product\/250-g-mycelium-shiitake\/\" \/>\n<meta property=\"og:site_name\" content=\"Skyttegaardens \u00d8stershatte ApS\" \/>\n<meta property=\"article:modified_time\" content=\"2026-05-13T13:15:47+00:00\" \/>\n<meta property=\"og:image\" content=\"https:\/\/xn--stershatte-zcb.dk\/wp-content\/uploads\/2023\/01\/Shiitake-1.png\" \/>\n\t<meta property=\"og:image:width\" content=\"447\" \/>\n\t<meta property=\"og:image:height\" content=\"335\" \/>\n\t<meta property=\"og:image:type\" content=\"image\/png\" \/>\n<meta name=\"twitter:card\" content=\"summary_large_image\" \/>\n<script type=\"application\/ld+json\" class=\"yoast-schema-graph\">{\"@context\":\"https:\\\/\\\/schema.org\",\"@graph\":[{\"@type\":\"WebPage\",\"@id\":\"https:\\\/\\\/xn--stershatte-zcb.dk\\\/de\\\/product\\\/250-g-mycelium-shiitake\\\/\",\"url\":\"https:\\\/\\\/xn--stershatte-zcb.dk\\\/de\\\/product\\\/250-g-mycelium-shiitake\\\/\",\"name\":\"ANGEBOT 250 g. Mycelium - Shiitake-Mycelium &#183; Skyttegaardens \u00d8stershatte ApS\",\"isPartOf\":{\"@id\":\"https:\\\/\\\/xn--stershatte-zcb.dk\\\/de\\\/#website\"},\"primaryImageOfPage\":{\"@id\":\"https:\\\/\\\/xn--stershatte-zcb.dk\\\/de\\\/product\\\/250-g-mycelium-shiitake\\\/#primaryimage\"},\"image\":{\"@id\":\"https:\\\/\\\/xn--stershatte-zcb.dk\\\/de\\\/product\\\/250-g-mycelium-shiitake\\\/#primaryimage\"},\"thumbnailUrl\":\"https:\\\/\\\/xn--stershatte-zcb.dk\\\/wp-content\\\/uploads\\\/2023\\\/01\\\/Shiitake-1.png\",\"datePublished\":\"2023-01-24T07:11:13+00:00\",\"dateModified\":\"2026-05-13T13:15:47+00:00\",\"breadcrumb\":{\"@id\":\"https:\\\/\\\/xn--stershatte-zcb.dk\\\/de\\\/product\\\/250-g-mycelium-shiitake\\\/#breadcrumb\"},\"inLanguage\":\"de\",\"potentialAction\":[{\"@type\":\"ReadAction\",\"target\":[\"https:\\\/\\\/xn--stershatte-zcb.dk\\\/de\\\/product\\\/250-g-mycelium-shiitake\\\/\"]}]},{\"@type\":\"ImageObject\",\"inLanguage\":\"de\",\"@id\":\"https:\\\/\\\/xn--stershatte-zcb.dk\\\/de\\\/product\\\/250-g-mycelium-shiitake\\\/#primaryimage\",\"url\":\"https:\\\/\\\/xn--stershatte-zcb.dk\\\/wp-content\\\/uploads\\\/2023\\\/01\\\/Shiitake-1.png\",\"contentUrl\":\"https:\\\/\\\/xn--stershatte-zcb.dk\\\/wp-content\\\/uploads\\\/2023\\\/01\\\/Shiitake-1.png\",\"width\":447,\"height\":335,\"caption\":\"Blanchierte Bio-Pilze auf dem Tisch\"},{\"@type\":\"BreadcrumbList\",\"@id\":\"https:\\\/\\\/xn--stershatte-zcb.dk\\\/de\\\/product\\\/250-g-mycelium-shiitake\\\/#breadcrumb\",\"itemListElement\":[{\"@type\":\"ListItem\",\"position\":1,\"name\":\"Hjem\",\"item\":\"https:\\\/\\\/xn--stershatte-zcb.dk\\\/de\\\/\"},{\"@type\":\"ListItem\",\"position\":2,\"name\":\"Der Pilzladen\",\"item\":\"https:\\\/\\\/xn--stershatte-zcb.dk\\\/de\\\/der-pilzladen\\\/\"},{\"@type\":\"ListItem\",\"position\":3,\"name\":\"ANGEBOT 250 g. Mycelium &#8211; Shiitake-Mycelium\"}]},{\"@type\":\"WebSite\",\"@id\":\"https:\\\/\\\/xn--stershatte-zcb.dk\\\/de\\\/#website\",\"url\":\"https:\\\/\\\/xn--stershatte-zcb.dk\\\/de\\\/\",\"name\":\"Skyttegaardens \u00d8stershatte ApS\",\"description\":\"Dyrk selv \u00f8kologiske svampe og \u00f8stershatte\",\"publisher\":{\"@id\":\"https:\\\/\\\/xn--stershatte-zcb.dk\\\/de\\\/#organization\"},\"potentialAction\":[{\"@type\":\"SearchAction\",\"target\":{\"@type\":\"EntryPoint\",\"urlTemplate\":\"https:\\\/\\\/xn--stershatte-zcb.dk\\\/de\\\/?s={search_term_string}\"},\"query-input\":{\"@type\":\"PropertyValueSpecification\",\"valueRequired\":true,\"valueName\":\"search_term_string\"}}],\"inLanguage\":\"de\"},{\"@type\":\"Organization\",\"@id\":\"https:\\\/\\\/xn--stershatte-zcb.dk\\\/de\\\/#organization\",\"name\":\"Skyttegaardens \u00d8stershatte ApS\",\"url\":\"https:\\\/\\\/xn--stershatte-zcb.dk\\\/de\\\/\",\"logo\":{\"@type\":\"ImageObject\",\"inLanguage\":\"de\",\"@id\":\"https:\\\/\\\/xn--stershatte-zcb.dk\\\/de\\\/#\\\/schema\\\/logo\\\/image\\\/\",\"url\":\"https:\\\/\\\/xn--stershatte-zcb.dk\\\/wp-content\\\/uploads\\\/2023\\\/01\\\/Logo-uden-Bagrund.png\",\"contentUrl\":\"https:\\\/\\\/xn--stershatte-zcb.dk\\\/wp-content\\\/uploads\\\/2023\\\/01\\\/Logo-uden-Bagrund.png\",\"width\":1238,\"height\":1210,\"caption\":\"Skyttegaardens \u00d8stershatte ApS\"},\"image\":{\"@id\":\"https:\\\/\\\/xn--stershatte-zcb.dk\\\/de\\\/#\\\/schema\\\/logo\\\/image\\\/\"}}]}<\/script>\n<!-- \/ Yoast SEO plugin. -->","yoast_head_json":{"title":"ANGEBOT 250 g. Mycelium - Shiitake-Mycelium &#183; Skyttegaardens \u00d8stershatte ApS","robots":{"index":"index","follow":"follow","max-snippet":"max-snippet:-1","max-image-preview":"max-image-preview:large","max-video-preview":"max-video-preview:-1"},"canonical":"https:\/\/xn--stershatte-zcb.dk\/de\/product\/250-g-mycelium-shiitake\/","og_locale":"de_DE","og_type":"article","og_title":"ANGEBOT 250 g. Mycelium - Shiitake-Mycelium &#183; Skyttegaardens \u00d8stershatte ApS","og_description":"Mit diesem Beutel Shiitake-Myzel k\u00f6nnen Sie Ihre eigenen Shiitake-Pilze von Grund auf z\u00fcchten. Es macht Spa\u00df, zu Hause mit Pilzen zu experimentieren, und in Baumst\u00fcmpfen kann dieses Shiitake-Myzel Ihnen mehrere Jahre hintereinander Pilze liefern.","og_url":"https:\/\/xn--stershatte-zcb.dk\/de\/product\/250-g-mycelium-shiitake\/","og_site_name":"Skyttegaardens \u00d8stershatte ApS","article_modified_time":"2026-05-13T13:15:47+00:00","og_image":[{"width":447,"height":335,"url":"https:\/\/xn--stershatte-zcb.dk\/wp-content\/uploads\/2023\/01\/Shiitake-1.png","type":"image\/png"}],"twitter_card":"summary_large_image","schema":{"@context":"https:\/\/schema.org","@graph":[{"@type":"WebPage","@id":"https:\/\/xn--stershatte-zcb.dk\/de\/product\/250-g-mycelium-shiitake\/","url":"https:\/\/xn--stershatte-zcb.dk\/de\/product\/250-g-mycelium-shiitake\/","name":"ANGEBOT 250 g. Mycelium - Shiitake-Mycelium &#183; Skyttegaardens \u00d8stershatte ApS","isPartOf":{"@id":"https:\/\/xn--stershatte-zcb.dk\/de\/#website"},"primaryImageOfPage":{"@id":"https:\/\/xn--stershatte-zcb.dk\/de\/product\/250-g-mycelium-shiitake\/#primaryimage"},"image":{"@id":"https:\/\/xn--stershatte-zcb.dk\/de\/product\/250-g-mycelium-shiitake\/#primaryimage"},"thumbnailUrl":"https:\/\/xn--stershatte-zcb.dk\/wp-content\/uploads\/2023\/01\/Shiitake-1.png","datePublished":"2023-01-24T07:11:13+00:00","dateModified":"2026-05-13T13:15:47+00:00","breadcrumb":{"@id":"https:\/\/xn--stershatte-zcb.dk\/de\/product\/250-g-mycelium-shiitake\/#breadcrumb"},"inLanguage":"de","potentialAction":[{"@type":"ReadAction","target":["https:\/\/xn--stershatte-zcb.dk\/de\/product\/250-g-mycelium-shiitake\/"]}]},{"@type":"ImageObject","inLanguage":"de","@id":"https:\/\/xn--stershatte-zcb.dk\/de\/product\/250-g-mycelium-shiitake\/#primaryimage","url":"https:\/\/xn--stershatte-zcb.dk\/wp-content\/uploads\/2023\/01\/Shiitake-1.png","contentUrl":"https:\/\/xn--stershatte-zcb.dk\/wp-content\/uploads\/2023\/01\/Shiitake-1.png","width":447,"height":335,"caption":"Blanchierte Bio-Pilze auf dem Tisch"},{"@type":"BreadcrumbList","@id":"https:\/\/xn--stershatte-zcb.dk\/de\/product\/250-g-mycelium-shiitake\/#breadcrumb","itemListElement":[{"@type":"ListItem","position":1,"name":"Hjem","item":"https:\/\/xn--stershatte-zcb.dk\/de\/"},{"@type":"ListItem","position":2,"name":"Der Pilzladen","item":"https:\/\/xn--stershatte-zcb.dk\/de\/der-pilzladen\/"},{"@type":"ListItem","position":3,"name":"ANGEBOT 250 g. Mycelium &#8211; Shiitake-Mycelium"}]},{"@type":"WebSite","@id":"https:\/\/xn--stershatte-zcb.dk\/de\/#website","url":"https:\/\/xn--stershatte-zcb.dk\/de\/","name":"Skyttegaardens \u00d8stershatte ApS","description":"Dyrk selv \u00f8kologiske svampe og \u00f8stershatte","publisher":{"@id":"https:\/\/xn--stershatte-zcb.dk\/de\/#organization"},"potentialAction":[{"@type":"SearchAction","target":{"@type":"EntryPoint","urlTemplate":"https:\/\/xn--stershatte-zcb.dk\/de\/?s={search_term_string}"},"query-input":{"@type":"PropertyValueSpecification","valueRequired":true,"valueName":"search_term_string"}}],"inLanguage":"de"},{"@type":"Organization","@id":"https:\/\/xn--stershatte-zcb.dk\/de\/#organization","name":"Skyttegaardens \u00d8stershatte ApS","url":"https:\/\/xn--stershatte-zcb.dk\/de\/","logo":{"@type":"ImageObject","inLanguage":"de","@id":"https:\/\/xn--stershatte-zcb.dk\/de\/#\/schema\/logo\/image\/","url":"https:\/\/xn--stershatte-zcb.dk\/wp-content\/uploads\/2023\/01\/Logo-uden-Bagrund.png","contentUrl":"https:\/\/xn--stershatte-zcb.dk\/wp-content\/uploads\/2023\/01\/Logo-uden-Bagrund.png","width":1238,"height":1210,"caption":"Skyttegaardens \u00d8stershatte ApS"},"image":{"@id":"https:\/\/xn--stershatte-zcb.dk\/de\/#\/schema\/logo\/image\/"}}]}},"_links":{"self":[{"href":"https:\/\/xn--stershatte-zcb.dk\/de\/wp-json\/wp\/v2\/product\/2898","targetHints":{"allow":["GET"]}}],"collection":[{"href":"https:\/\/xn--stershatte-zcb.dk\/de\/wp-json\/wp\/v2\/product"}],"about":[{"href":"https:\/\/xn--stershatte-zcb.dk\/de\/wp-json\/wp\/v2\/types\/product"}],"wp:featuredmedia":[{"embeddable":true,"href":"https:\/\/xn--stershatte-zcb.dk\/de\/wp-json\/wp\/v2\/media\/2763"}],"wp:attachment":[{"href":"https:\/\/xn--stershatte-zcb.dk\/de\/wp-json\/wp\/v2\/media?parent=2898"}],"wp:term":[{"taxonomy":"product_brand","embeddable":true,"href":"https:\/\/xn--stershatte-zcb.dk\/de\/wp-json\/wp\/v2\/product_brand?post=2898"},{"taxonomy":"product_cat","embeddable":true,"href":"https:\/\/xn--stershatte-zcb.dk\/de\/wp-json\/wp\/v2\/product_cat?post=2898"},{"taxonomy":"product_tag","embeddable":true,"href":"https:\/\/xn--stershatte-zcb.dk\/de\/wp-json\/wp\/v2\/product_tag?post=2898"}],"curies":[{"name":"wp","href":"https:\/\/api.w.org\/{rel}","templated":true}]}}