{"id":3036,"date":"2023-09-08T11:33:34","date_gmt":"2023-09-08T09:33:34","guid":{"rendered":"https:\/\/xn--stershatte-zcb.dk\/?post_type=product&#038;p=3036"},"modified":"2026-05-13T15:12:44","modified_gmt":"2026-05-13T13:12:44","slug":"schwammbeutel-inkl-jutebeutel-bio-austernhuete-grau-braun-kopier-2","status":"publish","type":"product","link":"https:\/\/xn--stershatte-zcb.dk\/de\/product\/schwammbeutel-inkl-jutebeutel-bio-austernhuete-grau-braun-kopier-2\/","title":{"rendered":"Schwammbeutel &#8211; inkl. Jutebeutel, Bio-Austernh\u00fcte. Grau\/braun (Kopier)"},"content":{"rendered":"<p>Z\u00fcchten Sie Pilze mit unserem Pilzbeutel<\/p>\n<p>Z\u00fcchten Sie selbst Pilze mit unserem Pilzbeutel. Wir haben es Ihnen leicht gemacht!<\/p>\n<p>Der Pilzbeutel besteht aus einer Mischung aus Austernhutmyzel, Bio-Stroh und Wasser, sodass Sie ganz einfach Pilze in Ihrem eigenen Zuhause z\u00fcchten k\u00f6nnen.<\/p>\n<p>Mit dem Pilzbeutel k\u00f6nnen Sie das ganze Jahr \u00fcber Ihre eigenen Bio-Austernpilze ernten. Die Schwammtasche kann auf dem K\u00fcchentisch, auf der Fensterbank, auf dem Balkon, im Garten oder wo auch immer Sie es passend finden, platziert werden.<\/p>\n<p>Die Tasche wird in einem Karton aus recyceltem Karton mit beiliegender Anleitung geliefert. Ein sch\u00f6ner Jutebeutel ist im Lieferumfang enthalten.<\/p>\n<p>Wenn Sie m\u00f6chten, dass die Pilzt\u00fcte in einer sch\u00f6nen Geschenkbox mit sch\u00f6nen Austernh\u00fcten verpackt ist, k\u00f6nnen Sie diese f\u00fcr 25 DKK kaufen. Sie finden sie im Pilzladen.<\/p>\n<p>Gr\u00f6\u00dfe der Tasche: ca. 20 Liter\/8 kg.<\/p>\n<p>Der Beutel reicht f\u00fcr 2\u20134 \u201eErbrochene\u201c Austernh\u00fcte innerhalb von ca. pro Jahr, die in der Gr\u00f6\u00dfe variiert, vorzugsweise jedoch 500 \u2013 1000 g beim ersten Mal und etwas weniger bei den folgenden Malen.<\/p>\n<ul>\n<li>Das Substrat besteht aus Stroh von Bio-Feldern.<\/li>\n<li>Der Jutebeutel ist nachhaltig hergestellt und f\u00fcr Lebensmittel zugelassen.<\/li>\n<li>Die Plastikt\u00fcte besteht aus lebensmittelechtem Kunststoff.<\/li>\n<li>Kartons werden aus recyceltem Karton hergestellt.<\/li>\n<li>Der Leitfaden ist auf Recyclingpapier gedruckt.<\/li>\n<\/ul>\n<h3>Pilze selbst z\u00fcchten \u2013 STARTEN SIE MIT DER PILZTASCHE!<\/h3>\n<h3>Nehmen Sie den Pilzbeutel aus der Schachtel. Das Substrat befindet sich in einer Plastikt\u00fcte<\/h3>\n<p>Der mitgelieferte Jutebeutel kann auf Wunsch \u00fcbergezogen werden.<\/p>\n<p>Platzieren Sie Ihren Pilzbeutel dort, wo er stehen soll, und beginnen Sie mit der Pilzzucht.<\/p>\n<ol>\n<li>Es kann sowohl drau\u00dfen als auch drinnen sein, solange es etwas Tageslicht bekommt.<\/li>\n<li>Die Tasche darf keiner direkten Sonneneinstrahlung ausgesetzt werden und muss m\u00f6glichst windgesch\u00fctzt sein.<\/li>\n<li>ie Tasche kann auch aufgeh\u00e4ngt werden, was sie effektiv vor m\u00f6glichen Schneckenangriffen sch\u00fctzt.<\/li>\n<\/ol>\n<p>Schneiden Sie 4-6 L\u00f6cher verteilt auf den Beutel, die L\u00f6cher m\u00fcssen sowohl durch den Jutebeutel als auch durch die Plastikt\u00fcte geschnitten werden. Achten Sie darauf, dass sich der Jutebeutel nach dem Schneiden der L\u00f6cher nicht verschiebt. Dies kann insbesondere dann passieren, wenn Sie die Tasche aufh\u00e4ngen.<\/p>\n<ol>\n<li>Die L\u00f6cher\/Schnitte werden mit einem scharfen Messer geschnitten.<\/li>\n<li>Die Schnitte m\u00fcssen horizontal sein und ca. 2 cm lang.<\/li>\n<li>Sie k\u00f6nnen die Schnitte beliebig platzieren; entweder rund um die gesamte Tasche oder nur auf einer Seite der Tasche.<\/li>\n<li>Platzieren Sie die L\u00f6cher so, dass die Pilze Platz zum Wachsen haben.<\/li>\n<\/ol>\n<p>Die Tasche passt dann von selbst.<br \/>\nWenn die Pilze herausgewachsen sind, k\u00f6nnen Sie die Pilze kontinuierlich mit Wasser bespr\u00fchen, wenn sie trocken erscheinen.<br \/>\nEinige der Pilze k\u00f6nnen auf dem Weg nach drau\u00dfen v\u00f6llig verdorren. Das ist v\u00f6llig normal.<br \/>\nIn einigen F\u00e4llen kommen Pilze aus allen L\u00f6chern heraus, aber meistens kommen Pilze nur aus einigen L\u00f6chern heraus.<br \/>\nDie Pilze sind reif und k\u00f6nnen gepfl\u00fcckt werden, wenn sie an den R\u00e4ndern hell und \u201escharf\u201c werden.<br \/>\nDies wird nach ca. 1 Woche Wachstum.<br \/>\nDie Pilze werden einfach vorsichtig mit den H\u00e4nden abgedreht.<br \/>\nWenn die Pilze beginnen, sich gelb zu verf\u00e4rben, m\u00fcssen sie sofort gepfl\u00fcckt werden, da dies ein Zeichen f\u00fcr \u00dcberreife ist. Es ist kein Schaden entstanden. Sie schmecken immer noch k\u00f6stlich.<\/p>\n<p>Das Substrat besteht aus Stroh von Bio-Feldern.<\/p>\n<p>Der Jutebeutel ist nachhaltig hergestellt und f\u00fcr Lebensmittel zugelassen.<\/p>\n<p>Die Plastikt\u00fcte besteht aus lebensmittelechtem Kunststoff.<\/p>\n<p>Kartons werden aus recyceltem Karton hergestellt.<\/p>\n<h3>Das Leben des Schwammbeutels<\/h3>\n<p>Die Pilze wachsen im \u201eErbrochenen\u201c heraus. Wenn das erste Erbrochene vor\u00fcber ist, stoppt der Beutel, bevor ein zweites Erbrochenes auftritt. Sie k\u00f6nnen w\u00e4hlen, ob der zweite Bruch aus den urspr\u00fcnglichen L\u00f6chern des ersten Bruchs kommen soll, oder Sie k\u00f6nnen an anderer Stelle des Beutels neue L\u00f6cher schneiden. Versuchen Sie Ihren Weg nach vorne. Beim dritten Bruch usw. wiederholen Sie den Vorgang und fahren mit den gleichen\/neuen L\u00f6chern fort.<\/p>\n<p>Die Pilze gedeihen am besten bei 18\u00b0C \u200b\u200bund die Temperatur und Luftfeuchtigkeit sind entscheidend daf\u00fcr, wie viele Pilze und wie viele Br\u00fcche der Beutel hervorbringen kann und wie lange die Zeit zwischen den Br\u00fcchen vergeht. Der Beutel ruht, wenn die Temperaturen zu hoch oder zu niedrig werden, aber er wird nicht zerst\u00f6rt, und sowohl der Beutel als auch die herausgewachsenen Pilze halten auch Frost stand und wachsen weiter, wenn die Temperatur wieder steigt. Desto \u00e4lter die T\u00fcte wird, desto l\u00e4nger vergehen zwischen den Pausen und desto weniger Pilze kommen pro T\u00fcte. sich erbrechen. Aufgrund der Witterungsbedingungen und Innentemperaturen ist es schwierig, allgemeing\u00fcltige Angaben zur Ernte zu machen. Wenn es trotzdem versucht wird, kann man sagen, dass ein unter g\u00fcnstigen Bedingungen platzierter Beutel in den meisten F\u00e4llen seine Produktion f\u00fcr ca. 1 Jahr fortsetzen kann. 1 Jahr, dann kommt es zu 2-4 Wehen&#8230;.Sie m\u00fcssen sich zwischen den Wehen mit Geduld wappnen.<br \/>\nWenn Sie den Beutel nicht mehr verwenden m\u00f6chten, eignet sich das Bio-Stroh im Beutel aufgrund seiner Verarbeitung besonders gut als umweltfreundlicher D\u00fcnger f\u00fcr die Erde rund um Pflanzen und Beete in Ihrem Garten oder Hinterhof.<\/p>\n<p>Wenn Sie Fragen zu unserem Pilzanbau oder der Funktionsweise unseres Pilzbeutels haben, k\u00f6nnen Sie sich jederzeit an uns wenden.<\/p>\n","protected":false},"excerpt":{"rendered":"<p>Interessieren Sie sich f\u00fcr den Anbau von Austernpilzen? Der Pilzbeutel macht es Ihnen unglaublich einfach, Ihre eigenen Pilze zu z\u00fcchten. Alles, was Sie tun m\u00fcssen, ist, L\u00f6cher zu schneiden, zu warten, bis die Pilze wachsen, und Ihr Lieblingsgericht zu kochen.<\/p>\n<p>Klingt das nicht gut? Geliefert inkl. Sackleinenbeutel.<\/p>\n","protected":false},"featured_media":2782,"template":"","meta":{"_acf_changed":false},"product_brand":[],"product_cat":[101],"product_tag":[],"class_list":{"0":"post-3036","1":"product","2":"type-product","3":"status-publish","4":"has-post-thumbnail","6":"product_cat-der-pilzbeutel","7":"sales-flash-overlay","8":"woocommerce-text-align-left","9":"woocommerce-image-align-left","11":"first","12":"instock","13":"taxable","14":"shipping-taxable","15":"purchasable","16":"product-type-simple"},"acf":[],"yoast_head":"<!-- This site is optimized with the Yoast SEO plugin v27.5 - https:\/\/yoast.com\/product\/yoast-seo-wordpress\/ -->\n<title>Schwammbeutel - inkl. Jutebeutel, Bio-Austernh\u00fcte. Grau\/braun (Kopier) &#183; Skyttegaardens \u00d8stershatte ApS<\/title>\n<meta name=\"robots\" content=\"index, follow, max-snippet:-1, max-image-preview:large, max-video-preview:-1\" \/>\n<link rel=\"canonical\" href=\"https:\/\/xn--stershatte-zcb.dk\/de\/product\/schwammbeutel-inkl-jutebeutel-bio-austernhuete-grau-braun-kopier-2\/\" \/>\n<meta property=\"og:locale\" content=\"de_DE\" \/>\n<meta property=\"og:type\" content=\"article\" \/>\n<meta property=\"og:title\" content=\"Schwammbeutel - inkl. Jutebeutel, Bio-Austernh\u00fcte. Grau\/braun (Kopier) &#183; Skyttegaardens \u00d8stershatte ApS\" \/>\n<meta property=\"og:description\" content=\"Interessieren Sie sich f\u00fcr den Anbau von Austernpilzen? Der Pilzbeutel macht es Ihnen unglaublich einfach, Ihre eigenen Pilze zu z\u00fcchten. Alles, was Sie tun m\u00fcssen, ist, L\u00f6cher zu schneiden, zu warten, bis die Pilze wachsen, und Ihr Lieblingsgericht zu kochen.  Klingt das nicht gut? Geliefert inkl. Sackleinenbeutel.\" \/>\n<meta property=\"og:url\" content=\"https:\/\/xn--stershatte-zcb.dk\/de\/product\/schwammbeutel-inkl-jutebeutel-bio-austernhuete-grau-braun-kopier-2\/\" \/>\n<meta property=\"og:site_name\" content=\"Skyttegaardens \u00d8stershatte ApS\" \/>\n<meta property=\"article:modified_time\" content=\"2026-05-13T13:12:44+00:00\" \/>\n<meta property=\"og:image\" content=\"https:\/\/xn--stershatte-zcb.dk\/wp-content\/uploads\/2023\/02\/Svampepose1.png\" \/>\n\t<meta property=\"og:image:width\" content=\"704\" \/>\n\t<meta property=\"og:image:height\" content=\"709\" \/>\n\t<meta property=\"og:image:type\" content=\"image\/png\" \/>\n<meta name=\"twitter:card\" content=\"summary_large_image\" \/>\n<meta name=\"twitter:label1\" content=\"Gesch\u00e4tzte Lesezeit\" \/>\n\t<meta name=\"twitter:data1\" content=\"5\u00a0Minuten\" \/>\n<script type=\"application\/ld+json\" class=\"yoast-schema-graph\">{\"@context\":\"https:\\\/\\\/schema.org\",\"@graph\":[{\"@type\":\"WebPage\",\"@id\":\"https:\\\/\\\/xn--stershatte-zcb.dk\\\/de\\\/product\\\/schwammbeutel-inkl-jutebeutel-bio-austernhuete-grau-braun-kopier-2\\\/\",\"url\":\"https:\\\/\\\/xn--stershatte-zcb.dk\\\/de\\\/product\\\/schwammbeutel-inkl-jutebeutel-bio-austernhuete-grau-braun-kopier-2\\\/\",\"name\":\"Schwammbeutel - inkl. Jutebeutel, Bio-Austernh\u00fcte. Grau\\\/braun (Kopier) &#183; Skyttegaardens \u00d8stershatte ApS\",\"isPartOf\":{\"@id\":\"https:\\\/\\\/xn--stershatte-zcb.dk\\\/de\\\/#website\"},\"primaryImageOfPage\":{\"@id\":\"https:\\\/\\\/xn--stershatte-zcb.dk\\\/de\\\/product\\\/schwammbeutel-inkl-jutebeutel-bio-austernhuete-grau-braun-kopier-2\\\/#primaryimage\"},\"image\":{\"@id\":\"https:\\\/\\\/xn--stershatte-zcb.dk\\\/de\\\/product\\\/schwammbeutel-inkl-jutebeutel-bio-austernhuete-grau-braun-kopier-2\\\/#primaryimage\"},\"thumbnailUrl\":\"https:\\\/\\\/xn--stershatte-zcb.dk\\\/wp-content\\\/uploads\\\/2023\\\/02\\\/Svampepose1.png\",\"datePublished\":\"2023-09-08T09:33:34+00:00\",\"dateModified\":\"2026-05-13T13:12:44+00:00\",\"breadcrumb\":{\"@id\":\"https:\\\/\\\/xn--stershatte-zcb.dk\\\/de\\\/product\\\/schwammbeutel-inkl-jutebeutel-bio-austernhuete-grau-braun-kopier-2\\\/#breadcrumb\"},\"inLanguage\":\"de\",\"potentialAction\":[{\"@type\":\"ReadAction\",\"target\":[\"https:\\\/\\\/xn--stershatte-zcb.dk\\\/de\\\/product\\\/schwammbeutel-inkl-jutebeutel-bio-austernhuete-grau-braun-kopier-2\\\/\"]}]},{\"@type\":\"ImageObject\",\"inLanguage\":\"de\",\"@id\":\"https:\\\/\\\/xn--stershatte-zcb.dk\\\/de\\\/product\\\/schwammbeutel-inkl-jutebeutel-bio-austernhuete-grau-braun-kopier-2\\\/#primaryimage\",\"url\":\"https:\\\/\\\/xn--stershatte-zcb.dk\\\/wp-content\\\/uploads\\\/2023\\\/02\\\/Svampepose1.png\",\"contentUrl\":\"https:\\\/\\\/xn--stershatte-zcb.dk\\\/wp-content\\\/uploads\\\/2023\\\/02\\\/Svampepose1.png\",\"width\":704,\"height\":709,\"caption\":\"Pilzsack zum Z\u00fcchten Ihrer eigenen Pilze\"},{\"@type\":\"BreadcrumbList\",\"@id\":\"https:\\\/\\\/xn--stershatte-zcb.dk\\\/de\\\/product\\\/schwammbeutel-inkl-jutebeutel-bio-austernhuete-grau-braun-kopier-2\\\/#breadcrumb\",\"itemListElement\":[{\"@type\":\"ListItem\",\"position\":1,\"name\":\"Hjem\",\"item\":\"https:\\\/\\\/xn--stershatte-zcb.dk\\\/de\\\/\"},{\"@type\":\"ListItem\",\"position\":2,\"name\":\"Der Pilzladen\",\"item\":\"https:\\\/\\\/xn--stershatte-zcb.dk\\\/de\\\/der-pilzladen\\\/\"},{\"@type\":\"ListItem\",\"position\":3,\"name\":\"Schwammbeutel &#8211; inkl. Jutebeutel, Bio-Austernh\u00fcte. Grau\\\/braun (Kopier)\"}]},{\"@type\":\"WebSite\",\"@id\":\"https:\\\/\\\/xn--stershatte-zcb.dk\\\/de\\\/#website\",\"url\":\"https:\\\/\\\/xn--stershatte-zcb.dk\\\/de\\\/\",\"name\":\"Skyttegaardens \u00d8stershatte ApS\",\"description\":\"Dyrk selv \u00f8kologiske svampe og \u00f8stershatte\",\"publisher\":{\"@id\":\"https:\\\/\\\/xn--stershatte-zcb.dk\\\/de\\\/#organization\"},\"potentialAction\":[{\"@type\":\"SearchAction\",\"target\":{\"@type\":\"EntryPoint\",\"urlTemplate\":\"https:\\\/\\\/xn--stershatte-zcb.dk\\\/de\\\/?s={search_term_string}\"},\"query-input\":{\"@type\":\"PropertyValueSpecification\",\"valueRequired\":true,\"valueName\":\"search_term_string\"}}],\"inLanguage\":\"de\"},{\"@type\":\"Organization\",\"@id\":\"https:\\\/\\\/xn--stershatte-zcb.dk\\\/de\\\/#organization\",\"name\":\"Skyttegaardens \u00d8stershatte ApS\",\"url\":\"https:\\\/\\\/xn--stershatte-zcb.dk\\\/de\\\/\",\"logo\":{\"@type\":\"ImageObject\",\"inLanguage\":\"de\",\"@id\":\"https:\\\/\\\/xn--stershatte-zcb.dk\\\/de\\\/#\\\/schema\\\/logo\\\/image\\\/\",\"url\":\"https:\\\/\\\/xn--stershatte-zcb.dk\\\/wp-content\\\/uploads\\\/2023\\\/01\\\/Logo-uden-Bagrund.png\",\"contentUrl\":\"https:\\\/\\\/xn--stershatte-zcb.dk\\\/wp-content\\\/uploads\\\/2023\\\/01\\\/Logo-uden-Bagrund.png\",\"width\":1238,\"height\":1210,\"caption\":\"Skyttegaardens \u00d8stershatte ApS\"},\"image\":{\"@id\":\"https:\\\/\\\/xn--stershatte-zcb.dk\\\/de\\\/#\\\/schema\\\/logo\\\/image\\\/\"}}]}<\/script>\n<!-- \/ Yoast SEO plugin. -->","yoast_head_json":{"title":"Schwammbeutel - inkl. Jutebeutel, Bio-Austernh\u00fcte. Grau\/braun (Kopier) &#183; Skyttegaardens \u00d8stershatte ApS","robots":{"index":"index","follow":"follow","max-snippet":"max-snippet:-1","max-image-preview":"max-image-preview:large","max-video-preview":"max-video-preview:-1"},"canonical":"https:\/\/xn--stershatte-zcb.dk\/de\/product\/schwammbeutel-inkl-jutebeutel-bio-austernhuete-grau-braun-kopier-2\/","og_locale":"de_DE","og_type":"article","og_title":"Schwammbeutel - inkl. Jutebeutel, Bio-Austernh\u00fcte. Grau\/braun (Kopier) &#183; Skyttegaardens \u00d8stershatte ApS","og_description":"Interessieren Sie sich f\u00fcr den Anbau von Austernpilzen? Der Pilzbeutel macht es Ihnen unglaublich einfach, Ihre eigenen Pilze zu z\u00fcchten. Alles, was Sie tun m\u00fcssen, ist, L\u00f6cher zu schneiden, zu warten, bis die Pilze wachsen, und Ihr Lieblingsgericht zu kochen.  Klingt das nicht gut? Geliefert inkl. Sackleinenbeutel.","og_url":"https:\/\/xn--stershatte-zcb.dk\/de\/product\/schwammbeutel-inkl-jutebeutel-bio-austernhuete-grau-braun-kopier-2\/","og_site_name":"Skyttegaardens \u00d8stershatte ApS","article_modified_time":"2026-05-13T13:12:44+00:00","og_image":[{"width":704,"height":709,"url":"https:\/\/xn--stershatte-zcb.dk\/wp-content\/uploads\/2023\/02\/Svampepose1.png","type":"image\/png"}],"twitter_card":"summary_large_image","twitter_misc":{"Gesch\u00e4tzte Lesezeit":"5\u00a0Minuten"},"schema":{"@context":"https:\/\/schema.org","@graph":[{"@type":"WebPage","@id":"https:\/\/xn--stershatte-zcb.dk\/de\/product\/schwammbeutel-inkl-jutebeutel-bio-austernhuete-grau-braun-kopier-2\/","url":"https:\/\/xn--stershatte-zcb.dk\/de\/product\/schwammbeutel-inkl-jutebeutel-bio-austernhuete-grau-braun-kopier-2\/","name":"Schwammbeutel - inkl. Jutebeutel, Bio-Austernh\u00fcte. Grau\/braun (Kopier) &#183; Skyttegaardens \u00d8stershatte ApS","isPartOf":{"@id":"https:\/\/xn--stershatte-zcb.dk\/de\/#website"},"primaryImageOfPage":{"@id":"https:\/\/xn--stershatte-zcb.dk\/de\/product\/schwammbeutel-inkl-jutebeutel-bio-austernhuete-grau-braun-kopier-2\/#primaryimage"},"image":{"@id":"https:\/\/xn--stershatte-zcb.dk\/de\/product\/schwammbeutel-inkl-jutebeutel-bio-austernhuete-grau-braun-kopier-2\/#primaryimage"},"thumbnailUrl":"https:\/\/xn--stershatte-zcb.dk\/wp-content\/uploads\/2023\/02\/Svampepose1.png","datePublished":"2023-09-08T09:33:34+00:00","dateModified":"2026-05-13T13:12:44+00:00","breadcrumb":{"@id":"https:\/\/xn--stershatte-zcb.dk\/de\/product\/schwammbeutel-inkl-jutebeutel-bio-austernhuete-grau-braun-kopier-2\/#breadcrumb"},"inLanguage":"de","potentialAction":[{"@type":"ReadAction","target":["https:\/\/xn--stershatte-zcb.dk\/de\/product\/schwammbeutel-inkl-jutebeutel-bio-austernhuete-grau-braun-kopier-2\/"]}]},{"@type":"ImageObject","inLanguage":"de","@id":"https:\/\/xn--stershatte-zcb.dk\/de\/product\/schwammbeutel-inkl-jutebeutel-bio-austernhuete-grau-braun-kopier-2\/#primaryimage","url":"https:\/\/xn--stershatte-zcb.dk\/wp-content\/uploads\/2023\/02\/Svampepose1.png","contentUrl":"https:\/\/xn--stershatte-zcb.dk\/wp-content\/uploads\/2023\/02\/Svampepose1.png","width":704,"height":709,"caption":"Pilzsack zum Z\u00fcchten Ihrer eigenen Pilze"},{"@type":"BreadcrumbList","@id":"https:\/\/xn--stershatte-zcb.dk\/de\/product\/schwammbeutel-inkl-jutebeutel-bio-austernhuete-grau-braun-kopier-2\/#breadcrumb","itemListElement":[{"@type":"ListItem","position":1,"name":"Hjem","item":"https:\/\/xn--stershatte-zcb.dk\/de\/"},{"@type":"ListItem","position":2,"name":"Der Pilzladen","item":"https:\/\/xn--stershatte-zcb.dk\/de\/der-pilzladen\/"},{"@type":"ListItem","position":3,"name":"Schwammbeutel &#8211; inkl. Jutebeutel, Bio-Austernh\u00fcte. Grau\/braun (Kopier)"}]},{"@type":"WebSite","@id":"https:\/\/xn--stershatte-zcb.dk\/de\/#website","url":"https:\/\/xn--stershatte-zcb.dk\/de\/","name":"Skyttegaardens \u00d8stershatte ApS","description":"Dyrk selv \u00f8kologiske svampe og \u00f8stershatte","publisher":{"@id":"https:\/\/xn--stershatte-zcb.dk\/de\/#organization"},"potentialAction":[{"@type":"SearchAction","target":{"@type":"EntryPoint","urlTemplate":"https:\/\/xn--stershatte-zcb.dk\/de\/?s={search_term_string}"},"query-input":{"@type":"PropertyValueSpecification","valueRequired":true,"valueName":"search_term_string"}}],"inLanguage":"de"},{"@type":"Organization","@id":"https:\/\/xn--stershatte-zcb.dk\/de\/#organization","name":"Skyttegaardens \u00d8stershatte ApS","url":"https:\/\/xn--stershatte-zcb.dk\/de\/","logo":{"@type":"ImageObject","inLanguage":"de","@id":"https:\/\/xn--stershatte-zcb.dk\/de\/#\/schema\/logo\/image\/","url":"https:\/\/xn--stershatte-zcb.dk\/wp-content\/uploads\/2023\/01\/Logo-uden-Bagrund.png","contentUrl":"https:\/\/xn--stershatte-zcb.dk\/wp-content\/uploads\/2023\/01\/Logo-uden-Bagrund.png","width":1238,"height":1210,"caption":"Skyttegaardens \u00d8stershatte ApS"},"image":{"@id":"https:\/\/xn--stershatte-zcb.dk\/de\/#\/schema\/logo\/image\/"}}]}},"_links":{"self":[{"href":"https:\/\/xn--stershatte-zcb.dk\/de\/wp-json\/wp\/v2\/product\/3036","targetHints":{"allow":["GET"]}}],"collection":[{"href":"https:\/\/xn--stershatte-zcb.dk\/de\/wp-json\/wp\/v2\/product"}],"about":[{"href":"https:\/\/xn--stershatte-zcb.dk\/de\/wp-json\/wp\/v2\/types\/product"}],"wp:featuredmedia":[{"embeddable":true,"href":"https:\/\/xn--stershatte-zcb.dk\/de\/wp-json\/wp\/v2\/media\/2782"}],"wp:attachment":[{"href":"https:\/\/xn--stershatte-zcb.dk\/de\/wp-json\/wp\/v2\/media?parent=3036"}],"wp:term":[{"taxonomy":"product_brand","embeddable":true,"href":"https:\/\/xn--stershatte-zcb.dk\/de\/wp-json\/wp\/v2\/product_brand?post=3036"},{"taxonomy":"product_cat","embeddable":true,"href":"https:\/\/xn--stershatte-zcb.dk\/de\/wp-json\/wp\/v2\/product_cat?post=3036"},{"taxonomy":"product_tag","embeddable":true,"href":"https:\/\/xn--stershatte-zcb.dk\/de\/wp-json\/wp\/v2\/product_tag?post=3036"}],"curies":[{"name":"wp","href":"https:\/\/api.w.org\/{rel}","templated":true}]}}