{"id":3235,"date":"2023-10-30T08:54:10","date_gmt":"2023-10-30T07:54:10","guid":{"rendered":"https:\/\/xn--stershatte-zcb.dk\/?post_type=product&#038;p=3235"},"modified":"2026-05-13T15:12:31","modified_gmt":"2026-05-13T13:12:31","slug":"250-g-myzel-kastanienpilze-austauschbare-schuppenkappe-kopier","status":"publish","type":"product","link":"https:\/\/xn--stershatte-zcb.dk\/de\/product\/250-g-myzel-kastanienpilze-austauschbare-schuppenkappe-kopier\/","title":{"rendered":"250 g. Myzel \u2013 Kastanienpilze \u2013 austauschbare Schuppenkappe (Kopier)"},"content":{"rendered":"<p>Mit diesem Beutel Kastanienpilzmyzel k\u00f6nnen Sie Ihre eigenen Kastanienpilze von Grund auf z\u00fcchten.<\/p>\n<p>Es macht Spa\u00df, zu Hause mit der Pilzzucht, beispielsweise in Kaffeesatz, zu experimentieren.<\/p>\n<p>Lesen Sie viel mehr auf dieser Seite.<\/p>\n","protected":false},"excerpt":{"rendered":"<p>Mit diesem Beutel Kastanienpilzmyzel k\u00f6nnen Sie Ihre eigenen Kastanienpilze von Grund auf z\u00fcchten.<\/p>\n<p>Es macht Spa\u00df, zu Hause mit der Pilzzucht, beispielsweise in Kaffeesatz, zu experimentieren.<\/p>\n<p>Lesen Sie viel mehr auf dieser Seite<\/p>\n","protected":false},"featured_media":2757,"template":"","meta":{"_acf_changed":false},"product_brand":[],"product_cat":[103,102],"product_tag":[],"class_list":{"0":"post-3235","1":"product","2":"type-product","3":"status-publish","4":"has-post-thumbnail","6":"product_cat-kastanienpilze","7":"product_cat-mmzel","8":"sales-flash-overlay","9":"woocommerce-text-align-left","10":"woocommerce-image-align-left","12":"first","13":"instock","14":"taxable","15":"shipping-taxable","16":"purchasable","17":"product-type-simple"},"acf":[],"yoast_head":"<!-- This site is optimized with the Yoast SEO plugin v27.5 - https:\/\/yoast.com\/product\/yoast-seo-wordpress\/ -->\n<title>250 g. Myzel \u2013 Kastanienpilze \u2013 austauschbare Schuppenkappe (Kopier) &#183; Skyttegaardens \u00d8stershatte ApS<\/title>\n<meta name=\"robots\" content=\"index, follow, max-snippet:-1, max-image-preview:large, max-video-preview:-1\" \/>\n<link rel=\"canonical\" href=\"https:\/\/xn--stershatte-zcb.dk\/de\/product\/250-g-myzel-kastanienpilze-austauschbare-schuppenkappe-kopier\/\" \/>\n<meta property=\"og:locale\" content=\"de_DE\" \/>\n<meta property=\"og:type\" content=\"article\" \/>\n<meta property=\"og:title\" content=\"250 g. Myzel \u2013 Kastanienpilze \u2013 austauschbare Schuppenkappe (Kopier) &#183; Skyttegaardens \u00d8stershatte ApS\" \/>\n<meta property=\"og:description\" content=\"Mit diesem Beutel Kastanienpilzmyzel k\u00f6nnen Sie Ihre eigenen Kastanienpilze von Grund auf z\u00fcchten. Es macht Spa\u00df, zu Hause mit der Pilzzucht, beispielsweise in Kaffeesatz, zu experimentieren. Lesen Sie viel mehr auf dieser Seite\" \/>\n<meta property=\"og:url\" content=\"https:\/\/xn--stershatte-zcb.dk\/de\/product\/250-g-myzel-kastanienpilze-austauschbare-schuppenkappe-kopier\/\" \/>\n<meta property=\"og:site_name\" content=\"Skyttegaardens \u00d8stershatte ApS\" \/>\n<meta property=\"article:modified_time\" content=\"2026-05-13T13:12:31+00:00\" \/>\n<meta property=\"og:image\" content=\"https:\/\/xn--stershatte-zcb.dk\/wp-content\/uploads\/2020\/12\/Kastanje-1.png\" \/>\n\t<meta property=\"og:image:width\" content=\"448\" \/>\n\t<meta property=\"og:image:height\" content=\"293\" \/>\n\t<meta property=\"og:image:type\" content=\"image\/png\" \/>\n<meta name=\"twitter:card\" content=\"summary_large_image\" \/>\n<meta name=\"twitter:label1\" content=\"Gesch\u00e4tzte Lesezeit\" \/>\n\t<meta name=\"twitter:data1\" content=\"1\u00a0Minute\" \/>\n<script type=\"application\/ld+json\" class=\"yoast-schema-graph\">{\"@context\":\"https:\\\/\\\/schema.org\",\"@graph\":[{\"@type\":\"WebPage\",\"@id\":\"https:\\\/\\\/xn--stershatte-zcb.dk\\\/de\\\/product\\\/250-g-myzel-kastanienpilze-austauschbare-schuppenkappe-kopier\\\/\",\"url\":\"https:\\\/\\\/xn--stershatte-zcb.dk\\\/de\\\/product\\\/250-g-myzel-kastanienpilze-austauschbare-schuppenkappe-kopier\\\/\",\"name\":\"250 g. Myzel \u2013 Kastanienpilze \u2013 austauschbare Schuppenkappe (Kopier) &#183; Skyttegaardens \u00d8stershatte ApS\",\"isPartOf\":{\"@id\":\"https:\\\/\\\/xn--stershatte-zcb.dk\\\/de\\\/#website\"},\"primaryImageOfPage\":{\"@id\":\"https:\\\/\\\/xn--stershatte-zcb.dk\\\/de\\\/product\\\/250-g-myzel-kastanienpilze-austauschbare-schuppenkappe-kopier\\\/#primaryimage\"},\"image\":{\"@id\":\"https:\\\/\\\/xn--stershatte-zcb.dk\\\/de\\\/product\\\/250-g-myzel-kastanienpilze-austauschbare-schuppenkappe-kopier\\\/#primaryimage\"},\"thumbnailUrl\":\"https:\\\/\\\/xn--stershatte-zcb.dk\\\/wp-content\\\/uploads\\\/2020\\\/12\\\/Kastanje-1.png\",\"datePublished\":\"2023-10-30T07:54:10+00:00\",\"dateModified\":\"2026-05-13T13:12:31+00:00\",\"breadcrumb\":{\"@id\":\"https:\\\/\\\/xn--stershatte-zcb.dk\\\/de\\\/product\\\/250-g-myzel-kastanienpilze-austauschbare-schuppenkappe-kopier\\\/#breadcrumb\"},\"inLanguage\":\"de\",\"potentialAction\":[{\"@type\":\"ReadAction\",\"target\":[\"https:\\\/\\\/xn--stershatte-zcb.dk\\\/de\\\/product\\\/250-g-myzel-kastanienpilze-austauschbare-schuppenkappe-kopier\\\/\"]}]},{\"@type\":\"ImageObject\",\"inLanguage\":\"de\",\"@id\":\"https:\\\/\\\/xn--stershatte-zcb.dk\\\/de\\\/product\\\/250-g-myzel-kastanienpilze-austauschbare-schuppenkappe-kopier\\\/#primaryimage\",\"url\":\"https:\\\/\\\/xn--stershatte-zcb.dk\\\/wp-content\\\/uploads\\\/2020\\\/12\\\/Kastanje-1.png\",\"contentUrl\":\"https:\\\/\\\/xn--stershatte-zcb.dk\\\/wp-content\\\/uploads\\\/2020\\\/12\\\/Kastanje-1.png\",\"width\":448,\"height\":293,\"caption\":\"Mehr Pilze\"},{\"@type\":\"BreadcrumbList\",\"@id\":\"https:\\\/\\\/xn--stershatte-zcb.dk\\\/de\\\/product\\\/250-g-myzel-kastanienpilze-austauschbare-schuppenkappe-kopier\\\/#breadcrumb\",\"itemListElement\":[{\"@type\":\"ListItem\",\"position\":1,\"name\":\"Hjem\",\"item\":\"https:\\\/\\\/xn--stershatte-zcb.dk\\\/de\\\/\"},{\"@type\":\"ListItem\",\"position\":2,\"name\":\"Der Pilzladen\",\"item\":\"https:\\\/\\\/xn--stershatte-zcb.dk\\\/de\\\/der-pilzladen\\\/\"},{\"@type\":\"ListItem\",\"position\":3,\"name\":\"250 g. Myzel \u2013 Kastanienpilze \u2013 austauschbare Schuppenkappe (Kopier)\"}]},{\"@type\":\"WebSite\",\"@id\":\"https:\\\/\\\/xn--stershatte-zcb.dk\\\/de\\\/#website\",\"url\":\"https:\\\/\\\/xn--stershatte-zcb.dk\\\/de\\\/\",\"name\":\"Skyttegaardens \u00d8stershatte ApS\",\"description\":\"Dyrk selv \u00f8kologiske svampe og \u00f8stershatte\",\"publisher\":{\"@id\":\"https:\\\/\\\/xn--stershatte-zcb.dk\\\/de\\\/#organization\"},\"potentialAction\":[{\"@type\":\"SearchAction\",\"target\":{\"@type\":\"EntryPoint\",\"urlTemplate\":\"https:\\\/\\\/xn--stershatte-zcb.dk\\\/de\\\/?s={search_term_string}\"},\"query-input\":{\"@type\":\"PropertyValueSpecification\",\"valueRequired\":true,\"valueName\":\"search_term_string\"}}],\"inLanguage\":\"de\"},{\"@type\":\"Organization\",\"@id\":\"https:\\\/\\\/xn--stershatte-zcb.dk\\\/de\\\/#organization\",\"name\":\"Skyttegaardens \u00d8stershatte ApS\",\"url\":\"https:\\\/\\\/xn--stershatte-zcb.dk\\\/de\\\/\",\"logo\":{\"@type\":\"ImageObject\",\"inLanguage\":\"de\",\"@id\":\"https:\\\/\\\/xn--stershatte-zcb.dk\\\/de\\\/#\\\/schema\\\/logo\\\/image\\\/\",\"url\":\"https:\\\/\\\/xn--stershatte-zcb.dk\\\/wp-content\\\/uploads\\\/2023\\\/01\\\/Logo-uden-Bagrund.png\",\"contentUrl\":\"https:\\\/\\\/xn--stershatte-zcb.dk\\\/wp-content\\\/uploads\\\/2023\\\/01\\\/Logo-uden-Bagrund.png\",\"width\":1238,\"height\":1210,\"caption\":\"Skyttegaardens \u00d8stershatte ApS\"},\"image\":{\"@id\":\"https:\\\/\\\/xn--stershatte-zcb.dk\\\/de\\\/#\\\/schema\\\/logo\\\/image\\\/\"}}]}<\/script>\n<!-- \/ Yoast SEO plugin. -->","yoast_head_json":{"title":"250 g. Myzel \u2013 Kastanienpilze \u2013 austauschbare Schuppenkappe (Kopier) &#183; Skyttegaardens \u00d8stershatte ApS","robots":{"index":"index","follow":"follow","max-snippet":"max-snippet:-1","max-image-preview":"max-image-preview:large","max-video-preview":"max-video-preview:-1"},"canonical":"https:\/\/xn--stershatte-zcb.dk\/de\/product\/250-g-myzel-kastanienpilze-austauschbare-schuppenkappe-kopier\/","og_locale":"de_DE","og_type":"article","og_title":"250 g. Myzel \u2013 Kastanienpilze \u2013 austauschbare Schuppenkappe (Kopier) &#183; Skyttegaardens \u00d8stershatte ApS","og_description":"Mit diesem Beutel Kastanienpilzmyzel k\u00f6nnen Sie Ihre eigenen Kastanienpilze von Grund auf z\u00fcchten. Es macht Spa\u00df, zu Hause mit der Pilzzucht, beispielsweise in Kaffeesatz, zu experimentieren. Lesen Sie viel mehr auf dieser Seite","og_url":"https:\/\/xn--stershatte-zcb.dk\/de\/product\/250-g-myzel-kastanienpilze-austauschbare-schuppenkappe-kopier\/","og_site_name":"Skyttegaardens \u00d8stershatte ApS","article_modified_time":"2026-05-13T13:12:31+00:00","og_image":[{"width":448,"height":293,"url":"https:\/\/xn--stershatte-zcb.dk\/wp-content\/uploads\/2020\/12\/Kastanje-1.png","type":"image\/png"}],"twitter_card":"summary_large_image","twitter_misc":{"Gesch\u00e4tzte Lesezeit":"1\u00a0Minute"},"schema":{"@context":"https:\/\/schema.org","@graph":[{"@type":"WebPage","@id":"https:\/\/xn--stershatte-zcb.dk\/de\/product\/250-g-myzel-kastanienpilze-austauschbare-schuppenkappe-kopier\/","url":"https:\/\/xn--stershatte-zcb.dk\/de\/product\/250-g-myzel-kastanienpilze-austauschbare-schuppenkappe-kopier\/","name":"250 g. Myzel \u2013 Kastanienpilze \u2013 austauschbare Schuppenkappe (Kopier) &#183; Skyttegaardens \u00d8stershatte ApS","isPartOf":{"@id":"https:\/\/xn--stershatte-zcb.dk\/de\/#website"},"primaryImageOfPage":{"@id":"https:\/\/xn--stershatte-zcb.dk\/de\/product\/250-g-myzel-kastanienpilze-austauschbare-schuppenkappe-kopier\/#primaryimage"},"image":{"@id":"https:\/\/xn--stershatte-zcb.dk\/de\/product\/250-g-myzel-kastanienpilze-austauschbare-schuppenkappe-kopier\/#primaryimage"},"thumbnailUrl":"https:\/\/xn--stershatte-zcb.dk\/wp-content\/uploads\/2020\/12\/Kastanje-1.png","datePublished":"2023-10-30T07:54:10+00:00","dateModified":"2026-05-13T13:12:31+00:00","breadcrumb":{"@id":"https:\/\/xn--stershatte-zcb.dk\/de\/product\/250-g-myzel-kastanienpilze-austauschbare-schuppenkappe-kopier\/#breadcrumb"},"inLanguage":"de","potentialAction":[{"@type":"ReadAction","target":["https:\/\/xn--stershatte-zcb.dk\/de\/product\/250-g-myzel-kastanienpilze-austauschbare-schuppenkappe-kopier\/"]}]},{"@type":"ImageObject","inLanguage":"de","@id":"https:\/\/xn--stershatte-zcb.dk\/de\/product\/250-g-myzel-kastanienpilze-austauschbare-schuppenkappe-kopier\/#primaryimage","url":"https:\/\/xn--stershatte-zcb.dk\/wp-content\/uploads\/2020\/12\/Kastanje-1.png","contentUrl":"https:\/\/xn--stershatte-zcb.dk\/wp-content\/uploads\/2020\/12\/Kastanje-1.png","width":448,"height":293,"caption":"Mehr Pilze"},{"@type":"BreadcrumbList","@id":"https:\/\/xn--stershatte-zcb.dk\/de\/product\/250-g-myzel-kastanienpilze-austauschbare-schuppenkappe-kopier\/#breadcrumb","itemListElement":[{"@type":"ListItem","position":1,"name":"Hjem","item":"https:\/\/xn--stershatte-zcb.dk\/de\/"},{"@type":"ListItem","position":2,"name":"Der Pilzladen","item":"https:\/\/xn--stershatte-zcb.dk\/de\/der-pilzladen\/"},{"@type":"ListItem","position":3,"name":"250 g. Myzel \u2013 Kastanienpilze \u2013 austauschbare Schuppenkappe (Kopier)"}]},{"@type":"WebSite","@id":"https:\/\/xn--stershatte-zcb.dk\/de\/#website","url":"https:\/\/xn--stershatte-zcb.dk\/de\/","name":"Skyttegaardens \u00d8stershatte ApS","description":"Dyrk selv \u00f8kologiske svampe og \u00f8stershatte","publisher":{"@id":"https:\/\/xn--stershatte-zcb.dk\/de\/#organization"},"potentialAction":[{"@type":"SearchAction","target":{"@type":"EntryPoint","urlTemplate":"https:\/\/xn--stershatte-zcb.dk\/de\/?s={search_term_string}"},"query-input":{"@type":"PropertyValueSpecification","valueRequired":true,"valueName":"search_term_string"}}],"inLanguage":"de"},{"@type":"Organization","@id":"https:\/\/xn--stershatte-zcb.dk\/de\/#organization","name":"Skyttegaardens \u00d8stershatte ApS","url":"https:\/\/xn--stershatte-zcb.dk\/de\/","logo":{"@type":"ImageObject","inLanguage":"de","@id":"https:\/\/xn--stershatte-zcb.dk\/de\/#\/schema\/logo\/image\/","url":"https:\/\/xn--stershatte-zcb.dk\/wp-content\/uploads\/2023\/01\/Logo-uden-Bagrund.png","contentUrl":"https:\/\/xn--stershatte-zcb.dk\/wp-content\/uploads\/2023\/01\/Logo-uden-Bagrund.png","width":1238,"height":1210,"caption":"Skyttegaardens \u00d8stershatte ApS"},"image":{"@id":"https:\/\/xn--stershatte-zcb.dk\/de\/#\/schema\/logo\/image\/"}}]}},"_links":{"self":[{"href":"https:\/\/xn--stershatte-zcb.dk\/de\/wp-json\/wp\/v2\/product\/3235","targetHints":{"allow":["GET"]}}],"collection":[{"href":"https:\/\/xn--stershatte-zcb.dk\/de\/wp-json\/wp\/v2\/product"}],"about":[{"href":"https:\/\/xn--stershatte-zcb.dk\/de\/wp-json\/wp\/v2\/types\/product"}],"wp:featuredmedia":[{"embeddable":true,"href":"https:\/\/xn--stershatte-zcb.dk\/de\/wp-json\/wp\/v2\/media\/2757"}],"wp:attachment":[{"href":"https:\/\/xn--stershatte-zcb.dk\/de\/wp-json\/wp\/v2\/media?parent=3235"}],"wp:term":[{"taxonomy":"product_brand","embeddable":true,"href":"https:\/\/xn--stershatte-zcb.dk\/de\/wp-json\/wp\/v2\/product_brand?post=3235"},{"taxonomy":"product_cat","embeddable":true,"href":"https:\/\/xn--stershatte-zcb.dk\/de\/wp-json\/wp\/v2\/product_cat?post=3235"},{"taxonomy":"product_tag","embeddable":true,"href":"https:\/\/xn--stershatte-zcb.dk\/de\/wp-json\/wp\/v2\/product_tag?post=3235"}],"curies":[{"name":"wp","href":"https:\/\/api.w.org\/{rel}","templated":true}]}}