{"id":7514,"date":"2024-05-08T09:23:47","date_gmt":"2024-05-08T07:23:47","guid":{"rendered":"https:\/\/xn--stershatte-zcb.dk\/product\/angebot-loewenmaehne-pilzblock-ohne-jutebeutel\/"},"modified":"2024-05-08T09:23:47","modified_gmt":"2024-05-08T07:23:47","slug":"angebot-loewenmaehne-pilzblock-ohne-jutebeutel","status":"publish","type":"product","link":"https:\/\/xn--stershatte-zcb.dk\/de\/product\/angebot-loewenmaehne-pilzblock-ohne-jutebeutel\/","title":{"rendered":"ANGEBOT L\u00f6wenm\u00e4hne &#8211; Pilzblock &#8211; Ohne Jutebeutel"},"content":{"rendered":"<p>Z\u00fcchten Sie Ihre eigene L\u00f6wenm\u00e4hne mit diesem Pilzblock. Wir haben es Ihnen leicht gemacht. <\/p>\n<p>Der Pilzblock besteht aus einer Mischung aus L\u00f6wenm\u00e4hnenmyzel, pastorisierten Hartholzkr\u00fcmeln, Kleie und Wasser. So k\u00f6nnen Sie ganz einfach Pilze in Ihrem eigenen Haus z\u00fcchten.<\/p>\n<p>Mit dem Pilzblock k\u00f6nnen Sie das ganze Jahr \u00fcber Ihre eigene L\u00f6wenm\u00e4hne ernten. Der Pilzblock kann auf dem K\u00fcchentisch, auf der Fensterbank, auf dem Balkon, im Garten oder wo auch immer Sie wollen aufgestellt werden. <\/p>\n<p>Der Block wird in einer Schachtel aus recyceltem Karton geliefert und enth\u00e4lt eine Anleitung.<\/p>\n<p>Blockgr\u00f6\u00dfe: ca. 2,5kg.<\/p>\n<p>Der Block kann bis zu 1 kg frische Pilze produzieren, die mehrfach geerntet werden. <\/p>\n<p>&nbsp;<\/p>\n<p>BEGINNEN SIE MIT DEM SCHWAMMBLOCK<\/p>\n<p>Nehmen Sie den Pilzblock aus der Schachtel<\/p>\n<p>Stellen Sie den Block dort auf, wo Sie ihn in Ihrer Wohnung haben m\u00f6chten. Der Block sollte vorzugsweise weder zu k\u00fchl noch zu warm sein (vorzugsweise zwischen 12-24 Grad). Vermeiden Sie direktes Sonnenlicht.  <\/p>\n<p>Schneiden Sie 2-4 L\u00f6cher von ca. 3 cm quer durch den Block. Sie k\u00f6nnen auch 1-2 lange Schnitte von ca. 8 cm machen.  <\/p>\n<p>Der Block k\u00fcmmert sich dann um sich selbst.<\/p>\n<p>W\u00e4hrend die Pilze heranwachsen, k\u00f6nnen Sie sie st\u00e4ndig mit Wasser bespr\u00fchen, wenn sie trocken erscheinen.<\/p>\n<p>In einigen F\u00e4llen kommen die Pilze aus allen L\u00f6chern, aber meistens kommen die Pilze nur aus einigen L\u00f6chern heraus.<\/p>\n<p>&nbsp;<\/p>\n<p>DIE LEBENSDAUER DES SCHWAMMBLOCKS<\/p>\n<p>Die Pilze wachsen in &#8222;Pausen&#8220;. Sobald die erste Pause vorbei ist, macht der Beutel eine Pause, bevor eine zweite Pause w\u00e4chst. Sie k\u00f6nnen w\u00e4hlen, ob die zweite Pause aus den urspr\u00fcnglichen L\u00f6chern der ersten Pause kommen soll, oder ob Sie an anderer Stelle des Blocks neue L\u00f6cher schneiden. Probieren Sie es aus.   <\/p>\n<p>Sie werden feststellen, dass zwischen den Pausen eine l\u00e4ngere Zeit vergeht. Das bedeutet nicht, dass der Block mit dem Schw\u00e4mmen fertig ist. Sie m\u00fcssen geduldig sein. Es handelt sich um lebende Organismen, von denen sich jeder anders verhalten kann.   <\/p>\n","protected":false},"excerpt":{"rendered":"<p>Z\u00fcchten Sie Ihre eigene L\u00f6wenm\u00e4hne mit diesem Pilzblock. Wir haben es Ihnen leicht gemacht. Der Pilzblock besteht aus einer Mischung aus L\u00f6wenm\u00e4hnenmyzel, pastorisierten Hartholzkr\u00fcmeln, Kleie und Wasser. So k\u00f6nnen Sie ganz einfach Pilze in Ihrem eigenen Haus z\u00fcchten. Mit dem Pilzblock k\u00f6nnen Sie das ganze Jahr \u00fcber Ihre eigene L\u00f6wenm\u00e4hne ernten. Der Pilzblock kann auf &#8230; <a title=\"ANGEBOT L\u00f6wenm\u00e4hne &#8211; Pilzblock &#8211; Ohne Jutebeutel\" class=\"read-more\" href=\"https:\/\/xn--stershatte-zcb.dk\/de\/product\/angebot-loewenmaehne-pilzblock-ohne-jutebeutel\/\" aria-label=\"Read more about ANGEBOT L\u00f6wenm\u00e4hne &#8211; Pilzblock &#8211; Ohne Jutebeutel\">Read more<\/a><\/p>\n","protected":false},"featured_media":4196,"template":"","meta":{"_acf_changed":false},"product_brand":[],"product_cat":[109],"product_tag":[],"class_list":{"0":"post-7514","1":"product","2":"type-product","3":"status-publish","4":"has-post-thumbnail","6":"product_cat-angebote","7":"sales-flash-overlay","8":"woocommerce-text-align-left","9":"woocommerce-image-align-left","11":"first","12":"instock","13":"sale","14":"taxable","15":"shipping-taxable","16":"purchasable","17":"product-type-simple"},"acf":[],"yoast_head":"<!-- This site is optimized with the Yoast SEO plugin v27.5 - https:\/\/yoast.com\/product\/yoast-seo-wordpress\/ -->\n<title>ANGEBOT L\u00f6wenm\u00e4hne - Pilzblock - Ohne Jutebeutel &#183; Skyttegaardens \u00d8stershatte ApS<\/title>\n<meta name=\"robots\" content=\"index, follow, max-snippet:-1, max-image-preview:large, max-video-preview:-1\" \/>\n<link rel=\"canonical\" href=\"https:\/\/xn--stershatte-zcb.dk\/de\/product\/angebot-loewenmaehne-pilzblock-ohne-jutebeutel\/\" \/>\n<meta property=\"og:locale\" content=\"de_DE\" \/>\n<meta property=\"og:type\" content=\"article\" \/>\n<meta property=\"og:title\" content=\"ANGEBOT L\u00f6wenm\u00e4hne - Pilzblock - Ohne Jutebeutel &#183; Skyttegaardens \u00d8stershatte ApS\" \/>\n<meta property=\"og:description\" content=\"Z\u00fcchten Sie Ihre eigene L\u00f6wenm\u00e4hne mit diesem Pilzblock. Wir haben es Ihnen leicht gemacht. Der Pilzblock besteht aus einer Mischung aus L\u00f6wenm\u00e4hnenmyzel, pastorisierten Hartholzkr\u00fcmeln, Kleie und Wasser. So k\u00f6nnen Sie ganz einfach Pilze in Ihrem eigenen Haus z\u00fcchten. Mit dem Pilzblock k\u00f6nnen Sie das ganze Jahr \u00fcber Ihre eigene L\u00f6wenm\u00e4hne ernten. Der Pilzblock kann auf ... Read more\" \/>\n<meta property=\"og:url\" content=\"https:\/\/xn--stershatte-zcb.dk\/de\/product\/angebot-loewenmaehne-pilzblock-ohne-jutebeutel\/\" \/>\n<meta property=\"og:site_name\" content=\"Skyttegaardens \u00d8stershatte ApS\" \/>\n<meta property=\"og:image\" content=\"https:\/\/xn--stershatte-zcb.dk\/wp-content\/uploads\/2024\/05\/Lions-Mane-Svampeblok-billede-1-scaled.jpg\" \/>\n\t<meta property=\"og:image:width\" content=\"946\" \/>\n\t<meta property=\"og:image:height\" content=\"2048\" \/>\n\t<meta property=\"og:image:type\" content=\"image\/jpeg\" \/>\n<meta name=\"twitter:card\" content=\"summary_large_image\" \/>\n<meta name=\"twitter:label1\" content=\"Gesch\u00e4tzte Lesezeit\" \/>\n\t<meta name=\"twitter:data1\" content=\"2\u00a0Minuten\" \/>\n<script type=\"application\/ld+json\" class=\"yoast-schema-graph\">{\"@context\":\"https:\\\/\\\/schema.org\",\"@graph\":[{\"@type\":\"WebPage\",\"@id\":\"https:\\\/\\\/xn--stershatte-zcb.dk\\\/de\\\/product\\\/angebot-loewenmaehne-pilzblock-ohne-jutebeutel\\\/\",\"url\":\"https:\\\/\\\/xn--stershatte-zcb.dk\\\/de\\\/product\\\/angebot-loewenmaehne-pilzblock-ohne-jutebeutel\\\/\",\"name\":\"ANGEBOT L\u00f6wenm\u00e4hne - Pilzblock - Ohne Jutebeutel &#183; Skyttegaardens \u00d8stershatte ApS\",\"isPartOf\":{\"@id\":\"https:\\\/\\\/xn--stershatte-zcb.dk\\\/de\\\/#website\"},\"primaryImageOfPage\":{\"@id\":\"https:\\\/\\\/xn--stershatte-zcb.dk\\\/de\\\/product\\\/angebot-loewenmaehne-pilzblock-ohne-jutebeutel\\\/#primaryimage\"},\"image\":{\"@id\":\"https:\\\/\\\/xn--stershatte-zcb.dk\\\/de\\\/product\\\/angebot-loewenmaehne-pilzblock-ohne-jutebeutel\\\/#primaryimage\"},\"thumbnailUrl\":\"https:\\\/\\\/xn--stershatte-zcb.dk\\\/wp-content\\\/uploads\\\/2024\\\/05\\\/Lions-Mane-Svampeblok-billede-1-scaled.jpg\",\"datePublished\":\"2024-05-08T07:23:47+00:00\",\"breadcrumb\":{\"@id\":\"https:\\\/\\\/xn--stershatte-zcb.dk\\\/de\\\/product\\\/angebot-loewenmaehne-pilzblock-ohne-jutebeutel\\\/#breadcrumb\"},\"inLanguage\":\"de\",\"potentialAction\":[{\"@type\":\"ReadAction\",\"target\":[\"https:\\\/\\\/xn--stershatte-zcb.dk\\\/de\\\/product\\\/angebot-loewenmaehne-pilzblock-ohne-jutebeutel\\\/\"]}]},{\"@type\":\"ImageObject\",\"inLanguage\":\"de\",\"@id\":\"https:\\\/\\\/xn--stershatte-zcb.dk\\\/de\\\/product\\\/angebot-loewenmaehne-pilzblock-ohne-jutebeutel\\\/#primaryimage\",\"url\":\"https:\\\/\\\/xn--stershatte-zcb.dk\\\/wp-content\\\/uploads\\\/2024\\\/05\\\/Lions-Mane-Svampeblok-billede-1-scaled.jpg\",\"contentUrl\":\"https:\\\/\\\/xn--stershatte-zcb.dk\\\/wp-content\\\/uploads\\\/2024\\\/05\\\/Lions-Mane-Svampeblok-billede-1-scaled.jpg\",\"width\":946,\"height\":2048},{\"@type\":\"BreadcrumbList\",\"@id\":\"https:\\\/\\\/xn--stershatte-zcb.dk\\\/de\\\/product\\\/angebot-loewenmaehne-pilzblock-ohne-jutebeutel\\\/#breadcrumb\",\"itemListElement\":[{\"@type\":\"ListItem\",\"position\":1,\"name\":\"Hjem\",\"item\":\"https:\\\/\\\/xn--stershatte-zcb.dk\\\/de\\\/\"},{\"@type\":\"ListItem\",\"position\":2,\"name\":\"Der Pilzladen\",\"item\":\"https:\\\/\\\/xn--stershatte-zcb.dk\\\/de\\\/der-pilzladen\\\/\"},{\"@type\":\"ListItem\",\"position\":3,\"name\":\"ANGEBOT L\u00f6wenm\u00e4hne &#8211; Pilzblock &#8211; Ohne Jutebeutel\"}]},{\"@type\":\"WebSite\",\"@id\":\"https:\\\/\\\/xn--stershatte-zcb.dk\\\/de\\\/#website\",\"url\":\"https:\\\/\\\/xn--stershatte-zcb.dk\\\/de\\\/\",\"name\":\"Skyttegaardens \u00d8stershatte ApS\",\"description\":\"Dyrk selv \u00f8kologiske svampe og \u00f8stershatte\",\"publisher\":{\"@id\":\"https:\\\/\\\/xn--stershatte-zcb.dk\\\/de\\\/#organization\"},\"potentialAction\":[{\"@type\":\"SearchAction\",\"target\":{\"@type\":\"EntryPoint\",\"urlTemplate\":\"https:\\\/\\\/xn--stershatte-zcb.dk\\\/de\\\/?s={search_term_string}\"},\"query-input\":{\"@type\":\"PropertyValueSpecification\",\"valueRequired\":true,\"valueName\":\"search_term_string\"}}],\"inLanguage\":\"de\"},{\"@type\":\"Organization\",\"@id\":\"https:\\\/\\\/xn--stershatte-zcb.dk\\\/de\\\/#organization\",\"name\":\"Skyttegaardens \u00d8stershatte ApS\",\"url\":\"https:\\\/\\\/xn--stershatte-zcb.dk\\\/de\\\/\",\"logo\":{\"@type\":\"ImageObject\",\"inLanguage\":\"de\",\"@id\":\"https:\\\/\\\/xn--stershatte-zcb.dk\\\/de\\\/#\\\/schema\\\/logo\\\/image\\\/\",\"url\":\"https:\\\/\\\/xn--stershatte-zcb.dk\\\/wp-content\\\/uploads\\\/2023\\\/01\\\/Logo-uden-Bagrund.png\",\"contentUrl\":\"https:\\\/\\\/xn--stershatte-zcb.dk\\\/wp-content\\\/uploads\\\/2023\\\/01\\\/Logo-uden-Bagrund.png\",\"width\":1238,\"height\":1210,\"caption\":\"Skyttegaardens \u00d8stershatte ApS\"},\"image\":{\"@id\":\"https:\\\/\\\/xn--stershatte-zcb.dk\\\/de\\\/#\\\/schema\\\/logo\\\/image\\\/\"}}]}<\/script>\n<!-- \/ Yoast SEO plugin. -->","yoast_head_json":{"title":"ANGEBOT L\u00f6wenm\u00e4hne - Pilzblock - Ohne Jutebeutel &#183; Skyttegaardens \u00d8stershatte ApS","robots":{"index":"index","follow":"follow","max-snippet":"max-snippet:-1","max-image-preview":"max-image-preview:large","max-video-preview":"max-video-preview:-1"},"canonical":"https:\/\/xn--stershatte-zcb.dk\/de\/product\/angebot-loewenmaehne-pilzblock-ohne-jutebeutel\/","og_locale":"de_DE","og_type":"article","og_title":"ANGEBOT L\u00f6wenm\u00e4hne - Pilzblock - Ohne Jutebeutel &#183; Skyttegaardens \u00d8stershatte ApS","og_description":"Z\u00fcchten Sie Ihre eigene L\u00f6wenm\u00e4hne mit diesem Pilzblock. Wir haben es Ihnen leicht gemacht. Der Pilzblock besteht aus einer Mischung aus L\u00f6wenm\u00e4hnenmyzel, pastorisierten Hartholzkr\u00fcmeln, Kleie und Wasser. So k\u00f6nnen Sie ganz einfach Pilze in Ihrem eigenen Haus z\u00fcchten. Mit dem Pilzblock k\u00f6nnen Sie das ganze Jahr \u00fcber Ihre eigene L\u00f6wenm\u00e4hne ernten. Der Pilzblock kann auf ... Read more","og_url":"https:\/\/xn--stershatte-zcb.dk\/de\/product\/angebot-loewenmaehne-pilzblock-ohne-jutebeutel\/","og_site_name":"Skyttegaardens \u00d8stershatte ApS","og_image":[{"width":946,"height":2048,"url":"https:\/\/xn--stershatte-zcb.dk\/wp-content\/uploads\/2024\/05\/Lions-Mane-Svampeblok-billede-1-scaled.jpg","type":"image\/jpeg"}],"twitter_card":"summary_large_image","twitter_misc":{"Gesch\u00e4tzte Lesezeit":"2\u00a0Minuten"},"schema":{"@context":"https:\/\/schema.org","@graph":[{"@type":"WebPage","@id":"https:\/\/xn--stershatte-zcb.dk\/de\/product\/angebot-loewenmaehne-pilzblock-ohne-jutebeutel\/","url":"https:\/\/xn--stershatte-zcb.dk\/de\/product\/angebot-loewenmaehne-pilzblock-ohne-jutebeutel\/","name":"ANGEBOT L\u00f6wenm\u00e4hne - Pilzblock - Ohne Jutebeutel &#183; Skyttegaardens \u00d8stershatte ApS","isPartOf":{"@id":"https:\/\/xn--stershatte-zcb.dk\/de\/#website"},"primaryImageOfPage":{"@id":"https:\/\/xn--stershatte-zcb.dk\/de\/product\/angebot-loewenmaehne-pilzblock-ohne-jutebeutel\/#primaryimage"},"image":{"@id":"https:\/\/xn--stershatte-zcb.dk\/de\/product\/angebot-loewenmaehne-pilzblock-ohne-jutebeutel\/#primaryimage"},"thumbnailUrl":"https:\/\/xn--stershatte-zcb.dk\/wp-content\/uploads\/2024\/05\/Lions-Mane-Svampeblok-billede-1-scaled.jpg","datePublished":"2024-05-08T07:23:47+00:00","breadcrumb":{"@id":"https:\/\/xn--stershatte-zcb.dk\/de\/product\/angebot-loewenmaehne-pilzblock-ohne-jutebeutel\/#breadcrumb"},"inLanguage":"de","potentialAction":[{"@type":"ReadAction","target":["https:\/\/xn--stershatte-zcb.dk\/de\/product\/angebot-loewenmaehne-pilzblock-ohne-jutebeutel\/"]}]},{"@type":"ImageObject","inLanguage":"de","@id":"https:\/\/xn--stershatte-zcb.dk\/de\/product\/angebot-loewenmaehne-pilzblock-ohne-jutebeutel\/#primaryimage","url":"https:\/\/xn--stershatte-zcb.dk\/wp-content\/uploads\/2024\/05\/Lions-Mane-Svampeblok-billede-1-scaled.jpg","contentUrl":"https:\/\/xn--stershatte-zcb.dk\/wp-content\/uploads\/2024\/05\/Lions-Mane-Svampeblok-billede-1-scaled.jpg","width":946,"height":2048},{"@type":"BreadcrumbList","@id":"https:\/\/xn--stershatte-zcb.dk\/de\/product\/angebot-loewenmaehne-pilzblock-ohne-jutebeutel\/#breadcrumb","itemListElement":[{"@type":"ListItem","position":1,"name":"Hjem","item":"https:\/\/xn--stershatte-zcb.dk\/de\/"},{"@type":"ListItem","position":2,"name":"Der Pilzladen","item":"https:\/\/xn--stershatte-zcb.dk\/de\/der-pilzladen\/"},{"@type":"ListItem","position":3,"name":"ANGEBOT L\u00f6wenm\u00e4hne &#8211; Pilzblock &#8211; Ohne Jutebeutel"}]},{"@type":"WebSite","@id":"https:\/\/xn--stershatte-zcb.dk\/de\/#website","url":"https:\/\/xn--stershatte-zcb.dk\/de\/","name":"Skyttegaardens \u00d8stershatte ApS","description":"Dyrk selv \u00f8kologiske svampe og \u00f8stershatte","publisher":{"@id":"https:\/\/xn--stershatte-zcb.dk\/de\/#organization"},"potentialAction":[{"@type":"SearchAction","target":{"@type":"EntryPoint","urlTemplate":"https:\/\/xn--stershatte-zcb.dk\/de\/?s={search_term_string}"},"query-input":{"@type":"PropertyValueSpecification","valueRequired":true,"valueName":"search_term_string"}}],"inLanguage":"de"},{"@type":"Organization","@id":"https:\/\/xn--stershatte-zcb.dk\/de\/#organization","name":"Skyttegaardens \u00d8stershatte ApS","url":"https:\/\/xn--stershatte-zcb.dk\/de\/","logo":{"@type":"ImageObject","inLanguage":"de","@id":"https:\/\/xn--stershatte-zcb.dk\/de\/#\/schema\/logo\/image\/","url":"https:\/\/xn--stershatte-zcb.dk\/wp-content\/uploads\/2023\/01\/Logo-uden-Bagrund.png","contentUrl":"https:\/\/xn--stershatte-zcb.dk\/wp-content\/uploads\/2023\/01\/Logo-uden-Bagrund.png","width":1238,"height":1210,"caption":"Skyttegaardens \u00d8stershatte ApS"},"image":{"@id":"https:\/\/xn--stershatte-zcb.dk\/de\/#\/schema\/logo\/image\/"}}]}},"_links":{"self":[{"href":"https:\/\/xn--stershatte-zcb.dk\/de\/wp-json\/wp\/v2\/product\/7514","targetHints":{"allow":["GET"]}}],"collection":[{"href":"https:\/\/xn--stershatte-zcb.dk\/de\/wp-json\/wp\/v2\/product"}],"about":[{"href":"https:\/\/xn--stershatte-zcb.dk\/de\/wp-json\/wp\/v2\/types\/product"}],"wp:featuredmedia":[{"embeddable":true,"href":"https:\/\/xn--stershatte-zcb.dk\/de\/wp-json\/wp\/v2\/media\/4196"}],"wp:attachment":[{"href":"https:\/\/xn--stershatte-zcb.dk\/de\/wp-json\/wp\/v2\/media?parent=7514"}],"wp:term":[{"taxonomy":"product_brand","embeddable":true,"href":"https:\/\/xn--stershatte-zcb.dk\/de\/wp-json\/wp\/v2\/product_brand?post=7514"},{"taxonomy":"product_cat","embeddable":true,"href":"https:\/\/xn--stershatte-zcb.dk\/de\/wp-json\/wp\/v2\/product_cat?post=7514"},{"taxonomy":"product_tag","embeddable":true,"href":"https:\/\/xn--stershatte-zcb.dk\/de\/wp-json\/wp\/v2\/product_tag?post=7514"}],"curies":[{"name":"wp","href":"https:\/\/api.w.org\/{rel}","templated":true}]}}