{"id":7515,"date":"2024-05-08T09:25:29","date_gmt":"2024-05-08T07:25:29","guid":{"rendered":"https:\/\/xn--stershatte-zcb.dk\/product\/angebot-250-g-mycelium-loewenmaehne-igelpilz\/"},"modified":"2024-05-08T09:25:29","modified_gmt":"2024-05-08T07:25:29","slug":"angebot-250-g-mycelium-loewenmaehne-igelpilz","status":"publish","type":"product","link":"https:\/\/xn--stershatte-zcb.dk\/de\/product\/angebot-250-g-mycelium-loewenmaehne-igelpilz\/","title":{"rendered":"ANGEBOT 250 g. Mycelium &#8211; L\u00f6wenm\u00e4hne (Igelpilz)"},"content":{"rendered":"<p>L\u00f6wenm\u00e4hne, oder Igelpilze, wie sie auf D\u00e4nisch hei\u00dfen, sind ein beliebter Pilz. Der Pilz hat eine feste, fleisch\u00e4hnliche Textur, wenn er richtig zubereitet wird. Er kann zum Beispiel als Schnitzel zubereitet werden, indem die Pilze in Scheiben geschnitten und paniert werden. Dann braten Sie sie in einer Pfanne in \u00d6l und Butter.   <\/p>\n<p>Sie k\u00f6nnen auch als Beilage zu fast jedem Gericht verwendet werden. Sie k\u00f6nnen auch eingelegt und konfitiert werden. <\/p>\n<p>&nbsp;<\/p>\n<p>Z\u00fcchten Sie L\u00f6wenm\u00e4hne in pasteurisierten Buchenpellets und Kr\u00fcmeln oder Kaffeesatz.<\/p>\n<p>ZUTATEN BUCHENPELLETS:<\/p>\n<p>&#8211; 700 g Buchenholzpellets<\/p>\n<p>&#8211; 150 g Buchenholzmehl<\/p>\n<p>&#8211; 150 g Kleie<\/p>\n<p>&#8211; 2 Liter Wasser<\/p>\n<p>&#8211; 50-100 g. L\u00f6wenm\u00e4hne-Myzel <\/p>\n<p>&#8211; Einen strapazierf\u00e4higen, lebensmittelechten Plastikbeutel (wir empfehlen unsere Substratbeutel) oder einen Plastikbeh\u00e4lter. Ca. 1 Liter. Zum Beispiel ein Bonbonglas.  <\/p>\n<p>&nbsp;<\/p>\n<p>Kochen Sie das Wasser auf und gie\u00dfen Sie etwa 1,8 Liter kochendes Wasser \u00fcber die Buchenpellets, die Br\u00f6sel und die Kleie. R\u00fchren Sie ein paar Mal um und lassen Sie die Mischung eine Stunde lang zugedeckt stehen. <\/p>\n<p>R\u00fchren Sie die Mischung dann erneut um. Die Mischung sollte feucht sein, so dass kein Wasser herausgepresst werden kann. Wenn die Mischung trocken erscheint, f\u00fcgen Sie die letzten 2 Deziliter Wasser hinzu.  <\/p>\n<p>Wenn die Mischung weniger als 30 Grad hat, mischen Sie das Myzel ein. F\u00fcllen Sie es dann entweder in einen Beutel oder einen Beh\u00e4lter. <\/p>\n<p>&nbsp;<\/p>\n<p>METHODE (MIT BUCHENHOLZPELLETS UND KRUME):<\/p>\n<p>1. Schneiden Sie 2-4 L\u00f6cher von ca. 3-4 cm, oder zwei lange Schnitte von ca. 6 cm. Wenn Sie einen Beh\u00e4lter verwenden, schneiden Sie je nach Gr\u00f6\u00dfe des Beh\u00e4lters 2-4 runde L\u00f6cher mit einem Durchmesser von ca. 1,0 cm in den Beh\u00e4lter. Verwenden Sie kochendes Wasser, um den Beh\u00e4lter und andere Werkzeuge zu desinfizieren.  <\/p>\n<p>2. Kleben Sie atmungsaktives Klebeband, z.B. Sportband oder Malerband, \u00fcber die L\u00f6cher.<\/p>\n<p>3. der Beutel\/Eimer muss voll sein und der Inhalt muss gut komprimiert sein. Verschlie\u00dfen Sie den Beutel oben fest oder legen Sie einen Deckel auf den Beh\u00e4lter. <\/p>\n<p>4. Es ist zu erwarten, dass das Myzel nach 2-3 Wochen die Buchenpellets durchdrungen hat und nach weiteren 1-2 Wochen die ersten Pilze zu wachsen beginnen. Seien Sie sich bewusst, dass Sie mit lebenden Organismen arbeiten, es kann also sowohl k\u00fcrzer als auch l\u00e4nger dauern. Seien Sie geduldig mit dem Projekt.  <\/p>\n<p>5. W\u00e4hrend die Pilze wachsen, sollten Sie sie t\u00e4glich mit einem Zerst\u00e4uber bespr\u00fchen, da sie sonst austrocknen k\u00f6nnen. Sie sollten auch nicht zu trocken stehen. <\/p>\n<p>&nbsp;<\/p>\n<p>&nbsp;<\/p>\n<p>&nbsp;<\/p>\n<p>ZUTATEN KAFFEESATZ:<\/p>\n<p>&#8211; Einen strapazierf\u00e4higen, lebensmittelechten Plastikbeutel (wir empfehlen unsere Substratbeutel) oder einen Plastikbeh\u00e4lter. Ca. 3 Liter. Zum Beispiel ein Bonbonglas.  <\/p>\n<p>&#8211; Ca. 125 g L\u00f6wenm\u00e4hne-Myzel. Muss im K\u00fchlschrank aufbewahrt werden. <\/p>\n<p>&#8211; Kaffeesatz, frisch und gek\u00fchlt.<\/p>\n<p>&#8211; Ein abgebr\u00fchter L\u00f6ffel oder \u00e4hnliches zum Umr\u00fchren.<\/p>\n<p>F\u00fcr beste Ergebnisse verwenden Sie Kaffeesatz aus Filterkaffee, Kapseln oder \u00e4hnlichem.<\/p>\n<p>METHODE (MIT DER FERTIGEN MENGE KAFFEESATZ &#8211; GENUG, UM IHREN BEH\u00c4LTER ZU F\u00dcLLEN):<\/p>\n<p>6. Mischen Sie den Kaffeesatz und das Myzel gr\u00fcndlich und f\u00fcllen Sie es dann in den Beutel. Schneiden Sie 3-6 L\u00f6cher von ca. 3-4 cm, oder zwei lange Schnitte von ca. 8 cm. Wenn Sie einen Beh\u00e4lter verwenden, schneiden Sie 3-6 runde L\u00f6cher mit einem Durchmesser von ca. 1,0 cm in den Beh\u00e4lter, je nach Gr\u00f6\u00dfe des Beh\u00e4lters. Verwenden Sie kochendes Wasser, um den Beh\u00e4lter und andere Werkzeuge zu desinfizieren.   <\/p>\n<p>7. Kleben Sie die L\u00f6cher mit atmungsaktivem Klebeband (z.B. Sportband oder Malerband) ab.<\/p>\n<p>8. Der Beutel\/Eimer muss voll sein und der Inhalt muss gut komprimiert sein. Verschlie\u00dfen Sie den Beutel oben fest oder legen Sie einen Deckel auf den Beh\u00e4lter. <\/p>\n<p>9. Es ist zu erwarten, dass das Myzel nach 2-3 Wochen den Kaffeesatz durchdrungen hat und nach weiteren 1-2 Wochen die ersten Pilze zu wachsen beginnen. Seien Sie sich bewusst, dass Sie mit lebenden Organismen arbeiten, es kann also sowohl k\u00fcrzer als auch l\u00e4nger dauern. Seien Sie geduldig mit dem Projekt.  <\/p>\n<p>10. W\u00e4hrend die Pilze wachsen, sollten Sie sie t\u00e4glich mit einem Zerst\u00e4uber bespr\u00fchen, da sie sonst austrocknen k\u00f6nnen. Sie sollten auch nicht zu trocken stehen. <\/p>\n<p>&nbsp;<\/p>\n<p>Gutes Pilzabenteuer<\/p>\n","protected":false},"excerpt":{"rendered":"<p>L\u00f6wenm\u00e4hne, oder Igelpilze, wie sie auf D\u00e4nisch hei\u00dfen, sind ein beliebter Pilz. Der Pilz hat eine feste, fleisch\u00e4hnliche Textur, wenn er richtig zubereitet wird. Er kann zum Beispiel als Schnitzel zubereitet werden, indem die Pilze in Scheiben geschnitten und paniert werden. Dann braten Sie sie in einer Pfanne in \u00d6l und Butter. Sie k\u00f6nnen auch &#8230; <a title=\"ANGEBOT 250 g. Mycelium &#8211; L\u00f6wenm\u00e4hne (Igelpilz)\" class=\"read-more\" href=\"https:\/\/xn--stershatte-zcb.dk\/de\/product\/angebot-250-g-mycelium-loewenmaehne-igelpilz\/\" aria-label=\"Read more about ANGEBOT 250 g. Mycelium &#8211; L\u00f6wenm\u00e4hne (Igelpilz)\">Read more<\/a><\/p>\n","protected":false},"featured_media":4040,"template":"","meta":{"_acf_changed":false},"product_brand":[],"product_cat":[106,102],"product_tag":[],"class_list":{"0":"post-7515","1":"product","2":"type-product","3":"status-publish","4":"has-post-thumbnail","6":"product_cat-loewenmaahne","7":"product_cat-mmzel","8":"sales-flash-overlay","9":"woocommerce-text-align-left","10":"woocommerce-image-align-left","12":"first","13":"instock","14":"sale","15":"taxable","16":"shipping-taxable","17":"purchasable","18":"product-type-simple"},"acf":[],"yoast_head":"<!-- This site is optimized with the Yoast SEO plugin v27.5 - https:\/\/yoast.com\/product\/yoast-seo-wordpress\/ -->\n<title>ANGEBOT 250 g. Mycelium - L\u00f6wenm\u00e4hne (Igelpilz) &#183; Skyttegaardens \u00d8stershatte ApS<\/title>\n<meta name=\"robots\" content=\"index, follow, max-snippet:-1, max-image-preview:large, max-video-preview:-1\" \/>\n<link rel=\"canonical\" href=\"https:\/\/xn--stershatte-zcb.dk\/de\/product\/angebot-250-g-mycelium-loewenmaehne-igelpilz\/\" \/>\n<meta property=\"og:locale\" content=\"de_DE\" \/>\n<meta property=\"og:type\" content=\"article\" \/>\n<meta property=\"og:title\" content=\"ANGEBOT 250 g. Mycelium - L\u00f6wenm\u00e4hne (Igelpilz) &#183; Skyttegaardens \u00d8stershatte ApS\" \/>\n<meta property=\"og:description\" content=\"L\u00f6wenm\u00e4hne, oder Igelpilze, wie sie auf D\u00e4nisch hei\u00dfen, sind ein beliebter Pilz. Der Pilz hat eine feste, fleisch\u00e4hnliche Textur, wenn er richtig zubereitet wird. Er kann zum Beispiel als Schnitzel zubereitet werden, indem die Pilze in Scheiben geschnitten und paniert werden. Dann braten Sie sie in einer Pfanne in \u00d6l und Butter. Sie k\u00f6nnen auch ... Read more\" \/>\n<meta property=\"og:url\" content=\"https:\/\/xn--stershatte-zcb.dk\/de\/product\/angebot-250-g-mycelium-loewenmaehne-igelpilz\/\" \/>\n<meta property=\"og:site_name\" content=\"Skyttegaardens \u00d8stershatte ApS\" \/>\n<meta property=\"og:image\" content=\"https:\/\/xn--stershatte-zcb.dk\/wp-content\/uploads\/2024\/05\/Lions-Mane-Mycelium-Billede2-scaled.jpg\" \/>\n\t<meta property=\"og:image:width\" content=\"946\" \/>\n\t<meta property=\"og:image:height\" content=\"2048\" \/>\n\t<meta property=\"og:image:type\" content=\"image\/jpeg\" \/>\n<meta name=\"twitter:card\" content=\"summary_large_image\" \/>\n<meta name=\"twitter:label1\" content=\"Gesch\u00e4tzte Lesezeit\" \/>\n\t<meta name=\"twitter:data1\" content=\"4\u00a0Minuten\" \/>\n<script type=\"application\/ld+json\" class=\"yoast-schema-graph\">{\"@context\":\"https:\\\/\\\/schema.org\",\"@graph\":[{\"@type\":\"WebPage\",\"@id\":\"https:\\\/\\\/xn--stershatte-zcb.dk\\\/de\\\/product\\\/angebot-250-g-mycelium-loewenmaehne-igelpilz\\\/\",\"url\":\"https:\\\/\\\/xn--stershatte-zcb.dk\\\/de\\\/product\\\/angebot-250-g-mycelium-loewenmaehne-igelpilz\\\/\",\"name\":\"ANGEBOT 250 g. Mycelium - L\u00f6wenm\u00e4hne (Igelpilz) &#183; Skyttegaardens \u00d8stershatte ApS\",\"isPartOf\":{\"@id\":\"https:\\\/\\\/xn--stershatte-zcb.dk\\\/de\\\/#website\"},\"primaryImageOfPage\":{\"@id\":\"https:\\\/\\\/xn--stershatte-zcb.dk\\\/de\\\/product\\\/angebot-250-g-mycelium-loewenmaehne-igelpilz\\\/#primaryimage\"},\"image\":{\"@id\":\"https:\\\/\\\/xn--stershatte-zcb.dk\\\/de\\\/product\\\/angebot-250-g-mycelium-loewenmaehne-igelpilz\\\/#primaryimage\"},\"thumbnailUrl\":\"https:\\\/\\\/xn--stershatte-zcb.dk\\\/wp-content\\\/uploads\\\/2024\\\/05\\\/Lions-Mane-Mycelium-Billede2-scaled.jpg\",\"datePublished\":\"2024-05-08T07:25:29+00:00\",\"breadcrumb\":{\"@id\":\"https:\\\/\\\/xn--stershatte-zcb.dk\\\/de\\\/product\\\/angebot-250-g-mycelium-loewenmaehne-igelpilz\\\/#breadcrumb\"},\"inLanguage\":\"de\",\"potentialAction\":[{\"@type\":\"ReadAction\",\"target\":[\"https:\\\/\\\/xn--stershatte-zcb.dk\\\/de\\\/product\\\/angebot-250-g-mycelium-loewenmaehne-igelpilz\\\/\"]}]},{\"@type\":\"ImageObject\",\"inLanguage\":\"de\",\"@id\":\"https:\\\/\\\/xn--stershatte-zcb.dk\\\/de\\\/product\\\/angebot-250-g-mycelium-loewenmaehne-igelpilz\\\/#primaryimage\",\"url\":\"https:\\\/\\\/xn--stershatte-zcb.dk\\\/wp-content\\\/uploads\\\/2024\\\/05\\\/Lions-Mane-Mycelium-Billede2-scaled.jpg\",\"contentUrl\":\"https:\\\/\\\/xn--stershatte-zcb.dk\\\/wp-content\\\/uploads\\\/2024\\\/05\\\/Lions-Mane-Mycelium-Billede2-scaled.jpg\",\"width\":946,\"height\":2048},{\"@type\":\"BreadcrumbList\",\"@id\":\"https:\\\/\\\/xn--stershatte-zcb.dk\\\/de\\\/product\\\/angebot-250-g-mycelium-loewenmaehne-igelpilz\\\/#breadcrumb\",\"itemListElement\":[{\"@type\":\"ListItem\",\"position\":1,\"name\":\"Hjem\",\"item\":\"https:\\\/\\\/xn--stershatte-zcb.dk\\\/de\\\/\"},{\"@type\":\"ListItem\",\"position\":2,\"name\":\"Der Pilzladen\",\"item\":\"https:\\\/\\\/xn--stershatte-zcb.dk\\\/de\\\/der-pilzladen\\\/\"},{\"@type\":\"ListItem\",\"position\":3,\"name\":\"ANGEBOT 250 g. Mycelium &#8211; L\u00f6wenm\u00e4hne (Igelpilz)\"}]},{\"@type\":\"WebSite\",\"@id\":\"https:\\\/\\\/xn--stershatte-zcb.dk\\\/de\\\/#website\",\"url\":\"https:\\\/\\\/xn--stershatte-zcb.dk\\\/de\\\/\",\"name\":\"Skyttegaardens \u00d8stershatte ApS\",\"description\":\"Dyrk selv \u00f8kologiske svampe og \u00f8stershatte\",\"publisher\":{\"@id\":\"https:\\\/\\\/xn--stershatte-zcb.dk\\\/de\\\/#organization\"},\"potentialAction\":[{\"@type\":\"SearchAction\",\"target\":{\"@type\":\"EntryPoint\",\"urlTemplate\":\"https:\\\/\\\/xn--stershatte-zcb.dk\\\/de\\\/?s={search_term_string}\"},\"query-input\":{\"@type\":\"PropertyValueSpecification\",\"valueRequired\":true,\"valueName\":\"search_term_string\"}}],\"inLanguage\":\"de\"},{\"@type\":\"Organization\",\"@id\":\"https:\\\/\\\/xn--stershatte-zcb.dk\\\/de\\\/#organization\",\"name\":\"Skyttegaardens \u00d8stershatte ApS\",\"url\":\"https:\\\/\\\/xn--stershatte-zcb.dk\\\/de\\\/\",\"logo\":{\"@type\":\"ImageObject\",\"inLanguage\":\"de\",\"@id\":\"https:\\\/\\\/xn--stershatte-zcb.dk\\\/de\\\/#\\\/schema\\\/logo\\\/image\\\/\",\"url\":\"https:\\\/\\\/xn--stershatte-zcb.dk\\\/wp-content\\\/uploads\\\/2023\\\/01\\\/Logo-uden-Bagrund.png\",\"contentUrl\":\"https:\\\/\\\/xn--stershatte-zcb.dk\\\/wp-content\\\/uploads\\\/2023\\\/01\\\/Logo-uden-Bagrund.png\",\"width\":1238,\"height\":1210,\"caption\":\"Skyttegaardens \u00d8stershatte ApS\"},\"image\":{\"@id\":\"https:\\\/\\\/xn--stershatte-zcb.dk\\\/de\\\/#\\\/schema\\\/logo\\\/image\\\/\"}}]}<\/script>\n<!-- \/ Yoast SEO plugin. -->","yoast_head_json":{"title":"ANGEBOT 250 g. Mycelium - L\u00f6wenm\u00e4hne (Igelpilz) &#183; Skyttegaardens \u00d8stershatte ApS","robots":{"index":"index","follow":"follow","max-snippet":"max-snippet:-1","max-image-preview":"max-image-preview:large","max-video-preview":"max-video-preview:-1"},"canonical":"https:\/\/xn--stershatte-zcb.dk\/de\/product\/angebot-250-g-mycelium-loewenmaehne-igelpilz\/","og_locale":"de_DE","og_type":"article","og_title":"ANGEBOT 250 g. Mycelium - L\u00f6wenm\u00e4hne (Igelpilz) &#183; Skyttegaardens \u00d8stershatte ApS","og_description":"L\u00f6wenm\u00e4hne, oder Igelpilze, wie sie auf D\u00e4nisch hei\u00dfen, sind ein beliebter Pilz. Der Pilz hat eine feste, fleisch\u00e4hnliche Textur, wenn er richtig zubereitet wird. Er kann zum Beispiel als Schnitzel zubereitet werden, indem die Pilze in Scheiben geschnitten und paniert werden. Dann braten Sie sie in einer Pfanne in \u00d6l und Butter. Sie k\u00f6nnen auch ... Read more","og_url":"https:\/\/xn--stershatte-zcb.dk\/de\/product\/angebot-250-g-mycelium-loewenmaehne-igelpilz\/","og_site_name":"Skyttegaardens \u00d8stershatte ApS","og_image":[{"width":946,"height":2048,"url":"https:\/\/xn--stershatte-zcb.dk\/wp-content\/uploads\/2024\/05\/Lions-Mane-Mycelium-Billede2-scaled.jpg","type":"image\/jpeg"}],"twitter_card":"summary_large_image","twitter_misc":{"Gesch\u00e4tzte Lesezeit":"4\u00a0Minuten"},"schema":{"@context":"https:\/\/schema.org","@graph":[{"@type":"WebPage","@id":"https:\/\/xn--stershatte-zcb.dk\/de\/product\/angebot-250-g-mycelium-loewenmaehne-igelpilz\/","url":"https:\/\/xn--stershatte-zcb.dk\/de\/product\/angebot-250-g-mycelium-loewenmaehne-igelpilz\/","name":"ANGEBOT 250 g. Mycelium - L\u00f6wenm\u00e4hne (Igelpilz) &#183; Skyttegaardens \u00d8stershatte ApS","isPartOf":{"@id":"https:\/\/xn--stershatte-zcb.dk\/de\/#website"},"primaryImageOfPage":{"@id":"https:\/\/xn--stershatte-zcb.dk\/de\/product\/angebot-250-g-mycelium-loewenmaehne-igelpilz\/#primaryimage"},"image":{"@id":"https:\/\/xn--stershatte-zcb.dk\/de\/product\/angebot-250-g-mycelium-loewenmaehne-igelpilz\/#primaryimage"},"thumbnailUrl":"https:\/\/xn--stershatte-zcb.dk\/wp-content\/uploads\/2024\/05\/Lions-Mane-Mycelium-Billede2-scaled.jpg","datePublished":"2024-05-08T07:25:29+00:00","breadcrumb":{"@id":"https:\/\/xn--stershatte-zcb.dk\/de\/product\/angebot-250-g-mycelium-loewenmaehne-igelpilz\/#breadcrumb"},"inLanguage":"de","potentialAction":[{"@type":"ReadAction","target":["https:\/\/xn--stershatte-zcb.dk\/de\/product\/angebot-250-g-mycelium-loewenmaehne-igelpilz\/"]}]},{"@type":"ImageObject","inLanguage":"de","@id":"https:\/\/xn--stershatte-zcb.dk\/de\/product\/angebot-250-g-mycelium-loewenmaehne-igelpilz\/#primaryimage","url":"https:\/\/xn--stershatte-zcb.dk\/wp-content\/uploads\/2024\/05\/Lions-Mane-Mycelium-Billede2-scaled.jpg","contentUrl":"https:\/\/xn--stershatte-zcb.dk\/wp-content\/uploads\/2024\/05\/Lions-Mane-Mycelium-Billede2-scaled.jpg","width":946,"height":2048},{"@type":"BreadcrumbList","@id":"https:\/\/xn--stershatte-zcb.dk\/de\/product\/angebot-250-g-mycelium-loewenmaehne-igelpilz\/#breadcrumb","itemListElement":[{"@type":"ListItem","position":1,"name":"Hjem","item":"https:\/\/xn--stershatte-zcb.dk\/de\/"},{"@type":"ListItem","position":2,"name":"Der Pilzladen","item":"https:\/\/xn--stershatte-zcb.dk\/de\/der-pilzladen\/"},{"@type":"ListItem","position":3,"name":"ANGEBOT 250 g. Mycelium &#8211; L\u00f6wenm\u00e4hne (Igelpilz)"}]},{"@type":"WebSite","@id":"https:\/\/xn--stershatte-zcb.dk\/de\/#website","url":"https:\/\/xn--stershatte-zcb.dk\/de\/","name":"Skyttegaardens \u00d8stershatte ApS","description":"Dyrk selv \u00f8kologiske svampe og \u00f8stershatte","publisher":{"@id":"https:\/\/xn--stershatte-zcb.dk\/de\/#organization"},"potentialAction":[{"@type":"SearchAction","target":{"@type":"EntryPoint","urlTemplate":"https:\/\/xn--stershatte-zcb.dk\/de\/?s={search_term_string}"},"query-input":{"@type":"PropertyValueSpecification","valueRequired":true,"valueName":"search_term_string"}}],"inLanguage":"de"},{"@type":"Organization","@id":"https:\/\/xn--stershatte-zcb.dk\/de\/#organization","name":"Skyttegaardens \u00d8stershatte ApS","url":"https:\/\/xn--stershatte-zcb.dk\/de\/","logo":{"@type":"ImageObject","inLanguage":"de","@id":"https:\/\/xn--stershatte-zcb.dk\/de\/#\/schema\/logo\/image\/","url":"https:\/\/xn--stershatte-zcb.dk\/wp-content\/uploads\/2023\/01\/Logo-uden-Bagrund.png","contentUrl":"https:\/\/xn--stershatte-zcb.dk\/wp-content\/uploads\/2023\/01\/Logo-uden-Bagrund.png","width":1238,"height":1210,"caption":"Skyttegaardens \u00d8stershatte ApS"},"image":{"@id":"https:\/\/xn--stershatte-zcb.dk\/de\/#\/schema\/logo\/image\/"}}]}},"_links":{"self":[{"href":"https:\/\/xn--stershatte-zcb.dk\/de\/wp-json\/wp\/v2\/product\/7515","targetHints":{"allow":["GET"]}}],"collection":[{"href":"https:\/\/xn--stershatte-zcb.dk\/de\/wp-json\/wp\/v2\/product"}],"about":[{"href":"https:\/\/xn--stershatte-zcb.dk\/de\/wp-json\/wp\/v2\/types\/product"}],"wp:featuredmedia":[{"embeddable":true,"href":"https:\/\/xn--stershatte-zcb.dk\/de\/wp-json\/wp\/v2\/media\/4040"}],"wp:attachment":[{"href":"https:\/\/xn--stershatte-zcb.dk\/de\/wp-json\/wp\/v2\/media?parent=7515"}],"wp:term":[{"taxonomy":"product_brand","embeddable":true,"href":"https:\/\/xn--stershatte-zcb.dk\/de\/wp-json\/wp\/v2\/product_brand?post=7515"},{"taxonomy":"product_cat","embeddable":true,"href":"https:\/\/xn--stershatte-zcb.dk\/de\/wp-json\/wp\/v2\/product_cat?post=7515"},{"taxonomy":"product_tag","embeddable":true,"href":"https:\/\/xn--stershatte-zcb.dk\/de\/wp-json\/wp\/v2\/product_tag?post=7515"}],"curies":[{"name":"wp","href":"https:\/\/api.w.org\/{rel}","templated":true}]}}