{"id":7525,"date":"2019-11-06T10:08:06","date_gmt":"2019-11-06T09:08:06","guid":{"rendered":"https:\/\/xn--stershatte-zcb.dk\/product\/3kg-mycelium-austernpilze-grau-braun-spoppo-sporenarm\/"},"modified":"2019-11-06T10:08:06","modified_gmt":"2019-11-06T09:08:06","slug":"3kg-mycelium-austernpilze-grau-braun-spoppo-sporenarm","status":"publish","type":"product","link":"https:\/\/xn--stershatte-zcb.dk\/de\/product\/3kg-mycelium-austernpilze-grau-braun-spoppo-sporenarm\/","title":{"rendered":"3kg. Mycelium &#8211; Austernpilze grau\/braun Spoppo (sporenarm)"},"content":{"rendered":"","protected":false},"excerpt":{"rendered":"<p data-olk-copy-source=\"MessageBody\">Der grau\/braune Austernpilz ist der klassische Austernpilz, den Sie vielleicht aus dem Supermarkt kennen. Der Austernpilz ist ein idealer Speisepilz, der in vielen verschiedenen Gerichten verwendet werden kann. <\/p>\n<p>Mit dem Austernpilzmyzel k\u00f6nnen Sie Ihre eigenen Austernpilze von Grund auf z\u00fcchten. Sie k\u00f6nnen zum Beispiel versuchen, Austernpilze in Kaffeesatz zu z\u00fcchten.  <\/p>\n","protected":false},"featured_media":2776,"template":"","meta":{"_acf_changed":false},"product_brand":[],"product_cat":[105,102],"product_tag":[],"class_list":{"0":"post-7525","1":"product","2":"type-product","3":"status-publish","4":"has-post-thumbnail","6":"product_cat-austernhuete","7":"product_cat-mmzel","8":"sales-flash-overlay","9":"woocommerce-text-align-left","10":"woocommerce-image-align-left","12":"first","13":"instock","14":"taxable","15":"shipping-taxable","16":"purchasable","17":"product-type-simple"},"acf":[],"yoast_head":"<!-- This site is optimized with the Yoast SEO plugin v27.5 - https:\/\/yoast.com\/product\/yoast-seo-wordpress\/ -->\n<title>3kg. Mycelium - Austernpilze grau\/braun Spoppo (sporenarm) &#183; Skyttegaardens \u00d8stershatte ApS<\/title>\n<meta name=\"robots\" content=\"index, follow, max-snippet:-1, max-image-preview:large, max-video-preview:-1\" \/>\n<link rel=\"canonical\" href=\"https:\/\/xn--stershatte-zcb.dk\/de\/product\/3kg-mycelium-austernpilze-grau-braun-spoppo-sporenarm\/\" \/>\n<meta property=\"og:locale\" content=\"de_DE\" \/>\n<meta property=\"og:type\" content=\"article\" \/>\n<meta property=\"og:title\" content=\"3kg. Mycelium - Austernpilze grau\/braun Spoppo (sporenarm) &#183; Skyttegaardens \u00d8stershatte ApS\" \/>\n<meta property=\"og:description\" content=\"Der grau\/braune Austernpilz ist der klassische Austernpilz, den Sie vielleicht aus dem Supermarkt kennen. Der Austernpilz ist ein idealer Speisepilz, der in vielen verschiedenen Gerichten verwendet werden kann. Mit dem Austernpilzmyzel k\u00f6nnen Sie Ihre eigenen Austernpilze von Grund auf z\u00fcchten. Sie k\u00f6nnen zum Beispiel versuchen, Austernpilze in Kaffeesatz zu z\u00fcchten.\" \/>\n<meta property=\"og:url\" content=\"https:\/\/xn--stershatte-zcb.dk\/de\/product\/3kg-mycelium-austernpilze-grau-braun-spoppo-sporenarm\/\" \/>\n<meta property=\"og:site_name\" content=\"Skyttegaardens \u00d8stershatte ApS\" \/>\n<meta property=\"og:image\" content=\"https:\/\/xn--stershatte-zcb.dk\/wp-content\/uploads\/2023\/02\/Stockphoto-680x453-1.jpg\" \/>\n\t<meta property=\"og:image:width\" content=\"680\" \/>\n\t<meta property=\"og:image:height\" content=\"453\" \/>\n\t<meta property=\"og:image:type\" content=\"image\/jpeg\" \/>\n<meta name=\"twitter:card\" content=\"summary_large_image\" \/>\n<script type=\"application\/ld+json\" class=\"yoast-schema-graph\">{\"@context\":\"https:\\\/\\\/schema.org\",\"@graph\":[{\"@type\":\"WebPage\",\"@id\":\"https:\\\/\\\/xn--stershatte-zcb.dk\\\/de\\\/product\\\/3kg-mycelium-austernpilze-grau-braun-spoppo-sporenarm\\\/\",\"url\":\"https:\\\/\\\/xn--stershatte-zcb.dk\\\/de\\\/product\\\/3kg-mycelium-austernpilze-grau-braun-spoppo-sporenarm\\\/\",\"name\":\"3kg. Mycelium - Austernpilze grau\\\/braun Spoppo (sporenarm) &#183; Skyttegaardens \u00d8stershatte ApS\",\"isPartOf\":{\"@id\":\"https:\\\/\\\/xn--stershatte-zcb.dk\\\/de\\\/#website\"},\"primaryImageOfPage\":{\"@id\":\"https:\\\/\\\/xn--stershatte-zcb.dk\\\/de\\\/product\\\/3kg-mycelium-austernpilze-grau-braun-spoppo-sporenarm\\\/#primaryimage\"},\"image\":{\"@id\":\"https:\\\/\\\/xn--stershatte-zcb.dk\\\/de\\\/product\\\/3kg-mycelium-austernpilze-grau-braun-spoppo-sporenarm\\\/#primaryimage\"},\"thumbnailUrl\":\"https:\\\/\\\/xn--stershatte-zcb.dk\\\/wp-content\\\/uploads\\\/2023\\\/02\\\/Stockphoto-680x453-1.jpg\",\"datePublished\":\"2019-11-06T09:08:06+00:00\",\"breadcrumb\":{\"@id\":\"https:\\\/\\\/xn--stershatte-zcb.dk\\\/de\\\/product\\\/3kg-mycelium-austernpilze-grau-braun-spoppo-sporenarm\\\/#breadcrumb\"},\"inLanguage\":\"de\",\"potentialAction\":[{\"@type\":\"ReadAction\",\"target\":[\"https:\\\/\\\/xn--stershatte-zcb.dk\\\/de\\\/product\\\/3kg-mycelium-austernpilze-grau-braun-spoppo-sporenarm\\\/\"]}]},{\"@type\":\"ImageObject\",\"inLanguage\":\"de\",\"@id\":\"https:\\\/\\\/xn--stershatte-zcb.dk\\\/de\\\/product\\\/3kg-mycelium-austernpilze-grau-braun-spoppo-sporenarm\\\/#primaryimage\",\"url\":\"https:\\\/\\\/xn--stershatte-zcb.dk\\\/wp-content\\\/uploads\\\/2023\\\/02\\\/Stockphoto-680x453-1.jpg\",\"contentUrl\":\"https:\\\/\\\/xn--stershatte-zcb.dk\\\/wp-content\\\/uploads\\\/2023\\\/02\\\/Stockphoto-680x453-1.jpg\",\"width\":680,\"height\":453,\"caption\":\"Pilze\"},{\"@type\":\"BreadcrumbList\",\"@id\":\"https:\\\/\\\/xn--stershatte-zcb.dk\\\/de\\\/product\\\/3kg-mycelium-austernpilze-grau-braun-spoppo-sporenarm\\\/#breadcrumb\",\"itemListElement\":[{\"@type\":\"ListItem\",\"position\":1,\"name\":\"Hjem\",\"item\":\"https:\\\/\\\/xn--stershatte-zcb.dk\\\/de\\\/\"},{\"@type\":\"ListItem\",\"position\":2,\"name\":\"Der Pilzladen\",\"item\":\"https:\\\/\\\/xn--stershatte-zcb.dk\\\/de\\\/der-pilzladen\\\/\"},{\"@type\":\"ListItem\",\"position\":3,\"name\":\"3kg. Mycelium &#8211; Austernpilze grau\\\/braun Spoppo (sporenarm)\"}]},{\"@type\":\"WebSite\",\"@id\":\"https:\\\/\\\/xn--stershatte-zcb.dk\\\/de\\\/#website\",\"url\":\"https:\\\/\\\/xn--stershatte-zcb.dk\\\/de\\\/\",\"name\":\"Skyttegaardens \u00d8stershatte ApS\",\"description\":\"Dyrk selv \u00f8kologiske svampe og \u00f8stershatte\",\"publisher\":{\"@id\":\"https:\\\/\\\/xn--stershatte-zcb.dk\\\/de\\\/#organization\"},\"potentialAction\":[{\"@type\":\"SearchAction\",\"target\":{\"@type\":\"EntryPoint\",\"urlTemplate\":\"https:\\\/\\\/xn--stershatte-zcb.dk\\\/de\\\/?s={search_term_string}\"},\"query-input\":{\"@type\":\"PropertyValueSpecification\",\"valueRequired\":true,\"valueName\":\"search_term_string\"}}],\"inLanguage\":\"de\"},{\"@type\":\"Organization\",\"@id\":\"https:\\\/\\\/xn--stershatte-zcb.dk\\\/de\\\/#organization\",\"name\":\"Skyttegaardens \u00d8stershatte ApS\",\"url\":\"https:\\\/\\\/xn--stershatte-zcb.dk\\\/de\\\/\",\"logo\":{\"@type\":\"ImageObject\",\"inLanguage\":\"de\",\"@id\":\"https:\\\/\\\/xn--stershatte-zcb.dk\\\/de\\\/#\\\/schema\\\/logo\\\/image\\\/\",\"url\":\"https:\\\/\\\/xn--stershatte-zcb.dk\\\/wp-content\\\/uploads\\\/2023\\\/01\\\/Logo-uden-Bagrund.png\",\"contentUrl\":\"https:\\\/\\\/xn--stershatte-zcb.dk\\\/wp-content\\\/uploads\\\/2023\\\/01\\\/Logo-uden-Bagrund.png\",\"width\":1238,\"height\":1210,\"caption\":\"Skyttegaardens \u00d8stershatte ApS\"},\"image\":{\"@id\":\"https:\\\/\\\/xn--stershatte-zcb.dk\\\/de\\\/#\\\/schema\\\/logo\\\/image\\\/\"}}]}<\/script>\n<!-- \/ Yoast SEO plugin. -->","yoast_head_json":{"title":"3kg. Mycelium - Austernpilze grau\/braun Spoppo (sporenarm) &#183; Skyttegaardens \u00d8stershatte ApS","robots":{"index":"index","follow":"follow","max-snippet":"max-snippet:-1","max-image-preview":"max-image-preview:large","max-video-preview":"max-video-preview:-1"},"canonical":"https:\/\/xn--stershatte-zcb.dk\/de\/product\/3kg-mycelium-austernpilze-grau-braun-spoppo-sporenarm\/","og_locale":"de_DE","og_type":"article","og_title":"3kg. Mycelium - Austernpilze grau\/braun Spoppo (sporenarm) &#183; Skyttegaardens \u00d8stershatte ApS","og_description":"Der grau\/braune Austernpilz ist der klassische Austernpilz, den Sie vielleicht aus dem Supermarkt kennen. Der Austernpilz ist ein idealer Speisepilz, der in vielen verschiedenen Gerichten verwendet werden kann. Mit dem Austernpilzmyzel k\u00f6nnen Sie Ihre eigenen Austernpilze von Grund auf z\u00fcchten. Sie k\u00f6nnen zum Beispiel versuchen, Austernpilze in Kaffeesatz zu z\u00fcchten.","og_url":"https:\/\/xn--stershatte-zcb.dk\/de\/product\/3kg-mycelium-austernpilze-grau-braun-spoppo-sporenarm\/","og_site_name":"Skyttegaardens \u00d8stershatte ApS","og_image":[{"width":680,"height":453,"url":"https:\/\/xn--stershatte-zcb.dk\/wp-content\/uploads\/2023\/02\/Stockphoto-680x453-1.jpg","type":"image\/jpeg"}],"twitter_card":"summary_large_image","schema":{"@context":"https:\/\/schema.org","@graph":[{"@type":"WebPage","@id":"https:\/\/xn--stershatte-zcb.dk\/de\/product\/3kg-mycelium-austernpilze-grau-braun-spoppo-sporenarm\/","url":"https:\/\/xn--stershatte-zcb.dk\/de\/product\/3kg-mycelium-austernpilze-grau-braun-spoppo-sporenarm\/","name":"3kg. Mycelium - Austernpilze grau\/braun Spoppo (sporenarm) &#183; Skyttegaardens \u00d8stershatte ApS","isPartOf":{"@id":"https:\/\/xn--stershatte-zcb.dk\/de\/#website"},"primaryImageOfPage":{"@id":"https:\/\/xn--stershatte-zcb.dk\/de\/product\/3kg-mycelium-austernpilze-grau-braun-spoppo-sporenarm\/#primaryimage"},"image":{"@id":"https:\/\/xn--stershatte-zcb.dk\/de\/product\/3kg-mycelium-austernpilze-grau-braun-spoppo-sporenarm\/#primaryimage"},"thumbnailUrl":"https:\/\/xn--stershatte-zcb.dk\/wp-content\/uploads\/2023\/02\/Stockphoto-680x453-1.jpg","datePublished":"2019-11-06T09:08:06+00:00","breadcrumb":{"@id":"https:\/\/xn--stershatte-zcb.dk\/de\/product\/3kg-mycelium-austernpilze-grau-braun-spoppo-sporenarm\/#breadcrumb"},"inLanguage":"de","potentialAction":[{"@type":"ReadAction","target":["https:\/\/xn--stershatte-zcb.dk\/de\/product\/3kg-mycelium-austernpilze-grau-braun-spoppo-sporenarm\/"]}]},{"@type":"ImageObject","inLanguage":"de","@id":"https:\/\/xn--stershatte-zcb.dk\/de\/product\/3kg-mycelium-austernpilze-grau-braun-spoppo-sporenarm\/#primaryimage","url":"https:\/\/xn--stershatte-zcb.dk\/wp-content\/uploads\/2023\/02\/Stockphoto-680x453-1.jpg","contentUrl":"https:\/\/xn--stershatte-zcb.dk\/wp-content\/uploads\/2023\/02\/Stockphoto-680x453-1.jpg","width":680,"height":453,"caption":"Pilze"},{"@type":"BreadcrumbList","@id":"https:\/\/xn--stershatte-zcb.dk\/de\/product\/3kg-mycelium-austernpilze-grau-braun-spoppo-sporenarm\/#breadcrumb","itemListElement":[{"@type":"ListItem","position":1,"name":"Hjem","item":"https:\/\/xn--stershatte-zcb.dk\/de\/"},{"@type":"ListItem","position":2,"name":"Der Pilzladen","item":"https:\/\/xn--stershatte-zcb.dk\/de\/der-pilzladen\/"},{"@type":"ListItem","position":3,"name":"3kg. Mycelium &#8211; Austernpilze grau\/braun Spoppo (sporenarm)"}]},{"@type":"WebSite","@id":"https:\/\/xn--stershatte-zcb.dk\/de\/#website","url":"https:\/\/xn--stershatte-zcb.dk\/de\/","name":"Skyttegaardens \u00d8stershatte ApS","description":"Dyrk selv \u00f8kologiske svampe og \u00f8stershatte","publisher":{"@id":"https:\/\/xn--stershatte-zcb.dk\/de\/#organization"},"potentialAction":[{"@type":"SearchAction","target":{"@type":"EntryPoint","urlTemplate":"https:\/\/xn--stershatte-zcb.dk\/de\/?s={search_term_string}"},"query-input":{"@type":"PropertyValueSpecification","valueRequired":true,"valueName":"search_term_string"}}],"inLanguage":"de"},{"@type":"Organization","@id":"https:\/\/xn--stershatte-zcb.dk\/de\/#organization","name":"Skyttegaardens \u00d8stershatte ApS","url":"https:\/\/xn--stershatte-zcb.dk\/de\/","logo":{"@type":"ImageObject","inLanguage":"de","@id":"https:\/\/xn--stershatte-zcb.dk\/de\/#\/schema\/logo\/image\/","url":"https:\/\/xn--stershatte-zcb.dk\/wp-content\/uploads\/2023\/01\/Logo-uden-Bagrund.png","contentUrl":"https:\/\/xn--stershatte-zcb.dk\/wp-content\/uploads\/2023\/01\/Logo-uden-Bagrund.png","width":1238,"height":1210,"caption":"Skyttegaardens \u00d8stershatte ApS"},"image":{"@id":"https:\/\/xn--stershatte-zcb.dk\/de\/#\/schema\/logo\/image\/"}}]}},"_links":{"self":[{"href":"https:\/\/xn--stershatte-zcb.dk\/de\/wp-json\/wp\/v2\/product\/7525","targetHints":{"allow":["GET"]}}],"collection":[{"href":"https:\/\/xn--stershatte-zcb.dk\/de\/wp-json\/wp\/v2\/product"}],"about":[{"href":"https:\/\/xn--stershatte-zcb.dk\/de\/wp-json\/wp\/v2\/types\/product"}],"wp:featuredmedia":[{"embeddable":true,"href":"https:\/\/xn--stershatte-zcb.dk\/de\/wp-json\/wp\/v2\/media\/2776"}],"wp:attachment":[{"href":"https:\/\/xn--stershatte-zcb.dk\/de\/wp-json\/wp\/v2\/media?parent=7525"}],"wp:term":[{"taxonomy":"product_brand","embeddable":true,"href":"https:\/\/xn--stershatte-zcb.dk\/de\/wp-json\/wp\/v2\/product_brand?post=7525"},{"taxonomy":"product_cat","embeddable":true,"href":"https:\/\/xn--stershatte-zcb.dk\/de\/wp-json\/wp\/v2\/product_cat?post=7525"},{"taxonomy":"product_tag","embeddable":true,"href":"https:\/\/xn--stershatte-zcb.dk\/de\/wp-json\/wp\/v2\/product_tag?post=7525"}],"curies":[{"name":"wp","href":"https:\/\/api.w.org\/{rel}","templated":true}]}}