{"id":7527,"date":"2019-11-06T10:12:07","date_gmt":"2019-11-06T09:12:07","guid":{"rendered":"https:\/\/xn--stershatte-zcb.dk\/product\/3-kg-mycelium-kaiserhuete\/"},"modified":"2019-11-06T10:12:07","modified_gmt":"2019-11-06T09:12:07","slug":"3-kg-mycelium-kaiserhuete","status":"publish","type":"product","link":"https:\/\/xn--stershatte-zcb.dk\/de\/product\/3-kg-mycelium-kaiserhuete\/","title":{"rendered":"3 kg. Mycelium &#8211; Kaiserh\u00fcte"},"content":{"rendered":"","protected":false},"excerpt":{"rendered":"<p>Mit diesem Beutel Engelwurz-Myzel k\u00f6nnen Sie Ihre eigene Engelwurz von Grund auf z\u00fcchten.<\/p>\n<p>Es macht Spa\u00df, zu Hause mit Pilzen zu experimentieren, zum Beispiel in Kaffeesatz.<\/p>\n<p>Lesen Sie mehr auf dieser Seite.<\/p>\n","protected":false},"featured_media":2775,"template":"","meta":{"_acf_changed":false},"product_brand":[],"product_cat":[104,102],"product_tag":[],"class_list":{"0":"post-7527","1":"product","2":"type-product","3":"status-publish","4":"has-post-thumbnail","6":"product_cat-kaiserhuete","7":"product_cat-mmzel","8":"sales-flash-overlay","9":"woocommerce-text-align-left","10":"woocommerce-image-align-left","12":"first","13":"instock","14":"taxable","15":"shipping-taxable","16":"purchasable","17":"product-type-simple"},"acf":[],"yoast_head":"<!-- This site is optimized with the Yoast SEO plugin v27.5 - https:\/\/yoast.com\/product\/yoast-seo-wordpress\/ -->\n<title>3 kg. Mycelium - Kaiserh\u00fcte &#183; Skyttegaardens \u00d8stershatte ApS<\/title>\n<meta name=\"robots\" content=\"index, follow, max-snippet:-1, max-image-preview:large, max-video-preview:-1\" \/>\n<link rel=\"canonical\" href=\"https:\/\/xn--stershatte-zcb.dk\/de\/product\/3-kg-mycelium-kaiserhuete\/\" \/>\n<meta property=\"og:locale\" content=\"de_DE\" \/>\n<meta property=\"og:type\" content=\"article\" \/>\n<meta property=\"og:title\" content=\"3 kg. Mycelium - Kaiserh\u00fcte &#183; Skyttegaardens \u00d8stershatte ApS\" \/>\n<meta property=\"og:description\" content=\"Mit diesem Beutel Engelwurz-Myzel k\u00f6nnen Sie Ihre eigene Engelwurz von Grund auf z\u00fcchten. Es macht Spa\u00df, zu Hause mit Pilzen zu experimentieren, zum Beispiel in Kaffeesatz. Lesen Sie mehr auf dieser Seite.\" \/>\n<meta property=\"og:url\" content=\"https:\/\/xn--stershatte-zcb.dk\/de\/product\/3-kg-mycelium-kaiserhuete\/\" \/>\n<meta property=\"og:site_name\" content=\"Skyttegaardens \u00d8stershatte ApS\" \/>\n<meta property=\"og:image\" content=\"https:\/\/xn--stershatte-zcb.dk\/wp-content\/uploads\/2023\/02\/kejserhatte-390x247-1.jpg\" \/>\n\t<meta property=\"og:image:width\" content=\"390\" \/>\n\t<meta property=\"og:image:height\" content=\"247\" \/>\n\t<meta property=\"og:image:type\" content=\"image\/jpeg\" \/>\n<meta name=\"twitter:card\" content=\"summary_large_image\" \/>\n<script type=\"application\/ld+json\" class=\"yoast-schema-graph\">{\"@context\":\"https:\\\/\\\/schema.org\",\"@graph\":[{\"@type\":\"WebPage\",\"@id\":\"https:\\\/\\\/xn--stershatte-zcb.dk\\\/de\\\/product\\\/3-kg-mycelium-kaiserhuete\\\/\",\"url\":\"https:\\\/\\\/xn--stershatte-zcb.dk\\\/de\\\/product\\\/3-kg-mycelium-kaiserhuete\\\/\",\"name\":\"3 kg. Mycelium - Kaiserh\u00fcte &#183; Skyttegaardens \u00d8stershatte ApS\",\"isPartOf\":{\"@id\":\"https:\\\/\\\/xn--stershatte-zcb.dk\\\/de\\\/#website\"},\"primaryImageOfPage\":{\"@id\":\"https:\\\/\\\/xn--stershatte-zcb.dk\\\/de\\\/product\\\/3-kg-mycelium-kaiserhuete\\\/#primaryimage\"},\"image\":{\"@id\":\"https:\\\/\\\/xn--stershatte-zcb.dk\\\/de\\\/product\\\/3-kg-mycelium-kaiserhuete\\\/#primaryimage\"},\"thumbnailUrl\":\"https:\\\/\\\/xn--stershatte-zcb.dk\\\/wp-content\\\/uploads\\\/2023\\\/02\\\/kejserhatte-390x247-1.jpg\",\"datePublished\":\"2019-11-06T09:12:07+00:00\",\"breadcrumb\":{\"@id\":\"https:\\\/\\\/xn--stershatte-zcb.dk\\\/de\\\/product\\\/3-kg-mycelium-kaiserhuete\\\/#breadcrumb\"},\"inLanguage\":\"de\",\"potentialAction\":[{\"@type\":\"ReadAction\",\"target\":[\"https:\\\/\\\/xn--stershatte-zcb.dk\\\/de\\\/product\\\/3-kg-mycelium-kaiserhuete\\\/\"]}]},{\"@type\":\"ImageObject\",\"inLanguage\":\"de\",\"@id\":\"https:\\\/\\\/xn--stershatte-zcb.dk\\\/de\\\/product\\\/3-kg-mycelium-kaiserhuete\\\/#primaryimage\",\"url\":\"https:\\\/\\\/xn--stershatte-zcb.dk\\\/wp-content\\\/uploads\\\/2023\\\/02\\\/kejserhatte-390x247-1.jpg\",\"contentUrl\":\"https:\\\/\\\/xn--stershatte-zcb.dk\\\/wp-content\\\/uploads\\\/2023\\\/02\\\/kejserhatte-390x247-1.jpg\",\"width\":390,\"height\":247,\"caption\":\"Viele Kaiserh\u00fcte\"},{\"@type\":\"BreadcrumbList\",\"@id\":\"https:\\\/\\\/xn--stershatte-zcb.dk\\\/de\\\/product\\\/3-kg-mycelium-kaiserhuete\\\/#breadcrumb\",\"itemListElement\":[{\"@type\":\"ListItem\",\"position\":1,\"name\":\"Hjem\",\"item\":\"https:\\\/\\\/xn--stershatte-zcb.dk\\\/de\\\/\"},{\"@type\":\"ListItem\",\"position\":2,\"name\":\"Der Pilzladen\",\"item\":\"https:\\\/\\\/xn--stershatte-zcb.dk\\\/de\\\/der-pilzladen\\\/\"},{\"@type\":\"ListItem\",\"position\":3,\"name\":\"3 kg. Mycelium &#8211; Kaiserh\u00fcte\"}]},{\"@type\":\"WebSite\",\"@id\":\"https:\\\/\\\/xn--stershatte-zcb.dk\\\/de\\\/#website\",\"url\":\"https:\\\/\\\/xn--stershatte-zcb.dk\\\/de\\\/\",\"name\":\"Skyttegaardens \u00d8stershatte ApS\",\"description\":\"Dyrk selv \u00f8kologiske svampe og \u00f8stershatte\",\"publisher\":{\"@id\":\"https:\\\/\\\/xn--stershatte-zcb.dk\\\/de\\\/#organization\"},\"potentialAction\":[{\"@type\":\"SearchAction\",\"target\":{\"@type\":\"EntryPoint\",\"urlTemplate\":\"https:\\\/\\\/xn--stershatte-zcb.dk\\\/de\\\/?s={search_term_string}\"},\"query-input\":{\"@type\":\"PropertyValueSpecification\",\"valueRequired\":true,\"valueName\":\"search_term_string\"}}],\"inLanguage\":\"de\"},{\"@type\":\"Organization\",\"@id\":\"https:\\\/\\\/xn--stershatte-zcb.dk\\\/de\\\/#organization\",\"name\":\"Skyttegaardens \u00d8stershatte ApS\",\"url\":\"https:\\\/\\\/xn--stershatte-zcb.dk\\\/de\\\/\",\"logo\":{\"@type\":\"ImageObject\",\"inLanguage\":\"de\",\"@id\":\"https:\\\/\\\/xn--stershatte-zcb.dk\\\/de\\\/#\\\/schema\\\/logo\\\/image\\\/\",\"url\":\"https:\\\/\\\/xn--stershatte-zcb.dk\\\/wp-content\\\/uploads\\\/2023\\\/01\\\/Logo-uden-Bagrund.png\",\"contentUrl\":\"https:\\\/\\\/xn--stershatte-zcb.dk\\\/wp-content\\\/uploads\\\/2023\\\/01\\\/Logo-uden-Bagrund.png\",\"width\":1238,\"height\":1210,\"caption\":\"Skyttegaardens \u00d8stershatte ApS\"},\"image\":{\"@id\":\"https:\\\/\\\/xn--stershatte-zcb.dk\\\/de\\\/#\\\/schema\\\/logo\\\/image\\\/\"}}]}<\/script>\n<!-- \/ Yoast SEO plugin. -->","yoast_head_json":{"title":"3 kg. Mycelium - Kaiserh\u00fcte &#183; Skyttegaardens \u00d8stershatte ApS","robots":{"index":"index","follow":"follow","max-snippet":"max-snippet:-1","max-image-preview":"max-image-preview:large","max-video-preview":"max-video-preview:-1"},"canonical":"https:\/\/xn--stershatte-zcb.dk\/de\/product\/3-kg-mycelium-kaiserhuete\/","og_locale":"de_DE","og_type":"article","og_title":"3 kg. Mycelium - Kaiserh\u00fcte &#183; Skyttegaardens \u00d8stershatte ApS","og_description":"Mit diesem Beutel Engelwurz-Myzel k\u00f6nnen Sie Ihre eigene Engelwurz von Grund auf z\u00fcchten. Es macht Spa\u00df, zu Hause mit Pilzen zu experimentieren, zum Beispiel in Kaffeesatz. Lesen Sie mehr auf dieser Seite.","og_url":"https:\/\/xn--stershatte-zcb.dk\/de\/product\/3-kg-mycelium-kaiserhuete\/","og_site_name":"Skyttegaardens \u00d8stershatte ApS","og_image":[{"width":390,"height":247,"url":"https:\/\/xn--stershatte-zcb.dk\/wp-content\/uploads\/2023\/02\/kejserhatte-390x247-1.jpg","type":"image\/jpeg"}],"twitter_card":"summary_large_image","schema":{"@context":"https:\/\/schema.org","@graph":[{"@type":"WebPage","@id":"https:\/\/xn--stershatte-zcb.dk\/de\/product\/3-kg-mycelium-kaiserhuete\/","url":"https:\/\/xn--stershatte-zcb.dk\/de\/product\/3-kg-mycelium-kaiserhuete\/","name":"3 kg. Mycelium - Kaiserh\u00fcte &#183; Skyttegaardens \u00d8stershatte ApS","isPartOf":{"@id":"https:\/\/xn--stershatte-zcb.dk\/de\/#website"},"primaryImageOfPage":{"@id":"https:\/\/xn--stershatte-zcb.dk\/de\/product\/3-kg-mycelium-kaiserhuete\/#primaryimage"},"image":{"@id":"https:\/\/xn--stershatte-zcb.dk\/de\/product\/3-kg-mycelium-kaiserhuete\/#primaryimage"},"thumbnailUrl":"https:\/\/xn--stershatte-zcb.dk\/wp-content\/uploads\/2023\/02\/kejserhatte-390x247-1.jpg","datePublished":"2019-11-06T09:12:07+00:00","breadcrumb":{"@id":"https:\/\/xn--stershatte-zcb.dk\/de\/product\/3-kg-mycelium-kaiserhuete\/#breadcrumb"},"inLanguage":"de","potentialAction":[{"@type":"ReadAction","target":["https:\/\/xn--stershatte-zcb.dk\/de\/product\/3-kg-mycelium-kaiserhuete\/"]}]},{"@type":"ImageObject","inLanguage":"de","@id":"https:\/\/xn--stershatte-zcb.dk\/de\/product\/3-kg-mycelium-kaiserhuete\/#primaryimage","url":"https:\/\/xn--stershatte-zcb.dk\/wp-content\/uploads\/2023\/02\/kejserhatte-390x247-1.jpg","contentUrl":"https:\/\/xn--stershatte-zcb.dk\/wp-content\/uploads\/2023\/02\/kejserhatte-390x247-1.jpg","width":390,"height":247,"caption":"Viele Kaiserh\u00fcte"},{"@type":"BreadcrumbList","@id":"https:\/\/xn--stershatte-zcb.dk\/de\/product\/3-kg-mycelium-kaiserhuete\/#breadcrumb","itemListElement":[{"@type":"ListItem","position":1,"name":"Hjem","item":"https:\/\/xn--stershatte-zcb.dk\/de\/"},{"@type":"ListItem","position":2,"name":"Der Pilzladen","item":"https:\/\/xn--stershatte-zcb.dk\/de\/der-pilzladen\/"},{"@type":"ListItem","position":3,"name":"3 kg. Mycelium &#8211; Kaiserh\u00fcte"}]},{"@type":"WebSite","@id":"https:\/\/xn--stershatte-zcb.dk\/de\/#website","url":"https:\/\/xn--stershatte-zcb.dk\/de\/","name":"Skyttegaardens \u00d8stershatte ApS","description":"Dyrk selv \u00f8kologiske svampe og \u00f8stershatte","publisher":{"@id":"https:\/\/xn--stershatte-zcb.dk\/de\/#organization"},"potentialAction":[{"@type":"SearchAction","target":{"@type":"EntryPoint","urlTemplate":"https:\/\/xn--stershatte-zcb.dk\/de\/?s={search_term_string}"},"query-input":{"@type":"PropertyValueSpecification","valueRequired":true,"valueName":"search_term_string"}}],"inLanguage":"de"},{"@type":"Organization","@id":"https:\/\/xn--stershatte-zcb.dk\/de\/#organization","name":"Skyttegaardens \u00d8stershatte ApS","url":"https:\/\/xn--stershatte-zcb.dk\/de\/","logo":{"@type":"ImageObject","inLanguage":"de","@id":"https:\/\/xn--stershatte-zcb.dk\/de\/#\/schema\/logo\/image\/","url":"https:\/\/xn--stershatte-zcb.dk\/wp-content\/uploads\/2023\/01\/Logo-uden-Bagrund.png","contentUrl":"https:\/\/xn--stershatte-zcb.dk\/wp-content\/uploads\/2023\/01\/Logo-uden-Bagrund.png","width":1238,"height":1210,"caption":"Skyttegaardens \u00d8stershatte ApS"},"image":{"@id":"https:\/\/xn--stershatte-zcb.dk\/de\/#\/schema\/logo\/image\/"}}]}},"_links":{"self":[{"href":"https:\/\/xn--stershatte-zcb.dk\/de\/wp-json\/wp\/v2\/product\/7527","targetHints":{"allow":["GET"]}}],"collection":[{"href":"https:\/\/xn--stershatte-zcb.dk\/de\/wp-json\/wp\/v2\/product"}],"about":[{"href":"https:\/\/xn--stershatte-zcb.dk\/de\/wp-json\/wp\/v2\/types\/product"}],"wp:featuredmedia":[{"embeddable":true,"href":"https:\/\/xn--stershatte-zcb.dk\/de\/wp-json\/wp\/v2\/media\/2775"}],"wp:attachment":[{"href":"https:\/\/xn--stershatte-zcb.dk\/de\/wp-json\/wp\/v2\/media?parent=7527"}],"wp:term":[{"taxonomy":"product_brand","embeddable":true,"href":"https:\/\/xn--stershatte-zcb.dk\/de\/wp-json\/wp\/v2\/product_brand?post=7527"},{"taxonomy":"product_cat","embeddable":true,"href":"https:\/\/xn--stershatte-zcb.dk\/de\/wp-json\/wp\/v2\/product_cat?post=7527"},{"taxonomy":"product_tag","embeddable":true,"href":"https:\/\/xn--stershatte-zcb.dk\/de\/wp-json\/wp\/v2\/product_tag?post=7527"}],"curies":[{"name":"wp","href":"https:\/\/api.w.org\/{rel}","templated":true}]}}