{"id":7529,"date":"2019-09-25T09:32:37","date_gmt":"2019-09-25T07:32:37","guid":{"rendered":"https:\/\/xn--stershatte-zcb.dk\/product\/3kg-myzel-austernpilze-gewoehnlich-grau-braun-setzt-sporen\/"},"modified":"2019-09-25T09:32:37","modified_gmt":"2019-09-25T07:32:37","slug":"3kg-myzel-austernpilze-gewoehnlich-grau-braun-setzt-sporen","status":"publish","type":"product","link":"https:\/\/xn--stershatte-zcb.dk\/de\/product\/3kg-myzel-austernpilze-gewoehnlich-grau-braun-setzt-sporen\/","title":{"rendered":"3kg. Myzel &#8211; Austernpilze Gew\u00f6hnlich grau\/braun (setzt Sporen)"},"content":{"rendered":"<p>Sind Sie an der Zucht von Austernpilzen interessiert?<\/p>\n<p>Mit diesem Beutel mit Myzel k\u00f6nnen Sie Ihre eigenen Austernpilze von Grund auf z\u00fcchten.<\/p>\n<p>Austernpilze schmecken k\u00f6stlich und sind f\u00fcr ihre fleischige Textur bekannt. Er ist auch etwas fester als der \u00fcbliche Champignon und h\u00e4lt daher seine Form beim Kochen etwas besser. In der Natur w\u00e4chst er gerne auf toten oder absterbenden Laubb\u00e4umen. Mit diesem Myzel haben Sie die M\u00f6glichkeit, ihn selbst zu z\u00fcchten und diesen k\u00f6stlichen Speisepilz zu Hause zu genie\u00dfen.   <\/p>\n<p>Austernpilze schmecken hervorragend in Butter gebraten und auf Brot, zu Pilzrisotto und in Nudelgerichten.<\/p>\n<p>Austernpilze sollten in einem luftdichten Beh\u00e4lter im K\u00fchlschrank aufbewahrt werden und halten sich normalerweise 10-14 Tage. Sie k\u00f6nnen auch ged\u00fcnstet und eingefroren werden. <\/p>\n<p>M\u00f6chten Sie versuchen, Austernpilze zu z\u00fcchten? Sie k\u00f6nnen dies mit einer Vielzahl von Materialien tun. Wir haben Anleitungen f\u00fcr Kaffeesatz hier, Baumst\u00e4mme oder Baumst\u00fcmpfe hier und Stroh hier.  <\/p>\n<p>Sie k\u00f6nnen auch auf dieser Seite weiterlesen, wo wir die Zucht von Austernpilzen in Kaffeesatz beschreiben.<\/p>\n<p>Sind Sie \u00fcberw\u00e4ltigt davon, Pilze von Grund auf zu z\u00fcchten? Sehen Sie sich unsere Pilztasche an, in der wir die harte Arbeit erledigt haben! <\/p>\n<p>WIE MAN AUSTERNPILZE IM KAFFEESATZ Z\u00dcCHTET<\/p>\n<p>ZUTATEN:<\/p>\n<p>Ein sauberer Plastikeimer mit Deckel oder eine Plastikt\u00fcte. Ca. 2,0 &#8211; 2,5 Liter.  Ca. 100 g Austernpilzmyzel. Muss im K\u00fchlschrank aufbewahrt werden.  Kaffeesatz, frisch und gek\u00fchlt. Einen L\u00f6ffel, um die Mischung umzur\u00fchren. Tipp. Wir haben die besten Ergebnisse mit Kaffeesatz aus Filterkaffee, Kolbenkannen oder \u00e4hnlichem erzielt. Kaffeesatz aus einer Espressomaschine kann sehr trocken sein.    <\/p>\n<p>METHODE (MIT DER FERTIGEN MENGE KAFFEESATZ &#8211; GENUG, UM IHREN BEH\u00c4LTER ZU F\u00dcLLEN):<\/p>\n<p>Schneiden Sie 2-4 runde L\u00f6cher mit einem Durchmesser von ca. 1,0 cm in den Beh\u00e4lter, je nach Gr\u00f6\u00dfe des Beh\u00e4lters. Desinfizieren Sie den Beh\u00e4lter und andere Werkzeuge mit kochendem Wasser. Wenn Sie einen Beutel verwenden, k\u00f6nnen Sie 1-2 cm lange Rillen schneiden und die Desinfektion \u00fcberspringen. Kleben Sie die L\u00f6cher mit atmungsaktivem Klebeband, wie z.B. Sportband oder Malerband, ab. Mischen Sie den Kaffeesatz und das Myzel gr\u00fcndlich in dem Beh\u00e4lter. Der Beutel\/Eimer muss voll sein und der Inhalt gut verdichtet werden. Setzen Sie einen Deckel auf den Eimer oder verschlie\u00dfen Sie den Beutel oben fest.       Nach 2-3 Wochen wird das Myzel den Kaffeesatz durchdrungen haben und nach weiteren 1-2 Wochen beginnen die ersten Pilze zu wachsen. Wenn die Pilze wachsen, ist es eine gute Idee, sie t\u00e4glich mit einem Zerst\u00e4uber zu bespr\u00fchen, sonst k\u00f6nnen sie <\/p>\n<p>Trocknen Sie aus. METHODE (MIT Flie\u00dfendem Kaffeesatz): Schneiden Sie 2-4 runde L\u00f6cher von ca. 1,0 cm Durchmesser in den Beh\u00e4lter, je nach Gr\u00f6\u00dfe des Beh\u00e4lters. Desinfizieren Sie den Beh\u00e4lter und andere Utensilien mit kochendem Wasser. Wenn Sie einen Beutel verwenden, k\u00f6nnen Sie 1-2 cm lange Rillen schneiden und die Desinfektion auslassen.    Wickeln Sie atmungsaktives Klebeband wie Sport- oder Malerband \u00fcber die L\u00f6cher. Mischen Sie die erste Schicht frischen und abgek\u00fchlten Kaffeesatzes mit Myzel &#8211; etwa einen Essl\u00f6ffel Myzel f\u00fcr einen halb gef\u00fcllten Kaffeefilter. Zerbr\u00f6seln Sie das Myzel mit den Fingern, wenn es zusammengewachsen ist. Denken Sie daran, dass Sie nur etwa 100 Gramm Myzel f\u00fcr 2 Liter Kaffeesatz ben\u00f6tigen.    R\u00fchren Sie die Mischung mit einem L\u00f6ffel um und schlie\u00dfen Sie den Beh\u00e4lter. Warten Sie, bis das Myzel w\u00e4chst und die Mischung wei\u00df und flauschig wird, und f\u00fcgen Sie dann mehr Kaffeesatz und Myzel hinzu. Mischen Sie die neue Mischung nicht mit der alten Mischung, sondern geben Sie sie einfach oben drauf, wenn Sie die neue Mischung hinzuf\u00fcgen. Es wird sich nach und nach vermischen.    Fahren Sie mit diesem Vorgang fort, bis der Eimer oder Beutel voll ist. Setzen Sie den Deckel auf den Eimer oder verschlie\u00dfen Sie den Beutel oben fest und entfernen Sie das Klebeband von den L\u00f6chern, damit die Pilze leicht herauskommen k\u00f6nnen. Nach 1-2 Wochen werden die Pilze anfangen zu wachsen. <\/p>\n<p>Mycelium LIFE:<\/p>\n<p>Die Pilze werden in &#8222;Erbrochenem&#8220; geliefert. Wie viel Erbrochenes Sie erhalten, h\u00e4ngt vom N\u00e4hrstoffgehalt des Kaffeesatzes und der Gr\u00f6\u00dfe des Beh\u00e4lters ab. <\/p>\n<p>Luftfeuchtigkeit. Austernpilze m\u00f6gen eine relativ hohe Luftfeuchtigkeit. Sie k\u00f6nnen mit einem Zerst\u00e4uber kontinuierlich Wasser um die Pilze herum spr\u00fchen, am besten t\u00e4glich. Dies hilft, sie vor dem Austrocknen zu bewahren. Wenn die Pilze anfangen, d\u00fcnn zu werden und sich zu &#8217;strecken&#8216;, bedeutet dies, dass sie trocken sind. Wenn m\u00f6glich, k\u00f6nnen Sie den Beuteleimer in ein gr\u00f6\u00dferes Gef\u00e4\u00df mit einer nassen Zeitung oder \u00c4hnlichem am Boden stellen.     <\/p>\n<p>Temperatur. Pilze wachsen am besten bei etwa 18 Grad. Sie sterben nicht bei h\u00f6heren oder niedrigeren Temperaturen, sondern halten gerne Winterschlaf.  <\/p>\n<p>Reifegrad. Pilze sind reif und bereit zum Pfl\u00fccken, wenn sie an den R\u00e4ndern hell und &#8222;scharf&#8220; werden. Wenn sich die R\u00e4nder nach oben biegen, bedeutet dies in der Regel auch, dass sie zum Pfl\u00fccken bereit sind.  <\/p>\n<p>Haben Sie Geduld. Je nach Temperatur und Luftfeuchtigkeit gibt der Eimer\/Beutel 1-3 Mal Schw\u00e4mme ab. Zwischen jedem &#8222;Ausbruch&#8220; macht er eine Pause, also haben Sie Geduld.  <\/p>\n<p>Tipp. Sie k\u00f6nnen die Mischung nach dem Sauerteigprinzip &#8218;f\u00fcttern&#8216; &#8211; schneiden Sie einen Teil der Kultur ab und f\u00fcttern Sie sie in einem neuen Beh\u00e4lter mit Kaffeesatz weiter. <\/p>\n<p>Extra-Tipp! Sie k\u00f6nnen versuchen, Ihre Austernpilzkultur mit einem Temperaturschock zu behandeln, wenn keine Pilze erscheinen. Legen Sie sie f\u00fcr ein oder zwei Tage in den K\u00fchlschrank &#8211; das kann die Mischung in Gang bringen.  <\/p>\n<p>Wir lieben es, Pilze zu z\u00fcchten und wir verfolgen gerne Ihre Projekte zu Hause. Wenn Sie Ihre Projekte mit uns teilen m\u00f6chten, k\u00f6nnen Sie der Facebook-Gruppe Mushroom Growers Community beitreten. Sie k\u00f6nnen uns auch gerne kontaktieren, wenn Sie irgendwelche Fragen haben.  <\/p>\n","protected":false},"excerpt":{"rendered":"<p>Sind Sie an der Zucht von Austernpilzen interessiert? Mit diesem Beutel mit Myzel k\u00f6nnen Sie Ihre eigenen Austernpilze von Grund auf z\u00fcchten. Austernpilze schmecken k\u00f6stlich und sind f\u00fcr ihre fleischige Textur bekannt. Er ist auch etwas fester als der \u00fcbliche Champignon und h\u00e4lt daher seine Form beim Kochen etwas besser. In der Natur w\u00e4chst er &#8230; <a title=\"3kg. Myzel &#8211; Austernpilze Gew\u00f6hnlich grau\/braun (setzt Sporen)\" class=\"read-more\" href=\"https:\/\/xn--stershatte-zcb.dk\/de\/product\/3kg-myzel-austernpilze-gewoehnlich-grau-braun-setzt-sporen\/\" aria-label=\"Read more about 3kg. Myzel &#8211; Austernpilze Gew\u00f6hnlich grau\/braun (setzt Sporen)\">Read more<\/a><\/p>\n","protected":false},"featured_media":6226,"template":"","meta":{"_acf_changed":false},"product_brand":[],"product_cat":[105,102],"product_tag":[],"class_list":{"0":"post-7529","1":"product","2":"type-product","3":"status-publish","4":"has-post-thumbnail","6":"product_cat-austernhuete","7":"product_cat-mmzel","8":"sales-flash-overlay","9":"woocommerce-text-align-left","10":"woocommerce-image-align-left","12":"first","13":"instock","14":"taxable","15":"shipping-taxable","16":"purchasable","17":"product-type-simple"},"acf":[],"yoast_head":"<!-- This site is optimized with the Yoast SEO plugin v27.5 - https:\/\/yoast.com\/product\/yoast-seo-wordpress\/ -->\n<title>3kg. Myzel - Austernpilze Gew\u00f6hnlich grau\/braun (setzt Sporen) &#183; Skyttegaardens \u00d8stershatte ApS<\/title>\n<meta name=\"robots\" content=\"index, follow, max-snippet:-1, max-image-preview:large, max-video-preview:-1\" \/>\n<link rel=\"canonical\" href=\"https:\/\/xn--stershatte-zcb.dk\/de\/product\/3kg-myzel-austernpilze-gewoehnlich-grau-braun-setzt-sporen\/\" \/>\n<meta property=\"og:locale\" content=\"de_DE\" \/>\n<meta property=\"og:type\" content=\"article\" \/>\n<meta property=\"og:title\" content=\"3kg. Myzel - Austernpilze Gew\u00f6hnlich grau\/braun (setzt Sporen) &#183; Skyttegaardens \u00d8stershatte ApS\" \/>\n<meta property=\"og:description\" content=\"Sind Sie an der Zucht von Austernpilzen interessiert? Mit diesem Beutel mit Myzel k\u00f6nnen Sie Ihre eigenen Austernpilze von Grund auf z\u00fcchten. Austernpilze schmecken k\u00f6stlich und sind f\u00fcr ihre fleischige Textur bekannt. Er ist auch etwas fester als der \u00fcbliche Champignon und h\u00e4lt daher seine Form beim Kochen etwas besser. In der Natur w\u00e4chst er ... Read more\" \/>\n<meta property=\"og:url\" content=\"https:\/\/xn--stershatte-zcb.dk\/de\/product\/3kg-myzel-austernpilze-gewoehnlich-grau-braun-setzt-sporen\/\" \/>\n<meta property=\"og:site_name\" content=\"Skyttegaardens \u00d8stershatte ApS\" \/>\n<meta property=\"og:image\" content=\"https:\/\/xn--stershatte-zcb.dk\/wp-content\/uploads\/2025\/09\/brun-mycelium-med-spore.jpeg\" \/>\n\t<meta property=\"og:image:width\" content=\"1500\" \/>\n\t<meta property=\"og:image:height\" content=\"1125\" \/>\n\t<meta property=\"og:image:type\" content=\"image\/jpeg\" \/>\n<meta name=\"twitter:card\" content=\"summary_large_image\" \/>\n<meta name=\"twitter:label1\" content=\"Gesch\u00e4tzte Lesezeit\" \/>\n\t<meta name=\"twitter:data1\" content=\"5\u00a0Minuten\" \/>\n<script type=\"application\/ld+json\" class=\"yoast-schema-graph\">{\"@context\":\"https:\\\/\\\/schema.org\",\"@graph\":[{\"@type\":\"WebPage\",\"@id\":\"https:\\\/\\\/xn--stershatte-zcb.dk\\\/de\\\/product\\\/3kg-myzel-austernpilze-gewoehnlich-grau-braun-setzt-sporen\\\/\",\"url\":\"https:\\\/\\\/xn--stershatte-zcb.dk\\\/de\\\/product\\\/3kg-myzel-austernpilze-gewoehnlich-grau-braun-setzt-sporen\\\/\",\"name\":\"3kg. Myzel - Austernpilze Gew\u00f6hnlich grau\\\/braun (setzt Sporen) &#183; Skyttegaardens \u00d8stershatte ApS\",\"isPartOf\":{\"@id\":\"https:\\\/\\\/xn--stershatte-zcb.dk\\\/de\\\/#website\"},\"primaryImageOfPage\":{\"@id\":\"https:\\\/\\\/xn--stershatte-zcb.dk\\\/de\\\/product\\\/3kg-myzel-austernpilze-gewoehnlich-grau-braun-setzt-sporen\\\/#primaryimage\"},\"image\":{\"@id\":\"https:\\\/\\\/xn--stershatte-zcb.dk\\\/de\\\/product\\\/3kg-myzel-austernpilze-gewoehnlich-grau-braun-setzt-sporen\\\/#primaryimage\"},\"thumbnailUrl\":\"https:\\\/\\\/xn--stershatte-zcb.dk\\\/wp-content\\\/uploads\\\/2025\\\/09\\\/brun-mycelium-med-spore.jpeg\",\"datePublished\":\"2019-09-25T07:32:37+00:00\",\"breadcrumb\":{\"@id\":\"https:\\\/\\\/xn--stershatte-zcb.dk\\\/de\\\/product\\\/3kg-myzel-austernpilze-gewoehnlich-grau-braun-setzt-sporen\\\/#breadcrumb\"},\"inLanguage\":\"de\",\"potentialAction\":[{\"@type\":\"ReadAction\",\"target\":[\"https:\\\/\\\/xn--stershatte-zcb.dk\\\/de\\\/product\\\/3kg-myzel-austernpilze-gewoehnlich-grau-braun-setzt-sporen\\\/\"]}]},{\"@type\":\"ImageObject\",\"inLanguage\":\"de\",\"@id\":\"https:\\\/\\\/xn--stershatte-zcb.dk\\\/de\\\/product\\\/3kg-myzel-austernpilze-gewoehnlich-grau-braun-setzt-sporen\\\/#primaryimage\",\"url\":\"https:\\\/\\\/xn--stershatte-zcb.dk\\\/wp-content\\\/uploads\\\/2025\\\/09\\\/brun-mycelium-med-spore.jpeg\",\"contentUrl\":\"https:\\\/\\\/xn--stershatte-zcb.dk\\\/wp-content\\\/uploads\\\/2025\\\/09\\\/brun-mycelium-med-spore.jpeg\",\"width\":1500,\"height\":1125},{\"@type\":\"BreadcrumbList\",\"@id\":\"https:\\\/\\\/xn--stershatte-zcb.dk\\\/de\\\/product\\\/3kg-myzel-austernpilze-gewoehnlich-grau-braun-setzt-sporen\\\/#breadcrumb\",\"itemListElement\":[{\"@type\":\"ListItem\",\"position\":1,\"name\":\"Hjem\",\"item\":\"https:\\\/\\\/xn--stershatte-zcb.dk\\\/de\\\/\"},{\"@type\":\"ListItem\",\"position\":2,\"name\":\"Der Pilzladen\",\"item\":\"https:\\\/\\\/xn--stershatte-zcb.dk\\\/de\\\/der-pilzladen\\\/\"},{\"@type\":\"ListItem\",\"position\":3,\"name\":\"3kg. Myzel &#8211; Austernpilze Gew\u00f6hnlich grau\\\/braun (setzt Sporen)\"}]},{\"@type\":\"WebSite\",\"@id\":\"https:\\\/\\\/xn--stershatte-zcb.dk\\\/de\\\/#website\",\"url\":\"https:\\\/\\\/xn--stershatte-zcb.dk\\\/de\\\/\",\"name\":\"Skyttegaardens \u00d8stershatte ApS\",\"description\":\"Dyrk selv \u00f8kologiske svampe og \u00f8stershatte\",\"publisher\":{\"@id\":\"https:\\\/\\\/xn--stershatte-zcb.dk\\\/de\\\/#organization\"},\"potentialAction\":[{\"@type\":\"SearchAction\",\"target\":{\"@type\":\"EntryPoint\",\"urlTemplate\":\"https:\\\/\\\/xn--stershatte-zcb.dk\\\/de\\\/?s={search_term_string}\"},\"query-input\":{\"@type\":\"PropertyValueSpecification\",\"valueRequired\":true,\"valueName\":\"search_term_string\"}}],\"inLanguage\":\"de\"},{\"@type\":\"Organization\",\"@id\":\"https:\\\/\\\/xn--stershatte-zcb.dk\\\/de\\\/#organization\",\"name\":\"Skyttegaardens \u00d8stershatte ApS\",\"url\":\"https:\\\/\\\/xn--stershatte-zcb.dk\\\/de\\\/\",\"logo\":{\"@type\":\"ImageObject\",\"inLanguage\":\"de\",\"@id\":\"https:\\\/\\\/xn--stershatte-zcb.dk\\\/de\\\/#\\\/schema\\\/logo\\\/image\\\/\",\"url\":\"https:\\\/\\\/xn--stershatte-zcb.dk\\\/wp-content\\\/uploads\\\/2023\\\/01\\\/Logo-uden-Bagrund.png\",\"contentUrl\":\"https:\\\/\\\/xn--stershatte-zcb.dk\\\/wp-content\\\/uploads\\\/2023\\\/01\\\/Logo-uden-Bagrund.png\",\"width\":1238,\"height\":1210,\"caption\":\"Skyttegaardens \u00d8stershatte ApS\"},\"image\":{\"@id\":\"https:\\\/\\\/xn--stershatte-zcb.dk\\\/de\\\/#\\\/schema\\\/logo\\\/image\\\/\"}}]}<\/script>\n<!-- \/ Yoast SEO plugin. -->","yoast_head_json":{"title":"3kg. Myzel - Austernpilze Gew\u00f6hnlich grau\/braun (setzt Sporen) &#183; Skyttegaardens \u00d8stershatte ApS","robots":{"index":"index","follow":"follow","max-snippet":"max-snippet:-1","max-image-preview":"max-image-preview:large","max-video-preview":"max-video-preview:-1"},"canonical":"https:\/\/xn--stershatte-zcb.dk\/de\/product\/3kg-myzel-austernpilze-gewoehnlich-grau-braun-setzt-sporen\/","og_locale":"de_DE","og_type":"article","og_title":"3kg. Myzel - Austernpilze Gew\u00f6hnlich grau\/braun (setzt Sporen) &#183; Skyttegaardens \u00d8stershatte ApS","og_description":"Sind Sie an der Zucht von Austernpilzen interessiert? Mit diesem Beutel mit Myzel k\u00f6nnen Sie Ihre eigenen Austernpilze von Grund auf z\u00fcchten. Austernpilze schmecken k\u00f6stlich und sind f\u00fcr ihre fleischige Textur bekannt. Er ist auch etwas fester als der \u00fcbliche Champignon und h\u00e4lt daher seine Form beim Kochen etwas besser. In der Natur w\u00e4chst er ... Read more","og_url":"https:\/\/xn--stershatte-zcb.dk\/de\/product\/3kg-myzel-austernpilze-gewoehnlich-grau-braun-setzt-sporen\/","og_site_name":"Skyttegaardens \u00d8stershatte ApS","og_image":[{"width":1500,"height":1125,"url":"https:\/\/xn--stershatte-zcb.dk\/wp-content\/uploads\/2025\/09\/brun-mycelium-med-spore.jpeg","type":"image\/jpeg"}],"twitter_card":"summary_large_image","twitter_misc":{"Gesch\u00e4tzte Lesezeit":"5\u00a0Minuten"},"schema":{"@context":"https:\/\/schema.org","@graph":[{"@type":"WebPage","@id":"https:\/\/xn--stershatte-zcb.dk\/de\/product\/3kg-myzel-austernpilze-gewoehnlich-grau-braun-setzt-sporen\/","url":"https:\/\/xn--stershatte-zcb.dk\/de\/product\/3kg-myzel-austernpilze-gewoehnlich-grau-braun-setzt-sporen\/","name":"3kg. Myzel - Austernpilze Gew\u00f6hnlich grau\/braun (setzt Sporen) &#183; Skyttegaardens \u00d8stershatte ApS","isPartOf":{"@id":"https:\/\/xn--stershatte-zcb.dk\/de\/#website"},"primaryImageOfPage":{"@id":"https:\/\/xn--stershatte-zcb.dk\/de\/product\/3kg-myzel-austernpilze-gewoehnlich-grau-braun-setzt-sporen\/#primaryimage"},"image":{"@id":"https:\/\/xn--stershatte-zcb.dk\/de\/product\/3kg-myzel-austernpilze-gewoehnlich-grau-braun-setzt-sporen\/#primaryimage"},"thumbnailUrl":"https:\/\/xn--stershatte-zcb.dk\/wp-content\/uploads\/2025\/09\/brun-mycelium-med-spore.jpeg","datePublished":"2019-09-25T07:32:37+00:00","breadcrumb":{"@id":"https:\/\/xn--stershatte-zcb.dk\/de\/product\/3kg-myzel-austernpilze-gewoehnlich-grau-braun-setzt-sporen\/#breadcrumb"},"inLanguage":"de","potentialAction":[{"@type":"ReadAction","target":["https:\/\/xn--stershatte-zcb.dk\/de\/product\/3kg-myzel-austernpilze-gewoehnlich-grau-braun-setzt-sporen\/"]}]},{"@type":"ImageObject","inLanguage":"de","@id":"https:\/\/xn--stershatte-zcb.dk\/de\/product\/3kg-myzel-austernpilze-gewoehnlich-grau-braun-setzt-sporen\/#primaryimage","url":"https:\/\/xn--stershatte-zcb.dk\/wp-content\/uploads\/2025\/09\/brun-mycelium-med-spore.jpeg","contentUrl":"https:\/\/xn--stershatte-zcb.dk\/wp-content\/uploads\/2025\/09\/brun-mycelium-med-spore.jpeg","width":1500,"height":1125},{"@type":"BreadcrumbList","@id":"https:\/\/xn--stershatte-zcb.dk\/de\/product\/3kg-myzel-austernpilze-gewoehnlich-grau-braun-setzt-sporen\/#breadcrumb","itemListElement":[{"@type":"ListItem","position":1,"name":"Hjem","item":"https:\/\/xn--stershatte-zcb.dk\/de\/"},{"@type":"ListItem","position":2,"name":"Der Pilzladen","item":"https:\/\/xn--stershatte-zcb.dk\/de\/der-pilzladen\/"},{"@type":"ListItem","position":3,"name":"3kg. Myzel &#8211; Austernpilze Gew\u00f6hnlich grau\/braun (setzt Sporen)"}]},{"@type":"WebSite","@id":"https:\/\/xn--stershatte-zcb.dk\/de\/#website","url":"https:\/\/xn--stershatte-zcb.dk\/de\/","name":"Skyttegaardens \u00d8stershatte ApS","description":"Dyrk selv \u00f8kologiske svampe og \u00f8stershatte","publisher":{"@id":"https:\/\/xn--stershatte-zcb.dk\/de\/#organization"},"potentialAction":[{"@type":"SearchAction","target":{"@type":"EntryPoint","urlTemplate":"https:\/\/xn--stershatte-zcb.dk\/de\/?s={search_term_string}"},"query-input":{"@type":"PropertyValueSpecification","valueRequired":true,"valueName":"search_term_string"}}],"inLanguage":"de"},{"@type":"Organization","@id":"https:\/\/xn--stershatte-zcb.dk\/de\/#organization","name":"Skyttegaardens \u00d8stershatte ApS","url":"https:\/\/xn--stershatte-zcb.dk\/de\/","logo":{"@type":"ImageObject","inLanguage":"de","@id":"https:\/\/xn--stershatte-zcb.dk\/de\/#\/schema\/logo\/image\/","url":"https:\/\/xn--stershatte-zcb.dk\/wp-content\/uploads\/2023\/01\/Logo-uden-Bagrund.png","contentUrl":"https:\/\/xn--stershatte-zcb.dk\/wp-content\/uploads\/2023\/01\/Logo-uden-Bagrund.png","width":1238,"height":1210,"caption":"Skyttegaardens \u00d8stershatte ApS"},"image":{"@id":"https:\/\/xn--stershatte-zcb.dk\/de\/#\/schema\/logo\/image\/"}}]}},"_links":{"self":[{"href":"https:\/\/xn--stershatte-zcb.dk\/de\/wp-json\/wp\/v2\/product\/7529","targetHints":{"allow":["GET"]}}],"collection":[{"href":"https:\/\/xn--stershatte-zcb.dk\/de\/wp-json\/wp\/v2\/product"}],"about":[{"href":"https:\/\/xn--stershatte-zcb.dk\/de\/wp-json\/wp\/v2\/types\/product"}],"wp:featuredmedia":[{"embeddable":true,"href":"https:\/\/xn--stershatte-zcb.dk\/de\/wp-json\/wp\/v2\/media\/6226"}],"wp:attachment":[{"href":"https:\/\/xn--stershatte-zcb.dk\/de\/wp-json\/wp\/v2\/media?parent=7529"}],"wp:term":[{"taxonomy":"product_brand","embeddable":true,"href":"https:\/\/xn--stershatte-zcb.dk\/de\/wp-json\/wp\/v2\/product_brand?post=7529"},{"taxonomy":"product_cat","embeddable":true,"href":"https:\/\/xn--stershatte-zcb.dk\/de\/wp-json\/wp\/v2\/product_cat?post=7529"},{"taxonomy":"product_tag","embeddable":true,"href":"https:\/\/xn--stershatte-zcb.dk\/de\/wp-json\/wp\/v2\/product_tag?post=7529"}],"curies":[{"name":"wp","href":"https:\/\/api.w.org\/{rel}","templated":true}]}}