{"id":7530,"date":"2019-10-06T13:09:12","date_gmt":"2019-10-06T11:09:12","guid":{"rendered":"https:\/\/xn--stershatte-zcb.dk\/product\/geschenkgutschein-fuer-1-harvest-yourself-tasche\/"},"modified":"2019-10-06T13:09:12","modified_gmt":"2019-10-06T11:09:12","slug":"geschenkgutschein-fuer-1-harvest-yourself-tasche","status":"publish","type":"product","link":"https:\/\/xn--stershatte-zcb.dk\/de\/product\/geschenkgutschein-fuer-1-harvest-yourself-tasche\/","title":{"rendered":"Geschenkgutschein f\u00fcr 1 Harvest yourself Tasche"},"content":{"rendered":"<p>Dies ist ein elektronischer Geschenkgutschein.<\/p>\n<p>Sobald Sie bestellt und von uns genehmigt haben, senden wir Ihnen eine E-Mail mit einem Geschenkgutschein, den Sie ausdrucken k\u00f6nnen.<\/p>\n<p>ACHTUNG! Bitte beachten Sie, dass es einige Tage dauern kann, bis Sie den Geschenkgutschein\/Code erhalten. <\/p>\n","protected":false},"excerpt":{"rendered":"<p>Geschenkgutschein f\u00fcr <span data-olk-copy-source=\"MessageBody\">1 Harvest yourself Tasche<\/span><\/p>\n<p>Der Geschenkgutschein beinhaltet den Versand<\/p>\n<p><span data-olk-copy-source=\"MessageBody\">. Der Code wird per E-Mail versendet, sobald die Bestellung best\u00e4tigt wurde.<\/span><\/p>\n","protected":false},"featured_media":2782,"template":"","meta":{"_acf_changed":false},"product_brand":[],"product_cat":[111],"product_tag":[],"class_list":{"0":"post-7530","1":"product","2":"type-product","3":"status-publish","4":"has-post-thumbnail","6":"product_cat-geschenkgutschein","7":"product_shipping_class-kostenloser-versand","8":"sales-flash-overlay","9":"woocommerce-text-align-left","10":"woocommerce-image-align-left","12":"first","13":"instock","14":"virtual","15":"taxable","16":"purchasable","17":"product-type-simple"},"acf":[],"yoast_head":"<!-- This site is optimized with the Yoast SEO plugin v27.5 - https:\/\/yoast.com\/product\/yoast-seo-wordpress\/ -->\n<title>Geschenkgutschein f\u00fcr 1 Harvest yourself Tasche &#183; Skyttegaardens \u00d8stershatte ApS<\/title>\n<meta name=\"robots\" content=\"index, follow, max-snippet:-1, max-image-preview:large, max-video-preview:-1\" \/>\n<link rel=\"canonical\" href=\"https:\/\/xn--stershatte-zcb.dk\/de\/product\/geschenkgutschein-fuer-1-harvest-yourself-tasche\/\" \/>\n<meta property=\"og:locale\" content=\"de_DE\" \/>\n<meta property=\"og:type\" content=\"article\" \/>\n<meta property=\"og:title\" content=\"Geschenkgutschein f\u00fcr 1 Harvest yourself Tasche &#183; Skyttegaardens \u00d8stershatte ApS\" \/>\n<meta property=\"og:description\" content=\"Geschenkgutschein f\u00fcr 1 Harvest yourself Tasche Der Geschenkgutschein beinhaltet den Versand . Der Code wird per E-Mail versendet, sobald die Bestellung best\u00e4tigt wurde.\" \/>\n<meta property=\"og:url\" content=\"https:\/\/xn--stershatte-zcb.dk\/de\/product\/geschenkgutschein-fuer-1-harvest-yourself-tasche\/\" \/>\n<meta property=\"og:site_name\" content=\"Skyttegaardens \u00d8stershatte ApS\" \/>\n<meta property=\"og:image\" content=\"https:\/\/xn--stershatte-zcb.dk\/wp-content\/uploads\/2023\/02\/Svampepose1.png\" \/>\n\t<meta property=\"og:image:width\" content=\"704\" \/>\n\t<meta property=\"og:image:height\" content=\"709\" \/>\n\t<meta property=\"og:image:type\" content=\"image\/png\" \/>\n<meta name=\"twitter:card\" content=\"summary_large_image\" \/>\n<script type=\"application\/ld+json\" class=\"yoast-schema-graph\">{\"@context\":\"https:\\\/\\\/schema.org\",\"@graph\":[{\"@type\":\"WebPage\",\"@id\":\"https:\\\/\\\/xn--stershatte-zcb.dk\\\/de\\\/product\\\/geschenkgutschein-fuer-1-harvest-yourself-tasche\\\/\",\"url\":\"https:\\\/\\\/xn--stershatte-zcb.dk\\\/de\\\/product\\\/geschenkgutschein-fuer-1-harvest-yourself-tasche\\\/\",\"name\":\"Geschenkgutschein f\u00fcr 1 Harvest yourself Tasche &#183; Skyttegaardens \u00d8stershatte ApS\",\"isPartOf\":{\"@id\":\"https:\\\/\\\/xn--stershatte-zcb.dk\\\/de\\\/#website\"},\"primaryImageOfPage\":{\"@id\":\"https:\\\/\\\/xn--stershatte-zcb.dk\\\/de\\\/product\\\/geschenkgutschein-fuer-1-harvest-yourself-tasche\\\/#primaryimage\"},\"image\":{\"@id\":\"https:\\\/\\\/xn--stershatte-zcb.dk\\\/de\\\/product\\\/geschenkgutschein-fuer-1-harvest-yourself-tasche\\\/#primaryimage\"},\"thumbnailUrl\":\"https:\\\/\\\/xn--stershatte-zcb.dk\\\/wp-content\\\/uploads\\\/2023\\\/02\\\/Svampepose1.png\",\"datePublished\":\"2019-10-06T11:09:12+00:00\",\"breadcrumb\":{\"@id\":\"https:\\\/\\\/xn--stershatte-zcb.dk\\\/de\\\/product\\\/geschenkgutschein-fuer-1-harvest-yourself-tasche\\\/#breadcrumb\"},\"inLanguage\":\"de\",\"potentialAction\":[{\"@type\":\"ReadAction\",\"target\":[\"https:\\\/\\\/xn--stershatte-zcb.dk\\\/de\\\/product\\\/geschenkgutschein-fuer-1-harvest-yourself-tasche\\\/\"]}]},{\"@type\":\"ImageObject\",\"inLanguage\":\"de\",\"@id\":\"https:\\\/\\\/xn--stershatte-zcb.dk\\\/de\\\/product\\\/geschenkgutschein-fuer-1-harvest-yourself-tasche\\\/#primaryimage\",\"url\":\"https:\\\/\\\/xn--stershatte-zcb.dk\\\/wp-content\\\/uploads\\\/2023\\\/02\\\/Svampepose1.png\",\"contentUrl\":\"https:\\\/\\\/xn--stershatte-zcb.dk\\\/wp-content\\\/uploads\\\/2023\\\/02\\\/Svampepose1.png\",\"width\":704,\"height\":709,\"caption\":\"Pilzsack zum Z\u00fcchten Ihrer eigenen Pilze\"},{\"@type\":\"BreadcrumbList\",\"@id\":\"https:\\\/\\\/xn--stershatte-zcb.dk\\\/de\\\/product\\\/geschenkgutschein-fuer-1-harvest-yourself-tasche\\\/#breadcrumb\",\"itemListElement\":[{\"@type\":\"ListItem\",\"position\":1,\"name\":\"Hjem\",\"item\":\"https:\\\/\\\/xn--stershatte-zcb.dk\\\/de\\\/\"},{\"@type\":\"ListItem\",\"position\":2,\"name\":\"Der Pilzladen\",\"item\":\"https:\\\/\\\/xn--stershatte-zcb.dk\\\/de\\\/der-pilzladen\\\/\"},{\"@type\":\"ListItem\",\"position\":3,\"name\":\"Geschenkgutschein f\u00fcr 1 Harvest yourself Tasche\"}]},{\"@type\":\"WebSite\",\"@id\":\"https:\\\/\\\/xn--stershatte-zcb.dk\\\/de\\\/#website\",\"url\":\"https:\\\/\\\/xn--stershatte-zcb.dk\\\/de\\\/\",\"name\":\"Skyttegaardens \u00d8stershatte ApS\",\"description\":\"Dyrk selv \u00f8kologiske svampe og \u00f8stershatte\",\"publisher\":{\"@id\":\"https:\\\/\\\/xn--stershatte-zcb.dk\\\/de\\\/#organization\"},\"potentialAction\":[{\"@type\":\"SearchAction\",\"target\":{\"@type\":\"EntryPoint\",\"urlTemplate\":\"https:\\\/\\\/xn--stershatte-zcb.dk\\\/de\\\/?s={search_term_string}\"},\"query-input\":{\"@type\":\"PropertyValueSpecification\",\"valueRequired\":true,\"valueName\":\"search_term_string\"}}],\"inLanguage\":\"de\"},{\"@type\":\"Organization\",\"@id\":\"https:\\\/\\\/xn--stershatte-zcb.dk\\\/de\\\/#organization\",\"name\":\"Skyttegaardens \u00d8stershatte ApS\",\"url\":\"https:\\\/\\\/xn--stershatte-zcb.dk\\\/de\\\/\",\"logo\":{\"@type\":\"ImageObject\",\"inLanguage\":\"de\",\"@id\":\"https:\\\/\\\/xn--stershatte-zcb.dk\\\/de\\\/#\\\/schema\\\/logo\\\/image\\\/\",\"url\":\"https:\\\/\\\/xn--stershatte-zcb.dk\\\/wp-content\\\/uploads\\\/2023\\\/01\\\/Logo-uden-Bagrund.png\",\"contentUrl\":\"https:\\\/\\\/xn--stershatte-zcb.dk\\\/wp-content\\\/uploads\\\/2023\\\/01\\\/Logo-uden-Bagrund.png\",\"width\":1238,\"height\":1210,\"caption\":\"Skyttegaardens \u00d8stershatte ApS\"},\"image\":{\"@id\":\"https:\\\/\\\/xn--stershatte-zcb.dk\\\/de\\\/#\\\/schema\\\/logo\\\/image\\\/\"}}]}<\/script>\n<!-- \/ Yoast SEO plugin. -->","yoast_head_json":{"title":"Geschenkgutschein f\u00fcr 1 Harvest yourself Tasche &#183; Skyttegaardens \u00d8stershatte ApS","robots":{"index":"index","follow":"follow","max-snippet":"max-snippet:-1","max-image-preview":"max-image-preview:large","max-video-preview":"max-video-preview:-1"},"canonical":"https:\/\/xn--stershatte-zcb.dk\/de\/product\/geschenkgutschein-fuer-1-harvest-yourself-tasche\/","og_locale":"de_DE","og_type":"article","og_title":"Geschenkgutschein f\u00fcr 1 Harvest yourself Tasche &#183; Skyttegaardens \u00d8stershatte ApS","og_description":"Geschenkgutschein f\u00fcr 1 Harvest yourself Tasche Der Geschenkgutschein beinhaltet den Versand . Der Code wird per E-Mail versendet, sobald die Bestellung best\u00e4tigt wurde.","og_url":"https:\/\/xn--stershatte-zcb.dk\/de\/product\/geschenkgutschein-fuer-1-harvest-yourself-tasche\/","og_site_name":"Skyttegaardens \u00d8stershatte ApS","og_image":[{"width":704,"height":709,"url":"https:\/\/xn--stershatte-zcb.dk\/wp-content\/uploads\/2023\/02\/Svampepose1.png","type":"image\/png"}],"twitter_card":"summary_large_image","schema":{"@context":"https:\/\/schema.org","@graph":[{"@type":"WebPage","@id":"https:\/\/xn--stershatte-zcb.dk\/de\/product\/geschenkgutschein-fuer-1-harvest-yourself-tasche\/","url":"https:\/\/xn--stershatte-zcb.dk\/de\/product\/geschenkgutschein-fuer-1-harvest-yourself-tasche\/","name":"Geschenkgutschein f\u00fcr 1 Harvest yourself Tasche &#183; Skyttegaardens \u00d8stershatte ApS","isPartOf":{"@id":"https:\/\/xn--stershatte-zcb.dk\/de\/#website"},"primaryImageOfPage":{"@id":"https:\/\/xn--stershatte-zcb.dk\/de\/product\/geschenkgutschein-fuer-1-harvest-yourself-tasche\/#primaryimage"},"image":{"@id":"https:\/\/xn--stershatte-zcb.dk\/de\/product\/geschenkgutschein-fuer-1-harvest-yourself-tasche\/#primaryimage"},"thumbnailUrl":"https:\/\/xn--stershatte-zcb.dk\/wp-content\/uploads\/2023\/02\/Svampepose1.png","datePublished":"2019-10-06T11:09:12+00:00","breadcrumb":{"@id":"https:\/\/xn--stershatte-zcb.dk\/de\/product\/geschenkgutschein-fuer-1-harvest-yourself-tasche\/#breadcrumb"},"inLanguage":"de","potentialAction":[{"@type":"ReadAction","target":["https:\/\/xn--stershatte-zcb.dk\/de\/product\/geschenkgutschein-fuer-1-harvest-yourself-tasche\/"]}]},{"@type":"ImageObject","inLanguage":"de","@id":"https:\/\/xn--stershatte-zcb.dk\/de\/product\/geschenkgutschein-fuer-1-harvest-yourself-tasche\/#primaryimage","url":"https:\/\/xn--stershatte-zcb.dk\/wp-content\/uploads\/2023\/02\/Svampepose1.png","contentUrl":"https:\/\/xn--stershatte-zcb.dk\/wp-content\/uploads\/2023\/02\/Svampepose1.png","width":704,"height":709,"caption":"Pilzsack zum Z\u00fcchten Ihrer eigenen Pilze"},{"@type":"BreadcrumbList","@id":"https:\/\/xn--stershatte-zcb.dk\/de\/product\/geschenkgutschein-fuer-1-harvest-yourself-tasche\/#breadcrumb","itemListElement":[{"@type":"ListItem","position":1,"name":"Hjem","item":"https:\/\/xn--stershatte-zcb.dk\/de\/"},{"@type":"ListItem","position":2,"name":"Der Pilzladen","item":"https:\/\/xn--stershatte-zcb.dk\/de\/der-pilzladen\/"},{"@type":"ListItem","position":3,"name":"Geschenkgutschein f\u00fcr 1 Harvest yourself Tasche"}]},{"@type":"WebSite","@id":"https:\/\/xn--stershatte-zcb.dk\/de\/#website","url":"https:\/\/xn--stershatte-zcb.dk\/de\/","name":"Skyttegaardens \u00d8stershatte ApS","description":"Dyrk selv \u00f8kologiske svampe og \u00f8stershatte","publisher":{"@id":"https:\/\/xn--stershatte-zcb.dk\/de\/#organization"},"potentialAction":[{"@type":"SearchAction","target":{"@type":"EntryPoint","urlTemplate":"https:\/\/xn--stershatte-zcb.dk\/de\/?s={search_term_string}"},"query-input":{"@type":"PropertyValueSpecification","valueRequired":true,"valueName":"search_term_string"}}],"inLanguage":"de"},{"@type":"Organization","@id":"https:\/\/xn--stershatte-zcb.dk\/de\/#organization","name":"Skyttegaardens \u00d8stershatte ApS","url":"https:\/\/xn--stershatte-zcb.dk\/de\/","logo":{"@type":"ImageObject","inLanguage":"de","@id":"https:\/\/xn--stershatte-zcb.dk\/de\/#\/schema\/logo\/image\/","url":"https:\/\/xn--stershatte-zcb.dk\/wp-content\/uploads\/2023\/01\/Logo-uden-Bagrund.png","contentUrl":"https:\/\/xn--stershatte-zcb.dk\/wp-content\/uploads\/2023\/01\/Logo-uden-Bagrund.png","width":1238,"height":1210,"caption":"Skyttegaardens \u00d8stershatte ApS"},"image":{"@id":"https:\/\/xn--stershatte-zcb.dk\/de\/#\/schema\/logo\/image\/"}}]}},"_links":{"self":[{"href":"https:\/\/xn--stershatte-zcb.dk\/de\/wp-json\/wp\/v2\/product\/7530","targetHints":{"allow":["GET"]}}],"collection":[{"href":"https:\/\/xn--stershatte-zcb.dk\/de\/wp-json\/wp\/v2\/product"}],"about":[{"href":"https:\/\/xn--stershatte-zcb.dk\/de\/wp-json\/wp\/v2\/types\/product"}],"wp:featuredmedia":[{"embeddable":true,"href":"https:\/\/xn--stershatte-zcb.dk\/de\/wp-json\/wp\/v2\/media\/2782"}],"wp:attachment":[{"href":"https:\/\/xn--stershatte-zcb.dk\/de\/wp-json\/wp\/v2\/media?parent=7530"}],"wp:term":[{"taxonomy":"product_brand","embeddable":true,"href":"https:\/\/xn--stershatte-zcb.dk\/de\/wp-json\/wp\/v2\/product_brand?post=7530"},{"taxonomy":"product_cat","embeddable":true,"href":"https:\/\/xn--stershatte-zcb.dk\/de\/wp-json\/wp\/v2\/product_cat?post=7530"},{"taxonomy":"product_tag","embeddable":true,"href":"https:\/\/xn--stershatte-zcb.dk\/de\/wp-json\/wp\/v2\/product_tag?post=7530"}],"curies":[{"name":"wp","href":"https:\/\/api.w.org\/{rel}","templated":true}]}}