{"id":7263,"date":"2023-01-19T11:16:32","date_gmt":"2023-01-19T10:16:32","guid":{"rendered":"https:\/\/xn--stershatte-zcb.dk\/f-a-q\/"},"modified":"2026-04-29T09:37:21","modified_gmt":"2026-04-29T07:37:21","slug":"f-a-q","status":"publish","type":"page","link":"https:\/\/xn--stershatte-zcb.dk\/en\/f-a-q\/","title":{"rendered":"F.A.Q"},"content":{"rendered":"<div class=\"wpb-content-wrapper\"><p>[vc_row full_width=&#8221;stretch_row&#8221;][vc_column]<div class=\"ult-spacer spacer-69f25e5b55251\" data-id=\"69f25e5b55251\" data-height=\"90\" data-height-mobile=\"60\" data-height-tab=\"90\" data-height-tab-portrait=\"60\" data-height-mobile-landscape=\"60\" style=\"clear:both;display:block;\"><\/div>[vc_row_inner][vc_column_inner offset=&#8221;vc_col-lg-8 vc_col-md-8 vc_col-xs-12&#8243;][vc_column_text]<\/p>\n<h2>F.A.Q<\/h2>\n<h2>Frequently asked questions<\/h2>\n<p>[\/vc_column_text][vc_toggle title=&#8221;When should I cut holes in my mushroom bag?&#8221; color=&#8221;black&#8221; size=&#8221;lg&#8221; open=&#8221;true&#8221; css=&#8221;&#8221;]You can wait to cut holes in the bag until the expiration date indicated on the label.<\/p>\n<p>Fungi will grow 1-4 weeks after you cut holes.[\/vc_toggle][vc_toggle title=&#8221;How many mushrooms does my mushroom bag provide?&#8221; color=&#8221;black&#8221; size=&#8221;lg&#8221; open=&#8221;true&#8221; css=&#8221;&#8221;]This will vary depending on the temperature and humidity under which you have placed the bag.<\/p>\n<p>Typically, the first time you will harvest somewhere between 0.5- 1.5 kg.[\/vc_toggle][vc_toggle title=&#8221;How long should I wait between &apos;breaks&apos;?&#8221; color=&#8221;black&#8221; size=&#8221;lg&#8221; open=&#8221;true&#8221; css=&#8221;&#8221;]You need a lot of patience. Sometimes it takes weeks, sometimes it takes months.[\/vc_toggle][vc_toggle title=&#8221;How much vomit does the sponge bag produce in total?&#8221; color=&#8221;black&#8221; size=&#8221;lg&#8221; open=&#8221;true&#8221; css=&#8221;&#8221;]The bag can give up to 5 burps, depending on how good the conditions it has been left in. You can keep it active for up to 1 year.[\/vc_toggle][vc_toggle title=&#8221;Mushrooms are growing under the plastic, what should I do?&#8221; color=&#8221;black&#8221; size=&#8221;lg&#8221; open=&#8221;true&#8221; css=&#8221;&#8221;]Don&#8217;t worry about fungi under the plastic. Fungi also come out of the holes. Don&#8217;t help mushrooms out from under the plastic. They will die on the road anyway.[\/vc_toggle][\/vc_column_inner][vc_column_inner offset=&#8221;vc_col-lg-4 vc_col-md-4 vc_col-xs-12&#8243;][\/vc_column_inner][\/vc_row_inner]<div class=\"ult-spacer spacer-69f25e5b55295\" data-id=\"69f25e5b55295\" data-height=\"90\" data-height-mobile=\"60\" data-height-tab=\"90\" data-height-tab-portrait=\"60\" data-height-mobile-landscape=\"60\" style=\"clear:both;display:block;\"><\/div>[vc_row_inner][vc_column_inner][vc_column_text]<\/p>\n<h3>Troubleshooting &#8211; if something doesn&#8217;t go as expected<\/h3>\n<p>Growing mushrooms is a living process, and it&#8217;s normal that not everything develops the same every time.<\/p>\n<p>Below are some of the most common challenges &#8211; and what you can do.[\/vc_column_text][\/vc_column_inner][\/vc_row_inner][vc_row_inner equal_height=&#8221;yes&#8221;][vc_column_inner width=&#8221;1\/2&#8243;][vc_column_text]<\/p>\n<h3>There will be no mushrooms<\/h3>\n<ul>\n<li>Is the bag too warm? Oyster mushrooms thrive in cool conditions. <\/li>\n<li>Is the humidity too low? Spray water 1-2 times daily. <\/li>\n<li>Is there fresh air around the bag?<\/li>\n<\/ul>\n<h3>The mushrooms become long and thin<\/h3>\n<ul>\n<li><strong>Solution<\/strong>: Move the bag to a place with better ventilation.<\/li>\n<\/ul>\n<h3>Mushrooms dry up or stop growing<\/h3>\n<ul>\n<li>Dust the holes more often.<\/li>\n<li>Avoid direct sunlight and radiator heat.<\/li>\n<\/ul>\n<h3>Mushrooms grow under the plastic<\/h3>\n<p>Make more or larger holes to give the mushrooms a place to grow.[\/vc_column_text][\/vc_column_inner][vc_column_inner width=&#8221;1\/2&#8243; css=&#8221;.vc_custom_1773140522187{background-image: url(https:\/\/xn--stershatte-zcb.dk\/wp-content\/uploads\/2023\/01\/iStock-1445244470.jpg?id=2003) !important;background-position: center !important;background-repeat: no-repeat !important;background-size: cover !important;}&#8221;][\/vc_column_inner][\/vc_row_inner]<div class=\"ult-spacer spacer-69f25e5b552b9\" data-id=\"69f25e5b552b9\" data-height=\"90\" data-height-mobile=\"60\" data-height-tab=\"90\" data-height-tab-portrait=\"60\" data-height-mobile-landscape=\"60\" style=\"clear:both;display:block;\"><\/div>[\/vc_column][\/vc_row]<\/p>\n<\/div>","protected":false},"excerpt":{"rendered":"<p>[vc_row full_width=&#8221;stretch_row&#8221;][vc_column][vc_row_inner][vc_column_inner offset=&#8221;vc_col-lg-8 vc_col-md-8 vc_col-xs-12&#8243;][vc_column_text] F.A.Q Frequently asked questions [\/vc_column_text][vc_toggle title=&#8221;When should I cut holes in my mushroom bag?&#8221; color=&#8221;black&#8221; size=&#8221;lg&#8221; open=&#8221;true&#8221; css=&#8221;&#8221;]You can wait to cut holes in the bag until the expiration date indicated on the label. Fungi will grow 1-4 weeks after you cut holes.[\/vc_toggle][vc_toggle title=&#8221;How many mushrooms does my mushroom bag &#8230; <a title=\"F.A.Q\" class=\"read-more\" href=\"https:\/\/xn--stershatte-zcb.dk\/en\/f-a-q\/\" aria-label=\"Read more about F.A.Q\">Read more<\/a><\/p>\n","protected":false},"author":1,"featured_media":0,"parent":0,"menu_order":0,"comment_status":"closed","ping_status":"closed","template":"","meta":{"_acf_changed":false,"footnotes":""},"categories":[],"class_list":["post-7263","page","type-page","status-publish"],"acf":[],"yoast_head":"<!-- This site is optimized with the Yoast SEO plugin v27.5 - https:\/\/yoast.com\/product\/yoast-seo-wordpress\/ -->\n<title>F.A.Q &#183; Skyttegaardens \u00d8stershatte ApS<\/title>\n<meta name=\"robots\" content=\"index, follow, max-snippet:-1, max-image-preview:large, max-video-preview:-1\" \/>\n<link rel=\"canonical\" href=\"https:\/\/xn--stershatte-zcb.dk\/en\/f-a-q\/\" \/>\n<meta property=\"og:locale\" content=\"en_US\" \/>\n<meta property=\"og:type\" content=\"article\" \/>\n<meta property=\"og:title\" content=\"F.A.Q &#183; Skyttegaardens \u00d8stershatte ApS\" \/>\n<meta property=\"og:description\" content=\"[vc_row full_width=&#8221;stretch_row&#8221;][vc_column][vc_row_inner][vc_column_inner offset=&#8221;vc_col-lg-8 vc_col-md-8 vc_col-xs-12&#8243;][vc_column_text] F.A.Q Frequently asked questions [\/vc_column_text][vc_toggle title=&#8221;When should I cut holes in my mushroom bag?&#8221; color=&#8221;black&#8221; size=&#8221;lg&#8221; open=&#8221;true&#8221; css=&#8221;&#8221;]You can wait to cut holes in the bag until the expiration date indicated on the label. Fungi will grow 1-4 weeks after you cut holes.[\/vc_toggle][vc_toggle title=&#8221;How many mushrooms does my mushroom bag ... Read more\" \/>\n<meta property=\"og:url\" content=\"https:\/\/xn--stershatte-zcb.dk\/en\/f-a-q\/\" \/>\n<meta property=\"og:site_name\" content=\"Skyttegaardens \u00d8stershatte ApS\" \/>\n<meta property=\"article:modified_time\" content=\"2026-04-29T07:37:21+00:00\" \/>\n<meta name=\"twitter:card\" content=\"summary_large_image\" \/>\n<meta name=\"twitter:label1\" content=\"Est. reading time\" \/>\n\t<meta name=\"twitter:data1\" content=\"3 minutes\" \/>\n<script type=\"application\/ld+json\" class=\"yoast-schema-graph\">{\"@context\":\"https:\\\/\\\/schema.org\",\"@graph\":[{\"@type\":\"WebPage\",\"@id\":\"https:\\\/\\\/xn--stershatte-zcb.dk\\\/en\\\/f-a-q\\\/\",\"url\":\"https:\\\/\\\/xn--stershatte-zcb.dk\\\/en\\\/f-a-q\\\/\",\"name\":\"F.A.Q &#183; Skyttegaardens \u00d8stershatte ApS\",\"isPartOf\":{\"@id\":\"https:\\\/\\\/xn--stershatte-zcb.dk\\\/en\\\/#website\"},\"datePublished\":\"2023-01-19T10:16:32+00:00\",\"dateModified\":\"2026-04-29T07:37:21+00:00\",\"breadcrumb\":{\"@id\":\"https:\\\/\\\/xn--stershatte-zcb.dk\\\/en\\\/f-a-q\\\/#breadcrumb\"},\"inLanguage\":\"en-US\",\"potentialAction\":[{\"@type\":\"ReadAction\",\"target\":[\"https:\\\/\\\/xn--stershatte-zcb.dk\\\/en\\\/f-a-q\\\/\"]}]},{\"@type\":\"BreadcrumbList\",\"@id\":\"https:\\\/\\\/xn--stershatte-zcb.dk\\\/en\\\/f-a-q\\\/#breadcrumb\",\"itemListElement\":[{\"@type\":\"ListItem\",\"position\":1,\"name\":\"Hjem\",\"item\":\"https:\\\/\\\/xn--stershatte-zcb.dk\\\/en\\\/home-page\\\/\"},{\"@type\":\"ListItem\",\"position\":2,\"name\":\"F.A.Q\"}]},{\"@type\":\"WebSite\",\"@id\":\"https:\\\/\\\/xn--stershatte-zcb.dk\\\/en\\\/#website\",\"url\":\"https:\\\/\\\/xn--stershatte-zcb.dk\\\/en\\\/\",\"name\":\"Skyttegaardens \u00d8stershatte ApS\",\"description\":\"Dyrk selv \u00f8kologiske svampe og \u00f8stershatte\",\"publisher\":{\"@id\":\"https:\\\/\\\/xn--stershatte-zcb.dk\\\/en\\\/#organization\"},\"potentialAction\":[{\"@type\":\"SearchAction\",\"target\":{\"@type\":\"EntryPoint\",\"urlTemplate\":\"https:\\\/\\\/xn--stershatte-zcb.dk\\\/en\\\/?s={search_term_string}\"},\"query-input\":{\"@type\":\"PropertyValueSpecification\",\"valueRequired\":true,\"valueName\":\"search_term_string\"}}],\"inLanguage\":\"en-US\"},{\"@type\":\"Organization\",\"@id\":\"https:\\\/\\\/xn--stershatte-zcb.dk\\\/en\\\/#organization\",\"name\":\"Skyttegaardens \u00d8stershatte ApS\",\"url\":\"https:\\\/\\\/xn--stershatte-zcb.dk\\\/en\\\/\",\"logo\":{\"@type\":\"ImageObject\",\"inLanguage\":\"en-US\",\"@id\":\"https:\\\/\\\/xn--stershatte-zcb.dk\\\/en\\\/#\\\/schema\\\/logo\\\/image\\\/\",\"url\":\"https:\\\/\\\/xn--stershatte-zcb.dk\\\/wp-content\\\/uploads\\\/2023\\\/01\\\/Logo-uden-Bagrund.png\",\"contentUrl\":\"https:\\\/\\\/xn--stershatte-zcb.dk\\\/wp-content\\\/uploads\\\/2023\\\/01\\\/Logo-uden-Bagrund.png\",\"width\":1238,\"height\":1210,\"caption\":\"Skyttegaardens \u00d8stershatte ApS\"},\"image\":{\"@id\":\"https:\\\/\\\/xn--stershatte-zcb.dk\\\/en\\\/#\\\/schema\\\/logo\\\/image\\\/\"}}]}<\/script>\n<!-- \/ Yoast SEO plugin. -->","yoast_head_json":{"title":"F.A.Q &#183; Skyttegaardens \u00d8stershatte ApS","robots":{"index":"index","follow":"follow","max-snippet":"max-snippet:-1","max-image-preview":"max-image-preview:large","max-video-preview":"max-video-preview:-1"},"canonical":"https:\/\/xn--stershatte-zcb.dk\/en\/f-a-q\/","og_locale":"en_US","og_type":"article","og_title":"F.A.Q &#183; Skyttegaardens \u00d8stershatte ApS","og_description":"[vc_row full_width=&#8221;stretch_row&#8221;][vc_column][vc_row_inner][vc_column_inner offset=&#8221;vc_col-lg-8 vc_col-md-8 vc_col-xs-12&#8243;][vc_column_text] F.A.Q Frequently asked questions [\/vc_column_text][vc_toggle title=&#8221;When should I cut holes in my mushroom bag?&#8221; color=&#8221;black&#8221; size=&#8221;lg&#8221; open=&#8221;true&#8221; css=&#8221;&#8221;]You can wait to cut holes in the bag until the expiration date indicated on the label. Fungi will grow 1-4 weeks after you cut holes.[\/vc_toggle][vc_toggle title=&#8221;How many mushrooms does my mushroom bag ... Read more","og_url":"https:\/\/xn--stershatte-zcb.dk\/en\/f-a-q\/","og_site_name":"Skyttegaardens \u00d8stershatte ApS","article_modified_time":"2026-04-29T07:37:21+00:00","twitter_card":"summary_large_image","twitter_misc":{"Est. reading time":"3 minutes"},"schema":{"@context":"https:\/\/schema.org","@graph":[{"@type":"WebPage","@id":"https:\/\/xn--stershatte-zcb.dk\/en\/f-a-q\/","url":"https:\/\/xn--stershatte-zcb.dk\/en\/f-a-q\/","name":"F.A.Q &#183; Skyttegaardens \u00d8stershatte ApS","isPartOf":{"@id":"https:\/\/xn--stershatte-zcb.dk\/en\/#website"},"datePublished":"2023-01-19T10:16:32+00:00","dateModified":"2026-04-29T07:37:21+00:00","breadcrumb":{"@id":"https:\/\/xn--stershatte-zcb.dk\/en\/f-a-q\/#breadcrumb"},"inLanguage":"en-US","potentialAction":[{"@type":"ReadAction","target":["https:\/\/xn--stershatte-zcb.dk\/en\/f-a-q\/"]}]},{"@type":"BreadcrumbList","@id":"https:\/\/xn--stershatte-zcb.dk\/en\/f-a-q\/#breadcrumb","itemListElement":[{"@type":"ListItem","position":1,"name":"Hjem","item":"https:\/\/xn--stershatte-zcb.dk\/en\/home-page\/"},{"@type":"ListItem","position":2,"name":"F.A.Q"}]},{"@type":"WebSite","@id":"https:\/\/xn--stershatte-zcb.dk\/en\/#website","url":"https:\/\/xn--stershatte-zcb.dk\/en\/","name":"Skyttegaardens \u00d8stershatte ApS","description":"Dyrk selv \u00f8kologiske svampe og \u00f8stershatte","publisher":{"@id":"https:\/\/xn--stershatte-zcb.dk\/en\/#organization"},"potentialAction":[{"@type":"SearchAction","target":{"@type":"EntryPoint","urlTemplate":"https:\/\/xn--stershatte-zcb.dk\/en\/?s={search_term_string}"},"query-input":{"@type":"PropertyValueSpecification","valueRequired":true,"valueName":"search_term_string"}}],"inLanguage":"en-US"},{"@type":"Organization","@id":"https:\/\/xn--stershatte-zcb.dk\/en\/#organization","name":"Skyttegaardens \u00d8stershatte ApS","url":"https:\/\/xn--stershatte-zcb.dk\/en\/","logo":{"@type":"ImageObject","inLanguage":"en-US","@id":"https:\/\/xn--stershatte-zcb.dk\/en\/#\/schema\/logo\/image\/","url":"https:\/\/xn--stershatte-zcb.dk\/wp-content\/uploads\/2023\/01\/Logo-uden-Bagrund.png","contentUrl":"https:\/\/xn--stershatte-zcb.dk\/wp-content\/uploads\/2023\/01\/Logo-uden-Bagrund.png","width":1238,"height":1210,"caption":"Skyttegaardens \u00d8stershatte ApS"},"image":{"@id":"https:\/\/xn--stershatte-zcb.dk\/en\/#\/schema\/logo\/image\/"}}]}},"_links":{"self":[{"href":"https:\/\/xn--stershatte-zcb.dk\/en\/wp-json\/wp\/v2\/pages\/7263","targetHints":{"allow":["GET"]}}],"collection":[{"href":"https:\/\/xn--stershatte-zcb.dk\/en\/wp-json\/wp\/v2\/pages"}],"about":[{"href":"https:\/\/xn--stershatte-zcb.dk\/en\/wp-json\/wp\/v2\/types\/page"}],"author":[{"embeddable":true,"href":"https:\/\/xn--stershatte-zcb.dk\/en\/wp-json\/wp\/v2\/users\/1"}],"replies":[{"embeddable":true,"href":"https:\/\/xn--stershatte-zcb.dk\/en\/wp-json\/wp\/v2\/comments?post=7263"}],"version-history":[{"count":10,"href":"https:\/\/xn--stershatte-zcb.dk\/en\/wp-json\/wp\/v2\/pages\/7263\/revisions"}],"predecessor-version":[{"id":7281,"href":"https:\/\/xn--stershatte-zcb.dk\/en\/wp-json\/wp\/v2\/pages\/7263\/revisions\/7281"}],"wp:attachment":[{"href":"https:\/\/xn--stershatte-zcb.dk\/en\/wp-json\/wp\/v2\/media?parent=7263"}],"wp:term":[{"taxonomy":"category","embeddable":true,"href":"https:\/\/xn--stershatte-zcb.dk\/en\/wp-json\/wp\/v2\/categories?post=7263"}],"curies":[{"name":"wp","href":"https:\/\/api.w.org\/{rel}","templated":true}]}}