{"id":7270,"date":"2023-01-24T08:23:03","date_gmt":"2023-01-24T07:23:03","guid":{"rendered":"https:\/\/xn--stershatte-zcb.dk\/mushroom-cultivation\/"},"modified":"2026-04-29T09:50:27","modified_gmt":"2026-04-29T07:50:27","slug":"mushroom-cultivation","status":"publish","type":"page","link":"https:\/\/xn--stershatte-zcb.dk\/en\/mushroom-cultivation\/","title":{"rendered":"Mushroom cultivation"},"content":{"rendered":"<div class=\"wpb-content-wrapper\"><p>[vc_row full_width=&#8221;stretch_row&#8221;][vc_column]<div class=\"ult-spacer spacer-69f25f89526d4\" data-id=\"69f25f89526d4\" data-height=\"90\" data-height-mobile=\"60\" data-height-tab=\"90\" data-height-tab-portrait=\"60\" data-height-mobile-landscape=\"60\" style=\"clear:both;display:block;\"><\/div>[vc_column_text]<\/p>\n<h2>Mushroom cultivation<\/h2>\n<h2>Get inspired and get started with your mushroom cultivation<\/h2>\n<p>Below you will find various guides to help you with the type of mushroom cultivation you are interested in. So wherever you want to grow mushrooms on tree stumps, straw or in coffee grounds, we have the guide for you.[\/vc_column_text][vc_empty_space height=&#8221;30px&#8221;][vc_basic_grid post_type=&#8221;post&#8221; max_items=&#8221;-1&#8243; element_width=&#8221;3&#8243; order=&#8221;ASC&#8221; item=&#8221;2075&#8243; grid_id=&#8221;vc_gid:1718105067888-2ac675b8-2477-8&#8243; taxonomies=&#8221;33&#8243;][vc_column_text]<\/p>\n<h2><\/h2>\n<h2>Find your mushrooms here in the shop<\/h2>\n<p>If you&#8217;re looking for mushrooms you can grow, you&#8217;ll find a large selection of organic mushrooms in <a href=\"\/shop\/\">our shop<\/a>.[\/vc_column_text]<div class=\"ult-spacer spacer-69f25f8952716\" data-id=\"69f25f8952716\" data-height=\"90\" data-height-mobile=\"60\" data-height-tab=\"90\" data-height-tab-portrait=\"60\" data-height-mobile-landscape=\"60\" style=\"clear:both;display:block;\"><\/div>[\/vc_column][\/vc_row]<\/p>\n<\/div>","protected":false},"excerpt":{"rendered":"<p>[vc_row full_width=&#8221;stretch_row&#8221;][vc_column][vc_column_text] Mushroom cultivation Get inspired and get started with your mushroom cultivation Below you will find various guides to help you with the type of mushroom cultivation you are interested in. So wherever you want to grow mushrooms on tree stumps, straw or in coffee grounds, we have the guide for you.[\/vc_column_text][vc_empty_space height=&#8221;30px&#8221;][vc_basic_grid post_type=&#8221;post&#8221; &#8230; <a title=\"Mushroom cultivation\" class=\"read-more\" href=\"https:\/\/xn--stershatte-zcb.dk\/en\/mushroom-cultivation\/\" aria-label=\"Read more about Mushroom cultivation\">Read more<\/a><\/p>\n","protected":false},"author":1,"featured_media":0,"parent":0,"menu_order":0,"comment_status":"closed","ping_status":"closed","template":"","meta":{"_acf_changed":false,"footnotes":""},"categories":[],"class_list":["post-7270","page","type-page","status-publish"],"acf":[],"yoast_head":"<!-- This site is optimized with the Yoast SEO plugin v27.5 - https:\/\/yoast.com\/product\/yoast-seo-wordpress\/ -->\n<title>Discover a fascinating universe of mushroom cultivation<\/title>\n<meta name=\"description\" content=\"Get started growing mushrooms with help from Skyttegaardens \u00d8stershatte ApS %. Here you&#039;ll find tips and tricks for the beginner and the experienced\" \/>\n<meta name=\"robots\" content=\"index, follow, max-snippet:-1, max-image-preview:large, max-video-preview:-1\" \/>\n<link rel=\"canonical\" href=\"https:\/\/xn--stershatte-zcb.dk\/en\/mushroom-cultivation\/\" \/>\n<meta property=\"og:locale\" content=\"en_US\" \/>\n<meta property=\"og:type\" content=\"article\" \/>\n<meta property=\"og:title\" content=\"Discover a fascinating universe of mushroom cultivation\" \/>\n<meta property=\"og:description\" content=\"Get started growing mushrooms with help from Skyttegaardens \u00d8stershatte ApS %. Here you&#039;ll find tips and tricks for the beginner and the experienced\" \/>\n<meta property=\"og:url\" content=\"https:\/\/xn--stershatte-zcb.dk\/en\/mushroom-cultivation\/\" \/>\n<meta property=\"og:site_name\" content=\"Skyttegaardens \u00d8stershatte ApS\" \/>\n<meta property=\"article:modified_time\" content=\"2026-04-29T07:50:27+00:00\" \/>\n<meta name=\"twitter:card\" content=\"summary_large_image\" \/>\n<meta name=\"twitter:label1\" content=\"Est. reading time\" \/>\n\t<meta name=\"twitter:data1\" content=\"1 minute\" \/>\n<script type=\"application\/ld+json\" class=\"yoast-schema-graph\">{\"@context\":\"https:\\\/\\\/schema.org\",\"@graph\":[{\"@type\":\"WebPage\",\"@id\":\"https:\\\/\\\/xn--stershatte-zcb.dk\\\/en\\\/mushroom-cultivation\\\/\",\"url\":\"https:\\\/\\\/xn--stershatte-zcb.dk\\\/en\\\/mushroom-cultivation\\\/\",\"name\":\"Discover a fascinating universe of mushroom cultivation\",\"isPartOf\":{\"@id\":\"https:\\\/\\\/xn--stershatte-zcb.dk\\\/en\\\/#website\"},\"datePublished\":\"2023-01-24T07:23:03+00:00\",\"dateModified\":\"2026-04-29T07:50:27+00:00\",\"description\":\"Get started growing mushrooms with help from Skyttegaardens \u00d8stershatte ApS %. Here you'll find tips and tricks for the beginner and the experienced\",\"breadcrumb\":{\"@id\":\"https:\\\/\\\/xn--stershatte-zcb.dk\\\/en\\\/mushroom-cultivation\\\/#breadcrumb\"},\"inLanguage\":\"en-US\",\"potentialAction\":[{\"@type\":\"ReadAction\",\"target\":[\"https:\\\/\\\/xn--stershatte-zcb.dk\\\/en\\\/mushroom-cultivation\\\/\"]}]},{\"@type\":\"BreadcrumbList\",\"@id\":\"https:\\\/\\\/xn--stershatte-zcb.dk\\\/en\\\/mushroom-cultivation\\\/#breadcrumb\",\"itemListElement\":[{\"@type\":\"ListItem\",\"position\":1,\"name\":\"Hjem\",\"item\":\"https:\\\/\\\/xn--stershatte-zcb.dk\\\/en\\\/home-page\\\/\"},{\"@type\":\"ListItem\",\"position\":2,\"name\":\"Mushroom cultivation\"}]},{\"@type\":\"WebSite\",\"@id\":\"https:\\\/\\\/xn--stershatte-zcb.dk\\\/en\\\/#website\",\"url\":\"https:\\\/\\\/xn--stershatte-zcb.dk\\\/en\\\/\",\"name\":\"Skyttegaardens \u00d8stershatte ApS\",\"description\":\"Dyrk selv \u00f8kologiske svampe og \u00f8stershatte\",\"publisher\":{\"@id\":\"https:\\\/\\\/xn--stershatte-zcb.dk\\\/en\\\/#organization\"},\"potentialAction\":[{\"@type\":\"SearchAction\",\"target\":{\"@type\":\"EntryPoint\",\"urlTemplate\":\"https:\\\/\\\/xn--stershatte-zcb.dk\\\/en\\\/?s={search_term_string}\"},\"query-input\":{\"@type\":\"PropertyValueSpecification\",\"valueRequired\":true,\"valueName\":\"search_term_string\"}}],\"inLanguage\":\"en-US\"},{\"@type\":\"Organization\",\"@id\":\"https:\\\/\\\/xn--stershatte-zcb.dk\\\/en\\\/#organization\",\"name\":\"Skyttegaardens \u00d8stershatte ApS\",\"url\":\"https:\\\/\\\/xn--stershatte-zcb.dk\\\/en\\\/\",\"logo\":{\"@type\":\"ImageObject\",\"inLanguage\":\"en-US\",\"@id\":\"https:\\\/\\\/xn--stershatte-zcb.dk\\\/en\\\/#\\\/schema\\\/logo\\\/image\\\/\",\"url\":\"https:\\\/\\\/xn--stershatte-zcb.dk\\\/wp-content\\\/uploads\\\/2023\\\/01\\\/Logo-uden-Bagrund.png\",\"contentUrl\":\"https:\\\/\\\/xn--stershatte-zcb.dk\\\/wp-content\\\/uploads\\\/2023\\\/01\\\/Logo-uden-Bagrund.png\",\"width\":1238,\"height\":1210,\"caption\":\"Skyttegaardens \u00d8stershatte ApS\"},\"image\":{\"@id\":\"https:\\\/\\\/xn--stershatte-zcb.dk\\\/en\\\/#\\\/schema\\\/logo\\\/image\\\/\"}}]}<\/script>\n<!-- \/ Yoast SEO plugin. -->","yoast_head_json":{"title":"Discover a fascinating universe of mushroom cultivation","description":"Get started growing mushrooms with help from Skyttegaardens \u00d8stershatte ApS %. Here you'll find tips and tricks for the beginner and the experienced","robots":{"index":"index","follow":"follow","max-snippet":"max-snippet:-1","max-image-preview":"max-image-preview:large","max-video-preview":"max-video-preview:-1"},"canonical":"https:\/\/xn--stershatte-zcb.dk\/en\/mushroom-cultivation\/","og_locale":"en_US","og_type":"article","og_title":"Discover a fascinating universe of mushroom cultivation","og_description":"Get started growing mushrooms with help from Skyttegaardens \u00d8stershatte ApS %. Here you'll find tips and tricks for the beginner and the experienced","og_url":"https:\/\/xn--stershatte-zcb.dk\/en\/mushroom-cultivation\/","og_site_name":"Skyttegaardens \u00d8stershatte ApS","article_modified_time":"2026-04-29T07:50:27+00:00","twitter_card":"summary_large_image","twitter_misc":{"Est. reading time":"1 minute"},"schema":{"@context":"https:\/\/schema.org","@graph":[{"@type":"WebPage","@id":"https:\/\/xn--stershatte-zcb.dk\/en\/mushroom-cultivation\/","url":"https:\/\/xn--stershatte-zcb.dk\/en\/mushroom-cultivation\/","name":"Discover a fascinating universe of mushroom cultivation","isPartOf":{"@id":"https:\/\/xn--stershatte-zcb.dk\/en\/#website"},"datePublished":"2023-01-24T07:23:03+00:00","dateModified":"2026-04-29T07:50:27+00:00","description":"Get started growing mushrooms with help from Skyttegaardens \u00d8stershatte ApS %. Here you'll find tips and tricks for the beginner and the experienced","breadcrumb":{"@id":"https:\/\/xn--stershatte-zcb.dk\/en\/mushroom-cultivation\/#breadcrumb"},"inLanguage":"en-US","potentialAction":[{"@type":"ReadAction","target":["https:\/\/xn--stershatte-zcb.dk\/en\/mushroom-cultivation\/"]}]},{"@type":"BreadcrumbList","@id":"https:\/\/xn--stershatte-zcb.dk\/en\/mushroom-cultivation\/#breadcrumb","itemListElement":[{"@type":"ListItem","position":1,"name":"Hjem","item":"https:\/\/xn--stershatte-zcb.dk\/en\/home-page\/"},{"@type":"ListItem","position":2,"name":"Mushroom cultivation"}]},{"@type":"WebSite","@id":"https:\/\/xn--stershatte-zcb.dk\/en\/#website","url":"https:\/\/xn--stershatte-zcb.dk\/en\/","name":"Skyttegaardens \u00d8stershatte ApS","description":"Dyrk selv \u00f8kologiske svampe og \u00f8stershatte","publisher":{"@id":"https:\/\/xn--stershatte-zcb.dk\/en\/#organization"},"potentialAction":[{"@type":"SearchAction","target":{"@type":"EntryPoint","urlTemplate":"https:\/\/xn--stershatte-zcb.dk\/en\/?s={search_term_string}"},"query-input":{"@type":"PropertyValueSpecification","valueRequired":true,"valueName":"search_term_string"}}],"inLanguage":"en-US"},{"@type":"Organization","@id":"https:\/\/xn--stershatte-zcb.dk\/en\/#organization","name":"Skyttegaardens \u00d8stershatte ApS","url":"https:\/\/xn--stershatte-zcb.dk\/en\/","logo":{"@type":"ImageObject","inLanguage":"en-US","@id":"https:\/\/xn--stershatte-zcb.dk\/en\/#\/schema\/logo\/image\/","url":"https:\/\/xn--stershatte-zcb.dk\/wp-content\/uploads\/2023\/01\/Logo-uden-Bagrund.png","contentUrl":"https:\/\/xn--stershatte-zcb.dk\/wp-content\/uploads\/2023\/01\/Logo-uden-Bagrund.png","width":1238,"height":1210,"caption":"Skyttegaardens \u00d8stershatte ApS"},"image":{"@id":"https:\/\/xn--stershatte-zcb.dk\/en\/#\/schema\/logo\/image\/"}}]}},"_links":{"self":[{"href":"https:\/\/xn--stershatte-zcb.dk\/en\/wp-json\/wp\/v2\/pages\/7270","targetHints":{"allow":["GET"]}}],"collection":[{"href":"https:\/\/xn--stershatte-zcb.dk\/en\/wp-json\/wp\/v2\/pages"}],"about":[{"href":"https:\/\/xn--stershatte-zcb.dk\/en\/wp-json\/wp\/v2\/types\/page"}],"author":[{"embeddable":true,"href":"https:\/\/xn--stershatte-zcb.dk\/en\/wp-json\/wp\/v2\/users\/1"}],"replies":[{"embeddable":true,"href":"https:\/\/xn--stershatte-zcb.dk\/en\/wp-json\/wp\/v2\/comments?post=7270"}],"version-history":[{"count":1,"href":"https:\/\/xn--stershatte-zcb.dk\/en\/wp-json\/wp\/v2\/pages\/7270\/revisions"}],"predecessor-version":[{"id":7273,"href":"https:\/\/xn--stershatte-zcb.dk\/en\/wp-json\/wp\/v2\/pages\/7270\/revisions\/7273"}],"wp:attachment":[{"href":"https:\/\/xn--stershatte-zcb.dk\/en\/wp-json\/wp\/v2\/media?parent=7270"}],"wp:term":[{"taxonomy":"category","embeddable":true,"href":"https:\/\/xn--stershatte-zcb.dk\/en\/wp-json\/wp\/v2\/categories?post=7270"}],"curies":[{"name":"wp","href":"https:\/\/api.w.org\/{rel}","templated":true}]}}