{"id":7291,"date":"2023-01-19T09:03:11","date_gmt":"2023-01-19T08:03:11","guid":{"rendered":"https:\/\/xn--stershatte-zcb.dk\/history-of-skyttegaarden\/"},"modified":"2026-04-29T09:37:35","modified_gmt":"2026-04-29T07:37:35","slug":"history-of-skyttegaarden","status":"publish","type":"page","link":"https:\/\/xn--stershatte-zcb.dk\/en\/history-of-skyttegaarden\/","title":{"rendered":"History of Skytteg\u00e5rden"},"content":{"rendered":"<div class=\"wpb-content-wrapper\"><p>[vc_row full_width=&#8221;stretch_row&#8221;][vc_column]<div class=\"ult-spacer spacer-69f24b6971a89\" data-id=\"69f24b6971a89\" data-height=\"90\" data-height-mobile=\"60\" data-height-tab=\"90\" data-height-tab-portrait=\"60\" data-height-mobile-landscape=\"60\" style=\"clear:both;display:block;\"><\/div>[vc_row_inner css=&#8221;.vc_custom_1676531711931{background-image: url(https:\/\/xn--stershatte-zcb.dk\/wp-content\/uploads\/2023\/02\/vandmaerke.png?id=2150) !important;background-position: 0 0 !important;background-repeat: no-repeat !important;}&#8221;][vc_column_inner offset=&#8221;vc_col-lg-8 vc_col-md-8 vc_col-xs-12&#8243;][vc_column_text]<\/p>\n<h2>About us<\/h2>\n<h2>Here you can read a little about the oyster mushrooms at Skytteg\u00e5rden<\/h2>\n<h3>Skytteg\u00e5rden &#8211; a family business<\/h3>\n<p>The Danish family business Skytteg\u00e5rdens \u00d8stershatte has existed as a nursery since 1983, when married couple Jan and Neel Matthiesen started production. The nursery specializes in the cultivation of oyster mushrooms and can be found in Borup in Central Zealand. <\/p>\n<p>The story of Skytteg\u00e5rden starts back in the early 1980s: Jan and Neel began experimenting with growing oyster mushrooms in their own home. Before the couple set their hearts and souls to the task, no one in Denmark had ever successfully started a real production of oyster mushrooms. <\/p>\n<p>They therefore had to draw on knowledge from other European mushroom farmers in the development of production methods. As a result, the machines that today form the framework for oyster mushroom production at Skytteg\u00e5rden were invented and developed by the family themselves. As their knowledge and experience grew and production developed, they moved to larger premises &#8211; the same premises that today house the mushroom farm in Borup.  <\/p>\n<p>In 2021, Morten S\u00f8gaard and Karina \u00d8er took over Skytteg\u00e5rdens \u00d8stershatte, which they ran until November 2022, when Michael Str\u00f8m Petersen bought the business. Michael is also known as L\u00e6s\u00f8 (because that&#8217;s where he was born). Today he lives in Stubberup with Trine and their 2 children.  <\/p>\n<h3>Sponge bag<\/h3>\n<p>Today, the production of fresh oyster mushrooms has expanded with a grow-it-yourself kit. A mushroom bag that is made in the same way as the bags used in production &#8211; just on a smaller scale. The mushroom bag is made to fit perfectly in the vegetable garden, on the balcony, in the garden or wherever you want it to be.  <\/p>\n<p>In our webshop you can buy the mushroom bag, which also makes a great gift idea. And when no more mushrooms grow from the bag after a year, the contents can be used as the perfect fertilizer for your herb garden or window box. <\/p>\n<p>With the Mushroom Bag, you can harvest your own organic oyster mushrooms all year round. It can be placed inside or outside and requires no watering. The oyster mushrooms grow best at 18\u00b0C, but if the temperature gets too high or low, it will simply go dormant. It can also tolerate frost, and will only wake up again when the temperature gets warmer. Under optimal conditions, the mushroom bag will be active for up to 1 year and give off about 3-5 burps.    <\/p>\n<p>Order your very own sponge bag <a href=\"\/product\/svampepose-inkl-jutepose-oekologiske-oestershatte-graa-brun\/\">here<\/a>.<\/p>\n<p>The mushroom bag is ideal for both beginners and more experienced mushroom growers. As the mushroom bag is made from the same mix used for production at Skytteg\u00e5rden, they are constantly tested and quality is guaranteed. <\/p>\n<h3>Sustainable production<\/h3>\n<p>Since Skytteg\u00e5rdens \u00d8stershatte was founded, the nursery has focused on sustainability and ecology and has therefore never used artificial fertilizers or pesticides in their production of oyster mushrooms. The focus on making production fully organic paid off in 2014, when Skytteg\u00e5rdens \u00d8stershatte received the red \u00d8-label. <\/p>\n<p>The mushrooms are grown on straw that has been processed with nothing more than water and fungal mycelium. When the straw can no longer produce mushrooms, a local organic farmer benefits from the &#8220;used&#8221; straw, which is spread over the farmer&#8217;s fields with crops. The processing of the straw makes it highly suitable as an environmentally friendly fertilizer.  <\/p>\n<p>This can also be copied on your own mushroom bag. When the mushroom bag no longer produces oyster mushrooms, you can use the straw in potted plants and in the garden as an excellent fertilizer. Skytteg\u00e5rden is very proud to be able to offer a circular product and thus minimize the environmental footprint.  <\/p>\n<p>Visit Skytteg\u00e5rdens \u00d8stershatte on Facebook here and on Instragram here @skyttegaardensoestershatte.[\/vc_column_text]<div class=\"ult-spacer spacer-69f24b6971acc\" data-id=\"69f24b6971acc\" data-height=\"0\" data-height-mobile=\"30\" data-height-tab=\"0\" data-height-tab-portrait=\"30\" data-height-mobile-landscape=\"30\" style=\"clear:both;display:block;\"><\/div>[\/vc_column_inner][vc_column_inner offset=&#8221;vc_col-lg-4 vc_col-md-4 vc_col-xs-12&#8243;][vc_single_image image=&#8221;3895&#8243; img_size=&#8221;full&#8221; alignment=&#8221;center&#8221;][\/vc_column_inner][\/vc_row_inner]<div class=\"ult-spacer spacer-69f24b6971b00\" data-id=\"69f24b6971b00\" data-height=\"90\" data-height-mobile=\"60\" data-height-tab=\"90\" data-height-tab-portrait=\"60\" data-height-mobile-landscape=\"60\" style=\"clear:both;display:block;\"><\/div>[\/vc_column][\/vc_row]<\/p>\n<\/div>","protected":false},"excerpt":{"rendered":"<p>[vc_row full_width=&#8221;stretch_row&#8221;][vc_column][vc_row_inner css=&#8221;.vc_custom_1676531711931{background-image: url(https:\/\/xn--stershatte-zcb.dk\/wp-content\/uploads\/2023\/02\/vandmaerke.png?id=2150) !important;background-position: 0 0 !important;background-repeat: no-repeat !important;}&#8221;][vc_column_inner offset=&#8221;vc_col-lg-8 vc_col-md-8 vc_col-xs-12&#8243;][vc_column_text] About us Here you can read a little about the oyster mushrooms at Skytteg\u00e5rden Skytteg\u00e5rden &#8211; a family business The Danish family business Skytteg\u00e5rdens \u00d8stershatte has existed as a nursery since 1983, when married couple Jan and Neel Matthiesen started production. The &#8230; <a title=\"History of Skytteg\u00e5rden\" class=\"read-more\" href=\"https:\/\/xn--stershatte-zcb.dk\/en\/history-of-skyttegaarden\/\" aria-label=\"Read more about History of Skytteg\u00e5rden\">Read more<\/a><\/p>\n","protected":false},"author":1,"featured_media":0,"parent":0,"menu_order":0,"comment_status":"closed","ping_status":"closed","template":"","meta":{"_acf_changed":false,"footnotes":""},"categories":[],"class_list":["post-7291","page","type-page","status-publish"],"acf":[],"yoast_head":"<!-- This site is optimized with the Yoast SEO plugin v27.5 - https:\/\/yoast.com\/product\/yoast-seo-wordpress\/ -->\n<title>History of Skytteg\u00e5rden &#183; Skyttegaardens \u00d8stershatte ApS<\/title>\n<meta name=\"robots\" content=\"index, follow, max-snippet:-1, max-image-preview:large, max-video-preview:-1\" \/>\n<link rel=\"canonical\" href=\"https:\/\/xn--stershatte-zcb.dk\/en\/history-of-skyttegaarden\/\" \/>\n<meta property=\"og:locale\" content=\"en_US\" \/>\n<meta property=\"og:type\" content=\"article\" \/>\n<meta property=\"og:title\" content=\"History of Skytteg\u00e5rden &#183; Skyttegaardens \u00d8stershatte ApS\" \/>\n<meta property=\"og:description\" content=\"[vc_row full_width=&#8221;stretch_row&#8221;][vc_column][vc_row_inner css=&#8221;.vc_custom_1676531711931{background-image: url(https:\/\/xn--stershatte-zcb.dk\/wp-content\/uploads\/2023\/02\/vandmaerke.png?id=2150) !important;background-position: 0 0 !important;background-repeat: no-repeat !important;}&#8221;][vc_column_inner offset=&#8221;vc_col-lg-8 vc_col-md-8 vc_col-xs-12&#8243;][vc_column_text] About us Here you can read a little about the oyster mushrooms at Skytteg\u00e5rden Skytteg\u00e5rden &#8211; a family business The Danish family business Skytteg\u00e5rdens \u00d8stershatte has existed as a nursery since 1983, when married couple Jan and Neel Matthiesen started production. The ... Read more\" \/>\n<meta property=\"og:url\" content=\"https:\/\/xn--stershatte-zcb.dk\/en\/history-of-skyttegaarden\/\" \/>\n<meta property=\"og:site_name\" content=\"Skyttegaardens \u00d8stershatte ApS\" \/>\n<meta property=\"article:modified_time\" content=\"2026-04-29T07:37:35+00:00\" \/>\n<meta name=\"twitter:card\" content=\"summary_large_image\" \/>\n<meta name=\"twitter:label1\" content=\"Est. reading time\" \/>\n\t<meta name=\"twitter:data1\" content=\"4 minutes\" \/>\n<script type=\"application\/ld+json\" class=\"yoast-schema-graph\">{\"@context\":\"https:\\\/\\\/schema.org\",\"@graph\":[{\"@type\":\"WebPage\",\"@id\":\"https:\\\/\\\/xn--stershatte-zcb.dk\\\/en\\\/history-of-skyttegaarden\\\/\",\"url\":\"https:\\\/\\\/xn--stershatte-zcb.dk\\\/en\\\/history-of-skyttegaarden\\\/\",\"name\":\"History of Skytteg\u00e5rden &#183; Skyttegaardens \u00d8stershatte ApS\",\"isPartOf\":{\"@id\":\"https:\\\/\\\/xn--stershatte-zcb.dk\\\/en\\\/#website\"},\"datePublished\":\"2023-01-19T08:03:11+00:00\",\"dateModified\":\"2026-04-29T07:37:35+00:00\",\"breadcrumb\":{\"@id\":\"https:\\\/\\\/xn--stershatte-zcb.dk\\\/en\\\/history-of-skyttegaarden\\\/#breadcrumb\"},\"inLanguage\":\"en-US\",\"potentialAction\":[{\"@type\":\"ReadAction\",\"target\":[\"https:\\\/\\\/xn--stershatte-zcb.dk\\\/en\\\/history-of-skyttegaarden\\\/\"]}]},{\"@type\":\"BreadcrumbList\",\"@id\":\"https:\\\/\\\/xn--stershatte-zcb.dk\\\/en\\\/history-of-skyttegaarden\\\/#breadcrumb\",\"itemListElement\":[{\"@type\":\"ListItem\",\"position\":1,\"name\":\"Hjem\",\"item\":\"https:\\\/\\\/xn--stershatte-zcb.dk\\\/en\\\/home-page\\\/\"},{\"@type\":\"ListItem\",\"position\":2,\"name\":\"History of Skytteg\u00e5rden\"}]},{\"@type\":\"WebSite\",\"@id\":\"https:\\\/\\\/xn--stershatte-zcb.dk\\\/en\\\/#website\",\"url\":\"https:\\\/\\\/xn--stershatte-zcb.dk\\\/en\\\/\",\"name\":\"Skyttegaardens \u00d8stershatte ApS\",\"description\":\"Dyrk selv \u00f8kologiske svampe og \u00f8stershatte\",\"publisher\":{\"@id\":\"https:\\\/\\\/xn--stershatte-zcb.dk\\\/en\\\/#organization\"},\"potentialAction\":[{\"@type\":\"SearchAction\",\"target\":{\"@type\":\"EntryPoint\",\"urlTemplate\":\"https:\\\/\\\/xn--stershatte-zcb.dk\\\/en\\\/?s={search_term_string}\"},\"query-input\":{\"@type\":\"PropertyValueSpecification\",\"valueRequired\":true,\"valueName\":\"search_term_string\"}}],\"inLanguage\":\"en-US\"},{\"@type\":\"Organization\",\"@id\":\"https:\\\/\\\/xn--stershatte-zcb.dk\\\/en\\\/#organization\",\"name\":\"Skyttegaardens \u00d8stershatte ApS\",\"url\":\"https:\\\/\\\/xn--stershatte-zcb.dk\\\/en\\\/\",\"logo\":{\"@type\":\"ImageObject\",\"inLanguage\":\"en-US\",\"@id\":\"https:\\\/\\\/xn--stershatte-zcb.dk\\\/en\\\/#\\\/schema\\\/logo\\\/image\\\/\",\"url\":\"https:\\\/\\\/xn--stershatte-zcb.dk\\\/wp-content\\\/uploads\\\/2023\\\/01\\\/Logo-uden-Bagrund.png\",\"contentUrl\":\"https:\\\/\\\/xn--stershatte-zcb.dk\\\/wp-content\\\/uploads\\\/2023\\\/01\\\/Logo-uden-Bagrund.png\",\"width\":1238,\"height\":1210,\"caption\":\"Skyttegaardens \u00d8stershatte ApS\"},\"image\":{\"@id\":\"https:\\\/\\\/xn--stershatte-zcb.dk\\\/en\\\/#\\\/schema\\\/logo\\\/image\\\/\"}}]}<\/script>\n<!-- \/ Yoast SEO plugin. -->","yoast_head_json":{"title":"History of Skytteg\u00e5rden &#183; Skyttegaardens \u00d8stershatte ApS","robots":{"index":"index","follow":"follow","max-snippet":"max-snippet:-1","max-image-preview":"max-image-preview:large","max-video-preview":"max-video-preview:-1"},"canonical":"https:\/\/xn--stershatte-zcb.dk\/en\/history-of-skyttegaarden\/","og_locale":"en_US","og_type":"article","og_title":"History of Skytteg\u00e5rden &#183; Skyttegaardens \u00d8stershatte ApS","og_description":"[vc_row full_width=&#8221;stretch_row&#8221;][vc_column][vc_row_inner css=&#8221;.vc_custom_1676531711931{background-image: url(https:\/\/xn--stershatte-zcb.dk\/wp-content\/uploads\/2023\/02\/vandmaerke.png?id=2150) !important;background-position: 0 0 !important;background-repeat: no-repeat !important;}&#8221;][vc_column_inner offset=&#8221;vc_col-lg-8 vc_col-md-8 vc_col-xs-12&#8243;][vc_column_text] About us Here you can read a little about the oyster mushrooms at Skytteg\u00e5rden Skytteg\u00e5rden &#8211; a family business The Danish family business Skytteg\u00e5rdens \u00d8stershatte has existed as a nursery since 1983, when married couple Jan and Neel Matthiesen started production. The ... Read more","og_url":"https:\/\/xn--stershatte-zcb.dk\/en\/history-of-skyttegaarden\/","og_site_name":"Skyttegaardens \u00d8stershatte ApS","article_modified_time":"2026-04-29T07:37:35+00:00","twitter_card":"summary_large_image","twitter_misc":{"Est. reading time":"4 minutes"},"schema":{"@context":"https:\/\/schema.org","@graph":[{"@type":"WebPage","@id":"https:\/\/xn--stershatte-zcb.dk\/en\/history-of-skyttegaarden\/","url":"https:\/\/xn--stershatte-zcb.dk\/en\/history-of-skyttegaarden\/","name":"History of Skytteg\u00e5rden &#183; Skyttegaardens \u00d8stershatte ApS","isPartOf":{"@id":"https:\/\/xn--stershatte-zcb.dk\/en\/#website"},"datePublished":"2023-01-19T08:03:11+00:00","dateModified":"2026-04-29T07:37:35+00:00","breadcrumb":{"@id":"https:\/\/xn--stershatte-zcb.dk\/en\/history-of-skyttegaarden\/#breadcrumb"},"inLanguage":"en-US","potentialAction":[{"@type":"ReadAction","target":["https:\/\/xn--stershatte-zcb.dk\/en\/history-of-skyttegaarden\/"]}]},{"@type":"BreadcrumbList","@id":"https:\/\/xn--stershatte-zcb.dk\/en\/history-of-skyttegaarden\/#breadcrumb","itemListElement":[{"@type":"ListItem","position":1,"name":"Hjem","item":"https:\/\/xn--stershatte-zcb.dk\/en\/home-page\/"},{"@type":"ListItem","position":2,"name":"History of Skytteg\u00e5rden"}]},{"@type":"WebSite","@id":"https:\/\/xn--stershatte-zcb.dk\/en\/#website","url":"https:\/\/xn--stershatte-zcb.dk\/en\/","name":"Skyttegaardens \u00d8stershatte ApS","description":"Dyrk selv \u00f8kologiske svampe og \u00f8stershatte","publisher":{"@id":"https:\/\/xn--stershatte-zcb.dk\/en\/#organization"},"potentialAction":[{"@type":"SearchAction","target":{"@type":"EntryPoint","urlTemplate":"https:\/\/xn--stershatte-zcb.dk\/en\/?s={search_term_string}"},"query-input":{"@type":"PropertyValueSpecification","valueRequired":true,"valueName":"search_term_string"}}],"inLanguage":"en-US"},{"@type":"Organization","@id":"https:\/\/xn--stershatte-zcb.dk\/en\/#organization","name":"Skyttegaardens \u00d8stershatte ApS","url":"https:\/\/xn--stershatte-zcb.dk\/en\/","logo":{"@type":"ImageObject","inLanguage":"en-US","@id":"https:\/\/xn--stershatte-zcb.dk\/en\/#\/schema\/logo\/image\/","url":"https:\/\/xn--stershatte-zcb.dk\/wp-content\/uploads\/2023\/01\/Logo-uden-Bagrund.png","contentUrl":"https:\/\/xn--stershatte-zcb.dk\/wp-content\/uploads\/2023\/01\/Logo-uden-Bagrund.png","width":1238,"height":1210,"caption":"Skyttegaardens \u00d8stershatte ApS"},"image":{"@id":"https:\/\/xn--stershatte-zcb.dk\/en\/#\/schema\/logo\/image\/"}}]}},"_links":{"self":[{"href":"https:\/\/xn--stershatte-zcb.dk\/en\/wp-json\/wp\/v2\/pages\/7291","targetHints":{"allow":["GET"]}}],"collection":[{"href":"https:\/\/xn--stershatte-zcb.dk\/en\/wp-json\/wp\/v2\/pages"}],"about":[{"href":"https:\/\/xn--stershatte-zcb.dk\/en\/wp-json\/wp\/v2\/types\/page"}],"author":[{"embeddable":true,"href":"https:\/\/xn--stershatte-zcb.dk\/en\/wp-json\/wp\/v2\/users\/1"}],"replies":[{"embeddable":true,"href":"https:\/\/xn--stershatte-zcb.dk\/en\/wp-json\/wp\/v2\/comments?post=7291"}],"version-history":[{"count":1,"href":"https:\/\/xn--stershatte-zcb.dk\/en\/wp-json\/wp\/v2\/pages\/7291\/revisions"}],"predecessor-version":[{"id":7294,"href":"https:\/\/xn--stershatte-zcb.dk\/en\/wp-json\/wp\/v2\/pages\/7291\/revisions\/7294"}],"wp:attachment":[{"href":"https:\/\/xn--stershatte-zcb.dk\/en\/wp-json\/wp\/v2\/media?parent=7291"}],"wp:term":[{"taxonomy":"category","embeddable":true,"href":"https:\/\/xn--stershatte-zcb.dk\/en\/wp-json\/wp\/v2\/categories?post=7291"}],"curies":[{"name":"wp","href":"https:\/\/api.w.org\/{rel}","templated":true}]}}