{"id":7311,"date":"2024-05-08T09:23:47","date_gmt":"2024-05-08T07:23:47","guid":{"rendered":"https:\/\/xn--stershatte-zcb.dk\/product\/offer-lions-mane-mushroom-block-without-burlap-bag\/"},"modified":"2024-05-08T09:23:47","modified_gmt":"2024-05-08T07:23:47","slug":"offer-lions-mane-mushroom-block-without-burlap-bag","status":"publish","type":"product","link":"https:\/\/xn--stershatte-zcb.dk\/en\/product\/offer-lions-mane-mushroom-block-without-burlap-bag\/","title":{"rendered":"OFFER Lion&#8217;s Mane &#8211; Mushroom block &#8211; Without burlap bag"},"content":{"rendered":"<p>Grow your own Lion&#8217;s Mane with this mushroom block. We&#8217;ve made it easy for you. <\/p>\n<p>The mushroom block consists of a mixture of Lion&#8217;s Mane mycelium, pastorized hardwood crumbs, bran and water, making it easy for you to grow mushrooms in your own home.<\/p>\n<p>With the mushroom block you can harvest your own Lion&#8217;s Mane all year round. The mushroom block can be placed on the kitchen counter, on the windowsill, on the balcony, in the garden or anywhere else you see fit. <\/p>\n<p>The block comes in a recycled cardboard box with instructions included.<\/p>\n<p>Block size: approx. 2.5 kg.<\/p>\n<p>The block can produce up to 1 kg of fresh mushrooms that are harvested multiple times. <\/p>\n<p>&nbsp;<\/p>\n<p>GET STARTED WITH THE SPONGE BLOCK<\/p>\n<p>Take the mushroom block out of the box<\/p>\n<p>Place the block wherever you want it in your home. The block should preferably not be too cool or too warm (preferably between 12-24 degrees). Avoid direct sunlight.  <\/p>\n<p>Cut 2-4 holes of approx. 3 cm. across the block. You can also choose to cut 1-2 long cuts of about 8 cm.  <\/p>\n<p>The block then takes care of itself.<\/p>\n<p>As the mushrooms grow out, you can spray water on the mushrooms continuously if they seem dry.<\/p>\n<p>In some cases, fungi will come out of all the holes, but more often than not, fungi will only come out of some of the holes.<\/p>\n<p>&nbsp;<\/p>\n<p>THE LIFE OF THE SPONGE BLOCK<\/p>\n<p>The mushrooms grow in &#8220;breaks&#8221;. Once the first-break is over, the bag will pause before a second-break will grow. You can choose to let the second-break come out of the original first-break holes, or you can cut new holes elsewhere on the block. Try your hand at it.   <\/p>\n<p>You&#8217;ll notice that there is a longer time between breaks. This does not mean that the block is done sponging. You need to be patient. These are living organisms, each of which can behave differently.   <\/p>\n","protected":false},"excerpt":{"rendered":"<p>Grow your own Lion&#8217;s Mane with this mushroom block. We&#8217;ve made it easy for you. The mushroom block consists of a mixture of Lion&#8217;s Mane mycelium, pastorized hardwood crumbs, bran and water, making it easy for you to grow mushrooms in your own home. With the mushroom block you can harvest your own Lion&#8217;s Mane &#8230; <a title=\"OFFER Lion&#8217;s Mane &#8211; Mushroom block &#8211; Without burlap bag\" class=\"read-more\" href=\"https:\/\/xn--stershatte-zcb.dk\/en\/product\/offer-lions-mane-mushroom-block-without-burlap-bag\/\" aria-label=\"Read more about OFFER Lion&#8217;s Mane &#8211; Mushroom block &#8211; Without burlap bag\">Read more<\/a><\/p>\n","protected":false},"featured_media":7312,"template":"","meta":{"_acf_changed":false},"product_brand":[],"product_cat":[87],"product_tag":[],"class_list":{"0":"post-7311","1":"product","2":"type-product","3":"status-publish","4":"has-post-thumbnail","6":"product_cat-special-offers","7":"sales-flash-overlay","8":"woocommerce-text-align-left","9":"woocommerce-image-align-left","11":"first","12":"instock","13":"sale","14":"taxable","15":"shipping-taxable","16":"purchasable","17":"product-type-simple"},"acf":[],"yoast_head":"<!-- This site is optimized with the Yoast SEO plugin v27.5 - https:\/\/yoast.com\/product\/yoast-seo-wordpress\/ -->\n<title>OFFER Lion&#039;s Mane - Mushroom block - Without burlap bag &#183; Skyttegaardens \u00d8stershatte ApS<\/title>\n<meta name=\"robots\" content=\"index, follow, max-snippet:-1, max-image-preview:large, max-video-preview:-1\" \/>\n<link rel=\"canonical\" href=\"https:\/\/xn--stershatte-zcb.dk\/en\/product\/offer-lions-mane-mushroom-block-without-burlap-bag\/\" \/>\n<meta property=\"og:locale\" content=\"en_US\" \/>\n<meta property=\"og:type\" content=\"article\" \/>\n<meta property=\"og:title\" content=\"OFFER Lion&#039;s Mane - Mushroom block - Without burlap bag &#183; Skyttegaardens \u00d8stershatte ApS\" \/>\n<meta property=\"og:description\" content=\"Grow your own Lion&#8217;s Mane with this mushroom block. We&#8217;ve made it easy for you. The mushroom block consists of a mixture of Lion&#8217;s Mane mycelium, pastorized hardwood crumbs, bran and water, making it easy for you to grow mushrooms in your own home. With the mushroom block you can harvest your own Lion&#8217;s Mane ... Read more\" \/>\n<meta property=\"og:url\" content=\"https:\/\/xn--stershatte-zcb.dk\/en\/product\/offer-lions-mane-mushroom-block-without-burlap-bag\/\" \/>\n<meta property=\"og:site_name\" content=\"Skyttegaardens \u00d8stershatte ApS\" \/>\n<meta property=\"og:image\" content=\"https:\/\/xn--stershatte-zcb.dk\/wp-content\/uploads\/2024\/05\/Lions-Mane-Svampeblok-billede-1-scaled.jpg\" \/>\n\t<meta property=\"og:image:width\" content=\"946\" \/>\n\t<meta property=\"og:image:height\" content=\"2048\" \/>\n\t<meta property=\"og:image:type\" content=\"image\/jpeg\" \/>\n<meta name=\"twitter:card\" content=\"summary_large_image\" \/>\n<meta name=\"twitter:label1\" content=\"Est. reading time\" \/>\n\t<meta name=\"twitter:data1\" content=\"2 minutes\" \/>\n<script type=\"application\/ld+json\" class=\"yoast-schema-graph\">{\"@context\":\"https:\\\/\\\/schema.org\",\"@graph\":[{\"@type\":\"WebPage\",\"@id\":\"https:\\\/\\\/xn--stershatte-zcb.dk\\\/en\\\/product\\\/offer-lions-mane-mushroom-block-without-burlap-bag\\\/\",\"url\":\"https:\\\/\\\/xn--stershatte-zcb.dk\\\/en\\\/product\\\/offer-lions-mane-mushroom-block-without-burlap-bag\\\/\",\"name\":\"OFFER Lion's Mane - Mushroom block - Without burlap bag &#183; Skyttegaardens \u00d8stershatte ApS\",\"isPartOf\":{\"@id\":\"https:\\\/\\\/xn--stershatte-zcb.dk\\\/en\\\/#website\"},\"primaryImageOfPage\":{\"@id\":\"https:\\\/\\\/xn--stershatte-zcb.dk\\\/en\\\/product\\\/offer-lions-mane-mushroom-block-without-burlap-bag\\\/#primaryimage\"},\"image\":{\"@id\":\"https:\\\/\\\/xn--stershatte-zcb.dk\\\/en\\\/product\\\/offer-lions-mane-mushroom-block-without-burlap-bag\\\/#primaryimage\"},\"thumbnailUrl\":\"https:\\\/\\\/xn--stershatte-zcb.dk\\\/wp-content\\\/uploads\\\/2024\\\/05\\\/Lions-Mane-Svampeblok-billede-1-scaled.jpg\",\"datePublished\":\"2024-05-08T07:23:47+00:00\",\"breadcrumb\":{\"@id\":\"https:\\\/\\\/xn--stershatte-zcb.dk\\\/en\\\/product\\\/offer-lions-mane-mushroom-block-without-burlap-bag\\\/#breadcrumb\"},\"inLanguage\":\"en-US\",\"potentialAction\":[{\"@type\":\"ReadAction\",\"target\":[\"https:\\\/\\\/xn--stershatte-zcb.dk\\\/en\\\/product\\\/offer-lions-mane-mushroom-block-without-burlap-bag\\\/\"]}]},{\"@type\":\"ImageObject\",\"inLanguage\":\"en-US\",\"@id\":\"https:\\\/\\\/xn--stershatte-zcb.dk\\\/en\\\/product\\\/offer-lions-mane-mushroom-block-without-burlap-bag\\\/#primaryimage\",\"url\":\"https:\\\/\\\/xn--stershatte-zcb.dk\\\/wp-content\\\/uploads\\\/2024\\\/05\\\/Lions-Mane-Svampeblok-billede-1-scaled.jpg\",\"contentUrl\":\"https:\\\/\\\/xn--stershatte-zcb.dk\\\/wp-content\\\/uploads\\\/2024\\\/05\\\/Lions-Mane-Svampeblok-billede-1-scaled.jpg\",\"width\":946,\"height\":2048},{\"@type\":\"BreadcrumbList\",\"@id\":\"https:\\\/\\\/xn--stershatte-zcb.dk\\\/en\\\/product\\\/offer-lions-mane-mushroom-block-without-burlap-bag\\\/#breadcrumb\",\"itemListElement\":[{\"@type\":\"ListItem\",\"position\":1,\"name\":\"Hjem\",\"item\":\"https:\\\/\\\/xn--stershatte-zcb.dk\\\/en\\\/home-page\\\/\"},{\"@type\":\"ListItem\",\"position\":2,\"name\":\"The Mushroom Shop\",\"item\":\"https:\\\/\\\/xn--stershatte-zcb.dk\\\/en\\\/the-mushroom-shop\\\/\"},{\"@type\":\"ListItem\",\"position\":3,\"name\":\"OFFER Lion&#8217;s Mane &#8211; Mushroom block &#8211; Without burlap bag\"}]},{\"@type\":\"WebSite\",\"@id\":\"https:\\\/\\\/xn--stershatte-zcb.dk\\\/en\\\/#website\",\"url\":\"https:\\\/\\\/xn--stershatte-zcb.dk\\\/en\\\/\",\"name\":\"Skyttegaardens \u00d8stershatte ApS\",\"description\":\"Dyrk selv \u00f8kologiske svampe og \u00f8stershatte\",\"publisher\":{\"@id\":\"https:\\\/\\\/xn--stershatte-zcb.dk\\\/en\\\/#organization\"},\"potentialAction\":[{\"@type\":\"SearchAction\",\"target\":{\"@type\":\"EntryPoint\",\"urlTemplate\":\"https:\\\/\\\/xn--stershatte-zcb.dk\\\/en\\\/?s={search_term_string}\"},\"query-input\":{\"@type\":\"PropertyValueSpecification\",\"valueRequired\":true,\"valueName\":\"search_term_string\"}}],\"inLanguage\":\"en-US\"},{\"@type\":\"Organization\",\"@id\":\"https:\\\/\\\/xn--stershatte-zcb.dk\\\/en\\\/#organization\",\"name\":\"Skyttegaardens \u00d8stershatte ApS\",\"url\":\"https:\\\/\\\/xn--stershatte-zcb.dk\\\/en\\\/\",\"logo\":{\"@type\":\"ImageObject\",\"inLanguage\":\"en-US\",\"@id\":\"https:\\\/\\\/xn--stershatte-zcb.dk\\\/en\\\/#\\\/schema\\\/logo\\\/image\\\/\",\"url\":\"https:\\\/\\\/xn--stershatte-zcb.dk\\\/wp-content\\\/uploads\\\/2023\\\/01\\\/Logo-uden-Bagrund.png\",\"contentUrl\":\"https:\\\/\\\/xn--stershatte-zcb.dk\\\/wp-content\\\/uploads\\\/2023\\\/01\\\/Logo-uden-Bagrund.png\",\"width\":1238,\"height\":1210,\"caption\":\"Skyttegaardens \u00d8stershatte ApS\"},\"image\":{\"@id\":\"https:\\\/\\\/xn--stershatte-zcb.dk\\\/en\\\/#\\\/schema\\\/logo\\\/image\\\/\"}}]}<\/script>\n<!-- \/ Yoast SEO plugin. -->","yoast_head_json":{"title":"OFFER Lion's Mane - Mushroom block - Without burlap bag &#183; Skyttegaardens \u00d8stershatte ApS","robots":{"index":"index","follow":"follow","max-snippet":"max-snippet:-1","max-image-preview":"max-image-preview:large","max-video-preview":"max-video-preview:-1"},"canonical":"https:\/\/xn--stershatte-zcb.dk\/en\/product\/offer-lions-mane-mushroom-block-without-burlap-bag\/","og_locale":"en_US","og_type":"article","og_title":"OFFER Lion's Mane - Mushroom block - Without burlap bag &#183; Skyttegaardens \u00d8stershatte ApS","og_description":"Grow your own Lion&#8217;s Mane with this mushroom block. We&#8217;ve made it easy for you. The mushroom block consists of a mixture of Lion&#8217;s Mane mycelium, pastorized hardwood crumbs, bran and water, making it easy for you to grow mushrooms in your own home. With the mushroom block you can harvest your own Lion&#8217;s Mane ... Read more","og_url":"https:\/\/xn--stershatte-zcb.dk\/en\/product\/offer-lions-mane-mushroom-block-without-burlap-bag\/","og_site_name":"Skyttegaardens \u00d8stershatte ApS","og_image":[{"width":946,"height":2048,"url":"https:\/\/xn--stershatte-zcb.dk\/wp-content\/uploads\/2024\/05\/Lions-Mane-Svampeblok-billede-1-scaled.jpg","type":"image\/jpeg"}],"twitter_card":"summary_large_image","twitter_misc":{"Est. reading time":"2 minutes"},"schema":{"@context":"https:\/\/schema.org","@graph":[{"@type":"WebPage","@id":"https:\/\/xn--stershatte-zcb.dk\/en\/product\/offer-lions-mane-mushroom-block-without-burlap-bag\/","url":"https:\/\/xn--stershatte-zcb.dk\/en\/product\/offer-lions-mane-mushroom-block-without-burlap-bag\/","name":"OFFER Lion's Mane - Mushroom block - Without burlap bag &#183; Skyttegaardens \u00d8stershatte ApS","isPartOf":{"@id":"https:\/\/xn--stershatte-zcb.dk\/en\/#website"},"primaryImageOfPage":{"@id":"https:\/\/xn--stershatte-zcb.dk\/en\/product\/offer-lions-mane-mushroom-block-without-burlap-bag\/#primaryimage"},"image":{"@id":"https:\/\/xn--stershatte-zcb.dk\/en\/product\/offer-lions-mane-mushroom-block-without-burlap-bag\/#primaryimage"},"thumbnailUrl":"https:\/\/xn--stershatte-zcb.dk\/wp-content\/uploads\/2024\/05\/Lions-Mane-Svampeblok-billede-1-scaled.jpg","datePublished":"2024-05-08T07:23:47+00:00","breadcrumb":{"@id":"https:\/\/xn--stershatte-zcb.dk\/en\/product\/offer-lions-mane-mushroom-block-without-burlap-bag\/#breadcrumb"},"inLanguage":"en-US","potentialAction":[{"@type":"ReadAction","target":["https:\/\/xn--stershatte-zcb.dk\/en\/product\/offer-lions-mane-mushroom-block-without-burlap-bag\/"]}]},{"@type":"ImageObject","inLanguage":"en-US","@id":"https:\/\/xn--stershatte-zcb.dk\/en\/product\/offer-lions-mane-mushroom-block-without-burlap-bag\/#primaryimage","url":"https:\/\/xn--stershatte-zcb.dk\/wp-content\/uploads\/2024\/05\/Lions-Mane-Svampeblok-billede-1-scaled.jpg","contentUrl":"https:\/\/xn--stershatte-zcb.dk\/wp-content\/uploads\/2024\/05\/Lions-Mane-Svampeblok-billede-1-scaled.jpg","width":946,"height":2048},{"@type":"BreadcrumbList","@id":"https:\/\/xn--stershatte-zcb.dk\/en\/product\/offer-lions-mane-mushroom-block-without-burlap-bag\/#breadcrumb","itemListElement":[{"@type":"ListItem","position":1,"name":"Hjem","item":"https:\/\/xn--stershatte-zcb.dk\/en\/home-page\/"},{"@type":"ListItem","position":2,"name":"The Mushroom Shop","item":"https:\/\/xn--stershatte-zcb.dk\/en\/the-mushroom-shop\/"},{"@type":"ListItem","position":3,"name":"OFFER Lion&#8217;s Mane &#8211; Mushroom block &#8211; Without burlap bag"}]},{"@type":"WebSite","@id":"https:\/\/xn--stershatte-zcb.dk\/en\/#website","url":"https:\/\/xn--stershatte-zcb.dk\/en\/","name":"Skyttegaardens \u00d8stershatte ApS","description":"Dyrk selv \u00f8kologiske svampe og \u00f8stershatte","publisher":{"@id":"https:\/\/xn--stershatte-zcb.dk\/en\/#organization"},"potentialAction":[{"@type":"SearchAction","target":{"@type":"EntryPoint","urlTemplate":"https:\/\/xn--stershatte-zcb.dk\/en\/?s={search_term_string}"},"query-input":{"@type":"PropertyValueSpecification","valueRequired":true,"valueName":"search_term_string"}}],"inLanguage":"en-US"},{"@type":"Organization","@id":"https:\/\/xn--stershatte-zcb.dk\/en\/#organization","name":"Skyttegaardens \u00d8stershatte ApS","url":"https:\/\/xn--stershatte-zcb.dk\/en\/","logo":{"@type":"ImageObject","inLanguage":"en-US","@id":"https:\/\/xn--stershatte-zcb.dk\/en\/#\/schema\/logo\/image\/","url":"https:\/\/xn--stershatte-zcb.dk\/wp-content\/uploads\/2023\/01\/Logo-uden-Bagrund.png","contentUrl":"https:\/\/xn--stershatte-zcb.dk\/wp-content\/uploads\/2023\/01\/Logo-uden-Bagrund.png","width":1238,"height":1210,"caption":"Skyttegaardens \u00d8stershatte ApS"},"image":{"@id":"https:\/\/xn--stershatte-zcb.dk\/en\/#\/schema\/logo\/image\/"}}]}},"_links":{"self":[{"href":"https:\/\/xn--stershatte-zcb.dk\/en\/wp-json\/wp\/v2\/product\/7311","targetHints":{"allow":["GET"]}}],"collection":[{"href":"https:\/\/xn--stershatte-zcb.dk\/en\/wp-json\/wp\/v2\/product"}],"about":[{"href":"https:\/\/xn--stershatte-zcb.dk\/en\/wp-json\/wp\/v2\/types\/product"}],"wp:featuredmedia":[{"embeddable":true,"href":"https:\/\/xn--stershatte-zcb.dk\/en\/wp-json\/wp\/v2\/media\/7312"}],"wp:attachment":[{"href":"https:\/\/xn--stershatte-zcb.dk\/en\/wp-json\/wp\/v2\/media?parent=7311"}],"wp:term":[{"taxonomy":"product_brand","embeddable":true,"href":"https:\/\/xn--stershatte-zcb.dk\/en\/wp-json\/wp\/v2\/product_brand?post=7311"},{"taxonomy":"product_cat","embeddable":true,"href":"https:\/\/xn--stershatte-zcb.dk\/en\/wp-json\/wp\/v2\/product_cat?post=7311"},{"taxonomy":"product_tag","embeddable":true,"href":"https:\/\/xn--stershatte-zcb.dk\/en\/wp-json\/wp\/v2\/product_tag?post=7311"}],"curies":[{"name":"wp","href":"https:\/\/api.w.org\/{rel}","templated":true}]}}