{"id":7318,"date":"2023-10-30T08:54:10","date_gmt":"2023-10-30T07:54:10","guid":{"rendered":"https:\/\/xn--stershatte-zcb.dk\/product\/15-liters-approx-8-kg-mycelium-chestnut-mushrooms-variable-scale\/"},"modified":"2023-10-30T08:54:10","modified_gmt":"2023-10-30T07:54:10","slug":"15-liters-approx-8-kg-mycelium-chestnut-mushrooms-variable-scale","status":"publish","type":"product","link":"https:\/\/xn--stershatte-zcb.dk\/en\/product\/15-liters-approx-8-kg-mycelium-chestnut-mushrooms-variable-scale\/","title":{"rendered":"15 liters (approx. 8 kg) Mycelium &#8211; chestnut mushrooms &#8211; variable scale"},"content":{"rendered":"<p>With this bag of chestnut mushroom mycelium, you can grow your own chestnut mushrooms from scratch.<\/p>\n<p>Growing mushrooms in coffee grounds, for example, is fun to experiment with at home.<\/p>\n<p>Read much more on this page.<\/p>\n","protected":false},"excerpt":{"rendered":"<p>With this bag of chestnut mushroom mycelium you can grow your own chestnut mushrooms from scratch.<\/p>\n<p>Growing mushrooms in coffee grounds is fun to experiment with at home.<\/p>\n<p>Read much more on this page<\/p>\n","protected":false},"featured_media":7320,"template":"","meta":{"_acf_changed":false},"product_brand":[],"product_cat":[92,85],"product_tag":[],"class_list":{"0":"post-7318","1":"product","2":"type-product","3":"status-publish","4":"has-post-thumbnail","6":"product_cat-chestnut-mushrooms","7":"product_cat-mycelium","8":"sales-flash-overlay","9":"woocommerce-text-align-left","10":"woocommerce-image-align-left","12":"first","13":"instock","14":"taxable","15":"shipping-taxable","16":"purchasable","17":"product-type-simple"},"acf":[],"yoast_head":"<!-- This site is optimized with the Yoast SEO plugin v27.5 - https:\/\/yoast.com\/product\/yoast-seo-wordpress\/ -->\n<title>15 liters (approx. 8 kg) Mycelium - chestnut mushrooms - variable scale &#183; Skyttegaardens \u00d8stershatte ApS<\/title>\n<meta name=\"robots\" content=\"index, follow, max-snippet:-1, max-image-preview:large, max-video-preview:-1\" \/>\n<link rel=\"canonical\" href=\"https:\/\/xn--stershatte-zcb.dk\/en\/product\/15-liters-approx-8-kg-mycelium-chestnut-mushrooms-variable-scale\/\" \/>\n<meta property=\"og:locale\" content=\"en_US\" \/>\n<meta property=\"og:type\" content=\"article\" \/>\n<meta property=\"og:title\" content=\"15 liters (approx. 8 kg) Mycelium - chestnut mushrooms - variable scale &#183; Skyttegaardens \u00d8stershatte ApS\" \/>\n<meta property=\"og:description\" content=\"With this bag of chestnut mushroom mycelium you can grow your own chestnut mushrooms from scratch. Growing mushrooms in coffee grounds is fun to experiment with at home. Read much more on this page\" \/>\n<meta property=\"og:url\" content=\"https:\/\/xn--stershatte-zcb.dk\/en\/product\/15-liters-approx-8-kg-mycelium-chestnut-mushrooms-variable-scale\/\" \/>\n<meta property=\"og:site_name\" content=\"Skyttegaardens \u00d8stershatte ApS\" \/>\n<meta property=\"og:image\" content=\"https:\/\/xn--stershatte-zcb.dk\/wp-content\/uploads\/2020\/12\/Kastanje-1.png\" \/>\n\t<meta property=\"og:image:width\" content=\"448\" \/>\n\t<meta property=\"og:image:height\" content=\"293\" \/>\n\t<meta property=\"og:image:type\" content=\"image\/png\" \/>\n<meta name=\"twitter:card\" content=\"summary_large_image\" \/>\n<script type=\"application\/ld+json\" class=\"yoast-schema-graph\">{\"@context\":\"https:\\\/\\\/schema.org\",\"@graph\":[{\"@type\":\"WebPage\",\"@id\":\"https:\\\/\\\/xn--stershatte-zcb.dk\\\/en\\\/product\\\/15-liters-approx-8-kg-mycelium-chestnut-mushrooms-variable-scale\\\/\",\"url\":\"https:\\\/\\\/xn--stershatte-zcb.dk\\\/en\\\/product\\\/15-liters-approx-8-kg-mycelium-chestnut-mushrooms-variable-scale\\\/\",\"name\":\"15 liters (approx. 8 kg) Mycelium - chestnut mushrooms - variable scale &#183; Skyttegaardens \u00d8stershatte ApS\",\"isPartOf\":{\"@id\":\"https:\\\/\\\/xn--stershatte-zcb.dk\\\/en\\\/#website\"},\"primaryImageOfPage\":{\"@id\":\"https:\\\/\\\/xn--stershatte-zcb.dk\\\/en\\\/product\\\/15-liters-approx-8-kg-mycelium-chestnut-mushrooms-variable-scale\\\/#primaryimage\"},\"image\":{\"@id\":\"https:\\\/\\\/xn--stershatte-zcb.dk\\\/en\\\/product\\\/15-liters-approx-8-kg-mycelium-chestnut-mushrooms-variable-scale\\\/#primaryimage\"},\"thumbnailUrl\":\"https:\\\/\\\/xn--stershatte-zcb.dk\\\/wp-content\\\/uploads\\\/2020\\\/12\\\/Kastanje-1.png\",\"datePublished\":\"2023-10-30T07:54:10+00:00\",\"breadcrumb\":{\"@id\":\"https:\\\/\\\/xn--stershatte-zcb.dk\\\/en\\\/product\\\/15-liters-approx-8-kg-mycelium-chestnut-mushrooms-variable-scale\\\/#breadcrumb\"},\"inLanguage\":\"en-US\",\"potentialAction\":[{\"@type\":\"ReadAction\",\"target\":[\"https:\\\/\\\/xn--stershatte-zcb.dk\\\/en\\\/product\\\/15-liters-approx-8-kg-mycelium-chestnut-mushrooms-variable-scale\\\/\"]}]},{\"@type\":\"ImageObject\",\"inLanguage\":\"en-US\",\"@id\":\"https:\\\/\\\/xn--stershatte-zcb.dk\\\/en\\\/product\\\/15-liters-approx-8-kg-mycelium-chestnut-mushrooms-variable-scale\\\/#primaryimage\",\"url\":\"https:\\\/\\\/xn--stershatte-zcb.dk\\\/wp-content\\\/uploads\\\/2020\\\/12\\\/Kastanje-1.png\",\"contentUrl\":\"https:\\\/\\\/xn--stershatte-zcb.dk\\\/wp-content\\\/uploads\\\/2020\\\/12\\\/Kastanje-1.png\",\"width\":448,\"height\":293,\"caption\":\"More mushrooms\"},{\"@type\":\"BreadcrumbList\",\"@id\":\"https:\\\/\\\/xn--stershatte-zcb.dk\\\/en\\\/product\\\/15-liters-approx-8-kg-mycelium-chestnut-mushrooms-variable-scale\\\/#breadcrumb\",\"itemListElement\":[{\"@type\":\"ListItem\",\"position\":1,\"name\":\"Hjem\",\"item\":\"https:\\\/\\\/xn--stershatte-zcb.dk\\\/en\\\/home-page\\\/\"},{\"@type\":\"ListItem\",\"position\":2,\"name\":\"The Mushroom Shop\",\"item\":\"https:\\\/\\\/xn--stershatte-zcb.dk\\\/en\\\/the-mushroom-shop\\\/\"},{\"@type\":\"ListItem\",\"position\":3,\"name\":\"15 liters (approx. 8 kg) Mycelium &#8211; chestnut mushrooms &#8211; variable scale\"}]},{\"@type\":\"WebSite\",\"@id\":\"https:\\\/\\\/xn--stershatte-zcb.dk\\\/en\\\/#website\",\"url\":\"https:\\\/\\\/xn--stershatte-zcb.dk\\\/en\\\/\",\"name\":\"Skyttegaardens \u00d8stershatte ApS\",\"description\":\"Dyrk selv \u00f8kologiske svampe og \u00f8stershatte\",\"publisher\":{\"@id\":\"https:\\\/\\\/xn--stershatte-zcb.dk\\\/en\\\/#organization\"},\"potentialAction\":[{\"@type\":\"SearchAction\",\"target\":{\"@type\":\"EntryPoint\",\"urlTemplate\":\"https:\\\/\\\/xn--stershatte-zcb.dk\\\/en\\\/?s={search_term_string}\"},\"query-input\":{\"@type\":\"PropertyValueSpecification\",\"valueRequired\":true,\"valueName\":\"search_term_string\"}}],\"inLanguage\":\"en-US\"},{\"@type\":\"Organization\",\"@id\":\"https:\\\/\\\/xn--stershatte-zcb.dk\\\/en\\\/#organization\",\"name\":\"Skyttegaardens \u00d8stershatte ApS\",\"url\":\"https:\\\/\\\/xn--stershatte-zcb.dk\\\/en\\\/\",\"logo\":{\"@type\":\"ImageObject\",\"inLanguage\":\"en-US\",\"@id\":\"https:\\\/\\\/xn--stershatte-zcb.dk\\\/en\\\/#\\\/schema\\\/logo\\\/image\\\/\",\"url\":\"https:\\\/\\\/xn--stershatte-zcb.dk\\\/wp-content\\\/uploads\\\/2023\\\/01\\\/Logo-uden-Bagrund.png\",\"contentUrl\":\"https:\\\/\\\/xn--stershatte-zcb.dk\\\/wp-content\\\/uploads\\\/2023\\\/01\\\/Logo-uden-Bagrund.png\",\"width\":1238,\"height\":1210,\"caption\":\"Skyttegaardens \u00d8stershatte ApS\"},\"image\":{\"@id\":\"https:\\\/\\\/xn--stershatte-zcb.dk\\\/en\\\/#\\\/schema\\\/logo\\\/image\\\/\"}}]}<\/script>\n<!-- \/ Yoast SEO plugin. -->","yoast_head_json":{"title":"15 liters (approx. 8 kg) Mycelium - chestnut mushrooms - variable scale &#183; Skyttegaardens \u00d8stershatte ApS","robots":{"index":"index","follow":"follow","max-snippet":"max-snippet:-1","max-image-preview":"max-image-preview:large","max-video-preview":"max-video-preview:-1"},"canonical":"https:\/\/xn--stershatte-zcb.dk\/en\/product\/15-liters-approx-8-kg-mycelium-chestnut-mushrooms-variable-scale\/","og_locale":"en_US","og_type":"article","og_title":"15 liters (approx. 8 kg) Mycelium - chestnut mushrooms - variable scale &#183; Skyttegaardens \u00d8stershatte ApS","og_description":"With this bag of chestnut mushroom mycelium you can grow your own chestnut mushrooms from scratch. Growing mushrooms in coffee grounds is fun to experiment with at home. Read much more on this page","og_url":"https:\/\/xn--stershatte-zcb.dk\/en\/product\/15-liters-approx-8-kg-mycelium-chestnut-mushrooms-variable-scale\/","og_site_name":"Skyttegaardens \u00d8stershatte ApS","og_image":[{"width":448,"height":293,"url":"https:\/\/xn--stershatte-zcb.dk\/wp-content\/uploads\/2020\/12\/Kastanje-1.png","type":"image\/png"}],"twitter_card":"summary_large_image","schema":{"@context":"https:\/\/schema.org","@graph":[{"@type":"WebPage","@id":"https:\/\/xn--stershatte-zcb.dk\/en\/product\/15-liters-approx-8-kg-mycelium-chestnut-mushrooms-variable-scale\/","url":"https:\/\/xn--stershatte-zcb.dk\/en\/product\/15-liters-approx-8-kg-mycelium-chestnut-mushrooms-variable-scale\/","name":"15 liters (approx. 8 kg) Mycelium - chestnut mushrooms - variable scale &#183; Skyttegaardens \u00d8stershatte ApS","isPartOf":{"@id":"https:\/\/xn--stershatte-zcb.dk\/en\/#website"},"primaryImageOfPage":{"@id":"https:\/\/xn--stershatte-zcb.dk\/en\/product\/15-liters-approx-8-kg-mycelium-chestnut-mushrooms-variable-scale\/#primaryimage"},"image":{"@id":"https:\/\/xn--stershatte-zcb.dk\/en\/product\/15-liters-approx-8-kg-mycelium-chestnut-mushrooms-variable-scale\/#primaryimage"},"thumbnailUrl":"https:\/\/xn--stershatte-zcb.dk\/wp-content\/uploads\/2020\/12\/Kastanje-1.png","datePublished":"2023-10-30T07:54:10+00:00","breadcrumb":{"@id":"https:\/\/xn--stershatte-zcb.dk\/en\/product\/15-liters-approx-8-kg-mycelium-chestnut-mushrooms-variable-scale\/#breadcrumb"},"inLanguage":"en-US","potentialAction":[{"@type":"ReadAction","target":["https:\/\/xn--stershatte-zcb.dk\/en\/product\/15-liters-approx-8-kg-mycelium-chestnut-mushrooms-variable-scale\/"]}]},{"@type":"ImageObject","inLanguage":"en-US","@id":"https:\/\/xn--stershatte-zcb.dk\/en\/product\/15-liters-approx-8-kg-mycelium-chestnut-mushrooms-variable-scale\/#primaryimage","url":"https:\/\/xn--stershatte-zcb.dk\/wp-content\/uploads\/2020\/12\/Kastanje-1.png","contentUrl":"https:\/\/xn--stershatte-zcb.dk\/wp-content\/uploads\/2020\/12\/Kastanje-1.png","width":448,"height":293,"caption":"More mushrooms"},{"@type":"BreadcrumbList","@id":"https:\/\/xn--stershatte-zcb.dk\/en\/product\/15-liters-approx-8-kg-mycelium-chestnut-mushrooms-variable-scale\/#breadcrumb","itemListElement":[{"@type":"ListItem","position":1,"name":"Hjem","item":"https:\/\/xn--stershatte-zcb.dk\/en\/home-page\/"},{"@type":"ListItem","position":2,"name":"The Mushroom Shop","item":"https:\/\/xn--stershatte-zcb.dk\/en\/the-mushroom-shop\/"},{"@type":"ListItem","position":3,"name":"15 liters (approx. 8 kg) Mycelium &#8211; chestnut mushrooms &#8211; variable scale"}]},{"@type":"WebSite","@id":"https:\/\/xn--stershatte-zcb.dk\/en\/#website","url":"https:\/\/xn--stershatte-zcb.dk\/en\/","name":"Skyttegaardens \u00d8stershatte ApS","description":"Dyrk selv \u00f8kologiske svampe og \u00f8stershatte","publisher":{"@id":"https:\/\/xn--stershatte-zcb.dk\/en\/#organization"},"potentialAction":[{"@type":"SearchAction","target":{"@type":"EntryPoint","urlTemplate":"https:\/\/xn--stershatte-zcb.dk\/en\/?s={search_term_string}"},"query-input":{"@type":"PropertyValueSpecification","valueRequired":true,"valueName":"search_term_string"}}],"inLanguage":"en-US"},{"@type":"Organization","@id":"https:\/\/xn--stershatte-zcb.dk\/en\/#organization","name":"Skyttegaardens \u00d8stershatte ApS","url":"https:\/\/xn--stershatte-zcb.dk\/en\/","logo":{"@type":"ImageObject","inLanguage":"en-US","@id":"https:\/\/xn--stershatte-zcb.dk\/en\/#\/schema\/logo\/image\/","url":"https:\/\/xn--stershatte-zcb.dk\/wp-content\/uploads\/2023\/01\/Logo-uden-Bagrund.png","contentUrl":"https:\/\/xn--stershatte-zcb.dk\/wp-content\/uploads\/2023\/01\/Logo-uden-Bagrund.png","width":1238,"height":1210,"caption":"Skyttegaardens \u00d8stershatte ApS"},"image":{"@id":"https:\/\/xn--stershatte-zcb.dk\/en\/#\/schema\/logo\/image\/"}}]}},"_links":{"self":[{"href":"https:\/\/xn--stershatte-zcb.dk\/en\/wp-json\/wp\/v2\/product\/7318","targetHints":{"allow":["GET"]}}],"collection":[{"href":"https:\/\/xn--stershatte-zcb.dk\/en\/wp-json\/wp\/v2\/product"}],"about":[{"href":"https:\/\/xn--stershatte-zcb.dk\/en\/wp-json\/wp\/v2\/types\/product"}],"wp:featuredmedia":[{"embeddable":true,"href":"https:\/\/xn--stershatte-zcb.dk\/en\/wp-json\/wp\/v2\/media\/7320"}],"wp:attachment":[{"href":"https:\/\/xn--stershatte-zcb.dk\/en\/wp-json\/wp\/v2\/media?parent=7318"}],"wp:term":[{"taxonomy":"product_brand","embeddable":true,"href":"https:\/\/xn--stershatte-zcb.dk\/en\/wp-json\/wp\/v2\/product_brand?post=7318"},{"taxonomy":"product_cat","embeddable":true,"href":"https:\/\/xn--stershatte-zcb.dk\/en\/wp-json\/wp\/v2\/product_cat?post=7318"},{"taxonomy":"product_tag","embeddable":true,"href":"https:\/\/xn--stershatte-zcb.dk\/en\/wp-json\/wp\/v2\/product_tag?post=7318"}],"curies":[{"name":"wp","href":"https:\/\/api.w.org\/{rel}","templated":true}]}}