{"id":7321,"date":"2023-02-22T07:01:19","date_gmt":"2023-02-22T06:01:19","guid":{"rendered":"https:\/\/xn--stershatte-zcb.dk\/product\/250-g-mycelium-oyster-mushrooms-gray-brown-spoppo-spore-poor\/"},"modified":"2023-02-22T07:01:19","modified_gmt":"2023-02-22T06:01:19","slug":"250-g-mycelium-oyster-mushrooms-gray-brown-spoppo-spore-poor","status":"publish","type":"product","link":"https:\/\/xn--stershatte-zcb.dk\/en\/product\/250-g-mycelium-oyster-mushrooms-gray-brown-spoppo-spore-poor\/","title":{"rendered":"250 g. Mycelium &#8211; Oyster mushrooms gray\/brown Spoppo (spore-poor)"},"content":{"rendered":"<p>Are you interested in growing oyster mushrooms?<\/p>\n<p>With this extra large bag of mycelium, you can grow your own oyster mushrooms from scratch. Suitable for both indoor and outdoor use. <\/p>\n<p>Oyster mushrooms taste great and are known for their meaty texture. It is also a little firmer than the commonly used mushroom and therefore holds its shape a little better when cooked. In the wild, it likes to grow on dead or dying deciduous trees. With this mycelium, you have the chance to grow it yourself and enjoy this delicious edible mushroom at home.   <\/p>\n<p>Oyster mushrooms are great fried in butter and eaten on bread, with mushroom risottos and in pasta dishes.<\/p>\n<p>Oyster mushrooms should be stored in an airtight container in the fridge and typically keep for 10-14 days. They can also be butter steamed and frozen. <\/p>\n<p>Would you like to try growing oyster mushrooms? You can do it on a variety of materials. We have guides for coffee grounds here, logs or stumps here, and straw here.  <\/p>\n<p>You can also continue reading on this page where we describe growing oyster mushrooms in coffee grounds.<\/p>\n<p>Are you overwhelmed by having to grow mushrooms from scratch? Check out our mushroom bag where we&#8217;ve done the hard work! <\/p>\n<h2>HOW TO GROW OYSTER MUSHROOMS IN COFFEE GROUNDS<\/h2>\n<h3>INGREDIENTS:<\/h3>\n<p>A clean plastic bucket with lid or a plastic bag. Approx. 2.0 &#8211; 2.5 liters.<br \/>\nApprox. 100 g oyster mushroom mycelium. Keep refrigerated.<br \/>\nCoffee grounds, fresh and chilled.<br \/>\nA spoon to stir the mixture together.<br \/>\nTip! We have had the best results using grounds from filter coffee, piston pot or similar. Grounds from an espresso machine can be very dry.    <\/p>\n<h3>METHOD (WITH FINISHED AMOUNT OF COFFEE GROUNDS &#8211; ENOUGH TO FILL YOUR CONTAINER):<\/h3>\n<p>Cut 2-4 round holes approximately 1.0 cm in diameter in the container, depending on the size of the container. Disinfect the container and other tools with boiling water. If you are using a bag, you can cut 1-2 cm long grooves and skip disinfection.<br \/>\nPut breathable tape such as sports tape or painter&#8217;s tape over the holes.<br \/>\nMix coffee grounds and mycelium thoroughly in the container. The bag\/bucket should be full and the contents should be well compressed. Put a lid on the bucket or close the bag tightly at the top.<br \/>\nAfter 2-3 weeks, the mycelium will have passed through the coffee grounds and after another 1-2 weeks the first mushrooms will start to grow.<br \/>\nWhen the mushrooms grow out, it is a good idea to spray them daily with an atomizer, otherwise they may dry out.<br \/>\nPROCEDURE (WITH RUNNING COFFEE GROUNDS):<br \/>\nCut 2-4 round holes about 1.0 cm in diameter in the container, depending on the container size. Disinfect the container and other tools with boiling water. If you&#8217;re using a bag, you can cut 1-2 cm long grooves and skip disinfection.<br \/>\nPut breathable tape such as sports tape or painter&#8217;s tape over the holes.<br \/>\nMix the first layer of fresh and cooled coffee grounds with mycelium &#8211; about one tablespoon of mycelium for a half-filled coffee filter. Crumble the mycelium with your fingers if it has grown together. Remember that you only need about 100 grams of mycelium for 2 liters of coffee grounds.<br \/>\nStir the mixture with a spoon and close the container.<br \/>\nWait for the mycelium to grow and the mixture to turn white and fluffy, then add more coffee grounds and mycelium. Do not mix the new mixture with the old mixture, but simply place it on top when you add the new mixture. It will mix continuously.<br \/>\nContinue the process until the bucket or bag is full.<br \/>\nPut the lid on the bucket or close the bag tightly at the top and remove any tape from the holes so the mushrooms can easily come out<br \/>\nAfter 1-2 weeks the mushrooms will start to grow.          <\/p>\n<h3>Mycelium LIFE:<\/h3>\n<p>The mushrooms come in &#8220;vomit&#8221;. How much vomit you get depends on the nutrient content of the coffee grounds and the size of the container. <\/p>\n<p>Humidity. Oyster mushrooms like reasonably high humidity. You can continuously spray water around the mushrooms with an atomizer, preferably daily. This helps to prevent them from drying out. If the mushrooms start to thin and &#8216;stretch&#8217;, it means they are dry. If possible, you can put the bag bucket in a larger container with a wet newspaper or similar at the bottom.     <\/p>\n<p>Temperature. Mushrooms grow best at around 18 degrees. They don&#8217;t die at higher or lower temperatures, but are happy to hibernate.  <\/p>\n<p>Maturity. Mushrooms are ripe and ready to be picked when they become bright and &#8220;sharp&#8221; at the edges. When the edges start to &#8220;bend up&#8221; it also typically means that they are ready to be picked.  <\/p>\n<p>Patience. Depending on temperature and humidity, the bucket\/bag will release sponges 1-3 times. It pauses between each &#8220;burst&#8221;, so be patient.  <\/p>\n<p>Tip. You can &#8216;feed&#8217; the mixture according to the sourdough principle &#8211; cut off part of the culture and continue to feed it with coffee grounds in a new container. <\/p>\n<p>Extra tip! You can try temperature shocking your oyster mushroom culture if no mushrooms appear. Throw it in the fridge for a day or two &#8211; this can get the mix going.  <\/p>\n<p>We love growing mushrooms and we enjoy following your projects at home. If you&#8217;d like to share your projects, you can join the Facebook group Mushroom Growers Community. You are also very welcome to <a href=\"https:\/\/xn--stershatte-zcb.dk\/en\/contact-us\/\">contact<\/a> us if you have any questions.  <\/p>\n","protected":false},"excerpt":{"rendered":"<p>This bag of fresh oyster mushroom mycelium contains 250g and can be used for up to 10 liters of growing medium.<\/p>\n<p>The gray\/brown oyster mushroom is the classic oyster mushroom that you might know from the supermarket. The oyster mushroom is an ideal edible mushroom that can be used in many different dishes. <\/p>\n<p>With the oyster mushroom mycelium, you can grow your own oyster mushrooms from scratch. You can, for example try growing oyster mushrooms in coffee grounds.  <\/p>\n","protected":false},"featured_media":7322,"template":"","meta":{"_acf_changed":false},"product_brand":[],"product_cat":[85,89],"product_tag":[],"class_list":{"0":"post-7321","1":"product","2":"type-product","3":"status-publish","4":"has-post-thumbnail","6":"product_cat-mycelium","7":"product_cat-oyster-mushrooms","8":"sales-flash-overlay","9":"woocommerce-text-align-left","10":"woocommerce-image-align-left","12":"first","13":"instock","14":"taxable","15":"shipping-taxable","16":"purchasable","17":"product-type-simple"},"acf":[],"yoast_head":"<!-- This site is optimized with the Yoast SEO plugin v27.5 - https:\/\/yoast.com\/product\/yoast-seo-wordpress\/ -->\n<title>250 g. Mycelium - Oyster mushrooms gray\/brown Spoppo (spore-poor) &#183; Skyttegaardens \u00d8stershatte ApS<\/title>\n<meta name=\"description\" content=\"This bag of fresh oyster mushroom mycelium contains 250 gr and can be used for up to 10 liters of growing medium - Order now\" \/>\n<meta name=\"robots\" content=\"index, follow, max-snippet:-1, max-image-preview:large, max-video-preview:-1\" \/>\n<link rel=\"canonical\" href=\"https:\/\/xn--stershatte-zcb.dk\/en\/product\/250-g-mycelium-oyster-mushrooms-gray-brown-spoppo-spore-poor\/\" \/>\n<meta property=\"og:locale\" content=\"en_US\" \/>\n<meta property=\"og:type\" content=\"article\" \/>\n<meta property=\"og:title\" content=\"250 g. Mycelium - Oyster mushrooms gray\/brown Spoppo (spore-poor) &#183; Skyttegaardens \u00d8stershatte ApS\" \/>\n<meta property=\"og:description\" content=\"This bag of fresh oyster mushroom mycelium contains 250 gr and can be used for up to 10 liters of growing medium - Order now\" \/>\n<meta property=\"og:url\" content=\"https:\/\/xn--stershatte-zcb.dk\/en\/product\/250-g-mycelium-oyster-mushrooms-gray-brown-spoppo-spore-poor\/\" \/>\n<meta property=\"og:site_name\" content=\"Skyttegaardens \u00d8stershatte ApS\" \/>\n<meta property=\"og:image\" content=\"https:\/\/xn--stershatte-zcb.dk\/wp-content\/uploads\/2023\/02\/Thumb-GR_BRUN-mycelium.png\" \/>\n\t<meta property=\"og:image:width\" content=\"700\" \/>\n\t<meta property=\"og:image:height\" content=\"700\" \/>\n\t<meta property=\"og:image:type\" content=\"image\/png\" \/>\n<meta name=\"twitter:card\" content=\"summary_large_image\" \/>\n<meta name=\"twitter:label1\" content=\"Est. reading time\" \/>\n\t<meta name=\"twitter:data1\" content=\"5 minutes\" \/>\n<script type=\"application\/ld+json\" class=\"yoast-schema-graph\">{\"@context\":\"https:\\\/\\\/schema.org\",\"@graph\":[{\"@type\":\"WebPage\",\"@id\":\"https:\\\/\\\/xn--stershatte-zcb.dk\\\/en\\\/product\\\/250-g-mycelium-oyster-mushrooms-gray-brown-spoppo-spore-poor\\\/\",\"url\":\"https:\\\/\\\/xn--stershatte-zcb.dk\\\/en\\\/product\\\/250-g-mycelium-oyster-mushrooms-gray-brown-spoppo-spore-poor\\\/\",\"name\":\"250 g. Mycelium - Oyster mushrooms gray\\\/brown Spoppo (spore-poor) &#183; Skyttegaardens \u00d8stershatte ApS\",\"isPartOf\":{\"@id\":\"https:\\\/\\\/xn--stershatte-zcb.dk\\\/en\\\/#website\"},\"primaryImageOfPage\":{\"@id\":\"https:\\\/\\\/xn--stershatte-zcb.dk\\\/en\\\/product\\\/250-g-mycelium-oyster-mushrooms-gray-brown-spoppo-spore-poor\\\/#primaryimage\"},\"image\":{\"@id\":\"https:\\\/\\\/xn--stershatte-zcb.dk\\\/en\\\/product\\\/250-g-mycelium-oyster-mushrooms-gray-brown-spoppo-spore-poor\\\/#primaryimage\"},\"thumbnailUrl\":\"https:\\\/\\\/xn--stershatte-zcb.dk\\\/wp-content\\\/uploads\\\/2023\\\/02\\\/Thumb-GR_BRUN-mycelium.png\",\"datePublished\":\"2023-02-22T06:01:19+00:00\",\"description\":\"This bag of fresh oyster mushroom mycelium contains 250 gr and can be used for up to 10 liters of growing medium - Order now\",\"breadcrumb\":{\"@id\":\"https:\\\/\\\/xn--stershatte-zcb.dk\\\/en\\\/product\\\/250-g-mycelium-oyster-mushrooms-gray-brown-spoppo-spore-poor\\\/#breadcrumb\"},\"inLanguage\":\"en-US\",\"potentialAction\":[{\"@type\":\"ReadAction\",\"target\":[\"https:\\\/\\\/xn--stershatte-zcb.dk\\\/en\\\/product\\\/250-g-mycelium-oyster-mushrooms-gray-brown-spoppo-spore-poor\\\/\"]}]},{\"@type\":\"ImageObject\",\"inLanguage\":\"en-US\",\"@id\":\"https:\\\/\\\/xn--stershatte-zcb.dk\\\/en\\\/product\\\/250-g-mycelium-oyster-mushrooms-gray-brown-spoppo-spore-poor\\\/#primaryimage\",\"url\":\"https:\\\/\\\/xn--stershatte-zcb.dk\\\/wp-content\\\/uploads\\\/2023\\\/02\\\/Thumb-GR_BRUN-mycelium.png\",\"contentUrl\":\"https:\\\/\\\/xn--stershatte-zcb.dk\\\/wp-content\\\/uploads\\\/2023\\\/02\\\/Thumb-GR_BRUN-mycelium.png\",\"width\":700,\"height\":700,\"caption\":\"Brun mycelium svamp\"},{\"@type\":\"BreadcrumbList\",\"@id\":\"https:\\\/\\\/xn--stershatte-zcb.dk\\\/en\\\/product\\\/250-g-mycelium-oyster-mushrooms-gray-brown-spoppo-spore-poor\\\/#breadcrumb\",\"itemListElement\":[{\"@type\":\"ListItem\",\"position\":1,\"name\":\"Hjem\",\"item\":\"https:\\\/\\\/xn--stershatte-zcb.dk\\\/en\\\/home-page\\\/\"},{\"@type\":\"ListItem\",\"position\":2,\"name\":\"The Mushroom Shop\",\"item\":\"https:\\\/\\\/xn--stershatte-zcb.dk\\\/en\\\/the-mushroom-shop\\\/\"},{\"@type\":\"ListItem\",\"position\":3,\"name\":\"250 g. Mycelium &#8211; Oyster mushrooms gray\\\/brown Spoppo (spore-poor)\"}]},{\"@type\":\"WebSite\",\"@id\":\"https:\\\/\\\/xn--stershatte-zcb.dk\\\/en\\\/#website\",\"url\":\"https:\\\/\\\/xn--stershatte-zcb.dk\\\/en\\\/\",\"name\":\"Skyttegaardens \u00d8stershatte ApS\",\"description\":\"Dyrk selv \u00f8kologiske svampe og \u00f8stershatte\",\"publisher\":{\"@id\":\"https:\\\/\\\/xn--stershatte-zcb.dk\\\/en\\\/#organization\"},\"potentialAction\":[{\"@type\":\"SearchAction\",\"target\":{\"@type\":\"EntryPoint\",\"urlTemplate\":\"https:\\\/\\\/xn--stershatte-zcb.dk\\\/en\\\/?s={search_term_string}\"},\"query-input\":{\"@type\":\"PropertyValueSpecification\",\"valueRequired\":true,\"valueName\":\"search_term_string\"}}],\"inLanguage\":\"en-US\"},{\"@type\":\"Organization\",\"@id\":\"https:\\\/\\\/xn--stershatte-zcb.dk\\\/en\\\/#organization\",\"name\":\"Skyttegaardens \u00d8stershatte ApS\",\"url\":\"https:\\\/\\\/xn--stershatte-zcb.dk\\\/en\\\/\",\"logo\":{\"@type\":\"ImageObject\",\"inLanguage\":\"en-US\",\"@id\":\"https:\\\/\\\/xn--stershatte-zcb.dk\\\/en\\\/#\\\/schema\\\/logo\\\/image\\\/\",\"url\":\"https:\\\/\\\/xn--stershatte-zcb.dk\\\/wp-content\\\/uploads\\\/2023\\\/01\\\/Logo-uden-Bagrund.png\",\"contentUrl\":\"https:\\\/\\\/xn--stershatte-zcb.dk\\\/wp-content\\\/uploads\\\/2023\\\/01\\\/Logo-uden-Bagrund.png\",\"width\":1238,\"height\":1210,\"caption\":\"Skyttegaardens \u00d8stershatte ApS\"},\"image\":{\"@id\":\"https:\\\/\\\/xn--stershatte-zcb.dk\\\/en\\\/#\\\/schema\\\/logo\\\/image\\\/\"}}]}<\/script>\n<!-- \/ Yoast SEO plugin. -->","yoast_head_json":{"title":"250 g. Mycelium - Oyster mushrooms gray\/brown Spoppo (spore-poor) &#183; Skyttegaardens \u00d8stershatte ApS","description":"This bag of fresh oyster mushroom mycelium contains 250 gr and can be used for up to 10 liters of growing medium - Order now","robots":{"index":"index","follow":"follow","max-snippet":"max-snippet:-1","max-image-preview":"max-image-preview:large","max-video-preview":"max-video-preview:-1"},"canonical":"https:\/\/xn--stershatte-zcb.dk\/en\/product\/250-g-mycelium-oyster-mushrooms-gray-brown-spoppo-spore-poor\/","og_locale":"en_US","og_type":"article","og_title":"250 g. Mycelium - Oyster mushrooms gray\/brown Spoppo (spore-poor) &#183; Skyttegaardens \u00d8stershatte ApS","og_description":"This bag of fresh oyster mushroom mycelium contains 250 gr and can be used for up to 10 liters of growing medium - Order now","og_url":"https:\/\/xn--stershatte-zcb.dk\/en\/product\/250-g-mycelium-oyster-mushrooms-gray-brown-spoppo-spore-poor\/","og_site_name":"Skyttegaardens \u00d8stershatte ApS","og_image":[{"width":700,"height":700,"url":"https:\/\/xn--stershatte-zcb.dk\/wp-content\/uploads\/2023\/02\/Thumb-GR_BRUN-mycelium.png","type":"image\/png"}],"twitter_card":"summary_large_image","twitter_misc":{"Est. reading time":"5 minutes"},"schema":{"@context":"https:\/\/schema.org","@graph":[{"@type":"WebPage","@id":"https:\/\/xn--stershatte-zcb.dk\/en\/product\/250-g-mycelium-oyster-mushrooms-gray-brown-spoppo-spore-poor\/","url":"https:\/\/xn--stershatte-zcb.dk\/en\/product\/250-g-mycelium-oyster-mushrooms-gray-brown-spoppo-spore-poor\/","name":"250 g. Mycelium - Oyster mushrooms gray\/brown Spoppo (spore-poor) &#183; Skyttegaardens \u00d8stershatte ApS","isPartOf":{"@id":"https:\/\/xn--stershatte-zcb.dk\/en\/#website"},"primaryImageOfPage":{"@id":"https:\/\/xn--stershatte-zcb.dk\/en\/product\/250-g-mycelium-oyster-mushrooms-gray-brown-spoppo-spore-poor\/#primaryimage"},"image":{"@id":"https:\/\/xn--stershatte-zcb.dk\/en\/product\/250-g-mycelium-oyster-mushrooms-gray-brown-spoppo-spore-poor\/#primaryimage"},"thumbnailUrl":"https:\/\/xn--stershatte-zcb.dk\/wp-content\/uploads\/2023\/02\/Thumb-GR_BRUN-mycelium.png","datePublished":"2023-02-22T06:01:19+00:00","description":"This bag of fresh oyster mushroom mycelium contains 250 gr and can be used for up to 10 liters of growing medium - Order now","breadcrumb":{"@id":"https:\/\/xn--stershatte-zcb.dk\/en\/product\/250-g-mycelium-oyster-mushrooms-gray-brown-spoppo-spore-poor\/#breadcrumb"},"inLanguage":"en-US","potentialAction":[{"@type":"ReadAction","target":["https:\/\/xn--stershatte-zcb.dk\/en\/product\/250-g-mycelium-oyster-mushrooms-gray-brown-spoppo-spore-poor\/"]}]},{"@type":"ImageObject","inLanguage":"en-US","@id":"https:\/\/xn--stershatte-zcb.dk\/en\/product\/250-g-mycelium-oyster-mushrooms-gray-brown-spoppo-spore-poor\/#primaryimage","url":"https:\/\/xn--stershatte-zcb.dk\/wp-content\/uploads\/2023\/02\/Thumb-GR_BRUN-mycelium.png","contentUrl":"https:\/\/xn--stershatte-zcb.dk\/wp-content\/uploads\/2023\/02\/Thumb-GR_BRUN-mycelium.png","width":700,"height":700,"caption":"Brun mycelium svamp"},{"@type":"BreadcrumbList","@id":"https:\/\/xn--stershatte-zcb.dk\/en\/product\/250-g-mycelium-oyster-mushrooms-gray-brown-spoppo-spore-poor\/#breadcrumb","itemListElement":[{"@type":"ListItem","position":1,"name":"Hjem","item":"https:\/\/xn--stershatte-zcb.dk\/en\/home-page\/"},{"@type":"ListItem","position":2,"name":"The Mushroom Shop","item":"https:\/\/xn--stershatte-zcb.dk\/en\/the-mushroom-shop\/"},{"@type":"ListItem","position":3,"name":"250 g. Mycelium &#8211; Oyster mushrooms gray\/brown Spoppo (spore-poor)"}]},{"@type":"WebSite","@id":"https:\/\/xn--stershatte-zcb.dk\/en\/#website","url":"https:\/\/xn--stershatte-zcb.dk\/en\/","name":"Skyttegaardens \u00d8stershatte ApS","description":"Dyrk selv \u00f8kologiske svampe og \u00f8stershatte","publisher":{"@id":"https:\/\/xn--stershatte-zcb.dk\/en\/#organization"},"potentialAction":[{"@type":"SearchAction","target":{"@type":"EntryPoint","urlTemplate":"https:\/\/xn--stershatte-zcb.dk\/en\/?s={search_term_string}"},"query-input":{"@type":"PropertyValueSpecification","valueRequired":true,"valueName":"search_term_string"}}],"inLanguage":"en-US"},{"@type":"Organization","@id":"https:\/\/xn--stershatte-zcb.dk\/en\/#organization","name":"Skyttegaardens \u00d8stershatte ApS","url":"https:\/\/xn--stershatte-zcb.dk\/en\/","logo":{"@type":"ImageObject","inLanguage":"en-US","@id":"https:\/\/xn--stershatte-zcb.dk\/en\/#\/schema\/logo\/image\/","url":"https:\/\/xn--stershatte-zcb.dk\/wp-content\/uploads\/2023\/01\/Logo-uden-Bagrund.png","contentUrl":"https:\/\/xn--stershatte-zcb.dk\/wp-content\/uploads\/2023\/01\/Logo-uden-Bagrund.png","width":1238,"height":1210,"caption":"Skyttegaardens \u00d8stershatte ApS"},"image":{"@id":"https:\/\/xn--stershatte-zcb.dk\/en\/#\/schema\/logo\/image\/"}}]}},"_links":{"self":[{"href":"https:\/\/xn--stershatte-zcb.dk\/en\/wp-json\/wp\/v2\/product\/7321","targetHints":{"allow":["GET"]}}],"collection":[{"href":"https:\/\/xn--stershatte-zcb.dk\/en\/wp-json\/wp\/v2\/product"}],"about":[{"href":"https:\/\/xn--stershatte-zcb.dk\/en\/wp-json\/wp\/v2\/types\/product"}],"wp:featuredmedia":[{"embeddable":true,"href":"https:\/\/xn--stershatte-zcb.dk\/en\/wp-json\/wp\/v2\/media\/7322"}],"wp:attachment":[{"href":"https:\/\/xn--stershatte-zcb.dk\/en\/wp-json\/wp\/v2\/media?parent=7321"}],"wp:term":[{"taxonomy":"product_brand","embeddable":true,"href":"https:\/\/xn--stershatte-zcb.dk\/en\/wp-json\/wp\/v2\/product_brand?post=7321"},{"taxonomy":"product_cat","embeddable":true,"href":"https:\/\/xn--stershatte-zcb.dk\/en\/wp-json\/wp\/v2\/product_cat?post=7321"},{"taxonomy":"product_tag","embeddable":true,"href":"https:\/\/xn--stershatte-zcb.dk\/en\/wp-json\/wp\/v2\/product_tag?post=7321"}],"curies":[{"name":"wp","href":"https:\/\/api.w.org\/{rel}","templated":true}]}}