{"id":7332,"date":"2019-11-06T10:21:26","date_gmt":"2019-11-06T09:21:26","guid":{"rendered":"https:\/\/xn--stershatte-zcb.dk\/product\/2-kg-fresh-oyster-mushrooms-for-pickup-only\/"},"modified":"2019-11-06T10:21:26","modified_gmt":"2019-11-06T09:21:26","slug":"2-kg-fresh-oyster-mushrooms-for-pickup-only","status":"publish","type":"product","link":"https:\/\/xn--stershatte-zcb.dk\/en\/product\/2-kg-fresh-oyster-mushrooms-for-pickup-only\/","title":{"rendered":"2 Kg. Fresh Oyster Mushrooms (for pickup only)"},"content":{"rendered":"","protected":false},"excerpt":{"rendered":"","protected":false},"featured_media":7333,"template":"","meta":{"_acf_changed":false},"product_brand":[],"product_cat":[93],"product_tag":[],"class_list":{"0":"post-7332","1":"product","2":"type-product","3":"status-publish","4":"has-post-thumbnail","6":"product_cat-fresh-mushrooms","7":"sales-flash-overlay","8":"woocommerce-text-align-left","9":"woocommerce-image-align-left","11":"first","12":"instock","13":"taxable","14":"shipping-taxable","15":"purchasable","16":"product-type-simple"},"acf":[],"yoast_head":"<!-- This site is optimized with the Yoast SEO plugin v27.5 - https:\/\/yoast.com\/product\/yoast-seo-wordpress\/ -->\n<title>2 Kg. Fresh Oyster Mushrooms (for pickup only) &#183; Skyttegaardens \u00d8stershatte ApS<\/title>\n<meta name=\"robots\" content=\"index, follow, max-snippet:-1, max-image-preview:large, max-video-preview:-1\" \/>\n<link rel=\"canonical\" href=\"https:\/\/xn--stershatte-zcb.dk\/en\/product\/2-kg-fresh-oyster-mushrooms-for-pickup-only\/\" \/>\n<meta property=\"og:locale\" content=\"en_US\" \/>\n<meta property=\"og:type\" content=\"article\" \/>\n<meta property=\"og:title\" content=\"2 Kg. Fresh Oyster Mushrooms (for pickup only) &#183; Skyttegaardens \u00d8stershatte ApS\" \/>\n<meta property=\"og:url\" content=\"https:\/\/xn--stershatte-zcb.dk\/en\/product\/2-kg-fresh-oyster-mushrooms-for-pickup-only\/\" \/>\n<meta property=\"og:site_name\" content=\"Skyttegaardens \u00d8stershatte ApS\" \/>\n<meta property=\"og:image\" content=\"https:\/\/xn--stershatte-zcb.dk\/wp-content\/uploads\/2025\/11\/svampe-tilbud-scaled.jpg\" \/>\n\t<meta property=\"og:image:width\" content=\"1583\" \/>\n\t<meta property=\"og:image:height\" content=\"2048\" \/>\n\t<meta property=\"og:image:type\" content=\"image\/jpeg\" \/>\n<meta name=\"twitter:card\" content=\"summary_large_image\" \/>\n<script type=\"application\/ld+json\" class=\"yoast-schema-graph\">{\"@context\":\"https:\\\/\\\/schema.org\",\"@graph\":[{\"@type\":\"WebPage\",\"@id\":\"https:\\\/\\\/xn--stershatte-zcb.dk\\\/en\\\/product\\\/2-kg-fresh-oyster-mushrooms-for-pickup-only\\\/\",\"url\":\"https:\\\/\\\/xn--stershatte-zcb.dk\\\/en\\\/product\\\/2-kg-fresh-oyster-mushrooms-for-pickup-only\\\/\",\"name\":\"2 Kg. Fresh Oyster Mushrooms (for pickup only) &#183; Skyttegaardens \u00d8stershatte ApS\",\"isPartOf\":{\"@id\":\"https:\\\/\\\/xn--stershatte-zcb.dk\\\/en\\\/#website\"},\"primaryImageOfPage\":{\"@id\":\"https:\\\/\\\/xn--stershatte-zcb.dk\\\/en\\\/product\\\/2-kg-fresh-oyster-mushrooms-for-pickup-only\\\/#primaryimage\"},\"image\":{\"@id\":\"https:\\\/\\\/xn--stershatte-zcb.dk\\\/en\\\/product\\\/2-kg-fresh-oyster-mushrooms-for-pickup-only\\\/#primaryimage\"},\"thumbnailUrl\":\"https:\\\/\\\/xn--stershatte-zcb.dk\\\/wp-content\\\/uploads\\\/2025\\\/11\\\/svampe-tilbud-scaled.jpg\",\"datePublished\":\"2019-11-06T09:21:26+00:00\",\"breadcrumb\":{\"@id\":\"https:\\\/\\\/xn--stershatte-zcb.dk\\\/en\\\/product\\\/2-kg-fresh-oyster-mushrooms-for-pickup-only\\\/#breadcrumb\"},\"inLanguage\":\"en-US\",\"potentialAction\":[{\"@type\":\"ReadAction\",\"target\":[\"https:\\\/\\\/xn--stershatte-zcb.dk\\\/en\\\/product\\\/2-kg-fresh-oyster-mushrooms-for-pickup-only\\\/\"]}]},{\"@type\":\"ImageObject\",\"inLanguage\":\"en-US\",\"@id\":\"https:\\\/\\\/xn--stershatte-zcb.dk\\\/en\\\/product\\\/2-kg-fresh-oyster-mushrooms-for-pickup-only\\\/#primaryimage\",\"url\":\"https:\\\/\\\/xn--stershatte-zcb.dk\\\/wp-content\\\/uploads\\\/2025\\\/11\\\/svampe-tilbud-scaled.jpg\",\"contentUrl\":\"https:\\\/\\\/xn--stershatte-zcb.dk\\\/wp-content\\\/uploads\\\/2025\\\/11\\\/svampe-tilbud-scaled.jpg\",\"width\":1583,\"height\":2048},{\"@type\":\"BreadcrumbList\",\"@id\":\"https:\\\/\\\/xn--stershatte-zcb.dk\\\/en\\\/product\\\/2-kg-fresh-oyster-mushrooms-for-pickup-only\\\/#breadcrumb\",\"itemListElement\":[{\"@type\":\"ListItem\",\"position\":1,\"name\":\"Hjem\",\"item\":\"https:\\\/\\\/xn--stershatte-zcb.dk\\\/en\\\/home-page\\\/\"},{\"@type\":\"ListItem\",\"position\":2,\"name\":\"The Mushroom Shop\",\"item\":\"https:\\\/\\\/xn--stershatte-zcb.dk\\\/en\\\/the-mushroom-shop\\\/\"},{\"@type\":\"ListItem\",\"position\":3,\"name\":\"2 Kg. Fresh Oyster Mushrooms (for pickup only)\"}]},{\"@type\":\"WebSite\",\"@id\":\"https:\\\/\\\/xn--stershatte-zcb.dk\\\/en\\\/#website\",\"url\":\"https:\\\/\\\/xn--stershatte-zcb.dk\\\/en\\\/\",\"name\":\"Skyttegaardens \u00d8stershatte ApS\",\"description\":\"Dyrk selv \u00f8kologiske svampe og \u00f8stershatte\",\"publisher\":{\"@id\":\"https:\\\/\\\/xn--stershatte-zcb.dk\\\/en\\\/#organization\"},\"potentialAction\":[{\"@type\":\"SearchAction\",\"target\":{\"@type\":\"EntryPoint\",\"urlTemplate\":\"https:\\\/\\\/xn--stershatte-zcb.dk\\\/en\\\/?s={search_term_string}\"},\"query-input\":{\"@type\":\"PropertyValueSpecification\",\"valueRequired\":true,\"valueName\":\"search_term_string\"}}],\"inLanguage\":\"en-US\"},{\"@type\":\"Organization\",\"@id\":\"https:\\\/\\\/xn--stershatte-zcb.dk\\\/en\\\/#organization\",\"name\":\"Skyttegaardens \u00d8stershatte ApS\",\"url\":\"https:\\\/\\\/xn--stershatte-zcb.dk\\\/en\\\/\",\"logo\":{\"@type\":\"ImageObject\",\"inLanguage\":\"en-US\",\"@id\":\"https:\\\/\\\/xn--stershatte-zcb.dk\\\/en\\\/#\\\/schema\\\/logo\\\/image\\\/\",\"url\":\"https:\\\/\\\/xn--stershatte-zcb.dk\\\/wp-content\\\/uploads\\\/2023\\\/01\\\/Logo-uden-Bagrund.png\",\"contentUrl\":\"https:\\\/\\\/xn--stershatte-zcb.dk\\\/wp-content\\\/uploads\\\/2023\\\/01\\\/Logo-uden-Bagrund.png\",\"width\":1238,\"height\":1210,\"caption\":\"Skyttegaardens \u00d8stershatte ApS\"},\"image\":{\"@id\":\"https:\\\/\\\/xn--stershatte-zcb.dk\\\/en\\\/#\\\/schema\\\/logo\\\/image\\\/\"}}]}<\/script>\n<!-- \/ Yoast SEO plugin. -->","yoast_head_json":{"title":"2 Kg. Fresh Oyster Mushrooms (for pickup only) &#183; Skyttegaardens \u00d8stershatte ApS","robots":{"index":"index","follow":"follow","max-snippet":"max-snippet:-1","max-image-preview":"max-image-preview:large","max-video-preview":"max-video-preview:-1"},"canonical":"https:\/\/xn--stershatte-zcb.dk\/en\/product\/2-kg-fresh-oyster-mushrooms-for-pickup-only\/","og_locale":"en_US","og_type":"article","og_title":"2 Kg. Fresh Oyster Mushrooms (for pickup only) &#183; Skyttegaardens \u00d8stershatte ApS","og_url":"https:\/\/xn--stershatte-zcb.dk\/en\/product\/2-kg-fresh-oyster-mushrooms-for-pickup-only\/","og_site_name":"Skyttegaardens \u00d8stershatte ApS","og_image":[{"width":1583,"height":2048,"url":"https:\/\/xn--stershatte-zcb.dk\/wp-content\/uploads\/2025\/11\/svampe-tilbud-scaled.jpg","type":"image\/jpeg"}],"twitter_card":"summary_large_image","schema":{"@context":"https:\/\/schema.org","@graph":[{"@type":"WebPage","@id":"https:\/\/xn--stershatte-zcb.dk\/en\/product\/2-kg-fresh-oyster-mushrooms-for-pickup-only\/","url":"https:\/\/xn--stershatte-zcb.dk\/en\/product\/2-kg-fresh-oyster-mushrooms-for-pickup-only\/","name":"2 Kg. Fresh Oyster Mushrooms (for pickup only) &#183; Skyttegaardens \u00d8stershatte ApS","isPartOf":{"@id":"https:\/\/xn--stershatte-zcb.dk\/en\/#website"},"primaryImageOfPage":{"@id":"https:\/\/xn--stershatte-zcb.dk\/en\/product\/2-kg-fresh-oyster-mushrooms-for-pickup-only\/#primaryimage"},"image":{"@id":"https:\/\/xn--stershatte-zcb.dk\/en\/product\/2-kg-fresh-oyster-mushrooms-for-pickup-only\/#primaryimage"},"thumbnailUrl":"https:\/\/xn--stershatte-zcb.dk\/wp-content\/uploads\/2025\/11\/svampe-tilbud-scaled.jpg","datePublished":"2019-11-06T09:21:26+00:00","breadcrumb":{"@id":"https:\/\/xn--stershatte-zcb.dk\/en\/product\/2-kg-fresh-oyster-mushrooms-for-pickup-only\/#breadcrumb"},"inLanguage":"en-US","potentialAction":[{"@type":"ReadAction","target":["https:\/\/xn--stershatte-zcb.dk\/en\/product\/2-kg-fresh-oyster-mushrooms-for-pickup-only\/"]}]},{"@type":"ImageObject","inLanguage":"en-US","@id":"https:\/\/xn--stershatte-zcb.dk\/en\/product\/2-kg-fresh-oyster-mushrooms-for-pickup-only\/#primaryimage","url":"https:\/\/xn--stershatte-zcb.dk\/wp-content\/uploads\/2025\/11\/svampe-tilbud-scaled.jpg","contentUrl":"https:\/\/xn--stershatte-zcb.dk\/wp-content\/uploads\/2025\/11\/svampe-tilbud-scaled.jpg","width":1583,"height":2048},{"@type":"BreadcrumbList","@id":"https:\/\/xn--stershatte-zcb.dk\/en\/product\/2-kg-fresh-oyster-mushrooms-for-pickup-only\/#breadcrumb","itemListElement":[{"@type":"ListItem","position":1,"name":"Hjem","item":"https:\/\/xn--stershatte-zcb.dk\/en\/home-page\/"},{"@type":"ListItem","position":2,"name":"The Mushroom Shop","item":"https:\/\/xn--stershatte-zcb.dk\/en\/the-mushroom-shop\/"},{"@type":"ListItem","position":3,"name":"2 Kg. Fresh Oyster Mushrooms (for pickup only)"}]},{"@type":"WebSite","@id":"https:\/\/xn--stershatte-zcb.dk\/en\/#website","url":"https:\/\/xn--stershatte-zcb.dk\/en\/","name":"Skyttegaardens \u00d8stershatte ApS","description":"Dyrk selv \u00f8kologiske svampe og \u00f8stershatte","publisher":{"@id":"https:\/\/xn--stershatte-zcb.dk\/en\/#organization"},"potentialAction":[{"@type":"SearchAction","target":{"@type":"EntryPoint","urlTemplate":"https:\/\/xn--stershatte-zcb.dk\/en\/?s={search_term_string}"},"query-input":{"@type":"PropertyValueSpecification","valueRequired":true,"valueName":"search_term_string"}}],"inLanguage":"en-US"},{"@type":"Organization","@id":"https:\/\/xn--stershatte-zcb.dk\/en\/#organization","name":"Skyttegaardens \u00d8stershatte ApS","url":"https:\/\/xn--stershatte-zcb.dk\/en\/","logo":{"@type":"ImageObject","inLanguage":"en-US","@id":"https:\/\/xn--stershatte-zcb.dk\/en\/#\/schema\/logo\/image\/","url":"https:\/\/xn--stershatte-zcb.dk\/wp-content\/uploads\/2023\/01\/Logo-uden-Bagrund.png","contentUrl":"https:\/\/xn--stershatte-zcb.dk\/wp-content\/uploads\/2023\/01\/Logo-uden-Bagrund.png","width":1238,"height":1210,"caption":"Skyttegaardens \u00d8stershatte ApS"},"image":{"@id":"https:\/\/xn--stershatte-zcb.dk\/en\/#\/schema\/logo\/image\/"}}]}},"_links":{"self":[{"href":"https:\/\/xn--stershatte-zcb.dk\/en\/wp-json\/wp\/v2\/product\/7332","targetHints":{"allow":["GET"]}}],"collection":[{"href":"https:\/\/xn--stershatte-zcb.dk\/en\/wp-json\/wp\/v2\/product"}],"about":[{"href":"https:\/\/xn--stershatte-zcb.dk\/en\/wp-json\/wp\/v2\/types\/product"}],"wp:featuredmedia":[{"embeddable":true,"href":"https:\/\/xn--stershatte-zcb.dk\/en\/wp-json\/wp\/v2\/media\/7333"}],"wp:attachment":[{"href":"https:\/\/xn--stershatte-zcb.dk\/en\/wp-json\/wp\/v2\/media?parent=7332"}],"wp:term":[{"taxonomy":"product_brand","embeddable":true,"href":"https:\/\/xn--stershatte-zcb.dk\/en\/wp-json\/wp\/v2\/product_brand?post=7332"},{"taxonomy":"product_cat","embeddable":true,"href":"https:\/\/xn--stershatte-zcb.dk\/en\/wp-json\/wp\/v2\/product_cat?post=7332"},{"taxonomy":"product_tag","embeddable":true,"href":"https:\/\/xn--stershatte-zcb.dk\/en\/wp-json\/wp\/v2\/product_tag?post=7332"}],"curies":[{"name":"wp","href":"https:\/\/api.w.org\/{rel}","templated":true}]}}