{"id":7334,"date":"2019-11-06T10:10:40","date_gmt":"2019-11-06T09:10:40","guid":{"rendered":"https:\/\/xn--stershatte-zcb.dk\/product\/3-kg-mycelium-oyster-mushrooms-in-yellow\/"},"modified":"2019-11-06T10:10:40","modified_gmt":"2019-11-06T09:10:40","slug":"3-kg-mycelium-oyster-mushrooms-in-yellow","status":"publish","type":"product","link":"https:\/\/xn--stershatte-zcb.dk\/en\/product\/3-kg-mycelium-oyster-mushrooms-in-yellow\/","title":{"rendered":"3 kg. Mycelium &#8211; Oyster mushrooms in yellow"},"content":{"rendered":"","protected":false},"excerpt":{"rendered":"<p data-olk-copy-source=\"MessageBody\">The yellow oyster mushrooms are rarely seen in the supermarket or in the forest. It is typically more bitter than the gray\/brown oyster mushroom. The oyster mushroom is an ideal edible mushroom that can be used in many different dishes.  <\/p>\n<p>With the oyster mushroom mycelium, you can grow your own oyster mushrooms from scratch. You can, for example try growing oyster mushrooms in coffee grounds.  <\/p>\n","protected":false},"featured_media":7324,"template":"","meta":{"_acf_changed":false},"product_brand":[],"product_cat":[85,89],"product_tag":[],"class_list":{"0":"post-7334","1":"product","2":"type-product","3":"status-publish","4":"has-post-thumbnail","6":"product_cat-mycelium","7":"product_cat-oyster-mushrooms","8":"sales-flash-overlay","9":"woocommerce-text-align-left","10":"woocommerce-image-align-left","12":"first","13":"instock","14":"taxable","15":"shipping-taxable","16":"purchasable","17":"product-type-simple"},"acf":[],"yoast_head":"<!-- This site is optimized with the Yoast SEO plugin v27.5 - https:\/\/yoast.com\/product\/yoast-seo-wordpress\/ -->\n<title>3 kg. Mycelium - Oyster mushrooms in yellow &#183; Skyttegaardens \u00d8stershatte ApS<\/title>\n<meta name=\"robots\" content=\"index, follow, max-snippet:-1, max-image-preview:large, max-video-preview:-1\" \/>\n<link rel=\"canonical\" href=\"https:\/\/xn--stershatte-zcb.dk\/en\/product\/3-kg-mycelium-oyster-mushrooms-in-yellow\/\" \/>\n<meta property=\"og:locale\" content=\"en_US\" \/>\n<meta property=\"og:type\" content=\"article\" \/>\n<meta property=\"og:title\" content=\"3 kg. Mycelium - Oyster mushrooms in yellow &#183; Skyttegaardens \u00d8stershatte ApS\" \/>\n<meta property=\"og:description\" content=\"The yellow oyster mushrooms are rarely seen in the supermarket or in the forest. It is typically more bitter than the gray\/brown oyster mushroom. The oyster mushroom is an ideal edible mushroom that can be used in many different dishes.  With the oyster mushroom mycelium, you can grow your own oyster mushrooms from scratch. You can, for example try growing oyster mushrooms in coffee grounds.\" \/>\n<meta property=\"og:url\" content=\"https:\/\/xn--stershatte-zcb.dk\/en\/product\/3-kg-mycelium-oyster-mushrooms-in-yellow\/\" \/>\n<meta property=\"og:site_name\" content=\"Skyttegaardens \u00d8stershatte ApS\" \/>\n<meta property=\"og:image\" content=\"https:\/\/xn--stershatte-zcb.dk\/wp-content\/uploads\/2023\/02\/Thumb-gul-100-gr-1.png\" \/>\n\t<meta property=\"og:image:width\" content=\"700\" \/>\n\t<meta property=\"og:image:height\" content=\"700\" \/>\n\t<meta property=\"og:image:type\" content=\"image\/png\" \/>\n<meta name=\"twitter:card\" content=\"summary_large_image\" \/>\n<script type=\"application\/ld+json\" class=\"yoast-schema-graph\">{\"@context\":\"https:\\\/\\\/schema.org\",\"@graph\":[{\"@type\":\"WebPage\",\"@id\":\"https:\\\/\\\/xn--stershatte-zcb.dk\\\/en\\\/product\\\/3-kg-mycelium-oyster-mushrooms-in-yellow\\\/\",\"url\":\"https:\\\/\\\/xn--stershatte-zcb.dk\\\/en\\\/product\\\/3-kg-mycelium-oyster-mushrooms-in-yellow\\\/\",\"name\":\"3 kg. Mycelium - Oyster mushrooms in yellow &#183; Skyttegaardens \u00d8stershatte ApS\",\"isPartOf\":{\"@id\":\"https:\\\/\\\/xn--stershatte-zcb.dk\\\/en\\\/#website\"},\"primaryImageOfPage\":{\"@id\":\"https:\\\/\\\/xn--stershatte-zcb.dk\\\/en\\\/product\\\/3-kg-mycelium-oyster-mushrooms-in-yellow\\\/#primaryimage\"},\"image\":{\"@id\":\"https:\\\/\\\/xn--stershatte-zcb.dk\\\/en\\\/product\\\/3-kg-mycelium-oyster-mushrooms-in-yellow\\\/#primaryimage\"},\"thumbnailUrl\":\"https:\\\/\\\/xn--stershatte-zcb.dk\\\/wp-content\\\/uploads\\\/2023\\\/02\\\/Thumb-gul-100-gr-1.png\",\"datePublished\":\"2019-11-06T09:10:40+00:00\",\"breadcrumb\":{\"@id\":\"https:\\\/\\\/xn--stershatte-zcb.dk\\\/en\\\/product\\\/3-kg-mycelium-oyster-mushrooms-in-yellow\\\/#breadcrumb\"},\"inLanguage\":\"en-US\",\"potentialAction\":[{\"@type\":\"ReadAction\",\"target\":[\"https:\\\/\\\/xn--stershatte-zcb.dk\\\/en\\\/product\\\/3-kg-mycelium-oyster-mushrooms-in-yellow\\\/\"]}]},{\"@type\":\"ImageObject\",\"inLanguage\":\"en-US\",\"@id\":\"https:\\\/\\\/xn--stershatte-zcb.dk\\\/en\\\/product\\\/3-kg-mycelium-oyster-mushrooms-in-yellow\\\/#primaryimage\",\"url\":\"https:\\\/\\\/xn--stershatte-zcb.dk\\\/wp-content\\\/uploads\\\/2023\\\/02\\\/Thumb-gul-100-gr-1.png\",\"contentUrl\":\"https:\\\/\\\/xn--stershatte-zcb.dk\\\/wp-content\\\/uploads\\\/2023\\\/02\\\/Thumb-gul-100-gr-1.png\",\"width\":700,\"height\":700,\"caption\":\"Mycelium fungus\"},{\"@type\":\"BreadcrumbList\",\"@id\":\"https:\\\/\\\/xn--stershatte-zcb.dk\\\/en\\\/product\\\/3-kg-mycelium-oyster-mushrooms-in-yellow\\\/#breadcrumb\",\"itemListElement\":[{\"@type\":\"ListItem\",\"position\":1,\"name\":\"Hjem\",\"item\":\"https:\\\/\\\/xn--stershatte-zcb.dk\\\/en\\\/home-page\\\/\"},{\"@type\":\"ListItem\",\"position\":2,\"name\":\"The Mushroom Shop\",\"item\":\"https:\\\/\\\/xn--stershatte-zcb.dk\\\/en\\\/the-mushroom-shop\\\/\"},{\"@type\":\"ListItem\",\"position\":3,\"name\":\"3 kg. Mycelium &#8211; Oyster mushrooms in yellow\"}]},{\"@type\":\"WebSite\",\"@id\":\"https:\\\/\\\/xn--stershatte-zcb.dk\\\/en\\\/#website\",\"url\":\"https:\\\/\\\/xn--stershatte-zcb.dk\\\/en\\\/\",\"name\":\"Skyttegaardens \u00d8stershatte ApS\",\"description\":\"Dyrk selv \u00f8kologiske svampe og \u00f8stershatte\",\"publisher\":{\"@id\":\"https:\\\/\\\/xn--stershatte-zcb.dk\\\/en\\\/#organization\"},\"potentialAction\":[{\"@type\":\"SearchAction\",\"target\":{\"@type\":\"EntryPoint\",\"urlTemplate\":\"https:\\\/\\\/xn--stershatte-zcb.dk\\\/en\\\/?s={search_term_string}\"},\"query-input\":{\"@type\":\"PropertyValueSpecification\",\"valueRequired\":true,\"valueName\":\"search_term_string\"}}],\"inLanguage\":\"en-US\"},{\"@type\":\"Organization\",\"@id\":\"https:\\\/\\\/xn--stershatte-zcb.dk\\\/en\\\/#organization\",\"name\":\"Skyttegaardens \u00d8stershatte ApS\",\"url\":\"https:\\\/\\\/xn--stershatte-zcb.dk\\\/en\\\/\",\"logo\":{\"@type\":\"ImageObject\",\"inLanguage\":\"en-US\",\"@id\":\"https:\\\/\\\/xn--stershatte-zcb.dk\\\/en\\\/#\\\/schema\\\/logo\\\/image\\\/\",\"url\":\"https:\\\/\\\/xn--stershatte-zcb.dk\\\/wp-content\\\/uploads\\\/2023\\\/01\\\/Logo-uden-Bagrund.png\",\"contentUrl\":\"https:\\\/\\\/xn--stershatte-zcb.dk\\\/wp-content\\\/uploads\\\/2023\\\/01\\\/Logo-uden-Bagrund.png\",\"width\":1238,\"height\":1210,\"caption\":\"Skyttegaardens \u00d8stershatte ApS\"},\"image\":{\"@id\":\"https:\\\/\\\/xn--stershatte-zcb.dk\\\/en\\\/#\\\/schema\\\/logo\\\/image\\\/\"}}]}<\/script>\n<!-- \/ Yoast SEO plugin. -->","yoast_head_json":{"title":"3 kg. Mycelium - Oyster mushrooms in yellow &#183; Skyttegaardens \u00d8stershatte ApS","robots":{"index":"index","follow":"follow","max-snippet":"max-snippet:-1","max-image-preview":"max-image-preview:large","max-video-preview":"max-video-preview:-1"},"canonical":"https:\/\/xn--stershatte-zcb.dk\/en\/product\/3-kg-mycelium-oyster-mushrooms-in-yellow\/","og_locale":"en_US","og_type":"article","og_title":"3 kg. Mycelium - Oyster mushrooms in yellow &#183; Skyttegaardens \u00d8stershatte ApS","og_description":"The yellow oyster mushrooms are rarely seen in the supermarket or in the forest. It is typically more bitter than the gray\/brown oyster mushroom. The oyster mushroom is an ideal edible mushroom that can be used in many different dishes.  With the oyster mushroom mycelium, you can grow your own oyster mushrooms from scratch. You can, for example try growing oyster mushrooms in coffee grounds.","og_url":"https:\/\/xn--stershatte-zcb.dk\/en\/product\/3-kg-mycelium-oyster-mushrooms-in-yellow\/","og_site_name":"Skyttegaardens \u00d8stershatte ApS","og_image":[{"width":700,"height":700,"url":"https:\/\/xn--stershatte-zcb.dk\/wp-content\/uploads\/2023\/02\/Thumb-gul-100-gr-1.png","type":"image\/png"}],"twitter_card":"summary_large_image","schema":{"@context":"https:\/\/schema.org","@graph":[{"@type":"WebPage","@id":"https:\/\/xn--stershatte-zcb.dk\/en\/product\/3-kg-mycelium-oyster-mushrooms-in-yellow\/","url":"https:\/\/xn--stershatte-zcb.dk\/en\/product\/3-kg-mycelium-oyster-mushrooms-in-yellow\/","name":"3 kg. Mycelium - Oyster mushrooms in yellow &#183; Skyttegaardens \u00d8stershatte ApS","isPartOf":{"@id":"https:\/\/xn--stershatte-zcb.dk\/en\/#website"},"primaryImageOfPage":{"@id":"https:\/\/xn--stershatte-zcb.dk\/en\/product\/3-kg-mycelium-oyster-mushrooms-in-yellow\/#primaryimage"},"image":{"@id":"https:\/\/xn--stershatte-zcb.dk\/en\/product\/3-kg-mycelium-oyster-mushrooms-in-yellow\/#primaryimage"},"thumbnailUrl":"https:\/\/xn--stershatte-zcb.dk\/wp-content\/uploads\/2023\/02\/Thumb-gul-100-gr-1.png","datePublished":"2019-11-06T09:10:40+00:00","breadcrumb":{"@id":"https:\/\/xn--stershatte-zcb.dk\/en\/product\/3-kg-mycelium-oyster-mushrooms-in-yellow\/#breadcrumb"},"inLanguage":"en-US","potentialAction":[{"@type":"ReadAction","target":["https:\/\/xn--stershatte-zcb.dk\/en\/product\/3-kg-mycelium-oyster-mushrooms-in-yellow\/"]}]},{"@type":"ImageObject","inLanguage":"en-US","@id":"https:\/\/xn--stershatte-zcb.dk\/en\/product\/3-kg-mycelium-oyster-mushrooms-in-yellow\/#primaryimage","url":"https:\/\/xn--stershatte-zcb.dk\/wp-content\/uploads\/2023\/02\/Thumb-gul-100-gr-1.png","contentUrl":"https:\/\/xn--stershatte-zcb.dk\/wp-content\/uploads\/2023\/02\/Thumb-gul-100-gr-1.png","width":700,"height":700,"caption":"Mycelium fungus"},{"@type":"BreadcrumbList","@id":"https:\/\/xn--stershatte-zcb.dk\/en\/product\/3-kg-mycelium-oyster-mushrooms-in-yellow\/#breadcrumb","itemListElement":[{"@type":"ListItem","position":1,"name":"Hjem","item":"https:\/\/xn--stershatte-zcb.dk\/en\/home-page\/"},{"@type":"ListItem","position":2,"name":"The Mushroom Shop","item":"https:\/\/xn--stershatte-zcb.dk\/en\/the-mushroom-shop\/"},{"@type":"ListItem","position":3,"name":"3 kg. Mycelium &#8211; Oyster mushrooms in yellow"}]},{"@type":"WebSite","@id":"https:\/\/xn--stershatte-zcb.dk\/en\/#website","url":"https:\/\/xn--stershatte-zcb.dk\/en\/","name":"Skyttegaardens \u00d8stershatte ApS","description":"Dyrk selv \u00f8kologiske svampe og \u00f8stershatte","publisher":{"@id":"https:\/\/xn--stershatte-zcb.dk\/en\/#organization"},"potentialAction":[{"@type":"SearchAction","target":{"@type":"EntryPoint","urlTemplate":"https:\/\/xn--stershatte-zcb.dk\/en\/?s={search_term_string}"},"query-input":{"@type":"PropertyValueSpecification","valueRequired":true,"valueName":"search_term_string"}}],"inLanguage":"en-US"},{"@type":"Organization","@id":"https:\/\/xn--stershatte-zcb.dk\/en\/#organization","name":"Skyttegaardens \u00d8stershatte ApS","url":"https:\/\/xn--stershatte-zcb.dk\/en\/","logo":{"@type":"ImageObject","inLanguage":"en-US","@id":"https:\/\/xn--stershatte-zcb.dk\/en\/#\/schema\/logo\/image\/","url":"https:\/\/xn--stershatte-zcb.dk\/wp-content\/uploads\/2023\/01\/Logo-uden-Bagrund.png","contentUrl":"https:\/\/xn--stershatte-zcb.dk\/wp-content\/uploads\/2023\/01\/Logo-uden-Bagrund.png","width":1238,"height":1210,"caption":"Skyttegaardens \u00d8stershatte ApS"},"image":{"@id":"https:\/\/xn--stershatte-zcb.dk\/en\/#\/schema\/logo\/image\/"}}]}},"_links":{"self":[{"href":"https:\/\/xn--stershatte-zcb.dk\/en\/wp-json\/wp\/v2\/product\/7334","targetHints":{"allow":["GET"]}}],"collection":[{"href":"https:\/\/xn--stershatte-zcb.dk\/en\/wp-json\/wp\/v2\/product"}],"about":[{"href":"https:\/\/xn--stershatte-zcb.dk\/en\/wp-json\/wp\/v2\/types\/product"}],"wp:featuredmedia":[{"embeddable":true,"href":"https:\/\/xn--stershatte-zcb.dk\/en\/wp-json\/wp\/v2\/media\/7324"}],"wp:attachment":[{"href":"https:\/\/xn--stershatte-zcb.dk\/en\/wp-json\/wp\/v2\/media?parent=7334"}],"wp:term":[{"taxonomy":"product_brand","embeddable":true,"href":"https:\/\/xn--stershatte-zcb.dk\/en\/wp-json\/wp\/v2\/product_brand?post=7334"},{"taxonomy":"product_cat","embeddable":true,"href":"https:\/\/xn--stershatte-zcb.dk\/en\/wp-json\/wp\/v2\/product_cat?post=7334"},{"taxonomy":"product_tag","embeddable":true,"href":"https:\/\/xn--stershatte-zcb.dk\/en\/wp-json\/wp\/v2\/product_tag?post=7334"}],"curies":[{"name":"wp","href":"https:\/\/api.w.org\/{rel}","templated":true}]}}